{"id":14844,"date":"2024-09-25T09:40:15","date_gmt":"2024-09-25T07:40:15","guid":{"rendered":"https:\/\/andalubox.com\/producto-andaluz\/gin-aguasanta-fraise\/"},"modified":"2026-01-27T17:37:08","modified_gmt":"2026-01-27T16:37:08","slug":"gin-aguasanta-fraise","status":"publish","type":"product","link":"https:\/\/andalubox.com\/fr\/producto-andaluz\/gin-aguasanta-fraise\/","title":{"rendered":"Aguasanta Gin Strawberry (Fraise) de Utrera 70cl"},"content":{"rendered":"<div id=\"chat-history\" class=\"chat-history-scroll-container\">\n<div id=\"dc6212bb9d763b1d\" class=\"conversation-container message-actions-hover-boundary ng-star-inserted\">\n<div class=\"response-container ng-tns-c981421412-147 response-container-with-gpi ng-star-inserted response-container-has-multiple-responses\">\n<div class=\"presented-response-container ng-tns-c981421412-147\">\n<div class=\"response-container-content ng-tns-c981421412-147\">\n<div class=\"response-content ng-tns-c981421412-147\">\n<div id=\"model-response-message-contentr_dc6212bb9d763b1d\" class=\"markdown markdown-main-panel enable-updated-hr-color\" dir=\"ltr\">\n<p>Aguasanta Gin Strawberry (Fraise) de Utrera 70cl<\/p>\n<p>C&#8217;est un gin qui se distingue par sa concentration sur une saveur vibrante et fruit\u00e9e, contrairement aux gins traditionnels au profil plus sec et plus botanique.<\/p>\n<h3>Un go\u00fbt fruit\u00e9 et rafra\u00eechissant<\/h3>\n<p>Ce gin est fabriqu\u00e9 \u00e0 partir d&#8217;une base de gin distill\u00e9 qui est ensuite infus\u00e9 avec une touche de <b>fraises naturelles<\/b>. Cela lui donne un go\u00fbt sucr\u00e9 et fruit\u00e9, tr\u00e8s diff\u00e9rent de celui d&#8217;un London Dry Gin. Le r\u00e9sultat est un gin plus doux, id\u00e9al pour ceux qui d\u00e9couvrent le monde du gin ou pour ceux qui recherchent un go\u00fbt plus sucr\u00e9.  <\/p>\n<h3>Notes de d\u00e9gustation et caract\u00e9ristiques<\/h3>\n<ul>\n\t<li>\n<p><b>Aspect<\/b>: Une belle couleur rose vif, caract\u00e9ristique de son infusion de fraises.<\/p>\n<\/li>\n\t<li>\n<p><b>Nez<\/b>: Au nez, les ar\u00f4mes de fraise et de fruits rouges pr\u00e9dominent, avec des notes subtiles de geni\u00e8vre et de plantes m\u00e9dicinales qui lui donnent le caract\u00e8re du gin.<\/p>\n<\/li>\n\t<li>\n<p><b>Bouche<\/b>: En bouche, il est doux et sucr\u00e9, avec la saveur de la fraise comme protagoniste. La finale est fra\u00eeche et persistante. <\/p>\n<\/li>\n<\/ul>\n<h3>Appairage et pr\u00e9paration<\/h3>\n<p>Aguasanta Gin Strawberry est parfait pour pr\u00e9parer des cocktails rafra\u00eechissants. La fa\u00e7on la plus populaire de le servir est dans un gin tonic, associ\u00e9 \u00e0 un tonique neutre pour ne pas masquer la saveur de la fraise. Vous pouvez \u00e9galement l&#8217;appr\u00e9cier dans des cocktails avec des jus de fruits ou dans un simple m\u00e9lange avec du soda.  <\/p>\n<p>En r\u00e9sum\u00e9, Aguasanta Gin Strawberry est un excellent choix si vous recherchez un gin au profil aromatique plus doux, fruit\u00e9 et rafra\u00eechissant, id\u00e9al pour l&#8217;\u00e9t\u00e9 ou pour ceux qui pr\u00e9f\u00e8rent les cocktails plus doux.<\/p>\n<\/div>\n<\/div>\n<\/div>\n<\/div>\n<\/div>\n<\/div>\n<\/div>","protected":false},"excerpt":{"rendered":"<p>Aguasanta Strawberry Gin, pr\u00e9sent\u00e9 dans une \u00e9l\u00e9gante bouteille de 70 cl, est une option unique et rafra\u00eechissante pour les amateurs de spiritueux.<\/p>\n","protected":false},"featured_media":14841,"comment_status":"open","ping_status":"closed","template":"","meta":{"site-sidebar-layout":"default","site-content-layout":"","ast-site-content-layout":"default","site-content-style":"default","site-sidebar-style":"default","ast-global-header-display":"","ast-banner-title-visibility":"","ast-main-header-display":"","ast-hfb-above-header-display":"","ast-hfb-below-header-display":"","ast-hfb-mobile-header-display":"","site-post-title":"","ast-breadcrumbs-content":"","ast-featured-img":"","footer-sml-layout":"","ast-disable-related-posts":"","theme-transparent-header-meta":"default","adv-header-id-meta":"","stick-header-meta":"","header-above-stick-meta":"","header-main-stick-meta":"","header-below-stick-meta":"","astra-migrate-meta-layouts":"default","ast-page-background-enabled":"default","ast-page-background-meta":{"desktop":{"background-color":"var(--ast-global-color-4)","background-image":"","background-repeat":"repeat","background-position":"center center","background-size":"auto","background-attachment":"scroll","background-type":"","background-media":"","overlay-type":"","overlay-color":"","overlay-opacity":"","overlay-gradient":""},"tablet":{"background-color":"","background-image":"","background-repeat":"repeat","background-position":"center center","background-size":"auto","background-attachment":"scroll","background-type":"","background-media":"","overlay-type":"","overlay-color":"","overlay-opacity":"","overlay-gradient":""},"mobile":{"background-color":"","background-image":"","background-repeat":"repeat","background-position":"center center","background-size":"auto","background-attachment":"scroll","background-type":"","background-media":"","overlay-type":"","overlay-color":"","overlay-opacity":"","overlay-gradient":""}},"ast-content-background-meta":{"desktop":{"background-color":"var(--ast-global-color-5)","background-image":"","background-repeat":"repeat","background-position":"center center","background-size":"auto","background-attachment":"scroll","background-type":"","background-media":"","overlay-type":"","overlay-color":"","overlay-opacity":"","overlay-gradient":""},"tablet":{"background-color":"var(--ast-global-color-5)","background-image":"","background-repeat":"repeat","background-position":"center center","background-size":"auto","background-attachment":"scroll","background-type":"","background-media":"","overlay-type":"","overlay-color":"","overlay-opacity":"","overlay-gradient":""},"mobile":{"background-color":"var(--ast-global-color-5)","background-image":"","background-repeat":"repeat","background-position":"center center","background-size":"auto","background-attachment":"scroll","background-type":"","background-media":"","overlay-type":"","overlay-color":"","overlay-opacity":"","overlay-gradient":""}}},"product_brand":[1400],"product_cat":[41],"product_tag":[],"class_list":{"0":"post-14844","1":"product","2":"type-product","3":"status-publish","4":"has-post-thumbnail","6":"product_brand-destileria-de-utrera","7":"product_cat-conservas-de-carne","8":"desktop-align-left","9":"tablet-align-left","10":"mobile-align-left","12":"first","13":"instock","14":"taxable","15":"shipping-taxable","16":"purchasable","17":"product-type-simple"},"_links":{"self":[{"href":"https:\/\/andalubox.com\/fr\/wp-json\/wp\/v2\/product\/14844","targetHints":{"allow":["GET"]}}],"collection":[{"href":"https:\/\/andalubox.com\/fr\/wp-json\/wp\/v2\/product"}],"about":[{"href":"https:\/\/andalubox.com\/fr\/wp-json\/wp\/v2\/types\/product"}],"replies":[{"embeddable":true,"href":"https:\/\/andalubox.com\/fr\/wp-json\/wp\/v2\/comments?post=14844"}],"wp:featuredmedia":[{"embeddable":true,"href":"https:\/\/andalubox.com\/fr\/wp-json\/wp\/v2\/media\/14841"}],"wp:attachment":[{"href":"https:\/\/andalubox.com\/fr\/wp-json\/wp\/v2\/media?parent=14844"}],"wp:term":[{"taxonomy":"product_brand","embeddable":true,"href":"https:\/\/andalubox.com\/fr\/wp-json\/wp\/v2\/product_brand?post=14844"},{"taxonomy":"product_cat","embeddable":true,"href":"https:\/\/andalubox.com\/fr\/wp-json\/wp\/v2\/product_cat?post=14844"},{"taxonomy":"product_tag","embeddable":true,"href":"https:\/\/andalubox.com\/fr\/wp-json\/wp\/v2\/product_tag?post=14844"}],"curies":[{"name":"wp","href":"https:\/\/api.w.org\/{rel}","templated":true}]}}