{"id":14835,"date":"2024-09-25T09:35:03","date_gmt":"2024-09-25T07:35:03","guid":{"rendered":"https:\/\/andalubox.com\/producto-andaluz\/gin-aguasanta-reglisse\/"},"modified":"2026-01-27T17:37:23","modified_gmt":"2026-01-27T16:37:23","slug":"gin-aguasanta-reglisse","status":"publish","type":"product","link":"https:\/\/andalubox.com\/fr\/producto-andaluz\/gin-aguasanta-reglisse\/","title":{"rendered":"Aguasanta Gin Liquorice d&#8217;Utrera 70cl"},"content":{"rendered":"<p>Le <b>gin Aguasanta Regaliz<\/b> d&#8217;Utrera, \u00e0 S\u00e9ville, est une boisson distill\u00e9e qui se distingue par son go\u00fbt unique et intense, contrairement aux gins plus traditionnels ou fruit\u00e9s.<\/p>\n<h3>Une saveur unique et intense<\/h3>\n<p>Contrairement au gin traditionnel, ce gin est fabriqu\u00e9 \u00e0 partir d&#8217;une infusion de <b>r\u00e9glisse<\/b>, ce qui lui conf\u00e8re un profil aromatique tr\u00e8s particulier. La r\u00e9glisse apporte des notes sucr\u00e9es, anis\u00e9es et l\u00e9g\u00e8rement bois\u00e9es, qui se m\u00ealent aux ingr\u00e9dients botaniques du gin, tels que le geni\u00e8vre, pour cr\u00e9er une exp\u00e9rience gustative tr\u00e8s distincte. <\/p>\n<h3>Notes de d\u00e9gustation et caract\u00e9ristiques<\/h3>\n<ul>\n\t<li>\n<p><b>Vue<\/b>: une couleur brillante et translucide.<\/p>\n<\/li>\n\t<li>\n<p><b>Nez<\/b>: Au nez, les ar\u00f4mes de r\u00e9glisse pr\u00e9dominent, avec des notes de geni\u00e8vre et d&#8217;\u00e9pices.<\/p>\n<\/li>\n\t<li>\n<p><b>Bouche<\/b>: La bouche est douce et sucr\u00e9e, avec un ar\u00f4me de r\u00e9glisse comme protagoniste, suivi d&#8217;une touche d&#8217;anis. La finale est longue et persistante, laissant une sensation de chaleur. <\/p>\n<\/li>\n<\/ul>\n<h3>Appairage et pr\u00e9paration<\/h3>\n<p>Le gin r\u00e9glisse Aguasanta est id\u00e9al pour ceux qui recherchent une saveur plus intense et diff\u00e9rente. La fa\u00e7on la plus courante de le servir est dans un gin tonic, associ\u00e9 \u00e0 un tonique neutre pour permettre \u00e0 la saveur de r\u00e9glisse de se manifester. Il peut \u00e9galement \u00eatre appr\u00e9ci\u00e9 dans des cocktails qui n\u00e9cessitent une touche sucr\u00e9e et \u00e9pic\u00e9e.  <\/p>\n<p>En r\u00e9sum\u00e9, Aguasanta Gin Regaliz est un excellent choix si vous recherchez un gin au profil gustatif plus doux, avec des notes \u00e9pic\u00e9es, et diff\u00e9rent, id\u00e9al pour ceux qui recherchent de nouvelles exp\u00e9riences.<\/p>","protected":false},"excerpt":{"rendered":"<p>Le gin Aguasanta Liquorice &amp; Citrus est obtenu par mac\u00e9ration des plantes naturelles et distillation dans un alambic traditionnel.<br \/>\nUn alcool de grain neutre d&#8217;une douceur exceptionnelle est ajout\u00e9 \u00e0 cette base distill\u00e9e apr\u00e8s cinq distillations. <\/p>\n","protected":false},"featured_media":14832,"comment_status":"open","ping_status":"closed","template":"","meta":{"site-sidebar-layout":"default","site-content-layout":"","ast-site-content-layout":"default","site-content-style":"default","site-sidebar-style":"default","ast-global-header-display":"","ast-banner-title-visibility":"","ast-main-header-display":"","ast-hfb-above-header-display":"","ast-hfb-below-header-display":"","ast-hfb-mobile-header-display":"","site-post-title":"","ast-breadcrumbs-content":"","ast-featured-img":"","footer-sml-layout":"","ast-disable-related-posts":"","theme-transparent-header-meta":"default","adv-header-id-meta":"","stick-header-meta":"","header-above-stick-meta":"","header-main-stick-meta":"","header-below-stick-meta":"","astra-migrate-meta-layouts":"default","ast-page-background-enabled":"default","ast-page-background-meta":{"desktop":{"background-color":"var(--ast-global-color-4)","background-image":"","background-repeat":"repeat","background-position":"center center","background-size":"auto","background-attachment":"scroll","background-type":"","background-media":"","overlay-type":"","overlay-color":"","overlay-opacity":"","overlay-gradient":""},"tablet":{"background-color":"","background-image":"","background-repeat":"repeat","background-position":"center center","background-size":"auto","background-attachment":"scroll","background-type":"","background-media":"","overlay-type":"","overlay-color":"","overlay-opacity":"","overlay-gradient":""},"mobile":{"background-color":"","background-image":"","background-repeat":"repeat","background-position":"center center","background-size":"auto","background-attachment":"scroll","background-type":"","background-media":"","overlay-type":"","overlay-color":"","overlay-opacity":"","overlay-gradient":""}},"ast-content-background-meta":{"desktop":{"background-color":"var(--ast-global-color-5)","background-image":"","background-repeat":"repeat","background-position":"center center","background-size":"auto","background-attachment":"scroll","background-type":"","background-media":"","overlay-type":"","overlay-color":"","overlay-opacity":"","overlay-gradient":""},"tablet":{"background-color":"var(--ast-global-color-5)","background-image":"","background-repeat":"repeat","background-position":"center center","background-size":"auto","background-attachment":"scroll","background-type":"","background-media":"","overlay-type":"","overlay-color":"","overlay-opacity":"","overlay-gradient":""},"mobile":{"background-color":"var(--ast-global-color-5)","background-image":"","background-repeat":"repeat","background-position":"center center","background-size":"auto","background-attachment":"scroll","background-type":"","background-media":"","overlay-type":"","overlay-color":"","overlay-opacity":"","overlay-gradient":""}}},"product_brand":[1400],"product_cat":[41],"product_tag":[],"class_list":{"0":"post-14835","1":"product","2":"type-product","3":"status-publish","4":"has-post-thumbnail","6":"product_brand-destileria-de-utrera","7":"product_cat-conservas-de-carne","8":"desktop-align-left","9":"tablet-align-left","10":"mobile-align-left","12":"first","13":"instock","14":"taxable","15":"shipping-taxable","16":"purchasable","17":"product-type-simple"},"_links":{"self":[{"href":"https:\/\/andalubox.com\/fr\/wp-json\/wp\/v2\/product\/14835","targetHints":{"allow":["GET"]}}],"collection":[{"href":"https:\/\/andalubox.com\/fr\/wp-json\/wp\/v2\/product"}],"about":[{"href":"https:\/\/andalubox.com\/fr\/wp-json\/wp\/v2\/types\/product"}],"replies":[{"embeddable":true,"href":"https:\/\/andalubox.com\/fr\/wp-json\/wp\/v2\/comments?post=14835"}],"wp:featuredmedia":[{"embeddable":true,"href":"https:\/\/andalubox.com\/fr\/wp-json\/wp\/v2\/media\/14832"}],"wp:attachment":[{"href":"https:\/\/andalubox.com\/fr\/wp-json\/wp\/v2\/media?parent=14835"}],"wp:term":[{"taxonomy":"product_brand","embeddable":true,"href":"https:\/\/andalubox.com\/fr\/wp-json\/wp\/v2\/product_brand?post=14835"},{"taxonomy":"product_cat","embeddable":true,"href":"https:\/\/andalubox.com\/fr\/wp-json\/wp\/v2\/product_cat?post=14835"},{"taxonomy":"product_tag","embeddable":true,"href":"https:\/\/andalubox.com\/fr\/wp-json\/wp\/v2\/product_tag?post=14835"}],"curies":[{"name":"wp","href":"https:\/\/api.w.org\/{rel}","templated":true}]}}