{"id":14779,"date":"2024-09-23T09:26:52","date_gmt":"2024-09-23T07:26:52","guid":{"rendered":"https:\/\/andalubox.com\/producto-andaluz\/rhum-noir-lustau-70cl\/"},"modified":"2025-09-24T11:45:15","modified_gmt":"2025-09-24T09:45:15","slug":"rhum-noir-lustau-70cl","status":"publish","type":"product","link":"https:\/\/andalubox.com\/fr\/producto-andaluz\/rhum-noir-lustau-70cl\/","title":{"rendered":"Lustau Black Rum Sherry Rum 70cl"},"content":{"rendered":"<p><b>Le rhum noir Lustau<\/b> est un rhum de la R\u00e9publique dominicaine qui se distingue par son processus de vieillissement particulier, dans lequel les traditions des Cara\u00efbes et de Jerez fusionnent. Il s&#8217;agit d&#8217;un produit haut de gamme du <b>groupe Luis Caballero<\/b>, qui a r\u00e9ussi \u00e0 combiner l&#8217;exp\u00e9rience des ma\u00eetres rhumiers dominicains avec l&#8217;expertise des Bodegas Lustau \u00e0 Jerez. <\/p>\n<h3>Un processus de vieillissement unique<\/h3>\n<p>L&#8217;originalit\u00e9 de ce rhum r\u00e9side dans son double vieillissement. Tout d&#8217;abord, il est vieilli dans des f\u00fbts de ch\u00eane am\u00e9ricain, ce qui lui conf\u00e8re une couleur sombre et un caract\u00e8re robuste. Ensuite, et c&#8217;est l\u00e0 que r\u00e9side la cl\u00e9, il subit un second vieillissement dans des <b>f\u00fbts de Lustau ayant contenu du vin Pedro Xim\u00e9nez<\/b>. Cette derni\u00e8re \u00e9tape le distingue de la plupart des rhums, car elle lui conf\u00e8re des notes sucr\u00e9es et un profil aromatique tr\u00e8s complexe.   <\/p>\n<h3>Notes de d\u00e9gustation<\/h3>\n<ul>\n\t<li>\n<p><b>Vue<\/b>: une couleur acajou fonc\u00e9 et brillant.<\/p>\n<\/li>\n\t<li>\n<p><b>Nez<\/b>: Le bouquet est complexe et tr\u00e8s s\u00e9duisant. Des notes de vanille, de cr\u00e8me br\u00fbl\u00e9e et de chocolat se m\u00ealent \u00e0 des ar\u00f4mes de fruits m\u00fbrs et d&#8217;\u00e9pices. <\/p>\n<\/li>\n\t<li>\n<p><b>Bouche<\/b>: En bouche, le vin est doux, sucr\u00e9 et cors\u00e9. Il pr\u00e9sente un \u00e9quilibre extraordinaire entre la douceur et la profondeur des saveurs, ainsi qu&#8217;une finale longue et harmonieuse. <\/p>\n<\/li>\n<\/ul>\n<h3>Appairage et service<\/h3>\n<p>Gr\u00e2ce \u00e0 sa complexit\u00e9 et \u00e0 sa douceur, le rhum noir Lustau est un rhum id\u00e9al \u00e0 d\u00e9guster pur ou avec des gla\u00e7ons. Son profil de saveurs le rend parfait pour accompagner : <\/p>\n<ul>\n\t<li>\n<p><b>Desserts<\/b>: surtout des desserts au chocolat, comme un coulant ou un brownie.<\/p>\n<\/li>\n\t<li>\n<p><b>Fromages affin\u00e9s<\/b> et noix.<\/p>\n<\/li>\n\t<li>\n<p><b>Apr\u00e8s le repas<\/b>: Parfait pour d\u00e9guster apr\u00e8s un repas.<\/p>\n<\/li>\n<\/ul>\n<p>Il est recommand\u00e9 de le servir dans un verre large et bas pour mieux appr\u00e9cier ses ar\u00f4mes et sa couleur.<\/p>\n<p>Le rhum noir Ron Contrabando Lustau 15 A\u00f1os est un rhum brun \u00e9labor\u00e9 en R\u00e9publique dominicaine \u00e0 partir du miel le plus pur. Son vieillissement pendant 15 ans dans des f\u00fbts de bois fin lui conf\u00e8re un caract\u00e8re complexe et \u00e9quilibr\u00e9, avec des ar\u00f4mes de fruits tropicaux, de vanille et de noix de coco, ainsi que des notes balsamiques et grill\u00e9es. C&#8217;est une boisson \u00e9l\u00e9gante qui se distingue par sa douceur en bouche, parfaite pour les amateurs de rhums vieillis qui ont de la personnalit\u00e9.  <\/p>","protected":false},"excerpt":{"rendered":"<p>Le rhum noir Ron Contrabando Lustau 15 A\u00f1os est un rhum artisanal fonc\u00e9 de la R\u00e9publique dominicaine, vieilli en f\u00fbts de bois dur pendant 15 ans. Il pr\u00e9sente des ar\u00f4mes intenses de fruits tropicaux, de vanille et de noix de coco.<\/p>\n","protected":false},"featured_media":14744,"comment_status":"open","ping_status":"closed","template":"","meta":{"site-sidebar-layout":"default","site-content-layout":"","ast-site-content-layout":"default","site-content-style":"default","site-sidebar-style":"default","ast-global-header-display":"","ast-banner-title-visibility":"","ast-main-header-display":"","ast-hfb-above-header-display":"","ast-hfb-below-header-display":"","ast-hfb-mobile-header-display":"","site-post-title":"","ast-breadcrumbs-content":"","ast-featured-img":"","footer-sml-layout":"","ast-disable-related-posts":"","theme-transparent-header-meta":"default","adv-header-id-meta":"","stick-header-meta":"","header-above-stick-meta":"","header-main-stick-meta":"","header-below-stick-meta":"","astra-migrate-meta-layouts":"default","ast-page-background-enabled":"default","ast-page-background-meta":{"desktop":{"background-color":"var(--ast-global-color-4)","background-image":"","background-repeat":"repeat","background-position":"center center","background-size":"auto","background-attachment":"scroll","background-type":"","background-media":"","overlay-type":"","overlay-color":"","overlay-opacity":"","overlay-gradient":""},"tablet":{"background-color":"","background-image":"","background-repeat":"repeat","background-position":"center center","background-size":"auto","background-attachment":"scroll","background-type":"","background-media":"","overlay-type":"","overlay-color":"","overlay-opacity":"","overlay-gradient":""},"mobile":{"background-color":"","background-image":"","background-repeat":"repeat","background-position":"center center","background-size":"auto","background-attachment":"scroll","background-type":"","background-media":"","overlay-type":"","overlay-color":"","overlay-opacity":"","overlay-gradient":""}},"ast-content-background-meta":{"desktop":{"background-color":"var(--ast-global-color-5)","background-image":"","background-repeat":"repeat","background-position":"center center","background-size":"auto","background-attachment":"scroll","background-type":"","background-media":"","overlay-type":"","overlay-color":"","overlay-opacity":"","overlay-gradient":""},"tablet":{"background-color":"var(--ast-global-color-5)","background-image":"","background-repeat":"repeat","background-position":"center center","background-size":"auto","background-attachment":"scroll","background-type":"","background-media":"","overlay-type":"","overlay-color":"","overlay-opacity":"","overlay-gradient":""},"mobile":{"background-color":"var(--ast-global-color-5)","background-image":"","background-repeat":"repeat","background-position":"center center","background-size":"auto","background-attachment":"scroll","background-type":"","background-media":"","overlay-type":"","overlay-color":"","overlay-opacity":"","overlay-gradient":""}}},"product_brand":[1179],"product_cat":[41],"product_tag":[],"class_list":{"0":"post-14779","1":"product","2":"type-product","3":"status-publish","4":"has-post-thumbnail","6":"product_brand-lustau","7":"product_cat-conservas-de-carne","8":"desktop-align-left","9":"tablet-align-left","10":"mobile-align-left","12":"first","13":"instock","14":"taxable","15":"shipping-taxable","16":"purchasable","17":"product-type-simple"},"_links":{"self":[{"href":"https:\/\/andalubox.com\/fr\/wp-json\/wp\/v2\/product\/14779","targetHints":{"allow":["GET"]}}],"collection":[{"href":"https:\/\/andalubox.com\/fr\/wp-json\/wp\/v2\/product"}],"about":[{"href":"https:\/\/andalubox.com\/fr\/wp-json\/wp\/v2\/types\/product"}],"replies":[{"embeddable":true,"href":"https:\/\/andalubox.com\/fr\/wp-json\/wp\/v2\/comments?post=14779"}],"wp:featuredmedia":[{"embeddable":true,"href":"https:\/\/andalubox.com\/fr\/wp-json\/wp\/v2\/media\/14744"}],"wp:attachment":[{"href":"https:\/\/andalubox.com\/fr\/wp-json\/wp\/v2\/media?parent=14779"}],"wp:term":[{"taxonomy":"product_brand","embeddable":true,"href":"https:\/\/andalubox.com\/fr\/wp-json\/wp\/v2\/product_brand?post=14779"},{"taxonomy":"product_cat","embeddable":true,"href":"https:\/\/andalubox.com\/fr\/wp-json\/wp\/v2\/product_cat?post=14779"},{"taxonomy":"product_tag","embeddable":true,"href":"https:\/\/andalubox.com\/fr\/wp-json\/wp\/v2\/product_tag?post=14779"}],"curies":[{"name":"wp","href":"https:\/\/api.w.org\/{rel}","templated":true}]}}