{"id":14499,"date":"2024-08-05T12:17:46","date_gmt":"2024-08-05T10:17:46","guid":{"rendered":"https:\/\/andalubox.com\/producto-andaluz\/confiture-de-vin-rouge-venta-el-chaleco-300g\/"},"modified":"2025-09-24T11:50:26","modified_gmt":"2025-09-24T09:50:26","slug":"confiture-de-vin-rouge-venta-el-chaleco-300g","status":"publish","type":"product","link":"https:\/\/andalubox.com\/fr\/producto-andaluz\/confiture-de-vin-rouge-venta-el-chaleco-300g\/","title":{"rendered":"Venta el Chaleco Confiture de vin rouge 300g"},"content":{"rendered":"<p><b>La confiture de vin rouge de Venta el Chaleco<\/b> est un produit gastronomique andalou qui offre une exp\u00e9rience gustative unique et sophistiqu\u00e9e. Il s&#8217;agit d&#8217;une confiture qui s&#8217;\u00e9loigne des fruits traditionnels et se concentre sur la saveur et la complexit\u00e9 du vin, en le transformant en une p\u00e2te \u00e0 tartiner sucr\u00e9e. <\/p>\n<p>La confiture de vin rouge de Venta el Chaleco, dans son \u00e9l\u00e9gant pot de 300 grammes, est un d\u00e9lice qui apporte le go\u00fbt sophistiqu\u00e9 du vin rouge sous une forme unique et d\u00e9licieuse. Cette confiture gastronomique est \u00e9labor\u00e9e \u00e0 partir de vin rouge de grande qualit\u00e9, dont elle capture l&#8217;essence et qu&#8217;elle transforme en un accompagnement polyvalent et savoureux. <\/p>\n<p>Parfaite pour les amateurs de saveurs raffin\u00e9es, la marmelade de vin rouge est id\u00e9ale pour accompagner une grande vari\u00e9t\u00e9 de plats.\nUtilisez-la pour rehausser un plateau de fromages, o\u00f9 sa douceur et ses notes profondes de vin s&#8217;accorderont \u00e0 merveille avec les fromages affin\u00e9s et les fromages frais.\nElle est \u00e9galement un excellent accompagnement pour les viandes grill\u00e9es ou r\u00f4ties, ajoutant une touche d&#8217;\u00e9l\u00e9gance et de complexit\u00e9 \u00e0 vos recettes pr\u00e9f\u00e9r\u00e9es.\nEn outre, cette confiture peut \u00eatre utilis\u00e9e dans les desserts, ajoutant une touche sophistiqu\u00e9e aux glaces, aux yaourts et aux g\u00e2teaux.   <\/p>","protected":false},"excerpt":{"rendered":"<p>D\u00e9couvrez la confiture de vin rouge de Venta el Chaleco, un d\u00e9licieux accompagnement gastronomique de 300 g, parfait pour rehausser les fromages, les viandes et les desserts avec le go\u00fbt sophistiqu\u00e9 du vin rouge.<\/p>\n","protected":false},"featured_media":14731,"comment_status":"open","ping_status":"closed","template":"","meta":{"site-sidebar-layout":"default","site-content-layout":"","ast-site-content-layout":"default","site-content-style":"default","site-sidebar-style":"default","ast-global-header-display":"","ast-banner-title-visibility":"","ast-main-header-display":"","ast-hfb-above-header-display":"","ast-hfb-below-header-display":"","ast-hfb-mobile-header-display":"","site-post-title":"","ast-breadcrumbs-content":"","ast-featured-img":"","footer-sml-layout":"","ast-disable-related-posts":"","theme-transparent-header-meta":"default","adv-header-id-meta":"","stick-header-meta":"","header-above-stick-meta":"","header-main-stick-meta":"","header-below-stick-meta":"","astra-migrate-meta-layouts":"default","ast-page-background-enabled":"default","ast-page-background-meta":{"desktop":{"background-color":"var(--ast-global-color-4)","background-image":"","background-repeat":"repeat","background-position":"center center","background-size":"auto","background-attachment":"scroll","background-type":"","background-media":"","overlay-type":"","overlay-color":"","overlay-opacity":"","overlay-gradient":""},"tablet":{"background-color":"","background-image":"","background-repeat":"repeat","background-position":"center center","background-size":"auto","background-attachment":"scroll","background-type":"","background-media":"","overlay-type":"","overlay-color":"","overlay-opacity":"","overlay-gradient":""},"mobile":{"background-color":"","background-image":"","background-repeat":"repeat","background-position":"center center","background-size":"auto","background-attachment":"scroll","background-type":"","background-media":"","overlay-type":"","overlay-color":"","overlay-opacity":"","overlay-gradient":""}},"ast-content-background-meta":{"desktop":{"background-color":"var(--ast-global-color-5)","background-image":"","background-repeat":"repeat","background-position":"center center","background-size":"auto","background-attachment":"scroll","background-type":"","background-media":"","overlay-type":"","overlay-color":"","overlay-opacity":"","overlay-gradient":""},"tablet":{"background-color":"var(--ast-global-color-5)","background-image":"","background-repeat":"repeat","background-position":"center center","background-size":"auto","background-attachment":"scroll","background-type":"","background-media":"","overlay-type":"","overlay-color":"","overlay-opacity":"","overlay-gradient":""},"mobile":{"background-color":"var(--ast-global-color-5)","background-image":"","background-repeat":"repeat","background-position":"center center","background-size":"auto","background-attachment":"scroll","background-type":"","background-media":"","overlay-type":"","overlay-color":"","overlay-opacity":"","overlay-gradient":""}}},"product_brand":[1396],"product_cat":[15],"product_tag":[],"class_list":{"0":"post-14499","1":"product","2":"type-product","3":"status-publish","4":"has-post-thumbnail","6":"product_brand-venta-el-chaleco","7":"product_cat-sin-categorizar","8":"desktop-align-left","9":"tablet-align-left","10":"mobile-align-left","12":"first","13":"outofstock","14":"taxable","15":"shipping-taxable","16":"purchasable","17":"product-type-simple"},"_links":{"self":[{"href":"https:\/\/andalubox.com\/fr\/wp-json\/wp\/v2\/product\/14499","targetHints":{"allow":["GET"]}}],"collection":[{"href":"https:\/\/andalubox.com\/fr\/wp-json\/wp\/v2\/product"}],"about":[{"href":"https:\/\/andalubox.com\/fr\/wp-json\/wp\/v2\/types\/product"}],"replies":[{"embeddable":true,"href":"https:\/\/andalubox.com\/fr\/wp-json\/wp\/v2\/comments?post=14499"}],"wp:featuredmedia":[{"embeddable":true,"href":"https:\/\/andalubox.com\/fr\/wp-json\/wp\/v2\/media\/14731"}],"wp:attachment":[{"href":"https:\/\/andalubox.com\/fr\/wp-json\/wp\/v2\/media?parent=14499"}],"wp:term":[{"taxonomy":"product_brand","embeddable":true,"href":"https:\/\/andalubox.com\/fr\/wp-json\/wp\/v2\/product_brand?post=14499"},{"taxonomy":"product_cat","embeddable":true,"href":"https:\/\/andalubox.com\/fr\/wp-json\/wp\/v2\/product_cat?post=14499"},{"taxonomy":"product_tag","embeddable":true,"href":"https:\/\/andalubox.com\/fr\/wp-json\/wp\/v2\/product_tag?post=14499"}],"curies":[{"name":"wp","href":"https:\/\/api.w.org\/{rel}","templated":true}]}}