{"id":14480,"date":"2024-08-05T12:05:25","date_gmt":"2024-08-05T10:05:25","guid":{"rendered":"https:\/\/andalubox.com\/producto-andaluz\/longe-de-porc-iberique-nourri-aux-glands-50-casa-verita-100g\/"},"modified":"2025-06-30T21:41:30","modified_gmt":"2025-06-30T19:41:30","slug":"longe-de-porc-iberique-nourri-aux-glands-50-casa-verita-100g","status":"publish","type":"product","link":"https:\/\/andalubox.com\/fr\/producto-andaluz\/longe-de-porc-iberique-nourri-aux-glands-50-casa-verita-100g\/","title":{"rendered":"Casa Verita Longe de porc ib\u00e9rique nourri au gland 50% d&#8217;Andalousie environ 100g"},"content":{"rendered":"<p>Casa Verita, dont la tradition artisanale remonte \u00e0 1967, garantit la plus haute qualit\u00e9 pour chacun de ses produits. Cette longe de porc ib\u00e9rique se distingue par son processus de maturation lent et m\u00e9ticuleux, qui lui permet de d\u00e9velopper une saveur intense et un ar\u00f4me p\u00e9n\u00e9trant. Sa texture ferme mais juteuse est le r\u00e9sultat d&#8217;un processus de production minutieux et respectueux de la tradition.  <\/p>\n<p>Le Lomo de Bellota Ib\u00e9rico 50% se caract\u00e9rise par ses infiltrations de graisse qui lui conf\u00e8rent une jutosit\u00e9 et une saveur uniques. Ce produit est parfait pour \u00eatre d\u00e9gust\u00e9 en ap\u00e9ritif, en tapas ou dans une planche de charcuterie, accompagn\u00e9 d&#8217;un bon vin rouge ou d&#8217;un verre de vin fin. <\/p>\n<p><strong>Offre : 2 paquets de Lomo Bellota Ib\u00e9rico 50% Casa Verita 100g pour 10 euros.<\/strong><\/p>\n\nCasa Verita est une entreprise espagnole bien \u00e9tablie, sp\u00e9cialis\u00e9e dans les jambons ib\u00e9riques de haute qualit\u00e9, les saucisses et autres produits gastronomiques. Vous trouverez ci-dessous un bref aper\u00e7u bas\u00e9 sur des informations pertinentes : Description g\u00e9n\u00e9rale de Casa Verita : Localisation : Arahal, S\u00e9ville, Espagne (Calle Cruz 6, 41600). \nHistoire : Fond\u00e9e en 1967 par Manuel Vera, elle a d&#8217;abord \u00e9t\u00e9 un magasin de quartier traditionnel. En 2005, elle est devenue &#8220;Casa Verita Artesanos del Jam\u00f3n&#8221;, se concentrant sur les jambons artisanaux tranch\u00e9s et emball\u00e9s sous vide. \n","protected":false},"excerpt":{"rendered":"<p>Casa Verita Lomo de Bellota Ib\u00e9rico 50% from Andalusia environ 100g<br \/>\nAndalubox exporte les produits Casa Verita dans toute l&#8217;Europe.<\/p>\n<p>Casa Verita 50% de longe de porc ib\u00e9rique nourri aux glands, un produit gastronomique de 100 g d&#8217;une qualit\u00e9 exceptionnelle.<br \/>\nId\u00e9al pour savourer la saveur authentique du porc ib\u00e9rique. <\/p>\n","protected":false},"featured_media":14616,"template":"","meta":{"site-sidebar-layout":"default","site-content-layout":"","ast-site-content-layout":"default","site-content-style":"default","site-sidebar-style":"default","ast-global-header-display":"","ast-banner-title-visibility":"","ast-main-header-display":"","ast-hfb-above-header-display":"","ast-hfb-below-header-display":"","ast-hfb-mobile-header-display":"","site-post-title":"","ast-breadcrumbs-content":"","ast-featured-img":"","footer-sml-layout":"","ast-disable-related-posts":"","theme-transparent-header-meta":"default","adv-header-id-meta":"","stick-header-meta":"","header-above-stick-meta":"","header-main-stick-meta":"","header-below-stick-meta":"","astra-migrate-meta-layouts":"default","ast-page-background-enabled":"default","ast-page-background-meta":{"desktop":{"background-color":"var(--ast-global-color-4)","background-image":"","background-repeat":"repeat","background-position":"center center","background-size":"auto","background-attachment":"scroll","background-type":"","background-media":"","overlay-type":"","overlay-color":"","overlay-opacity":"","overlay-gradient":""},"tablet":{"background-color":"","background-image":"","background-repeat":"repeat","background-position":"center center","background-size":"auto","background-attachment":"scroll","background-type":"","background-media":"","overlay-type":"","overlay-color":"","overlay-opacity":"","overlay-gradient":""},"mobile":{"background-color":"","background-image":"","background-repeat":"repeat","background-position":"center center","background-size":"auto","background-attachment":"scroll","background-type":"","background-media":"","overlay-type":"","overlay-color":"","overlay-opacity":"","overlay-gradient":""}},"ast-content-background-meta":{"desktop":{"background-color":"var(--ast-global-color-5)","background-image":"","background-repeat":"repeat","background-position":"center center","background-size":"auto","background-attachment":"scroll","background-type":"","background-media":"","overlay-type":"","overlay-color":"","overlay-opacity":"","overlay-gradient":""},"tablet":{"background-color":"var(--ast-global-color-5)","background-image":"","background-repeat":"repeat","background-position":"center center","background-size":"auto","background-attachment":"scroll","background-type":"","background-media":"","overlay-type":"","overlay-color":"","overlay-opacity":"","overlay-gradient":""},"mobile":{"background-color":"var(--ast-global-color-5)","background-image":"","background-repeat":"repeat","background-position":"center center","background-size":"auto","background-attachment":"scroll","background-type":"","background-media":"","overlay-type":"","overlay-color":"","overlay-opacity":"","overlay-gradient":""}}},"product_brand":[1394],"product_cat":[306],"product_tag":[],"class_list":{"0":"post-14480","1":"product","2":"type-product","3":"status-publish","4":"has-post-thumbnail","6":"product_brand-casa-verita","7":"product_cat-produits-iberiques","8":"desktop-align-left","9":"tablet-align-left","10":"mobile-align-left","12":"first","13":"instock","14":"taxable","15":"shipping-taxable","16":"purchasable","17":"product-type-simple"},"_links":{"self":[{"href":"https:\/\/andalubox.com\/fr\/wp-json\/wp\/v2\/product\/14480","targetHints":{"allow":["GET"]}}],"collection":[{"href":"https:\/\/andalubox.com\/fr\/wp-json\/wp\/v2\/product"}],"about":[{"href":"https:\/\/andalubox.com\/fr\/wp-json\/wp\/v2\/types\/product"}],"wp:featuredmedia":[{"embeddable":true,"href":"https:\/\/andalubox.com\/fr\/wp-json\/wp\/v2\/media\/14616"}],"wp:attachment":[{"href":"https:\/\/andalubox.com\/fr\/wp-json\/wp\/v2\/media?parent=14480"}],"wp:term":[{"taxonomy":"product_brand","embeddable":true,"href":"https:\/\/andalubox.com\/fr\/wp-json\/wp\/v2\/product_brand?post=14480"},{"taxonomy":"product_cat","embeddable":true,"href":"https:\/\/andalubox.com\/fr\/wp-json\/wp\/v2\/product_cat?post=14480"},{"taxonomy":"product_tag","embeddable":true,"href":"https:\/\/andalubox.com\/fr\/wp-json\/wp\/v2\/product_tag?post=14480"}],"curies":[{"name":"wp","href":"https:\/\/api.w.org\/{rel}","templated":true}]}}