{"id":14471,"date":"2024-08-05T11:43:31","date_gmt":"2024-08-05T09:43:31","guid":{"rendered":"https:\/\/andalubox.com\/producto-andaluz\/creme-de-potiron-campo-rico-380g\/"},"modified":"2025-09-24T11:58:22","modified_gmt":"2025-09-24T09:58:22","slug":"creme-de-potiron-campo-rico-380g","status":"publish","type":"product","link":"https:\/\/andalubox.com\/fr\/producto-andaluz\/creme-de-potiron-campo-rico-380g\/","title":{"rendered":"Campo Rico Cr\u00e8me fra\u00eeche de 7 l\u00e9gumes andalous 380g"},"content":{"rendered":"<p>La <b>cr\u00e8me fra\u00eeche de 7 l\u00e9gumes andalous<\/b> de Campo Rico est un produit qui se distingue par sa fra\u00eecheur et la qualit\u00e9 de ses ingr\u00e9dients, cultiv\u00e9s dans la r\u00e9gion andalouse. C&#8217;est une fa\u00e7on simple et nutritive de d\u00e9guster une soupe de l\u00e9gumes maison, pr\u00eate \u00e0 \u00eatre consomm\u00e9e. <\/p>\n<h3>Un go\u00fbt authentique et nutritif<\/h3>\n<p>Cette cr\u00e8me est \u00e9labor\u00e9e \u00e0 partir d&#8217;une s\u00e9lection minutieuse de <b>sept l\u00e9gumes frais<\/b>, dont la courgette, le poireau, la carotte, la pomme de terre, l&#8217;oignon, le haricot vert et le potiron, entre autres. Comme il s&#8217;agit d&#8217;une cr\u00e8me &#8220;fra\u00eeche&#8221;, son go\u00fbt est plus authentique et ressemble \u00e0 celui d&#8217;une cr\u00e8me faite maison, car elle n&#8217;a pas \u00e9t\u00e9 soumise \u00e0 des processus de st\u00e9rilisation ou de pasteurisation aussi agressifs que les cr\u00e8mes emball\u00e9es. <\/p>\n<h3>Caract\u00e9ristiques principales<\/h3>\n<ul>\n\t<li>\n<p><b>Ingr\u00e9dients 100 % andalous<\/b>: Campo Rico utilise des l\u00e9gumes locaux, ce qui garantit leur fra\u00eecheur et soutient l&#8217;agriculture locale.<\/p>\n<\/li>\n\t<li>\n<p><b>Sans conservateurs ni additifs<\/b>: g\u00e9n\u00e9ralement, ces types de cr\u00e8mes fra\u00eeches ne contiennent pas de conservateurs, ce qui en fait une option plus saine et plus naturelle.<\/p>\n<\/li>\n\t<li>\n<p><b>Source de fibres et de vitamines<\/b>: La combinaison de l\u00e9gumes en fait une excellente source de fibres, de vitamines et de min\u00e9raux, essentiels \u00e0 une alimentation \u00e9quilibr\u00e9e.<\/p>\n<\/li>\n\t<li>\n<p><b>Facile \u00e0 pr\u00e9parer<\/b>: il suffit de le r\u00e9chauffer pour obtenir un repas nutritif et r\u00e9confortant.<\/p>\n<\/li>\n<\/ul>\n<h3>Utilisations en cuisine<\/h3>\n<p>La cr\u00e8me de l\u00e9gumes est un plat polyvalent qui peut \u00eatre d\u00e9gust\u00e9 de diff\u00e9rentes mani\u00e8res :<\/p>\n<ul>\n\t<li>\n<p><b>Entr\u00e9e<\/b>: servie chaude en guise de premier plat.<\/p>\n<\/li>\n\t<li>\n<p><b>D\u00eener l\u00e9ger<\/b>: Cette option est parfaite pour un d\u00eener l\u00e9ger et sain.<\/p>\n<\/li>\n\t<li>\n<p><b>Comme base pour d&#8217;autres recettes<\/b>: Vous pouvez l&#8217;utiliser comme base pour des soupes ou des rago\u00fbts, en y ajoutant des nouilles, du riz ou des cro\u00fbtons.<\/p>\n<\/li>\n<\/ul>\n<p>En r\u00e9sum\u00e9, la cr\u00e8me aux 7 l\u00e9gumes du Campo Rico est un excellent choix si vous recherchez un plat sain, rapide \u00e0 pr\u00e9parer et \u00e0 la saveur authentique des produits frais andalous.<\/p>\n<p>Cette cr\u00e8me onctueuse et cr\u00e9meuse est riche en vitamines A et C, en fibres et en antioxydants, ce qui en fait un excellent choix pour une alimentation saine et \u00e9quilibr\u00e9e. Campo Rico, qui s&#8217;engage en faveur de la qualit\u00e9 et de la durabilit\u00e9, garantit que sa Crema de Calabaza est exempte d&#8217;allerg\u00e8nes et de gluten, et qu&#8217;elle convient aux r\u00e9gimes v\u00e9g\u00e9taliens. <\/p>\n<p>Id\u00e9ale pour toutes les occasions, cette cr\u00e8me de 5e gamme est pr\u00eate \u00e0 \u00eatre consomm\u00e9e : il suffit de la r\u00e9chauffer et de savourer son go\u00fbt r\u00e9confortant. Parfaite en entr\u00e9e, en accompagnement ou en plat principal, la soupe \u00e0 la cr\u00e8me de potiron Campo Rico est une option pratique et d\u00e9licieuse pour vos repas quotidiens. <\/p>","protected":false},"excerpt":{"rendered":"<p>Savourez la soupe \u00e0 la cr\u00e8me de potiron de Campo Rico, 100 % naturelle et v\u00e9g\u00e9tale.<br \/>\nParfait pour un repas rapide et sain avec une authentique saveur m\u00e9diterran\u00e9enne. <\/p>\n","protected":false},"featured_media":14468,"template":"","meta":{"site-sidebar-layout":"default","site-content-layout":"","ast-site-content-layout":"default","site-content-style":"default","site-sidebar-style":"default","ast-global-header-display":"","ast-banner-title-visibility":"","ast-main-header-display":"","ast-hfb-above-header-display":"","ast-hfb-below-header-display":"","ast-hfb-mobile-header-display":"","site-post-title":"","ast-breadcrumbs-content":"","ast-featured-img":"","footer-sml-layout":"","ast-disable-related-posts":"","theme-transparent-header-meta":"default","adv-header-id-meta":"","stick-header-meta":"","header-above-stick-meta":"","header-main-stick-meta":"","header-below-stick-meta":"","astra-migrate-meta-layouts":"default","ast-page-background-enabled":"default","ast-page-background-meta":{"desktop":{"background-color":"var(--ast-global-color-4)","background-image":"","background-repeat":"repeat","background-position":"center center","background-size":"auto","background-attachment":"scroll","background-type":"","background-media":"","overlay-type":"","overlay-color":"","overlay-opacity":"","overlay-gradient":""},"tablet":{"background-color":"","background-image":"","background-repeat":"repeat","background-position":"center center","background-size":"auto","background-attachment":"scroll","background-type":"","background-media":"","overlay-type":"","overlay-color":"","overlay-opacity":"","overlay-gradient":""},"mobile":{"background-color":"","background-image":"","background-repeat":"repeat","background-position":"center center","background-size":"auto","background-attachment":"scroll","background-type":"","background-media":"","overlay-type":"","overlay-color":"","overlay-opacity":"","overlay-gradient":""}},"ast-content-background-meta":{"desktop":{"background-color":"var(--ast-global-color-5)","background-image":"","background-repeat":"repeat","background-position":"center center","background-size":"auto","background-attachment":"scroll","background-type":"","background-media":"","overlay-type":"","overlay-color":"","overlay-opacity":"","overlay-gradient":""},"tablet":{"background-color":"var(--ast-global-color-5)","background-image":"","background-repeat":"repeat","background-position":"center center","background-size":"auto","background-attachment":"scroll","background-type":"","background-media":"","overlay-type":"","overlay-color":"","overlay-opacity":"","overlay-gradient":""},"mobile":{"background-color":"var(--ast-global-color-5)","background-image":"","background-repeat":"repeat","background-position":"center center","background-size":"auto","background-attachment":"scroll","background-type":"","background-media":"","overlay-type":"","overlay-color":"","overlay-opacity":"","overlay-gradient":""}}},"product_brand":[1336],"product_cat":[15],"product_tag":[],"class_list":{"0":"post-14471","1":"product","2":"type-product","3":"status-publish","4":"has-post-thumbnail","6":"product_brand-campo-rico","7":"product_cat-sin-categorizar","8":"desktop-align-left","9":"tablet-align-left","10":"mobile-align-left","12":"first","13":"outofstock","14":"taxable","15":"shipping-taxable","16":"purchasable","17":"product-type-simple"},"_links":{"self":[{"href":"https:\/\/andalubox.com\/fr\/wp-json\/wp\/v2\/product\/14471","targetHints":{"allow":["GET"]}}],"collection":[{"href":"https:\/\/andalubox.com\/fr\/wp-json\/wp\/v2\/product"}],"about":[{"href":"https:\/\/andalubox.com\/fr\/wp-json\/wp\/v2\/types\/product"}],"wp:featuredmedia":[{"embeddable":true,"href":"https:\/\/andalubox.com\/fr\/wp-json\/wp\/v2\/media\/14468"}],"wp:attachment":[{"href":"https:\/\/andalubox.com\/fr\/wp-json\/wp\/v2\/media?parent=14471"}],"wp:term":[{"taxonomy":"product_brand","embeddable":true,"href":"https:\/\/andalubox.com\/fr\/wp-json\/wp\/v2\/product_brand?post=14471"},{"taxonomy":"product_cat","embeddable":true,"href":"https:\/\/andalubox.com\/fr\/wp-json\/wp\/v2\/product_cat?post=14471"},{"taxonomy":"product_tag","embeddable":true,"href":"https:\/\/andalubox.com\/fr\/wp-json\/wp\/v2\/product_tag?post=14471"}],"curies":[{"name":"wp","href":"https:\/\/api.w.org\/{rel}","templated":true}]}}