{"id":14464,"date":"2024-08-05T11:40:34","date_gmt":"2024-08-05T09:40:34","guid":{"rendered":"https:\/\/andalubox.com\/producto-andaluz\/creme-7-legumes-campo-rico-380g\/"},"modified":"2025-09-24T11:58:42","modified_gmt":"2025-09-24T09:58:42","slug":"creme-7-legumes-campo-rico-380g","status":"publish","type":"product","link":"https:\/\/andalubox.com\/fr\/producto-andaluz\/creme-7-legumes-campo-rico-380g\/","title":{"rendered":"Campo Rico Cr\u00e8me fra\u00eeche aux 7 l\u00e9gumes 380g"},"content":{"rendered":"<p>Cette cr\u00e8me combine le meilleur de la nature avec des ingr\u00e9dients tels que les carottes, les courgettes, les poireaux, le c\u00e9leri, les pommes de terre, les oignons et les \u00e9pinards, le tout mijot\u00e9 dans de l&#8217;huile d&#8217;olive extra vierge. Le r\u00e9sultat est une cr\u00e8me onctueuse et cr\u00e9meuse, riche en vitamines, min\u00e9raux et antioxydants, id\u00e9ale pour maintenir une alimentation saine et \u00e9quilibr\u00e9e.<\/p>\n<p>Campo Rico, qui s&#8217;engage en faveur de la qualit\u00e9 et de la durabilit\u00e9, garantit que sa cr\u00e8me v\u00e9g\u00e9tale Crema 7 est 100 % naturelle, exempte d&#8217;allerg\u00e8nes et de gluten, et convient aux r\u00e9gimes v\u00e9g\u00e9taliens. Ce produit de 5e gamme est pr\u00eat \u00e0 \u00eatre consomm\u00e9, ce qui le rend facile \u00e0 pr\u00e9parer et en fait une option pratique pour des repas rapides et sains. Il vous suffit de le r\u00e9chauffer et de le servir pour d\u00e9guster un plat r\u00e9confortant et nutritif en quelques minutes.  <\/p>","protected":false},"excerpt":{"rendered":"<p>Go\u00fbtez \u00e0 la Crema 7 Vegetable Cream de Campo Rico, un produit biologique et 100% v\u00e9g\u00e9tal dans un emballage pratique de 380g. Id\u00e9al pour un repas rapide et sain. <\/p>\n","protected":false},"featured_media":14624,"comment_status":"open","ping_status":"closed","template":"","meta":{"site-sidebar-layout":"default","site-content-layout":"","ast-site-content-layout":"default","site-content-style":"default","site-sidebar-style":"default","ast-global-header-display":"","ast-banner-title-visibility":"","ast-main-header-display":"","ast-hfb-above-header-display":"","ast-hfb-below-header-display":"","ast-hfb-mobile-header-display":"","site-post-title":"","ast-breadcrumbs-content":"","ast-featured-img":"","footer-sml-layout":"","ast-disable-related-posts":"","theme-transparent-header-meta":"default","adv-header-id-meta":"","stick-header-meta":"","header-above-stick-meta":"","header-main-stick-meta":"","header-below-stick-meta":"","astra-migrate-meta-layouts":"default","ast-page-background-enabled":"default","ast-page-background-meta":{"desktop":{"background-color":"var(--ast-global-color-4)","background-image":"","background-repeat":"repeat","background-position":"center center","background-size":"auto","background-attachment":"scroll","background-type":"","background-media":"","overlay-type":"","overlay-color":"","overlay-opacity":"","overlay-gradient":""},"tablet":{"background-color":"","background-image":"","background-repeat":"repeat","background-position":"center center","background-size":"auto","background-attachment":"scroll","background-type":"","background-media":"","overlay-type":"","overlay-color":"","overlay-opacity":"","overlay-gradient":""},"mobile":{"background-color":"","background-image":"","background-repeat":"repeat","background-position":"center center","background-size":"auto","background-attachment":"scroll","background-type":"","background-media":"","overlay-type":"","overlay-color":"","overlay-opacity":"","overlay-gradient":""}},"ast-content-background-meta":{"desktop":{"background-color":"var(--ast-global-color-5)","background-image":"","background-repeat":"repeat","background-position":"center center","background-size":"auto","background-attachment":"scroll","background-type":"","background-media":"","overlay-type":"","overlay-color":"","overlay-opacity":"","overlay-gradient":""},"tablet":{"background-color":"var(--ast-global-color-5)","background-image":"","background-repeat":"repeat","background-position":"center center","background-size":"auto","background-attachment":"scroll","background-type":"","background-media":"","overlay-type":"","overlay-color":"","overlay-opacity":"","overlay-gradient":""},"mobile":{"background-color":"var(--ast-global-color-5)","background-image":"","background-repeat":"repeat","background-position":"center center","background-size":"auto","background-attachment":"scroll","background-type":"","background-media":"","overlay-type":"","overlay-color":"","overlay-opacity":"","overlay-gradient":""}}},"product_brand":[1336],"product_cat":[15],"product_tag":[],"class_list":{"0":"post-14464","1":"product","2":"type-product","3":"status-publish","4":"has-post-thumbnail","6":"product_brand-campo-rico","7":"product_cat-sin-categorizar","8":"desktop-align-left","9":"tablet-align-left","10":"mobile-align-left","12":"first","13":"outofstock","14":"taxable","15":"shipping-taxable","16":"purchasable","17":"product-type-simple"},"_links":{"self":[{"href":"https:\/\/andalubox.com\/fr\/wp-json\/wp\/v2\/product\/14464","targetHints":{"allow":["GET"]}}],"collection":[{"href":"https:\/\/andalubox.com\/fr\/wp-json\/wp\/v2\/product"}],"about":[{"href":"https:\/\/andalubox.com\/fr\/wp-json\/wp\/v2\/types\/product"}],"replies":[{"embeddable":true,"href":"https:\/\/andalubox.com\/fr\/wp-json\/wp\/v2\/comments?post=14464"}],"wp:featuredmedia":[{"embeddable":true,"href":"https:\/\/andalubox.com\/fr\/wp-json\/wp\/v2\/media\/14624"}],"wp:attachment":[{"href":"https:\/\/andalubox.com\/fr\/wp-json\/wp\/v2\/media?parent=14464"}],"wp:term":[{"taxonomy":"product_brand","embeddable":true,"href":"https:\/\/andalubox.com\/fr\/wp-json\/wp\/v2\/product_brand?post=14464"},{"taxonomy":"product_cat","embeddable":true,"href":"https:\/\/andalubox.com\/fr\/wp-json\/wp\/v2\/product_cat?post=14464"},{"taxonomy":"product_tag","embeddable":true,"href":"https:\/\/andalubox.com\/fr\/wp-json\/wp\/v2\/product_tag?post=14464"}],"curies":[{"name":"wp","href":"https:\/\/api.w.org\/{rel}","templated":true}]}}