{"id":14433,"date":"2024-08-05T11:19:58","date_gmt":"2024-08-05T09:19:58","guid":{"rendered":"https:\/\/andalubox.com\/producto-andaluz\/ratatouille-traditionnelle-campo-rico-380g\/"},"modified":"2025-09-24T12:12:30","modified_gmt":"2025-09-24T10:12:30","slug":"ratatouille-traditionnelle-campo-rico-380g","status":"publish","type":"product","link":"https:\/\/andalubox.com\/fr\/producto-andaluz\/ratatouille-traditionnelle-campo-rico-380g\/","title":{"rendered":"Ratatouille traditionnelle Campo Rico 380g"},"content":{"rendered":"<div id=\"chat-history\" class=\"chat-history-scroll-container\">\n<div id=\"c47450483e2b8ca5\" class=\"conversation-container message-actions-hover-boundary ng-star-inserted\">\n<div class=\"response-container ng-tns-c981421412-235 response-container-with-gpi ng-star-inserted response-container-has-multiple-responses\">\n<div class=\"presented-response-container ng-tns-c981421412-235\">\n<div class=\"response-container-content ng-tns-c981421412-235\">\n<div class=\"response-content ng-tns-c981421412-235\">\n<div id=\"model-response-message-contentr_c47450483e2b8ca5\" class=\"markdown markdown-main-panel enable-updated-hr-color\" dir=\"ltr\">\n<p><span style=\"font-size: 16px;\">Ce plat traditionnel est compos\u00e9 d&#8217;un d\u00e9licieux m\u00e9lange de l\u00e9gumes frais tels que tomates, courgettes, poivrons, oignons et aubergines, soigneusement mijot\u00e9s dans de l&#8217;huile d&#8217;olive extra vierge. Cette m\u00e9thode de pr\u00e9paration permet aux saveurs des l\u00e9gumes de s&#8217;int\u00e9grer parfaitement, cr\u00e9ant ainsi un plat \u00e0 la texture onctueuse et \u00e0 la saveur riche et profonde.<\/span><\/p>\n<\/div>\n<\/div>\n<\/div>\n<\/div>\n<\/div>\n<\/div>\n<\/div>\n<p>Campo Rico, qui s&#8217;engage en faveur de la qualit\u00e9 et de la sant\u00e9, garantit que son Pisto Tradicional est exempt d&#8217;allerg\u00e8nes et de gluten, ce qui en fait une option s\u00fbre et nutritive pour tous. Ce produit de 5e gamme est pr\u00eat \u00e0 consommer, ce qui le rend facile \u00e0 pr\u00e9parer et en fait une solution pratique pour des repas rapides et sains. Il suffit de le r\u00e9chauffer et de le servir en accompagnement d&#8217;une viande, d&#8217;un poisson ou comme plat principal avec du riz, des p\u00e2tes ou du pain.  <\/p>","protected":false},"excerpt":{"rendered":"<p>Savourez la Ratatouille traditionnelle de Campo Rico, un plat 100% v\u00e9g\u00e9tal et naturel dans un emballage pratique de 380g. Id\u00e9al pour accompagner vos repas avec la saveur authentique du r\u00e9gime m\u00e9diterran\u00e9en. <\/p>\n","protected":false},"featured_media":14719,"comment_status":"open","ping_status":"closed","template":"","meta":{"site-sidebar-layout":"default","site-content-layout":"","ast-site-content-layout":"default","site-content-style":"default","site-sidebar-style":"default","ast-global-header-display":"","ast-banner-title-visibility":"","ast-main-header-display":"","ast-hfb-above-header-display":"","ast-hfb-below-header-display":"","ast-hfb-mobile-header-display":"","site-post-title":"","ast-breadcrumbs-content":"","ast-featured-img":"","footer-sml-layout":"","ast-disable-related-posts":"","theme-transparent-header-meta":"default","adv-header-id-meta":"","stick-header-meta":"","header-above-stick-meta":"","header-main-stick-meta":"","header-below-stick-meta":"","astra-migrate-meta-layouts":"default","ast-page-background-enabled":"default","ast-page-background-meta":{"desktop":{"background-color":"var(--ast-global-color-4)","background-image":"","background-repeat":"repeat","background-position":"center center","background-size":"auto","background-attachment":"scroll","background-type":"","background-media":"","overlay-type":"","overlay-color":"","overlay-opacity":"","overlay-gradient":""},"tablet":{"background-color":"","background-image":"","background-repeat":"repeat","background-position":"center center","background-size":"auto","background-attachment":"scroll","background-type":"","background-media":"","overlay-type":"","overlay-color":"","overlay-opacity":"","overlay-gradient":""},"mobile":{"background-color":"","background-image":"","background-repeat":"repeat","background-position":"center center","background-size":"auto","background-attachment":"scroll","background-type":"","background-media":"","overlay-type":"","overlay-color":"","overlay-opacity":"","overlay-gradient":""}},"ast-content-background-meta":{"desktop":{"background-color":"var(--ast-global-color-5)","background-image":"","background-repeat":"repeat","background-position":"center center","background-size":"auto","background-attachment":"scroll","background-type":"","background-media":"","overlay-type":"","overlay-color":"","overlay-opacity":"","overlay-gradient":""},"tablet":{"background-color":"var(--ast-global-color-5)","background-image":"","background-repeat":"repeat","background-position":"center center","background-size":"auto","background-attachment":"scroll","background-type":"","background-media":"","overlay-type":"","overlay-color":"","overlay-opacity":"","overlay-gradient":""},"mobile":{"background-color":"var(--ast-global-color-5)","background-image":"","background-repeat":"repeat","background-position":"center center","background-size":"auto","background-attachment":"scroll","background-type":"","background-media":"","overlay-type":"","overlay-color":"","overlay-opacity":"","overlay-gradient":""}}},"product_brand":[1336],"product_cat":[15],"product_tag":[],"class_list":{"0":"post-14433","1":"product","2":"type-product","3":"status-publish","4":"has-post-thumbnail","6":"product_brand-campo-rico","7":"product_cat-sin-categorizar","8":"desktop-align-left","9":"tablet-align-left","10":"mobile-align-left","12":"first","13":"outofstock","14":"taxable","15":"shipping-taxable","16":"purchasable","17":"product-type-simple"},"_links":{"self":[{"href":"https:\/\/andalubox.com\/fr\/wp-json\/wp\/v2\/product\/14433","targetHints":{"allow":["GET"]}}],"collection":[{"href":"https:\/\/andalubox.com\/fr\/wp-json\/wp\/v2\/product"}],"about":[{"href":"https:\/\/andalubox.com\/fr\/wp-json\/wp\/v2\/types\/product"}],"replies":[{"embeddable":true,"href":"https:\/\/andalubox.com\/fr\/wp-json\/wp\/v2\/comments?post=14433"}],"wp:featuredmedia":[{"embeddable":true,"href":"https:\/\/andalubox.com\/fr\/wp-json\/wp\/v2\/media\/14719"}],"wp:attachment":[{"href":"https:\/\/andalubox.com\/fr\/wp-json\/wp\/v2\/media?parent=14433"}],"wp:term":[{"taxonomy":"product_brand","embeddable":true,"href":"https:\/\/andalubox.com\/fr\/wp-json\/wp\/v2\/product_brand?post=14433"},{"taxonomy":"product_cat","embeddable":true,"href":"https:\/\/andalubox.com\/fr\/wp-json\/wp\/v2\/product_cat?post=14433"},{"taxonomy":"product_tag","embeddable":true,"href":"https:\/\/andalubox.com\/fr\/wp-json\/wp\/v2\/product_tag?post=14433"}],"curies":[{"name":"wp","href":"https:\/\/api.w.org\/{rel}","templated":true}]}}