{"id":14417,"date":"2024-08-05T11:12:31","date_gmt":"2024-08-05T09:12:31","guid":{"rendered":"https:\/\/andalubox.com\/producto-andaluz\/campo-rico-carottes-assaisonnees-350g\/"},"modified":"2026-01-29T16:38:29","modified_gmt":"2026-01-29T15:38:29","slug":"campo-rico-carottes-assaisonnees-350g","status":"publish","type":"product","link":"https:\/\/andalubox.com\/fr\/producto-andaluz\/campo-rico-carottes-assaisonnees-350g\/","title":{"rendered":"Carottes dress\u00e9es Campo Rico, 350g"},"content":{"rendered":"<p>Carottes dress\u00e9es Campo Rico, 350g<\/p>\n<p>Les carottes en robe de Campo Rico, pr\u00e9sent\u00e9es dans un emballage pratique de 350 g, sont le choix id\u00e9al pour ceux qui recherchent une option saine, d\u00e9licieuse et pr\u00eate \u00e0 servir. Ce plat, compos\u00e9 de carottes fra\u00eeches de haute qualit\u00e9, offre un go\u00fbt authentique et une texture croquante qui compl\u00e8teront vos repas quotidiens. <\/p>\n<p>Ces carottes assaisonn\u00e9es sont soigneusement pr\u00e9par\u00e9es avec un m\u00e9lange d&#8217;herbes et d&#8217;\u00e9pices qui rehaussent leur saveur naturelle, apportant une touche fra\u00eeche et savoureuse. Parfaites pour agr\u00e9menter les salades, servir de plat d&#8217;accompagnement ou \u00eatre d\u00e9gust\u00e9es comme en-cas l\u00e9ger et nutritif, ces carottes constituent un excellent compl\u00e9ment \u00e0 tout r\u00e9gime alimentaire \u00e9quilibr\u00e9. <\/p>\n<p>MEDITERRANEAN DIET sp\u00e9cial, en exportation pour TOUTE L&#8217;EUROPE.<\/p>","protected":false},"excerpt":{"rendered":"<p>Campo Rico Dressed Carrots, 350g exp\u00e9di\u00e9 \u00e0 TOUTE L&#8217;EUROPE.<\/p>\n","protected":false},"featured_media":14414,"comment_status":"open","ping_status":"closed","template":"","meta":{"site-sidebar-layout":"default","site-content-layout":"","ast-site-content-layout":"default","site-content-style":"default","site-sidebar-style":"default","ast-global-header-display":"","ast-banner-title-visibility":"","ast-main-header-display":"","ast-hfb-above-header-display":"","ast-hfb-below-header-display":"","ast-hfb-mobile-header-display":"","site-post-title":"","ast-breadcrumbs-content":"","ast-featured-img":"","footer-sml-layout":"","ast-disable-related-posts":"","theme-transparent-header-meta":"default","adv-header-id-meta":"","stick-header-meta":"","header-above-stick-meta":"","header-main-stick-meta":"","header-below-stick-meta":"","astra-migrate-meta-layouts":"default","ast-page-background-enabled":"default","ast-page-background-meta":{"desktop":{"background-color":"var(--ast-global-color-4)","background-image":"","background-repeat":"repeat","background-position":"center center","background-size":"auto","background-attachment":"scroll","background-type":"","background-media":"","overlay-type":"","overlay-color":"","overlay-opacity":"","overlay-gradient":""},"tablet":{"background-color":"","background-image":"","background-repeat":"repeat","background-position":"center center","background-size":"auto","background-attachment":"scroll","background-type":"","background-media":"","overlay-type":"","overlay-color":"","overlay-opacity":"","overlay-gradient":""},"mobile":{"background-color":"","background-image":"","background-repeat":"repeat","background-position":"center center","background-size":"auto","background-attachment":"scroll","background-type":"","background-media":"","overlay-type":"","overlay-color":"","overlay-opacity":"","overlay-gradient":""}},"ast-content-background-meta":{"desktop":{"background-color":"var(--ast-global-color-5)","background-image":"","background-repeat":"repeat","background-position":"center center","background-size":"auto","background-attachment":"scroll","background-type":"","background-media":"","overlay-type":"","overlay-color":"","overlay-opacity":"","overlay-gradient":""},"tablet":{"background-color":"var(--ast-global-color-5)","background-image":"","background-repeat":"repeat","background-position":"center center","background-size":"auto","background-attachment":"scroll","background-type":"","background-media":"","overlay-type":"","overlay-color":"","overlay-opacity":"","overlay-gradient":""},"mobile":{"background-color":"var(--ast-global-color-5)","background-image":"","background-repeat":"repeat","background-position":"center center","background-size":"auto","background-attachment":"scroll","background-type":"","background-media":"","overlay-type":"","overlay-color":"","overlay-opacity":"","overlay-gradient":""}}},"product_brand":[1336],"product_cat":[314],"product_tag":[],"class_list":{"0":"post-14417","1":"product","2":"type-product","3":"status-publish","4":"has-post-thumbnail","6":"product_brand-campo-rico","7":"product_cat-legumes-en-conserve","8":"desktop-align-left","9":"tablet-align-left","10":"mobile-align-left","12":"first","13":"outofstock","14":"taxable","15":"shipping-taxable","16":"purchasable","17":"product-type-simple"},"_links":{"self":[{"href":"https:\/\/andalubox.com\/fr\/wp-json\/wp\/v2\/product\/14417","targetHints":{"allow":["GET"]}}],"collection":[{"href":"https:\/\/andalubox.com\/fr\/wp-json\/wp\/v2\/product"}],"about":[{"href":"https:\/\/andalubox.com\/fr\/wp-json\/wp\/v2\/types\/product"}],"replies":[{"embeddable":true,"href":"https:\/\/andalubox.com\/fr\/wp-json\/wp\/v2\/comments?post=14417"}],"wp:featuredmedia":[{"embeddable":true,"href":"https:\/\/andalubox.com\/fr\/wp-json\/wp\/v2\/media\/14414"}],"wp:attachment":[{"href":"https:\/\/andalubox.com\/fr\/wp-json\/wp\/v2\/media?parent=14417"}],"wp:term":[{"taxonomy":"product_brand","embeddable":true,"href":"https:\/\/andalubox.com\/fr\/wp-json\/wp\/v2\/product_brand?post=14417"},{"taxonomy":"product_cat","embeddable":true,"href":"https:\/\/andalubox.com\/fr\/wp-json\/wp\/v2\/product_cat?post=14417"},{"taxonomy":"product_tag","embeddable":true,"href":"https:\/\/andalubox.com\/fr\/wp-json\/wp\/v2\/product_tag?post=14417"}],"curies":[{"name":"wp","href":"https:\/\/api.w.org\/{rel}","templated":true}]}}