{"id":14399,"date":"2024-08-05T10:42:09","date_gmt":"2024-08-05T08:42:09","guid":{"rendered":"https:\/\/andalubox.com\/producto-andaluz\/pommes-de-terre-campo-rico-360g\/"},"modified":"2025-09-24T12:12:28","modified_gmt":"2025-09-24T10:12:28","slug":"pommes-de-terre-campo-rico-360g","status":"publish","type":"product","link":"https:\/\/andalubox.com\/fr\/producto-andaluz\/pommes-de-terre-campo-rico-360g\/","title":{"rendered":"Campo Rico Pommes de terre a lo Pobre 360g"},"content":{"rendered":"<p>es pommes de terre Campo Rico a lo Pobre, pr\u00e9sent\u00e9es dans un emballage pratique de 360 grammes, sont une option parfaite pour ceux qui recherchent un plat d\u00e9licieux, sain et pr\u00eat \u00e0 servir. Ce plat m\u00e9diterran\u00e9en classique est \u00e9labor\u00e9 \u00e0 partir d&#8217;ingr\u00e9dients 100 % naturels et v\u00e9g\u00e9taux, offrant une saveur authentique et artisanale qui plaira \u00e0 toute la famille. <\/p>\n<p>Ce plat traditionnel est compos\u00e9 de pommes de terre, de poivrons et d&#8217;oignons, mijot\u00e9s dans de l&#8217;huile d&#8217;olive extra vierge pour une texture onctueuse et une saveur riche et r\u00e9confortante. Les Patatas a lo Pobre de Campo Rico sont id\u00e9ales comme accompagnement de viande, de poisson ou comme plat principal, accompagn\u00e9es d&#8217;une salade fra\u00eeche ou de pain cro\u00fbt\u00e9. <\/p>","protected":false},"excerpt":{"rendered":"<p>Savourez les Patatas a lo Pobre de Campo Rico, un plat 100% v\u00e9g\u00e9tal et naturel. Id\u00e9al pour accompagner vos repas avec la saveur authentique du r\u00e9gime m\u00e9diterran\u00e9en. <\/p>\n","protected":false},"featured_media":14673,"comment_status":"open","ping_status":"closed","template":"","meta":{"site-sidebar-layout":"default","site-content-layout":"","ast-site-content-layout":"default","site-content-style":"default","site-sidebar-style":"default","ast-global-header-display":"","ast-banner-title-visibility":"","ast-main-header-display":"","ast-hfb-above-header-display":"","ast-hfb-below-header-display":"","ast-hfb-mobile-header-display":"","site-post-title":"","ast-breadcrumbs-content":"","ast-featured-img":"","footer-sml-layout":"","ast-disable-related-posts":"","theme-transparent-header-meta":"default","adv-header-id-meta":"","stick-header-meta":"","header-above-stick-meta":"","header-main-stick-meta":"","header-below-stick-meta":"","astra-migrate-meta-layouts":"default","ast-page-background-enabled":"default","ast-page-background-meta":{"desktop":{"background-color":"var(--ast-global-color-4)","background-image":"","background-repeat":"repeat","background-position":"center center","background-size":"auto","background-attachment":"scroll","background-type":"","background-media":"","overlay-type":"","overlay-color":"","overlay-opacity":"","overlay-gradient":""},"tablet":{"background-color":"","background-image":"","background-repeat":"repeat","background-position":"center center","background-size":"auto","background-attachment":"scroll","background-type":"","background-media":"","overlay-type":"","overlay-color":"","overlay-opacity":"","overlay-gradient":""},"mobile":{"background-color":"","background-image":"","background-repeat":"repeat","background-position":"center center","background-size":"auto","background-attachment":"scroll","background-type":"","background-media":"","overlay-type":"","overlay-color":"","overlay-opacity":"","overlay-gradient":""}},"ast-content-background-meta":{"desktop":{"background-color":"var(--ast-global-color-5)","background-image":"","background-repeat":"repeat","background-position":"center center","background-size":"auto","background-attachment":"scroll","background-type":"","background-media":"","overlay-type":"","overlay-color":"","overlay-opacity":"","overlay-gradient":""},"tablet":{"background-color":"var(--ast-global-color-5)","background-image":"","background-repeat":"repeat","background-position":"center center","background-size":"auto","background-attachment":"scroll","background-type":"","background-media":"","overlay-type":"","overlay-color":"","overlay-opacity":"","overlay-gradient":""},"mobile":{"background-color":"var(--ast-global-color-5)","background-image":"","background-repeat":"repeat","background-position":"center center","background-size":"auto","background-attachment":"scroll","background-type":"","background-media":"","overlay-type":"","overlay-color":"","overlay-opacity":"","overlay-gradient":""}}},"product_brand":[1336],"product_cat":[15],"product_tag":[],"class_list":{"0":"post-14399","1":"product","2":"type-product","3":"status-publish","4":"has-post-thumbnail","6":"product_brand-campo-rico","7":"product_cat-sin-categorizar","8":"desktop-align-left","9":"tablet-align-left","10":"mobile-align-left","12":"first","13":"outofstock","14":"taxable","15":"shipping-taxable","16":"purchasable","17":"product-type-simple"},"_links":{"self":[{"href":"https:\/\/andalubox.com\/fr\/wp-json\/wp\/v2\/product\/14399","targetHints":{"allow":["GET"]}}],"collection":[{"href":"https:\/\/andalubox.com\/fr\/wp-json\/wp\/v2\/product"}],"about":[{"href":"https:\/\/andalubox.com\/fr\/wp-json\/wp\/v2\/types\/product"}],"replies":[{"embeddable":true,"href":"https:\/\/andalubox.com\/fr\/wp-json\/wp\/v2\/comments?post=14399"}],"wp:featuredmedia":[{"embeddable":true,"href":"https:\/\/andalubox.com\/fr\/wp-json\/wp\/v2\/media\/14673"}],"wp:attachment":[{"href":"https:\/\/andalubox.com\/fr\/wp-json\/wp\/v2\/media?parent=14399"}],"wp:term":[{"taxonomy":"product_brand","embeddable":true,"href":"https:\/\/andalubox.com\/fr\/wp-json\/wp\/v2\/product_brand?post=14399"},{"taxonomy":"product_cat","embeddable":true,"href":"https:\/\/andalubox.com\/fr\/wp-json\/wp\/v2\/product_cat?post=14399"},{"taxonomy":"product_tag","embeddable":true,"href":"https:\/\/andalubox.com\/fr\/wp-json\/wp\/v2\/product_tag?post=14399"}],"curies":[{"name":"wp","href":"https:\/\/api.w.org\/{rel}","templated":true}]}}