{"id":14283,"date":"2024-08-05T08:54:06","date_gmt":"2024-08-05T06:54:06","guid":{"rendered":"https:\/\/andalubox.com\/producto-andaluz\/creme-de-longe-de-porc-iberique-300g\/"},"modified":"2025-09-24T12:47:07","modified_gmt":"2025-09-24T10:47:07","slug":"creme-de-longe-de-porc-iberique-300g","status":"publish","type":"product","link":"https:\/\/andalubox.com\/fr\/producto-andaluz\/creme-de-longe-de-porc-iberique-300g\/","title":{"rendered":"Belloterra Cr\u00e8me de longe de porc ib\u00e9rique 300g"},"content":{"rendered":"<p><strong>Exp\u00e9dition exclusive vers l&#8217;Espagne continentale, les \u00eeles Bal\u00e9ares et la France.<\/strong><\/p>\n<div id=\"chat-history\" class=\"chat-history-scroll-container\">\n<div id=\"9b710ca21ad14027\" class=\"conversation-container message-actions-hover-boundary ng-star-inserted\">\n<div class=\"response-container ng-tns-c981421412-280 response-container-with-gpi ng-star-inserted response-container-has-multiple-responses\">\n<div class=\"presented-response-container ng-tns-c981421412-280\">\n<div class=\"response-container-content ng-tns-c981421412-280\">\n<div class=\"response-content ng-tns-c981421412-280\">\n<div id=\"model-response-message-contentr_9b710ca21ad14027\" class=\"markdown markdown-main-panel enable-updated-hr-color\" dir=\"ltr\">\n<p><b>La cr\u00e8me de longe de porc ib\u00e9rique de Belloterra<\/b> est un produit gastronomique qui vous permet de profiter de la saveur noble et de la qualit\u00e9 exceptionnelle de la longe de porc ib\u00e9rique nourrie au gland dans un format lisse et facile \u00e0 tartiner. Cette cr\u00e8me offre une exp\u00e9rience gustative plus d\u00e9licate et moins \u00e9pic\u00e9e que le chorizo ou le salchich\u00f3n. <\/p>\n<h3>Go\u00fbt et qualit\u00e9<\/h3>\n<p>Belloterra est une marque qui se distingue par l&#8217;excellence de ses produits ib\u00e9riques, issus de porcs \u00e9lev\u00e9s au p\u00e2turage de mani\u00e8re traditionnelle.<\/p>\n<ul>\n\t<li>\n<p><b>Saveur d\u00e9licate et aromatique<\/b>: La cr\u00e8me capture la saveur subtile et \u00e9l\u00e9gante de l&#8217;\u00e9chine s\u00e9ch\u00e9e. Les notes de viande ib\u00e9rique bien affin\u00e9e pr\u00e9dominent, avec des touches de <b>paprika<\/b> et d&#8217;\u00e9pices douces, mais avec la finesse qui caract\u00e9rise cette pi\u00e8ce. Elle est moins grasse que d&#8217;autres cr\u00e8mes, ce qui met en valeur la saveur du maigre.  <\/p>\n<\/li>\n\t<li>\n<p><b>Texture onctueuse<\/b>: sa consistance est tr\u00e8s fine et homog\u00e8ne, ce qui permet de l&#8217;\u00e9taler facilement sur le pain, tout en conservant toute l&#8217;intensit\u00e9 de la saveur ib\u00e9rique.<\/p>\n<\/li>\n\t<li>\n<p><b>Format pratique<\/b>: le pot de 300 g est id\u00e9al pour pr\u00e9parer un en-cas haut de gamme pr\u00eat \u00e0 servir.<\/p>\n<\/li>\n<\/ul>\n<h3>Utilisations en cuisine<\/h3>\n<p>Cette cr\u00e8me est parfaite pour toutes les fois o\u00f9 vous recherchez un ap\u00e9ritif rapide mais sophistiqu\u00e9 :<\/p>\n<ul>\n\t<li>\n<p><b>Tostas et Canap\u00e9s<\/b>: Elle est id\u00e9ale pour tartiner du <b>pain grill\u00e9<\/b> ou des bases croustillantes. Elle se marie particuli\u00e8rement bien avec un peu de fromage frais ou une pinc\u00e9e d&#8217;origan. <\/p>\n<\/li>\n\t<li>\n<p><b>Garnitures gastronomiques<\/b>: utilisez-le pour donner une saveur ib\u00e9rique subtile et \u00e9l\u00e9gante aux garnitures de p\u00e2te feuillet\u00e9e, aux tartelettes ou aux \u0153ufs farcis.<\/p>\n<\/li>\n\t<li>\n<p><b>Assiettes d&#8217;ap\u00e9ritifs<\/b>: Un excellent compl\u00e9ment \u00e0 un plateau de fromages et de charcuterie, en apportant une texture diff\u00e9rente.<\/p>\n<\/li>\n<\/ul>\n<p>En r\u00e9sum\u00e9, la cr\u00e8me de longe de porc ib\u00e9rique de Belloterra est une option fantastique pour profiter de la saveur sup\u00e9rieure de la longe de porc ib\u00e9rique avec la commodit\u00e9 d&#8217;un produit \u00e0 tartiner.<\/p>\n<\/div>\n<\/div>\n<\/div>\n<\/div>\n<\/div>\n<\/div>\n<\/div>\n<p>La cr\u00e8me de longe de porc ib\u00e9rique Belloterra, dans sa pr\u00e9sentation de 300 grammes, est une d\u00e9licatesse exquise qui allie la tradition et l&#8217;innovation de la gastronomie ib\u00e9rique. Ce produit gastronomique est \u00e9labor\u00e9 \u00e0 partir de la meilleure longe de porc ib\u00e9rique, offrant une texture lisse et cr\u00e9meuse ainsi qu&#8217;une saveur profonde et authentique qui ravira les palais les plus exigeants. <\/p>\n<p>\u00c9labor\u00e9e dans la r\u00e9gion de Cordoue, en Espagne, cette cr\u00e8me b\u00e9n\u00e9ficie de la riche tradition culinaire de la r\u00e9gion et des m\u00e9thodes artisanales de Belloterra, une marque synonyme de qualit\u00e9 et d&#8217;excellence. La Crema de Lomo Ib\u00e9rico capture l&#8217;essence de la longe de porc sal\u00e9e, avec sa saveur fum\u00e9e caract\u00e9ristique et ses notes d&#8217;\u00e9pices, ce qui en fait un choix polyvalent pour vos cr\u00e9ations culinaires. Utilisez-la pour enrichir vos plats de p\u00e2tes, comme base pour des sauces sophistiqu\u00e9es, pour ajouter une touche gourmande \u00e0 vos sandwichs ou simplement pour la tartiner sur du pain grill\u00e9 pour une sublime entr\u00e9e.  <\/p>","protected":false},"excerpt":{"rendered":"<p>Savourez la cr\u00e8me de longe de porc ib\u00e9rique Belloterra, un produit gastronomique exquis qui capture la saveur et la texture de la meilleure longe de porc ib\u00e9rique dans une cr\u00e8me polyvalente et d\u00e9licieuse.<br \/>\nParfaite pour tartiner, cuisiner ou d\u00e9guster seule. <\/p>\n","protected":false},"featured_media":14278,"comment_status":"open","ping_status":"closed","template":"","meta":{"site-sidebar-layout":"default","site-content-layout":"","ast-site-content-layout":"default","site-content-style":"default","site-sidebar-style":"default","ast-global-header-display":"","ast-banner-title-visibility":"","ast-main-header-display":"","ast-hfb-above-header-display":"","ast-hfb-below-header-display":"","ast-hfb-mobile-header-display":"","site-post-title":"","ast-breadcrumbs-content":"","ast-featured-img":"","footer-sml-layout":"","ast-disable-related-posts":"","theme-transparent-header-meta":"default","adv-header-id-meta":"","stick-header-meta":"","header-above-stick-meta":"","header-main-stick-meta":"","header-below-stick-meta":"","astra-migrate-meta-layouts":"default","ast-page-background-enabled":"default","ast-page-background-meta":{"desktop":{"background-color":"var(--ast-global-color-4)","background-image":"","background-repeat":"repeat","background-position":"center center","background-size":"auto","background-attachment":"scroll","background-type":"","background-media":"","overlay-type":"","overlay-color":"","overlay-opacity":"","overlay-gradient":""},"tablet":{"background-color":"","background-image":"","background-repeat":"repeat","background-position":"center center","background-size":"auto","background-attachment":"scroll","background-type":"","background-media":"","overlay-type":"","overlay-color":"","overlay-opacity":"","overlay-gradient":""},"mobile":{"background-color":"","background-image":"","background-repeat":"repeat","background-position":"center center","background-size":"auto","background-attachment":"scroll","background-type":"","background-media":"","overlay-type":"","overlay-color":"","overlay-opacity":"","overlay-gradient":""}},"ast-content-background-meta":{"desktop":{"background-color":"var(--ast-global-color-5)","background-image":"","background-repeat":"repeat","background-position":"center center","background-size":"auto","background-attachment":"scroll","background-type":"","background-media":"","overlay-type":"","overlay-color":"","overlay-opacity":"","overlay-gradient":""},"tablet":{"background-color":"var(--ast-global-color-5)","background-image":"","background-repeat":"repeat","background-position":"center center","background-size":"auto","background-attachment":"scroll","background-type":"","background-media":"","overlay-type":"","overlay-color":"","overlay-opacity":"","overlay-gradient":""},"mobile":{"background-color":"var(--ast-global-color-5)","background-image":"","background-repeat":"repeat","background-position":"center center","background-size":"auto","background-attachment":"scroll","background-type":"","background-media":"","overlay-type":"","overlay-color":"","overlay-opacity":"","overlay-gradient":""}}},"product_brand":[1406],"product_cat":[306],"product_tag":[],"class_list":{"0":"post-14283","1":"product","2":"type-product","3":"status-publish","4":"has-post-thumbnail","6":"product_brand-belloterra","7":"product_cat-produits-iberiques","8":"product_shipping_class-refrigere","9":"desktop-align-left","10":"tablet-align-left","11":"mobile-align-left","13":"first","14":"outofstock","15":"taxable","16":"shipping-taxable","17":"purchasable","18":"product-type-simple"},"_links":{"self":[{"href":"https:\/\/andalubox.com\/fr\/wp-json\/wp\/v2\/product\/14283","targetHints":{"allow":["GET"]}}],"collection":[{"href":"https:\/\/andalubox.com\/fr\/wp-json\/wp\/v2\/product"}],"about":[{"href":"https:\/\/andalubox.com\/fr\/wp-json\/wp\/v2\/types\/product"}],"replies":[{"embeddable":true,"href":"https:\/\/andalubox.com\/fr\/wp-json\/wp\/v2\/comments?post=14283"}],"wp:featuredmedia":[{"embeddable":true,"href":"https:\/\/andalubox.com\/fr\/wp-json\/wp\/v2\/media\/14278"}],"wp:attachment":[{"href":"https:\/\/andalubox.com\/fr\/wp-json\/wp\/v2\/media?parent=14283"}],"wp:term":[{"taxonomy":"product_brand","embeddable":true,"href":"https:\/\/andalubox.com\/fr\/wp-json\/wp\/v2\/product_brand?post=14283"},{"taxonomy":"product_cat","embeddable":true,"href":"https:\/\/andalubox.com\/fr\/wp-json\/wp\/v2\/product_cat?post=14283"},{"taxonomy":"product_tag","embeddable":true,"href":"https:\/\/andalubox.com\/fr\/wp-json\/wp\/v2\/product_tag?post=14283"}],"curies":[{"name":"wp","href":"https:\/\/api.w.org\/{rel}","templated":true}]}}