{"id":14186,"date":"2024-07-16T10:19:56","date_gmt":"2024-07-16T08:19:56","guid":{"rendered":"https:\/\/andalubox.com\/producto-andaluz\/moules-meow-estuaires-galiciens-naturel-13-18\/"},"modified":"2025-09-24T12:53:03","modified_gmt":"2025-09-24T10:53:03","slug":"moules-meow-estuaires-galiciens-naturel-13-18","status":"publish","type":"product","link":"https:\/\/andalubox.com\/fr\/producto-andaluz\/moules-meow-estuaires-galiciens-naturel-13-18\/","title":{"rendered":"Meow Mussels Rias Gallegas Natural 13\/18 pi\u00e8ces 120g"},"content":{"rendered":"<p>Meow Mussels Rias Gallegas Natural 13\/18 pi\u00e8ces 120g<\/p>\n<p>Les <b>moules naturelles de R\u00edas Gallegas<\/b> de Miau sont des conserves classiques de haute qualit\u00e9, appr\u00e9ci\u00e9es par les amateurs de fruits de mer pour leur saveur pure et la fra\u00eecheur de leur origine galicienne.<\/p>\n<h3>Origine et qualit\u00e9<\/h3>\n<ul>\n\t<li>\n<p><b>R\u00edas Gallegas<\/b>: Ces moules proviennent des R\u00edas de Galicia, une r\u00e9gion r\u00e9put\u00e9e dans le monde entier pour la qualit\u00e9 de ses fruits de mer. Les eaux froides et nutritives de la Galice constituent un environnement id\u00e9al pour la croissance de grosses moules savoureuses. <\/p>\n<\/li>\n\t<li>\n<p><b>Morceaux<\/b>: L&#8217;indication <b>13\/18 morceaux<\/b> garantit que la taille des moules est consid\u00e9rable et uniforme \u00e0 l&#8217;int\u00e9rieur de la bo\u00eete, offrant ainsi une excellente pr\u00e9sentation.<\/p>\n<\/li>\n\t<li>\n<p>&#8220;<b>Al Natural&#8221;<\/b>: ce type de moules en conserve se caract\u00e9rise par le fait qu&#8217;elles sont conditionn\u00e9es uniquement dans de l&#8217;eau (ou son propre jus) et du sel, ce qui vous permet de profiter de la <b>saveur pure<\/b> des moules, sans la teneur en graisse suppl\u00e9mentaire des moules conditionn\u00e9es dans de l&#8217;huile ou des moules saumur\u00e9es.<\/p>\n<\/li>\n<\/ul>\n<h3>Avantages et utilisations<\/h3>\n<ul>\n\t<li>\n<p><b>Valeur nutritionnelle \u00e9lev\u00e9e<\/b>: les moules sont une excellente source de <b>prot\u00e9ines de<\/b> haute qualit\u00e9, de <b>fer<\/b> et de <b>vitamine B12<\/b>, ce qui en fait une option tr\u00e8s saine pour inclure les coquillages dans le r\u00e9gime alimentaire.<\/p>\n<\/li>\n\t<li>\n<p><b>Polyvalence<\/b>: ils sont parfaits pour :<\/p>\n<ul>\n\t<li>\n<p><b>Consommation directe<\/b>: d\u00e9gustez-les froids, seuls ou avec un filet de citron.<\/p>\n<\/li>\n\t<li>\n<p><b>Salades<\/b>: Elles ajoutent une touche marine et prot\u00e9in\u00e9e \u00e0 toute salade.<\/p>\n<\/li>\n\t<li>\n<p><b>Plats de riz et de p\u00e2tes<\/b>: Id\u00e9al pour enrichir les paellas, les plats de riz aux fruits de mer ou les sauces pour p\u00e2tes avec le go\u00fbt de la mer.<\/p>\n<\/li>\n<\/ul>\n<\/li>\n<\/ul>\n<p>En r\u00e9sum\u00e9, les moules Meow Natural sont une option d\u00e9licieuse et saine pour savourer un go\u00fbt authentique de la mer \u00e0 tout moment.<\/p>\n<p>Ingr\u00e9dients : Huile de tournesol, vinaigre, eau, ar\u00f4mes naturels et sel. <strong>Moules<\/strong> 25%, huile de tournesol, vinaigre de vin et sel.<\/p>","protected":false},"excerpt":{"rendered":"<p>Moules Miau R\u00edas Gallegas Naturelles 13\/18 pi\u00e8ces 120g<\/p>\n<p>Profitez de la fra\u00eecheur et de la qualit\u00e9 des meilleures moules des Rias de Galice, conserv\u00e9es dans leur \u00e9tat naturel. Ils sont parfaits seuls ou comme ingr\u00e9dient dans diverses recettes.<\/p>\n","protected":false},"featured_media":14183,"comment_status":"open","ping_status":"closed","template":"","meta":{"site-sidebar-layout":"default","site-content-layout":"","ast-site-content-layout":"default","site-content-style":"default","site-sidebar-style":"default","ast-global-header-display":"","ast-banner-title-visibility":"","ast-main-header-display":"","ast-hfb-above-header-display":"","ast-hfb-below-header-display":"","ast-hfb-mobile-header-display":"","site-post-title":"","ast-breadcrumbs-content":"","ast-featured-img":"","footer-sml-layout":"","ast-disable-related-posts":"","theme-transparent-header-meta":"default","adv-header-id-meta":"","stick-header-meta":"","header-above-stick-meta":"","header-main-stick-meta":"","header-below-stick-meta":"","astra-migrate-meta-layouts":"default","ast-page-background-enabled":"default","ast-page-background-meta":{"desktop":{"background-color":"var(--ast-global-color-4)","background-image":"","background-repeat":"repeat","background-position":"center center","background-size":"auto","background-attachment":"scroll","background-type":"","background-media":"","overlay-type":"","overlay-color":"","overlay-opacity":"","overlay-gradient":""},"tablet":{"background-color":"","background-image":"","background-repeat":"repeat","background-position":"center center","background-size":"auto","background-attachment":"scroll","background-type":"","background-media":"","overlay-type":"","overlay-color":"","overlay-opacity":"","overlay-gradient":""},"mobile":{"background-color":"","background-image":"","background-repeat":"repeat","background-position":"center center","background-size":"auto","background-attachment":"scroll","background-type":"","background-media":"","overlay-type":"","overlay-color":"","overlay-opacity":"","overlay-gradient":""}},"ast-content-background-meta":{"desktop":{"background-color":"var(--ast-global-color-5)","background-image":"","background-repeat":"repeat","background-position":"center center","background-size":"auto","background-attachment":"scroll","background-type":"","background-media":"","overlay-type":"","overlay-color":"","overlay-opacity":"","overlay-gradient":""},"tablet":{"background-color":"var(--ast-global-color-5)","background-image":"","background-repeat":"repeat","background-position":"center center","background-size":"auto","background-attachment":"scroll","background-type":"","background-media":"","overlay-type":"","overlay-color":"","overlay-opacity":"","overlay-gradient":""},"mobile":{"background-color":"var(--ast-global-color-5)","background-image":"","background-repeat":"repeat","background-position":"center center","background-size":"auto","background-attachment":"scroll","background-type":"","background-media":"","overlay-type":"","overlay-color":"","overlay-opacity":"","overlay-gradient":""}}},"product_brand":[1133],"product_cat":[265],"product_tag":[],"class_list":{"0":"post-14186","1":"product","2":"type-product","3":"status-publish","4":"has-post-thumbnail","6":"product_brand-miau","7":"product_cat-moules-geantes","8":"desktop-align-left","9":"tablet-align-left","10":"mobile-align-left","12":"first","13":"instock","14":"taxable","15":"shipping-taxable","16":"purchasable","17":"product-type-simple"},"_links":{"self":[{"href":"https:\/\/andalubox.com\/fr\/wp-json\/wp\/v2\/product\/14186","targetHints":{"allow":["GET"]}}],"collection":[{"href":"https:\/\/andalubox.com\/fr\/wp-json\/wp\/v2\/product"}],"about":[{"href":"https:\/\/andalubox.com\/fr\/wp-json\/wp\/v2\/types\/product"}],"replies":[{"embeddable":true,"href":"https:\/\/andalubox.com\/fr\/wp-json\/wp\/v2\/comments?post=14186"}],"wp:featuredmedia":[{"embeddable":true,"href":"https:\/\/andalubox.com\/fr\/wp-json\/wp\/v2\/media\/14183"}],"wp:attachment":[{"href":"https:\/\/andalubox.com\/fr\/wp-json\/wp\/v2\/media?parent=14186"}],"wp:term":[{"taxonomy":"product_brand","embeddable":true,"href":"https:\/\/andalubox.com\/fr\/wp-json\/wp\/v2\/product_brand?post=14186"},{"taxonomy":"product_cat","embeddable":true,"href":"https:\/\/andalubox.com\/fr\/wp-json\/wp\/v2\/product_cat?post=14186"},{"taxonomy":"product_tag","embeddable":true,"href":"https:\/\/andalubox.com\/fr\/wp-json\/wp\/v2\/product_tag?post=14186"}],"curies":[{"name":"wp","href":"https:\/\/api.w.org\/{rel}","templated":true}]}}