{"id":14177,"date":"2024-07-16T10:06:37","date_gmt":"2024-07-16T08:06:37","guid":{"rendered":"https:\/\/andalubox.com\/producto-andaluz\/moules-meow-rias-gallegas-sauce-viera-13-18\/"},"modified":"2025-09-24T12:56:51","modified_gmt":"2025-09-24T10:56:51","slug":"moules-meow-rias-gallegas-sauce-viera-13-18","status":"publish","type":"product","link":"https:\/\/andalubox.com\/fr\/producto-andaluz\/moules-meow-rias-gallegas-sauce-viera-13-18\/","title":{"rendered":"Moules Miau R\u00edas Gallegas Sauce Viera 13\/18 pi\u00e8ces 120g"},"content":{"rendered":"<p>Moules Miau R\u00edas Gallegas Sauce Viera 13\/18 pi\u00e8ces 120g<\/p>\n<p>Les <b>moules de R\u00edas Gallegas de Miau \u00e0 la sauce aux coquilles Saint-Jacques<\/b> sont une conserve gastronomique qui associe l&#8217;excellente qualit\u00e9 des moules galiciennes \u00e0 une sauce traditionnelle tr\u00e8s savoureuse, inspir\u00e9e de la gastronomie du nord de l&#8217;Espagne.<\/p>\n<h3>Un go\u00fbt inspir\u00e9 de la Galice<\/h3>\n<ul>\n\t<li>\n<p><b>Qualit\u00e9 Origine<\/b>: Comme la version &#8220;naturelle&#8221;, ces moules proviennent des <b>Rias de Galice<\/b>, ce qui garantit un produit \u00e0 la chair ferme et au go\u00fbt marin intense. La taille de <b>13\/18 pi\u00e8ces<\/b> assure un bon calibre. <\/p>\n<\/li>\n\t<li>\n<p><b>Sauce aux coquilles Saint-Jacques<\/b>: La cl\u00e9 de cette confiture est la sauce. Il s&#8217;agit d&#8217;une sauce \u00e0 base de <b>tomate, d&#8217;oignon, d&#8217;huile et d&#8217;\u00e9pices<\/b>, qui rappelle la sauce traditionnelle utilis\u00e9e pour gratiner les coquilles Saint-Jacques (ou p\u00e9toncles) en Galice. Il s&#8217;agit d&#8217;une sauce cors\u00e9e, l\u00e9g\u00e8rement sucr\u00e9e, avec une touche de paprika, qui compl\u00e8te parfaitement la saveur des moules.  <\/p>\n<\/li>\n<\/ul>\n<h3>Utilisations en cuisine<\/h3>\n<p>Ces moules sont id\u00e9ales pour rehausser une entr\u00e9e ou pour ajouter une touche de fruits de mer \u00e0 des plats simples :<\/p>\n<ul>\n\t<li>\n<p><b>Ap\u00e9ritif gourmand<\/b>: Ils sont parfaits \u00e0 d\u00e9guster directement de la bo\u00eete, accompagn\u00e9s de pain croustillant \u00e0 tremper dans la d\u00e9licieuse sauce.<\/p>\n<\/li>\n\t<li>\n<p><b>Riz et p\u00e2tes<\/b>: La sauce est une base fantastique pour enrichir une sauce pour p\u00e2tes ou un riz aux fruits de mer.<\/p>\n<\/li>\n\t<li>\n<p><b>Garnitures<\/b>: Elles peuvent \u00eatre utilis\u00e9es, l\u00e9g\u00e8rement \u00e9goutt\u00e9es, pour garnir des p\u00e2t\u00e9s ou des tartes sal\u00e9es.<\/p>\n<\/li>\n<\/ul>\n<p>En r\u00e9sum\u00e9, les moules Meow \u00e0 la sauce aux coquilles Saint-Jacques sont un choix d\u00e9licieux et tr\u00e8s pratique pour savourer une authentique saveur galicienne de fruits de mer avec une sauce traditionnelle et r\u00e9confortante.<\/p>\n<p><span style=\"font-size: 12pt;\">Ingr\u00e9dients : Moules, huile d&#8217;olive, vinaigre, \u00e9pices (laurier, paprika, ail) et sel.<\/span><\/p>","protected":false},"excerpt":{"rendered":"<p>R\u00e9galez-vous avec les meilleures moules des Rias galiciennes, pr\u00e9par\u00e9es de mani\u00e8re traditionnelle et conserv\u00e9es dans une savoureuse marinade.<\/p>\n","protected":false},"featured_media":14174,"comment_status":"open","ping_status":"closed","template":"","meta":{"site-sidebar-layout":"default","site-content-layout":"","ast-site-content-layout":"default","site-content-style":"default","site-sidebar-style":"default","ast-global-header-display":"","ast-banner-title-visibility":"","ast-main-header-display":"","ast-hfb-above-header-display":"","ast-hfb-below-header-display":"","ast-hfb-mobile-header-display":"","site-post-title":"","ast-breadcrumbs-content":"","ast-featured-img":"","footer-sml-layout":"","ast-disable-related-posts":"","theme-transparent-header-meta":"default","adv-header-id-meta":"","stick-header-meta":"","header-above-stick-meta":"","header-main-stick-meta":"","header-below-stick-meta":"","astra-migrate-meta-layouts":"default","ast-page-background-enabled":"default","ast-page-background-meta":{"desktop":{"background-color":"var(--ast-global-color-4)","background-image":"","background-repeat":"repeat","background-position":"center center","background-size":"auto","background-attachment":"scroll","background-type":"","background-media":"","overlay-type":"","overlay-color":"","overlay-opacity":"","overlay-gradient":""},"tablet":{"background-color":"","background-image":"","background-repeat":"repeat","background-position":"center center","background-size":"auto","background-attachment":"scroll","background-type":"","background-media":"","overlay-type":"","overlay-color":"","overlay-opacity":"","overlay-gradient":""},"mobile":{"background-color":"","background-image":"","background-repeat":"repeat","background-position":"center center","background-size":"auto","background-attachment":"scroll","background-type":"","background-media":"","overlay-type":"","overlay-color":"","overlay-opacity":"","overlay-gradient":""}},"ast-content-background-meta":{"desktop":{"background-color":"var(--ast-global-color-5)","background-image":"","background-repeat":"repeat","background-position":"center center","background-size":"auto","background-attachment":"scroll","background-type":"","background-media":"","overlay-type":"","overlay-color":"","overlay-opacity":"","overlay-gradient":""},"tablet":{"background-color":"var(--ast-global-color-5)","background-image":"","background-repeat":"repeat","background-position":"center center","background-size":"auto","background-attachment":"scroll","background-type":"","background-media":"","overlay-type":"","overlay-color":"","overlay-opacity":"","overlay-gradient":""},"mobile":{"background-color":"var(--ast-global-color-5)","background-image":"","background-repeat":"repeat","background-position":"center center","background-size":"auto","background-attachment":"scroll","background-type":"","background-media":"","overlay-type":"","overlay-color":"","overlay-opacity":"","overlay-gradient":""}}},"product_brand":[1133],"product_cat":[265],"product_tag":[],"class_list":{"0":"post-14177","1":"product","2":"type-product","3":"status-publish","4":"has-post-thumbnail","6":"product_brand-miau","7":"product_cat-moules-geantes","8":"desktop-align-left","9":"tablet-align-left","10":"mobile-align-left","12":"first","13":"instock","14":"taxable","15":"shipping-taxable","16":"purchasable","17":"product-type-simple"},"_links":{"self":[{"href":"https:\/\/andalubox.com\/fr\/wp-json\/wp\/v2\/product\/14177","targetHints":{"allow":["GET"]}}],"collection":[{"href":"https:\/\/andalubox.com\/fr\/wp-json\/wp\/v2\/product"}],"about":[{"href":"https:\/\/andalubox.com\/fr\/wp-json\/wp\/v2\/types\/product"}],"replies":[{"embeddable":true,"href":"https:\/\/andalubox.com\/fr\/wp-json\/wp\/v2\/comments?post=14177"}],"wp:featuredmedia":[{"embeddable":true,"href":"https:\/\/andalubox.com\/fr\/wp-json\/wp\/v2\/media\/14174"}],"wp:attachment":[{"href":"https:\/\/andalubox.com\/fr\/wp-json\/wp\/v2\/media?parent=14177"}],"wp:term":[{"taxonomy":"product_brand","embeddable":true,"href":"https:\/\/andalubox.com\/fr\/wp-json\/wp\/v2\/product_brand?post=14177"},{"taxonomy":"product_cat","embeddable":true,"href":"https:\/\/andalubox.com\/fr\/wp-json\/wp\/v2\/product_cat?post=14177"},{"taxonomy":"product_tag","embeddable":true,"href":"https:\/\/andalubox.com\/fr\/wp-json\/wp\/v2\/product_tag?post=14177"}],"curies":[{"name":"wp","href":"https:\/\/api.w.org\/{rel}","templated":true}]}}