{"id":13880,"date":"2024-06-18T11:24:20","date_gmt":"2024-06-18T09:24:20","guid":{"rendered":"https:\/\/andalubox.com\/producto-andaluz\/vermouth-andaluz-de-sevilla-50cl\/"},"modified":"2025-11-25T09:42:19","modified_gmt":"2025-11-25T08:42:19","slug":"vermouth-andaluz-de-sevilla-50cl","status":"publish","type":"product","link":"https:\/\/andalubox.com\/fr\/producto-andaluz\/vermouth-andaluz-de-sevilla-50cl\/","title":{"rendered":"Vino del Guadalquivir Vermouth Seville Edition 50 CL"},"content":{"rendered":"<p>Vino del Guadalquivir Vermouth Edici\u00f3n Sevilla 50 CL. Prix pour CONSULTATION PROFESSIONNELLE. <\/p>\n<p>Vermouth de S\u00e9ville en \u00e9dition limit\u00e9e. Produit dans la r\u00e9gion d&#8217;Aljarafe \u00e0 S\u00e9ville. <\/p>\n<p>Vins du Guadalquivir pour TOUTE L&#8217;EUROPE.<\/p>\n<p>Un vermouth andalou est une boisson aromatis\u00e9e au caract\u00e8re distinctif qui refl\u00e8te l&#8217;essence de l&#8217;Andalousie, en Espagne. Il est \u00e9labor\u00e9 \u00e0 partir d&#8217;une base de vin, g\u00e9n\u00e9ralement blanc ou de vari\u00e9t\u00e9s locales telles que le Palomino ou le Moscatel, fortifi\u00e9 et mac\u00e9r\u00e9 avec une s\u00e9lection d&#8217;herbes, d&#8217;\u00e9pices et d&#8217;agrumes qui lui conf\u00e8rent un profil unique. <\/p>\n<p>Son go\u00fbt \u00e9quilibre douceur et amertume, avec des notes d&#8217;oranges am\u00e8res, d&#8217;herbes m\u00e9diterran\u00e9ennes comme le romarin ou le thym, et des soup\u00e7ons d&#8217;\u00e9pices chaudes comme la cannelle ou le clou de girofle. Le vermouth andalou a g\u00e9n\u00e9ralement une couleur ambr\u00e9e ou rouge\u00e2tre, selon la recette, et est servi frais, avec des gla\u00e7ons, une tranche d&#8217;orange ou de citron et parfois un trait de soda. <\/p>\n<p>C&#8217;est une boisson polyvalente, id\u00e9ale en ap\u00e9ritif ou dans les cocktails, qui \u00e9voque la chaleur et la tradition de la r\u00e9gion, avec un style plus doux et plus fruit\u00e9 que les vermouths italiens ou fran\u00e7ais.<\/p>\n<p>&nbsp;<\/p>","protected":false},"excerpt":{"rendered":"<p>Vino del Guadalquivir Vermouth Seville Edition 50 CL. Exportation vers TOUTE L&#8217;EUROPE. PRIX AUX PROFESSIONNELS SUR DEMANDE.  <\/p>\n","protected":false},"featured_media":31069,"template":"","meta":{"site-sidebar-layout":"default","site-content-layout":"","ast-site-content-layout":"default","site-content-style":"default","site-sidebar-style":"default","ast-global-header-display":"","ast-banner-title-visibility":"","ast-main-header-display":"","ast-hfb-above-header-display":"","ast-hfb-below-header-display":"","ast-hfb-mobile-header-display":"","site-post-title":"","ast-breadcrumbs-content":"","ast-featured-img":"","footer-sml-layout":"","ast-disable-related-posts":"","theme-transparent-header-meta":"default","adv-header-id-meta":"","stick-header-meta":"","header-above-stick-meta":"","header-main-stick-meta":"","header-below-stick-meta":"","astra-migrate-meta-layouts":"default","ast-page-background-enabled":"default","ast-page-background-meta":{"desktop":{"background-color":"var(--ast-global-color-4)","background-image":"","background-repeat":"repeat","background-position":"center center","background-size":"auto","background-attachment":"scroll","background-type":"","background-media":"","overlay-type":"","overlay-color":"","overlay-opacity":"","overlay-gradient":""},"tablet":{"background-color":"","background-image":"","background-repeat":"repeat","background-position":"center center","background-size":"auto","background-attachment":"scroll","background-type":"","background-media":"","overlay-type":"","overlay-color":"","overlay-opacity":"","overlay-gradient":""},"mobile":{"background-color":"","background-image":"","background-repeat":"repeat","background-position":"center center","background-size":"auto","background-attachment":"scroll","background-type":"","background-media":"","overlay-type":"","overlay-color":"","overlay-opacity":"","overlay-gradient":""}},"ast-content-background-meta":{"desktop":{"background-color":"var(--ast-global-color-5)","background-image":"","background-repeat":"repeat","background-position":"center center","background-size":"auto","background-attachment":"scroll","background-type":"","background-media":"","overlay-type":"","overlay-color":"","overlay-opacity":"","overlay-gradient":""},"tablet":{"background-color":"var(--ast-global-color-5)","background-image":"","background-repeat":"repeat","background-position":"center center","background-size":"auto","background-attachment":"scroll","background-type":"","background-media":"","overlay-type":"","overlay-color":"","overlay-opacity":"","overlay-gradient":""},"mobile":{"background-color":"var(--ast-global-color-5)","background-image":"","background-repeat":"repeat","background-position":"center center","background-size":"auto","background-attachment":"scroll","background-type":"","background-media":"","overlay-type":"","overlay-color":"","overlay-opacity":"","overlay-gradient":""}}},"product_brand":[1401],"product_cat":[416,317,384],"product_tag":[],"class_list":{"0":"post-13880","1":"product","2":"type-product","3":"status-publish","4":"has-post-thumbnail","6":"product_brand-vino-del-guadalquivir","7":"product_cat-exclusivites-andalubox","8":"product_cat-nouvelles","9":"product_cat-produits-de-la-semaine","10":"desktop-align-left","11":"tablet-align-left","12":"mobile-align-left","14":"first","15":"instock","16":"taxable","17":"shipping-taxable","18":"purchasable","19":"product-type-simple"},"_links":{"self":[{"href":"https:\/\/andalubox.com\/fr\/wp-json\/wp\/v2\/product\/13880","targetHints":{"allow":["GET"]}}],"collection":[{"href":"https:\/\/andalubox.com\/fr\/wp-json\/wp\/v2\/product"}],"about":[{"href":"https:\/\/andalubox.com\/fr\/wp-json\/wp\/v2\/types\/product"}],"wp:featuredmedia":[{"embeddable":true,"href":"https:\/\/andalubox.com\/fr\/wp-json\/wp\/v2\/media\/31069"}],"wp:attachment":[{"href":"https:\/\/andalubox.com\/fr\/wp-json\/wp\/v2\/media?parent=13880"}],"wp:term":[{"taxonomy":"product_brand","embeddable":true,"href":"https:\/\/andalubox.com\/fr\/wp-json\/wp\/v2\/product_brand?post=13880"},{"taxonomy":"product_cat","embeddable":true,"href":"https:\/\/andalubox.com\/fr\/wp-json\/wp\/v2\/product_cat?post=13880"},{"taxonomy":"product_tag","embeddable":true,"href":"https:\/\/andalubox.com\/fr\/wp-json\/wp\/v2\/product_tag?post=13880"}],"curies":[{"name":"wp","href":"https:\/\/api.w.org\/{rel}","templated":true}]}}