{"id":13830,"date":"2024-06-11T09:18:44","date_gmt":"2024-06-11T07:18:44","guid":{"rendered":"https:\/\/andalubox.com\/producto-andaluz\/cruzcampo-troisieme-biere-sevilla-33-cl\/"},"modified":"2025-06-30T21:02:29","modified_gmt":"2025-06-30T19:02:29","slug":"cruzcampo-troisieme-biere-sevilla-33-cl","status":"publish","type":"product","link":"https:\/\/andalubox.com\/fr\/producto-andaluz\/cruzcampo-troisieme-biere-sevilla-33-cl\/","title":{"rendered":"Cruzcampo Bi\u00e8re Sevilla Tercio 33cl Bouteille"},"content":{"rendered":"Cruzcampo Bi\u00e8re Sevilla Tercio 33cl Bouteille\n\n<h2>Fiche technique :<\/h2>\n<p><br><br><br><br><br><br><br><br>Titre alcoom\u00e9trique 4,8% Type Pale Lager Pays Espagne Vari\u00e9t\u00e9 German Pilsener Marque Cruzcampo Volume 33cl Conditionnement Can Unit\u00e9s 24 UDS Cat\u00e9gorie Bi\u00e8re Nationale<\/p>\nCruzcampo est une marque de bi\u00e8re espagnole fond\u00e9e \u00e0 S\u00e9ville en 1904 par les fr\u00e8res Tom\u00e1s et Roberto Osborne Guezala. Connue pour son go\u00fbt vif et rafra\u00eechissant, c&#8217;est l&#8217;une des bi\u00e8res les plus populaires en Espagne, en particulier dans le sud. Il s&#8217;agit d&#8217;une bi\u00e8re blonde de type pilsner, de couleur or p\u00e2le, aux notes de houblon subtiles et \u00e0 la finale l\u00e9g\u00e8rement am\u00e8re. La Cruzcampo Pilsen standard contient 4,8 % d&#8217;alcool par volume, tandis que la Cruzcampo Especial est l\u00e9g\u00e8rement plus forte, \u00e0 5,6 %.   \nBrass\u00e9e avec du malt d&#8217;orge, du houblon, du ma\u00efs, de l&#8217;eau et de la levure, elle est non pasteuris\u00e9e et filtr\u00e9e \u00e0 froid pour plus de fra\u00eecheur ; elle est souvent servie \u00e0 -2\u00b0C pour une fra\u00eecheur maximale. La souche de levure unique de Cruzcampo lui conf\u00e8re une l\u00e9g\u00e8re amertume et un ar\u00f4me fruit\u00e9. La marque met l&#8217;accent sur ses racines andalouses, avec une philosophie qui consiste \u00e0 c\u00e9l\u00e9brer les petits plaisirs de la vie.    \n","protected":false},"excerpt":{"rendered":"<p>Cruzcampo Bi\u00e8re Sevilla Tercio 33cl Bouteille<\/p>\n<p>Si vous recherchez un go\u00fbt authentique du <strong>Sud<\/strong>, c&#8217;est la bi\u00e8re qu&#8217;il vous faut. Ne vous inqui\u00e9tez pas et profitez-en, car il n&#8217;est pas n\u00e9cessaire de congeler le verre. Cruzcampo dispose d&#8217;un indicateur de <strong>gel<\/strong> qui change de couleur lorsqu&#8217;il atteint la temp\u00e9rature id\u00e9ale : environ trois ou quatre degr\u00e9s. Fabriqu\u00e9e en <strong>Andalousie<\/strong>, c&#8217;est la reine des routes des tapas entre amis.<\/p>\n<p>Andalubox exporte Cruzcampo dans toute l&#8217;Europe.<\/p>\n","protected":false},"featured_media":13826,"comment_status":"open","ping_status":"closed","template":"","meta":{"site-sidebar-layout":"default","site-content-layout":"","ast-site-content-layout":"default","site-content-style":"default","site-sidebar-style":"default","ast-global-header-display":"","ast-banner-title-visibility":"","ast-main-header-display":"","ast-hfb-above-header-display":"","ast-hfb-below-header-display":"","ast-hfb-mobile-header-display":"","site-post-title":"","ast-breadcrumbs-content":"","ast-featured-img":"","footer-sml-layout":"","ast-disable-related-posts":"","theme-transparent-header-meta":"default","adv-header-id-meta":"","stick-header-meta":"","header-above-stick-meta":"","header-main-stick-meta":"","header-below-stick-meta":"","astra-migrate-meta-layouts":"default","ast-page-background-enabled":"default","ast-page-background-meta":{"desktop":{"background-color":"var(--ast-global-color-4)","background-image":"","background-repeat":"repeat","background-position":"center center","background-size":"auto","background-attachment":"scroll","background-type":"","background-media":"","overlay-type":"","overlay-color":"","overlay-opacity":"","overlay-gradient":""},"tablet":{"background-color":"","background-image":"","background-repeat":"repeat","background-position":"center center","background-size":"auto","background-attachment":"scroll","background-type":"","background-media":"","overlay-type":"","overlay-color":"","overlay-opacity":"","overlay-gradient":""},"mobile":{"background-color":"","background-image":"","background-repeat":"repeat","background-position":"center center","background-size":"auto","background-attachment":"scroll","background-type":"","background-media":"","overlay-type":"","overlay-color":"","overlay-opacity":"","overlay-gradient":""}},"ast-content-background-meta":{"desktop":{"background-color":"var(--ast-global-color-5)","background-image":"","background-repeat":"repeat","background-position":"center center","background-size":"auto","background-attachment":"scroll","background-type":"","background-media":"","overlay-type":"","overlay-color":"","overlay-opacity":"","overlay-gradient":""},"tablet":{"background-color":"var(--ast-global-color-5)","background-image":"","background-repeat":"repeat","background-position":"center center","background-size":"auto","background-attachment":"scroll","background-type":"","background-media":"","overlay-type":"","overlay-color":"","overlay-opacity":"","overlay-gradient":""},"mobile":{"background-color":"var(--ast-global-color-5)","background-image":"","background-repeat":"repeat","background-position":"center center","background-size":"auto","background-attachment":"scroll","background-type":"","background-media":"","overlay-type":"","overlay-color":"","overlay-opacity":"","overlay-gradient":""}}},"product_brand":[1283],"product_cat":[286],"product_tag":[],"class_list":{"0":"post-13830","1":"product","2":"type-product","3":"status-publish","4":"has-post-thumbnail","6":"product_brand-cruzcampo","7":"product_cat-bieres-andalouses","8":"desktop-align-left","9":"tablet-align-left","10":"mobile-align-left","12":"first","13":"instock","14":"taxable","15":"shipping-taxable","16":"purchasable","17":"product-type-simple"},"_links":{"self":[{"href":"https:\/\/andalubox.com\/fr\/wp-json\/wp\/v2\/product\/13830","targetHints":{"allow":["GET"]}}],"collection":[{"href":"https:\/\/andalubox.com\/fr\/wp-json\/wp\/v2\/product"}],"about":[{"href":"https:\/\/andalubox.com\/fr\/wp-json\/wp\/v2\/types\/product"}],"replies":[{"embeddable":true,"href":"https:\/\/andalubox.com\/fr\/wp-json\/wp\/v2\/comments?post=13830"}],"wp:featuredmedia":[{"embeddable":true,"href":"https:\/\/andalubox.com\/fr\/wp-json\/wp\/v2\/media\/13826"}],"wp:attachment":[{"href":"https:\/\/andalubox.com\/fr\/wp-json\/wp\/v2\/media?parent=13830"}],"wp:term":[{"taxonomy":"product_brand","embeddable":true,"href":"https:\/\/andalubox.com\/fr\/wp-json\/wp\/v2\/product_brand?post=13830"},{"taxonomy":"product_cat","embeddable":true,"href":"https:\/\/andalubox.com\/fr\/wp-json\/wp\/v2\/product_cat?post=13830"},{"taxonomy":"product_tag","embeddable":true,"href":"https:\/\/andalubox.com\/fr\/wp-json\/wp\/v2\/product_tag?post=13830"}],"curies":[{"name":"wp","href":"https:\/\/api.w.org\/{rel}","templated":true}]}}