{"id":13778,"date":"2024-06-03T16:18:58","date_gmt":"2024-06-03T14:18:58","guid":{"rendered":"https:\/\/andalubox.com\/producto-andaluz\/oleum-hispania-pajarera-500ml\/"},"modified":"2026-01-27T18:08:42","modified_gmt":"2026-01-27T17:08:42","slug":"oleum-hispania-pajarera-500ml","status":"publish","type":"product","link":"https:\/\/andalubox.com\/fr\/producto-andaluz\/oleum-hispania-pajarera-500ml\/","title":{"rendered":"Hispania Huile d&#8217;Olive Vierge Extra Nature Pajarera de C\u00f3rdoba 500ml"},"content":{"rendered":"<p>Hispania Huile d&#8217;Olive Vierge Extra Nature Pajarera de C\u00f3rdoba 500ml<\/p>\n<p><b>Oleum Hispania Nature Premium Pajarera<\/b> est une huile d&#8217;olive vierge extra (EVOO) <i>de qualit\u00e9 sup\u00e9rieure<\/i> tr\u00e8s appr\u00e9ci\u00e9e, qui se distingue par sa vari\u00e9t\u00e9 d&#8217;olive unique et son origine de <b>Cordoue.<\/b><\/p>\n<p>La bouteille de <b>500 ml<\/b> contient un EVOO de haute qualit\u00e9 pr\u00e9sentant les caract\u00e9ristiques suivantes :<\/p>\n<h2><span style=\"font-size: 12pt;\">Oleum Hispania Nature Premium Pajarera (500ml)<\/span><\/h2>\n<h3><span style=\"font-size: 12pt;\">\ud83c\udf3f Origine et vari\u00e9t\u00e9<\/span><\/h3>\n<ul>\n\t<li>\n<p><b>Producteur :<\/b> <b>Oleum Hispania<\/b>, situ\u00e9 dans la Subb\u00e9tica Cordobesa, au c\u0153ur de la province de <b>Cordoue<\/b>.<\/p>\n<\/li>\n\t<li>\n<p><b>Vari\u00e9t\u00e9 d&#8217;olive :<\/b> <b>Pajarera<\/b>. Il s&#8217;agit d&#8217;une vari\u00e9t\u00e9 indig\u00e8ne, minoritaire et moins connue que les vari\u00e9t\u00e9s traditionnelles, ce qui lui conf\u00e8re un profil sensoriel distinctif et tr\u00e8s particulier. <\/p>\n<ul>\n\t<li>\n<p>Son nom vient du fait que les oiseaux adorent cette olive et la mangent directement de l&#8217;arbre, signe de sa douceur naturelle.<\/p>\n<\/li>\n<\/ul>\n<\/li>\n\t<li>\n<p><b>R\u00e9colte :<\/b> Il s&#8217;agit d&#8217;une huile <b>r\u00e9colt\u00e9e pr\u00e9cocement<\/b> et <b>extraite \u00e0 froid<\/b>, ce qui garantit une fra\u00eecheur maximale et la pr\u00e9servation de tous ses polyph\u00e9nols et ar\u00f4mes.<\/p>\n<\/li>\n\t<li>\n<p><b>Remerciements :<\/b> Cet EVOO a re\u00e7u plus de <b>200 prix de<\/b> qualit\u00e9 nationaux et internationaux.<\/p>\n<\/li>\n<\/ul>\n<h3>\ud83d\udc45 Notes de d\u00e9gustation (profil sensoriel)<\/h3>\n<p>La Pajarera est connue pour sa grande harmonie et son \u00e9quilibre, offrant un go\u00fbt plus doux et plus sucr\u00e9 que d&#8217;autres huiles de Cordoue telles que la Picual ou la Hojiblanca.<\/p>\n<ul>\n\t<li>\n<p><b>Nez (ar\u00f4me) :<\/b> Fruit\u00e9 vert m\u00fbr d&#8217;intensit\u00e9 moyenne. Ar\u00f4mes fruit\u00e9s pr\u00e9dominants tels que l&#8217;<b>amande<\/b>, la <b>banane m\u00fbre<\/b>, la <b>pomme<\/b> et des notes de <b>fruits secs<\/b>. <\/p>\n<\/li>\n\t<li>\n<p><b>Bouche (go\u00fbt) :<\/b><\/p>\n<ul>\n\t<li>\n<p><b>Entr\u00e9e :<\/b> Tr\u00e8s <b>douce<\/b> et agr\u00e9able.<\/p>\n<\/li>\n\t<li>\n<p><b>Finale :<\/b> l\u00e9g\u00e8rement <b>am\u00e8re<\/b> et l\u00e9g\u00e8rement <b>\u00e9pic\u00e9e<\/b> en progression, mais tr\u00e8s \u00e9quilibr\u00e9e.<\/p>\n<\/li>\n\t<li>\n<p><b>Arri\u00e8re-go\u00fbt :<\/b> notes persistantes de fruits secs.<\/p>\n<\/li>\n<\/ul>\n<\/li>\n<\/ul>\n<h3>\ud83c\udf7d\ufe0f Association recommand\u00e9e<\/h3>\n<p>Gr\u00e2ce \u00e0 son profil doux et \u00e9quilibr\u00e9, il est tr\u00e8s polyvalent, mais se distingue surtout \u00e0 l&#8217;\u00e9tat brut :<\/p>\n<ul>\n\t<li>\n<p><b>Crus :<\/b> Toasts, salades vertes, fromages frais.<\/p>\n<\/li>\n\t<li>\n<p><b>Plats \u00e9labor\u00e9s :<\/b> Elle est id\u00e9ale pour les <b>gaspachos<\/b>, les <b>salmorejo<\/b>, les cr\u00e8mes froides, les \u00e9mulsions (comme la mayonnaise) ou pour assaisonner les poissons et les fruits de mer.<\/p>\n<\/li>\n<\/ul>\n<p>Origine : Cordoue, Andalousie (Sud de l&#8217;Espagne)<br>Production : Monovari\u00e9tale<br>Vari\u00e9t\u00e9 : Pajarera : Fruit\u00e9 vert. Intensit\u00e9 moyenne.<br>Conditionnement : Verre<br>Format : 500 ml.<br>Culture : Traditionnelle<br>R\u00e9colte : Pr\u00e9coce<br>Nouvelle r\u00e9colte <\/p>","protected":false},"excerpt":{"rendered":"<p>Hispania Huile d&#8217;Olive Vierge Extra Nature Pajarera de C\u00f3rdoba 500ml<\/p>\n<p>Huile d&#8217;olive extra vierge monovari\u00e9tale Pajarera issue d&#8217;une r\u00e9colte pr\u00e9coce. Produit \u00e0 Priego de C\u00f3rdoba.<\/p>\n","protected":false},"featured_media":13774,"comment_status":"open","ping_status":"closed","template":"","meta":{"site-sidebar-layout":"default","site-content-layout":"","ast-site-content-layout":"default","site-content-style":"default","site-sidebar-style":"default","ast-global-header-display":"","ast-banner-title-visibility":"","ast-main-header-display":"","ast-hfb-above-header-display":"","ast-hfb-below-header-display":"","ast-hfb-mobile-header-display":"","site-post-title":"","ast-breadcrumbs-content":"","ast-featured-img":"","footer-sml-layout":"","ast-disable-related-posts":"","theme-transparent-header-meta":"default","adv-header-id-meta":"","stick-header-meta":"","header-above-stick-meta":"","header-main-stick-meta":"","header-below-stick-meta":"","astra-migrate-meta-layouts":"default","ast-page-background-enabled":"default","ast-page-background-meta":{"desktop":{"background-color":"var(--ast-global-color-4)","background-image":"","background-repeat":"repeat","background-position":"center center","background-size":"auto","background-attachment":"scroll","background-type":"","background-media":"","overlay-type":"","overlay-color":"","overlay-opacity":"","overlay-gradient":""},"tablet":{"background-color":"","background-image":"","background-repeat":"repeat","background-position":"center center","background-size":"auto","background-attachment":"scroll","background-type":"","background-media":"","overlay-type":"","overlay-color":"","overlay-opacity":"","overlay-gradient":""},"mobile":{"background-color":"","background-image":"","background-repeat":"repeat","background-position":"center center","background-size":"auto","background-attachment":"scroll","background-type":"","background-media":"","overlay-type":"","overlay-color":"","overlay-opacity":"","overlay-gradient":""}},"ast-content-background-meta":{"desktop":{"background-color":"var(--ast-global-color-5)","background-image":"","background-repeat":"repeat","background-position":"center center","background-size":"auto","background-attachment":"scroll","background-type":"","background-media":"","overlay-type":"","overlay-color":"","overlay-opacity":"","overlay-gradient":""},"tablet":{"background-color":"var(--ast-global-color-5)","background-image":"","background-repeat":"repeat","background-position":"center center","background-size":"auto","background-attachment":"scroll","background-type":"","background-media":"","overlay-type":"","overlay-color":"","overlay-opacity":"","overlay-gradient":""},"mobile":{"background-color":"var(--ast-global-color-5)","background-image":"","background-repeat":"repeat","background-position":"center center","background-size":"auto","background-attachment":"scroll","background-type":"","background-media":"","overlay-type":"","overlay-color":"","overlay-opacity":"","overlay-gradient":""}}},"product_brand":[1110],"product_cat":[313],"product_tag":[],"class_list":{"0":"post-13778","1":"product","2":"type-product","3":"status-publish","4":"has-post-thumbnail","6":"product_brand-hispania","7":"product_cat-huile-andalouse","8":"desktop-align-left","9":"tablet-align-left","10":"mobile-align-left","12":"first","13":"instock","14":"taxable","15":"shipping-taxable","16":"purchasable","17":"product-type-simple"},"_links":{"self":[{"href":"https:\/\/andalubox.com\/fr\/wp-json\/wp\/v2\/product\/13778","targetHints":{"allow":["GET"]}}],"collection":[{"href":"https:\/\/andalubox.com\/fr\/wp-json\/wp\/v2\/product"}],"about":[{"href":"https:\/\/andalubox.com\/fr\/wp-json\/wp\/v2\/types\/product"}],"replies":[{"embeddable":true,"href":"https:\/\/andalubox.com\/fr\/wp-json\/wp\/v2\/comments?post=13778"}],"wp:featuredmedia":[{"embeddable":true,"href":"https:\/\/andalubox.com\/fr\/wp-json\/wp\/v2\/media\/13774"}],"wp:attachment":[{"href":"https:\/\/andalubox.com\/fr\/wp-json\/wp\/v2\/media?parent=13778"}],"wp:term":[{"taxonomy":"product_brand","embeddable":true,"href":"https:\/\/andalubox.com\/fr\/wp-json\/wp\/v2\/product_brand?post=13778"},{"taxonomy":"product_cat","embeddable":true,"href":"https:\/\/andalubox.com\/fr\/wp-json\/wp\/v2\/product_cat?post=13778"},{"taxonomy":"product_tag","embeddable":true,"href":"https:\/\/andalubox.com\/fr\/wp-json\/wp\/v2\/product_tag?post=13778"}],"curies":[{"name":"wp","href":"https:\/\/api.w.org\/{rel}","templated":true}]}}