{"id":13766,"date":"2024-06-03T16:08:47","date_gmt":"2024-06-03T14:08:47","guid":{"rendered":"https:\/\/andalubox.com\/producto-andaluz\/oleum-hispania-picual-500ml\/"},"modified":"2026-01-27T18:09:08","modified_gmt":"2026-01-27T17:09:08","slug":"oleum-hispania-picual-500ml","status":"publish","type":"product","link":"https:\/\/andalubox.com\/fr\/producto-andaluz\/oleum-hispania-picual-500ml\/","title":{"rendered":"Hispania Huile d&#8217;olive extra vierge Nature Picual de C\u00f3rdoba 500ml"},"content":{"rendered":"<p>Hispania Huile d&#8217;olive extra vierge Nature Picual de C\u00f3rdoba 500ml<\/p>\n<p>Il s&#8217;agit d&#8217;une huile d&#8217;olive vierge extra (EVOO) de la plus haute qualit\u00e9, connue pour l&#8217;intensit\u00e9 caract\u00e9ristique de la vari\u00e9t\u00e9 <b>Picual<\/b>, cultiv\u00e9e dans la zone Subb\u00e9tica de Cordoue.<\/p>\n<p>La bouteille de <b>500 ml<\/b> offre un EVOO de <i>qualit\u00e9 sup\u00e9rieure<\/i> pr\u00e9sentant les caract\u00e9ristiques suivantes :<\/p>\n<h3>\ud83c\udf3f Origine et production<\/h3>\n<ul>\n\t<li>\n<p><b>Producteur :<\/b> <b>Oleum Hispania<\/b>, avec des olives provenant des oliveraies de Subb\u00e9tica Cordobesa, pr\u00e8s de <b>Priego de C\u00f3rdoba<\/b>.<\/p>\n<\/li>\n\t<li>\n<p><b>Vari\u00e9t\u00e9 d&#8217;olive :<\/b> <b>Picual<\/b>, l&#8217;une des vari\u00e9t\u00e9s les plus r\u00e9pandues et les plus appr\u00e9ci\u00e9es en Espagne, r\u00e9put\u00e9e pour sa grande stabilit\u00e9 (r\u00e9sistance \u00e0 l&#8217;oxydation) et sa teneur \u00e9lev\u00e9e en acide ol\u00e9ique.<\/p>\n<\/li>\n\t<li>\n<p><b>R\u00e9colte :<\/b>  Il s&#8217;agit d&#8217;une huile  <b>Vari\u00e9t\u00e9 unique<\/b>  de  <b>R\u00e9colte pr\u00e9coce<\/b>r\u00e9colt\u00e9s en octobre et extraits  <b>froid<\/b>  (sauf si  <span class=\"math-inline\"><span class=\"katex\"><span class=\"katex-html\" aria-hidden=\"true\"><span class=\"base\"><span class=\"mord\">2<\/span><span class=\"mord\">2<span class=\"msupsub\"><span class=\"vlist-t\"><span class=\"vlist-r\"><span class=\"vlist\"><span class=\"\"><span class=\"sizing reset-size6 size3 mtight\"><span class=\"mbin mtight\">\u2218<\/span><\/span><\/span><\/span><\/span><\/span><\/span><\/span><span class=\"mord text\"><span class=\"mord\">C<\/span><\/span><\/span><\/span><\/span><\/span>), ce qui garantit la pr\u00e9servation de ses propri\u00e9t\u00e9s saines et de son fruit\u00e9 intense.<\/p>\n<\/li>\n\t<li>\n<p><b>Remerciements :<\/b> Cette EVOO fait partie de la gamme qui a obtenu plus de <b>200 prix<\/b> nationaux et internationaux.<\/p>\n<\/li>\n<\/ul>\n<h3>\ud83d\udc45 Notes de d\u00e9gustation (profil sensoriel)<\/h3>\n<p>Il se distingue par son profil fruit\u00e9, intense et tr\u00e8s frais.<\/p>\n<ul>\n\t<li>\n<p><b>Nez (ar\u00f4me) :<\/b> fruit\u00e9 intense d&#8217;<b>olive verte<\/b> avec des ar\u00f4mes <b>herbac\u00e9s<\/b> clairs (herbe fra\u00eeche et feuille d&#8217;olivier), et des notes de <b>fruits verts frais<\/b> comme la pomme et la banane.<\/p>\n<\/li>\n\t<li>\n<p><b>Bouche (go\u00fbt) :<\/b><\/p>\n<ul>\n\t<li>\n<p><b>Entr\u00e9e :<\/b> Douce, soyeuse et fruit\u00e9e.<\/p>\n<\/li>\n\t<li>\n<p><b>Evolution :<\/b> Des notes vertes apparaissent en milieu de bouche, suivies d&#8217;une <b>l\u00e9g\u00e8re amertume<\/b> et d&#8217;un <b>piquant \u00e9l\u00e9gant<\/b> et intense en fin de bouche.<\/p>\n<\/li>\n\t<li>\n<p><b>Harmonie :<\/b> Il pr\u00e9sente une grande harmonie et une grande persistance en bouche.<\/p>\n<\/li>\n<\/ul>\n<\/li>\n<\/ul>\n<h3>\ud83c\udf7d\ufe0f Association recommand\u00e9e<\/h3>\n<p>En raison de son intensit\u00e9 et de son caract\u00e8re, il est parfait pour rehausser les plats crus :<\/p>\n<ul>\n\t<li>\n<p><b>Cru :<\/b> Il est id\u00e9al pour les <b>toasts<\/b> \u00e0 la tomate ou au jambon, les <b>salades de tomates<\/b>, les pommes de terre bouillies, les p\u00e2tes, les cr\u00e8mes et pur\u00e9es de l\u00e9gumes.<\/p>\n<\/li>\n\t<li>\n<p><b>Autres utilisations :<\/b> Se marie bien avec les <b>tartares<\/b>, le poisson blanc, la viande rouge et les fruits de mer.<\/p>\n<\/li>\n<\/ul>\n<div class=\"produTitulo txtVerde1\">\n<div class=\"produTitulo txtVerde1\">\n<p><strong>Certifications<\/strong> traditionnelles<\/p>\n<div class=\"produTitulo txtVerde1\"><strong>Format<\/strong> 500 ml<\/div>\n<div class=\"limpiar\"><strong>Origine<\/strong> Carcabuey, Cordoba, Andalousie (Sud de l&#8217;Espagne)<\/div>\n<\/div>\n<\/div>\n<div class=\"limpiar\"> <\/div>","protected":false},"excerpt":{"rendered":"<p>Il se distingue par le grand fruit\u00e9 de ses olives vertes fra\u00eeches et aromatiques, avec des notes rappelant la pomme verte, l&#8217;herbe fra\u00eeche et l&#8217;incontournable touche de banane. En bouche, il est tr\u00e8s doux, pas du tout amer et l\u00e9g\u00e8rement \u00e9pic\u00e9, avec un arri\u00e8re-go\u00fbt d&#8217;amande persistant.<\/p>\n","protected":false},"featured_media":13763,"template":"","meta":{"site-sidebar-layout":"default","site-content-layout":"","ast-site-content-layout":"default","site-content-style":"default","site-sidebar-style":"default","ast-global-header-display":"","ast-banner-title-visibility":"","ast-main-header-display":"","ast-hfb-above-header-display":"","ast-hfb-below-header-display":"","ast-hfb-mobile-header-display":"","site-post-title":"","ast-breadcrumbs-content":"","ast-featured-img":"","footer-sml-layout":"","ast-disable-related-posts":"","theme-transparent-header-meta":"default","adv-header-id-meta":"","stick-header-meta":"","header-above-stick-meta":"","header-main-stick-meta":"","header-below-stick-meta":"","astra-migrate-meta-layouts":"default","ast-page-background-enabled":"default","ast-page-background-meta":{"desktop":{"background-color":"var(--ast-global-color-4)","background-image":"","background-repeat":"repeat","background-position":"center center","background-size":"auto","background-attachment":"scroll","background-type":"","background-media":"","overlay-type":"","overlay-color":"","overlay-opacity":"","overlay-gradient":""},"tablet":{"background-color":"","background-image":"","background-repeat":"repeat","background-position":"center center","background-size":"auto","background-attachment":"scroll","background-type":"","background-media":"","overlay-type":"","overlay-color":"","overlay-opacity":"","overlay-gradient":""},"mobile":{"background-color":"","background-image":"","background-repeat":"repeat","background-position":"center center","background-size":"auto","background-attachment":"scroll","background-type":"","background-media":"","overlay-type":"","overlay-color":"","overlay-opacity":"","overlay-gradient":""}},"ast-content-background-meta":{"desktop":{"background-color":"var(--ast-global-color-5)","background-image":"","background-repeat":"repeat","background-position":"center center","background-size":"auto","background-attachment":"scroll","background-type":"","background-media":"","overlay-type":"","overlay-color":"","overlay-opacity":"","overlay-gradient":""},"tablet":{"background-color":"var(--ast-global-color-5)","background-image":"","background-repeat":"repeat","background-position":"center center","background-size":"auto","background-attachment":"scroll","background-type":"","background-media":"","overlay-type":"","overlay-color":"","overlay-opacity":"","overlay-gradient":""},"mobile":{"background-color":"var(--ast-global-color-5)","background-image":"","background-repeat":"repeat","background-position":"center center","background-size":"auto","background-attachment":"scroll","background-type":"","background-media":"","overlay-type":"","overlay-color":"","overlay-opacity":"","overlay-gradient":""}}},"product_brand":[],"product_cat":[313],"product_tag":[],"class_list":{"0":"post-13766","1":"product","2":"type-product","3":"status-publish","4":"has-post-thumbnail","6":"product_cat-huile-andalouse","7":"desktop-align-left","8":"tablet-align-left","9":"mobile-align-left","11":"first","12":"instock","13":"taxable","14":"shipping-taxable","15":"purchasable","16":"product-type-simple"},"_links":{"self":[{"href":"https:\/\/andalubox.com\/fr\/wp-json\/wp\/v2\/product\/13766","targetHints":{"allow":["GET"]}}],"collection":[{"href":"https:\/\/andalubox.com\/fr\/wp-json\/wp\/v2\/product"}],"about":[{"href":"https:\/\/andalubox.com\/fr\/wp-json\/wp\/v2\/types\/product"}],"wp:featuredmedia":[{"embeddable":true,"href":"https:\/\/andalubox.com\/fr\/wp-json\/wp\/v2\/media\/13763"}],"wp:attachment":[{"href":"https:\/\/andalubox.com\/fr\/wp-json\/wp\/v2\/media?parent=13766"}],"wp:term":[{"taxonomy":"product_brand","embeddable":true,"href":"https:\/\/andalubox.com\/fr\/wp-json\/wp\/v2\/product_brand?post=13766"},{"taxonomy":"product_cat","embeddable":true,"href":"https:\/\/andalubox.com\/fr\/wp-json\/wp\/v2\/product_cat?post=13766"},{"taxonomy":"product_tag","embeddable":true,"href":"https:\/\/andalubox.com\/fr\/wp-json\/wp\/v2\/product_tag?post=13766"}],"curies":[{"name":"wp","href":"https:\/\/api.w.org\/{rel}","templated":true}]}}