{"id":13758,"date":"2024-06-03T15:54:55","date_gmt":"2024-06-03T13:54:55","guid":{"rendered":"https:\/\/andalubox.com\/producto-andaluz\/oleum-hispania-hojiblanca-500ml\/"},"modified":"2026-01-27T18:08:57","modified_gmt":"2026-01-27T17:08:57","slug":"oleum-hispania-hojiblanca-500ml","status":"publish","type":"product","link":"https:\/\/andalubox.com\/fr\/producto-andaluz\/oleum-hispania-hojiblanca-500ml\/","title":{"rendered":"Hispania Huile d&#8217;Olive Vierge Extra Nature Hojiblanca de Cordoba 500ml"},"content":{"rendered":"<p>Hispania Huile d&#8217;Olive Vierge Extra Nature Hojiblanca de Cordoba 500ml<\/p>\n<p><b>Oleum Hispania Nature Premium Hojiblanca<\/b> est une huile d&#8217;olive vierge extra (EVOO) de <i>premi\u00e8re<\/i> qualit\u00e9, produite dans la c\u00e9l\u00e8bre r\u00e9gion ol\u00e9icole de <b>Cordoue<\/b>, plus pr\u00e9cis\u00e9ment dans la r\u00e9gion de Subbetica.<\/p>\n<p>Il se distingue par le profil aromatique et \u00e9quilibr\u00e9 typique de la vari\u00e9t\u00e9 <b>Hojiblanca<\/b>, r\u00e9colt\u00e9e t\u00f4t.<\/p>\n<h3>\ud83c\udf3f Origine et production<\/h3>\n<ul>\n\t<li>\n<p><b>Producteur :<\/b> <b>Oleum Hispania<\/b>, dont les oliveraies sont situ\u00e9es dans la province de Cordoue.<\/p>\n<\/li>\n\t<li>\n<p><b>Vari\u00e9t\u00e9 d&#8217;olive :<\/b> 100% <b>Hojiblanca<\/b>, vari\u00e9t\u00e9 tr\u00e8s appr\u00e9ci\u00e9e pour ses qualit\u00e9s organoleptiques et sa haute teneur en acide ol\u00e9ique.<\/p>\n<\/li>\n\t<li>\n<p><b>R\u00e9colte :<\/b> Il s&#8217;agit d&#8217;une EVOO <b>Early Harvest<\/b>, ce qui signifie que les olives sont r\u00e9colt\u00e9es en octobre, lorsqu&#8217;elles sont vertes <i>(v\u00e9raison)<\/i>, afin de garantir une qualit\u00e9, un ar\u00f4me et une intensit\u00e9 maximaux.<\/p>\n<\/li>\n\t<li>\n<p><b>Extraction :<\/b>  La m\u00e9thode de  <b>extraction \u00e0 froid<\/b>  (sous le  <span class=\"math-inline\"><span class=\"katex\"><span class=\"katex-html\" aria-hidden=\"true\"><span class=\"base\"><span class=\"mord\">2<\/span><span class=\"mord\">2<span class=\"msupsub\"><span class=\"vlist-t\"><span class=\"vlist-r\"><span class=\"vlist\"><span class=\"\"><span class=\"sizing reset-size6 size3 mtight\"><span class=\"mbin mtight\">\u2218<\/span><\/span><\/span><\/span><\/span><\/span><\/span><\/span><span class=\"mord text\"><span class=\"mord\">C<\/span><\/span><\/span><\/span><\/span><\/span>), ce qui permet de conserver intactes les propri\u00e9t\u00e9s, les vitamines et les polyph\u00e9nols de l&#8217;huile.<\/p>\n<\/li>\n\t<li>\n<p><b>Reconnaissances :<\/b> Cette huile a accumul\u00e9 <b>plus de 200 reconnaissances<\/b> nationales et internationales, qui attestent de son excellence.<\/p>\n<\/li>\n<\/ul>\n<h3>\ud83d\udc45 Notes de d\u00e9gustation (profil sensoriel)<\/h3>\n<p>L&#8217;Hojiblanca d&#8217;Oleum Hispania se caract\u00e9rise par un <b>fruit\u00e9 vert intense<\/b> et tr\u00e8s complexe :<\/p>\n<ul>\n\t<li>\n<p><b>Nez (ar\u00f4me) :<\/b> Un <b>fruit\u00e9 vert tr\u00e8s complexe et \u00e9l\u00e9gant<\/b>. Les nuances d&#8217;<b>herbe fra\u00eeche<\/b>, de <b>pomme verte<\/b> et de <b>banane verte<\/b> ressortent. En arri\u00e8re-plan, on per\u00e7oit des notes d&#8217;amande verte, de tomate et de plantes aromatiques.  <\/p>\n<\/li>\n\t<li>\n<p><b>Bouche (go\u00fbt) :<\/b><\/p>\n<ul>\n\t<li>\n<p><b>Entr\u00e9e :<\/b> Tr\u00e8s agr\u00e9able et <b>douce<\/b>.<\/p>\n<\/li>\n\t<li>\n<p><b>\u00c9volution :<\/b> Elle est suivie d&#8217;une <b>l\u00e9g\u00e8re amertume<\/b> et d&#8217;un <b>piquant l\u00e9g\u00e8rement plus intense<\/b> et progressif.<\/p>\n<\/li>\n\t<li>\n<p><b>Harmonie :<\/b> C&#8217;est une huile tr\u00e8s \u00e9quilibr\u00e9e, avec une saveur persistante et un <b>arri\u00e8re-go\u00fbt d&#8217;amande verte<\/b>.<\/p>\n<\/li>\n<\/ul>\n<\/li>\n<\/ul>\n<h3>\ud83c\udf7d\ufe0f Association recommand\u00e9e<\/h3>\n<p>Ce profil de saveur le rend id\u00e9al pour une consommation crue, o\u00f9 son intensit\u00e9 peut \u00eatre mise en \u00e9vidence :<\/p>\n<ul>\n\t<li>\n<p><b>Cru :<\/b> Parfait pour les <b>toasts<\/b>, les salades vertes, les pommes de terre bouillies, les pizzas et tous les plats qui ont besoin d&#8217;une touche de fra\u00eecheur et de caract\u00e8re.<\/p>\n<\/li>\n\t<li>\n<p><b>Pr\u00e9parations :<\/b> Il accompagne parfaitement les <b>soupes<\/b> et les <b>cr\u00e8mes froides<\/b> (comme les gazpachos et les salmorejos), ainsi que les poissons et les l\u00e9gumes grill\u00e9s.<\/p>\n<\/li>\n<\/ul>\n<p><strong>Type d&#8217;olive<\/strong> Hojiblanca : fruit\u00e9 intense, intensit\u00e9 moyenne-\u00e9lev\u00e9e.<br><strong style=\"font-size: 16px;\">Certifications<\/strong><span style=\"font-size: 16px;\"> Traditionnelle<br><\/span><strong style=\"font-size: 16px;\">Format<\/strong><span style=\"font-size: 16px;\"> 500 ml<br><strong>Origine<\/strong> Carcabuey (C\u00f3rdoba)<br><\/span><\/p>\n<div class=\"limpiar\"> <\/div>\n<p><span style=\"font-size: 16px;\"> <\/span><\/p>\n<div class=\"productoEspecifica filoVerde\">\n<div class=\"limpiar\"> <\/div>\n<\/div>\n<div class=\"productoEspecifica filoVerde\"> <\/div>","protected":false},"excerpt":{"rendered":"<div id=\"larga\">\n<p>Fruit\u00e9 intense d&#8217;olive verte avec des notes herbac\u00e9es, de menthe, d&#8217;amande, de banane et d&#8217;\u00e9corce de pomme. Il rappelle les l\u00e9gumes tels que la tomate et l&#8217;artichaut. La bouche est douce, l\u00e9g\u00e8rement am\u00e8re et \u00e9pic\u00e9e. L&#8217;arri\u00e8re-go\u00fbt est amand\u00e9. Tr\u00e8s complexe, \u00e9quilibr\u00e9 et harmonieux dans tous ses attributs olfactifs et gustatifs.<\/p>\n<\/div>\n<div class=\"contenidos-extra\"> <\/div>\n<div class=\"contenidos-extra\"> <\/div>\n<div id=\"pestanas-propiedades\">\n<ul class=\"pestanas-propiedades-tabs\">\n<li class=\"active\"> <\/li>\n<\/ul>\n<\/div>\n","protected":false},"featured_media":13754,"template":"","meta":{"site-sidebar-layout":"default","site-content-layout":"","ast-site-content-layout":"default","site-content-style":"default","site-sidebar-style":"default","ast-global-header-display":"","ast-banner-title-visibility":"","ast-main-header-display":"","ast-hfb-above-header-display":"","ast-hfb-below-header-display":"","ast-hfb-mobile-header-display":"","site-post-title":"","ast-breadcrumbs-content":"","ast-featured-img":"","footer-sml-layout":"","ast-disable-related-posts":"","theme-transparent-header-meta":"default","adv-header-id-meta":"","stick-header-meta":"","header-above-stick-meta":"","header-main-stick-meta":"","header-below-stick-meta":"","astra-migrate-meta-layouts":"default","ast-page-background-enabled":"default","ast-page-background-meta":{"desktop":{"background-color":"var(--ast-global-color-4)","background-image":"","background-repeat":"repeat","background-position":"center center","background-size":"auto","background-attachment":"scroll","background-type":"","background-media":"","overlay-type":"","overlay-color":"","overlay-opacity":"","overlay-gradient":""},"tablet":{"background-color":"","background-image":"","background-repeat":"repeat","background-position":"center center","background-size":"auto","background-attachment":"scroll","background-type":"","background-media":"","overlay-type":"","overlay-color":"","overlay-opacity":"","overlay-gradient":""},"mobile":{"background-color":"","background-image":"","background-repeat":"repeat","background-position":"center center","background-size":"auto","background-attachment":"scroll","background-type":"","background-media":"","overlay-type":"","overlay-color":"","overlay-opacity":"","overlay-gradient":""}},"ast-content-background-meta":{"desktop":{"background-color":"var(--ast-global-color-5)","background-image":"","background-repeat":"repeat","background-position":"center center","background-size":"auto","background-attachment":"scroll","background-type":"","background-media":"","overlay-type":"","overlay-color":"","overlay-opacity":"","overlay-gradient":""},"tablet":{"background-color":"var(--ast-global-color-5)","background-image":"","background-repeat":"repeat","background-position":"center center","background-size":"auto","background-attachment":"scroll","background-type":"","background-media":"","overlay-type":"","overlay-color":"","overlay-opacity":"","overlay-gradient":""},"mobile":{"background-color":"var(--ast-global-color-5)","background-image":"","background-repeat":"repeat","background-position":"center center","background-size":"auto","background-attachment":"scroll","background-type":"","background-media":"","overlay-type":"","overlay-color":"","overlay-opacity":"","overlay-gradient":""}}},"product_brand":[],"product_cat":[313],"product_tag":[],"class_list":{"0":"post-13758","1":"product","2":"type-product","3":"status-publish","4":"has-post-thumbnail","6":"product_cat-huile-andalouse","7":"desktop-align-left","8":"tablet-align-left","9":"mobile-align-left","11":"first","12":"instock","13":"taxable","14":"shipping-taxable","15":"purchasable","16":"product-type-simple"},"_links":{"self":[{"href":"https:\/\/andalubox.com\/fr\/wp-json\/wp\/v2\/product\/13758","targetHints":{"allow":["GET"]}}],"collection":[{"href":"https:\/\/andalubox.com\/fr\/wp-json\/wp\/v2\/product"}],"about":[{"href":"https:\/\/andalubox.com\/fr\/wp-json\/wp\/v2\/types\/product"}],"wp:featuredmedia":[{"embeddable":true,"href":"https:\/\/andalubox.com\/fr\/wp-json\/wp\/v2\/media\/13754"}],"wp:attachment":[{"href":"https:\/\/andalubox.com\/fr\/wp-json\/wp\/v2\/media?parent=13758"}],"wp:term":[{"taxonomy":"product_brand","embeddable":true,"href":"https:\/\/andalubox.com\/fr\/wp-json\/wp\/v2\/product_brand?post=13758"},{"taxonomy":"product_cat","embeddable":true,"href":"https:\/\/andalubox.com\/fr\/wp-json\/wp\/v2\/product_cat?post=13758"},{"taxonomy":"product_tag","embeddable":true,"href":"https:\/\/andalubox.com\/fr\/wp-json\/wp\/v2\/product_tag?post=13758"}],"curies":[{"name":"wp","href":"https:\/\/api.w.org\/{rel}","templated":true}]}}