{"id":13747,"date":"2024-06-03T15:46:19","date_gmt":"2024-06-03T13:46:19","guid":{"rendered":"https:\/\/andalubox.com\/producto-andaluz\/ratatouille-dona-elena-320g\/"},"modified":"2026-01-29T16:38:30","modified_gmt":"2026-01-29T15:38:30","slug":"ratatouille-dona-elena-320g","status":"publish","type":"product","link":"https:\/\/andalubox.com\/fr\/producto-andaluz\/ratatouille-dona-elena-320g\/","title":{"rendered":"Ratatouille de l\u00e9gumes maison Do\u00f1a Elena 320g"},"content":{"rendered":"<h2>Ratatouille de l\u00e9gumes maison Do\u00f1a Elena 320g<\/h2>\n<p>Un d\u00e9lice exquis pr\u00e9par\u00e9 avec neuf l\u00e9gumes diff\u00e9rents qui font de ce plat un v\u00e9ritable plaisir pour le palais. Pr\u00e9par\u00e9 selon une recette traditionnelle, il nous fera appr\u00e9cier la bonne cuisine.<\/p>\n<p>&nbsp;<\/p>\n<h2>Fiche technique :<\/h2>\n<p><br><br><br>Poids net (G) : 320 Informations nutritionnelles pour 100g Valeur \u00e9nerg\u00e9tique 132 Kcal \/ 552 KJul &#8211; Lipides 6.9g &#8211; Acides gras satur\u00e9s moins de 1g &#8211; Glucides 15.6g &#8211; Sucres 1.1g &#8211; Prot\u00e9ines 1.9g &#8211; Sel 0.6g Allerg\u00e8nes :<br>Aucun Peut contenir des traces de : Lactose, moutarde, c\u00e9leri, noix, soja, poisson, crustac\u00e9s, mollusques, sulfite.<br><br><\/p>","protected":false},"excerpt":{"rendered":"<p>Ratatouille de l\u00e9gumes maison Do\u00f1a Elena 320g<\/p>\n","protected":false},"featured_media":13745,"comment_status":"open","ping_status":"closed","template":"","meta":{"site-sidebar-layout":"default","site-content-layout":"","ast-site-content-layout":"default","site-content-style":"default","site-sidebar-style":"default","ast-global-header-display":"","ast-banner-title-visibility":"","ast-main-header-display":"","ast-hfb-above-header-display":"","ast-hfb-below-header-display":"","ast-hfb-mobile-header-display":"","site-post-title":"","ast-breadcrumbs-content":"","ast-featured-img":"","footer-sml-layout":"","ast-disable-related-posts":"","theme-transparent-header-meta":"default","adv-header-id-meta":"","stick-header-meta":"","header-above-stick-meta":"","header-main-stick-meta":"","header-below-stick-meta":"","astra-migrate-meta-layouts":"default","ast-page-background-enabled":"default","ast-page-background-meta":{"desktop":{"background-color":"var(--ast-global-color-4)","background-image":"","background-repeat":"repeat","background-position":"center center","background-size":"auto","background-attachment":"scroll","background-type":"","background-media":"","overlay-type":"","overlay-color":"","overlay-opacity":"","overlay-gradient":""},"tablet":{"background-color":"","background-image":"","background-repeat":"repeat","background-position":"center center","background-size":"auto","background-attachment":"scroll","background-type":"","background-media":"","overlay-type":"","overlay-color":"","overlay-opacity":"","overlay-gradient":""},"mobile":{"background-color":"","background-image":"","background-repeat":"repeat","background-position":"center center","background-size":"auto","background-attachment":"scroll","background-type":"","background-media":"","overlay-type":"","overlay-color":"","overlay-opacity":"","overlay-gradient":""}},"ast-content-background-meta":{"desktop":{"background-color":"var(--ast-global-color-5)","background-image":"","background-repeat":"repeat","background-position":"center center","background-size":"auto","background-attachment":"scroll","background-type":"","background-media":"","overlay-type":"","overlay-color":"","overlay-opacity":"","overlay-gradient":""},"tablet":{"background-color":"var(--ast-global-color-5)","background-image":"","background-repeat":"repeat","background-position":"center center","background-size":"auto","background-attachment":"scroll","background-type":"","background-media":"","overlay-type":"","overlay-color":"","overlay-opacity":"","overlay-gradient":""},"mobile":{"background-color":"var(--ast-global-color-5)","background-image":"","background-repeat":"repeat","background-position":"center center","background-size":"auto","background-attachment":"scroll","background-type":"","background-media":"","overlay-type":"","overlay-color":"","overlay-opacity":"","overlay-gradient":""}}},"product_brand":[1413],"product_cat":[314],"product_tag":[],"class_list":{"0":"post-13747","1":"product","2":"type-product","3":"status-publish","4":"has-post-thumbnail","6":"product_brand-dona-elena","7":"product_cat-legumes-en-conserve","8":"desktop-align-left","9":"tablet-align-left","10":"mobile-align-left","12":"first","13":"instock","14":"taxable","15":"shipping-taxable","16":"purchasable","17":"product-type-simple"},"_links":{"self":[{"href":"https:\/\/andalubox.com\/fr\/wp-json\/wp\/v2\/product\/13747","targetHints":{"allow":["GET"]}}],"collection":[{"href":"https:\/\/andalubox.com\/fr\/wp-json\/wp\/v2\/product"}],"about":[{"href":"https:\/\/andalubox.com\/fr\/wp-json\/wp\/v2\/types\/product"}],"replies":[{"embeddable":true,"href":"https:\/\/andalubox.com\/fr\/wp-json\/wp\/v2\/comments?post=13747"}],"wp:featuredmedia":[{"embeddable":true,"href":"https:\/\/andalubox.com\/fr\/wp-json\/wp\/v2\/media\/13745"}],"wp:attachment":[{"href":"https:\/\/andalubox.com\/fr\/wp-json\/wp\/v2\/media?parent=13747"}],"wp:term":[{"taxonomy":"product_brand","embeddable":true,"href":"https:\/\/andalubox.com\/fr\/wp-json\/wp\/v2\/product_brand?post=13747"},{"taxonomy":"product_cat","embeddable":true,"href":"https:\/\/andalubox.com\/fr\/wp-json\/wp\/v2\/product_cat?post=13747"},{"taxonomy":"product_tag","embeddable":true,"href":"https:\/\/andalubox.com\/fr\/wp-json\/wp\/v2\/product_tag?post=13747"}],"curies":[{"name":"wp","href":"https:\/\/api.w.org\/{rel}","templated":true}]}}