{"id":13640,"date":"2024-05-15T12:13:34","date_gmt":"2024-05-15T10:13:34","guid":{"rendered":"https:\/\/andalubox.com\/producto-andaluz\/zancuo-roche-volcanique-sierra-de-sevilla-75cl\/"},"modified":"2026-01-27T18:11:12","modified_gmt":"2026-01-27T17:11:12","slug":"zancuo-roche-volcanique-sierra-de-sevilla-75cl","status":"publish","type":"product","link":"https:\/\/andalubox.com\/fr\/producto-andaluz\/zancuo-roche-volcanique-sierra-de-sevilla-75cl\/","title":{"rendered":"Pago del Zanc\u00fao Roca Volc\u00e1nica Vin rouge de S\u00e9ville 75cl"},"content":{"rendered":"<h2>Pago del Zanc\u00fao Roca Volc\u00e1nica Vin rouge de S\u00e9ville 75cl<\/h2>\n<h2>Sp\u00e9cifications techniques<\/h2>\n<p><strong>Vari\u00e9t\u00e9s :<\/strong> 100% Tempranillo<\/p>\n<p><strong>Vignoble :<\/strong> domaine dans la Sierra Norte de S\u00e9ville<\/p>\n<p><strong>R\u00e9colte<\/strong>: Cueillie \u00e0 la main la nuit dans de petites caisses.<\/p>\n<p><strong>Vinification<\/strong>: mac\u00e9ration \u00e0 froid, fermentation dans des cuves en acier inoxydable \u00e0 temp\u00e9rature contr\u00f4l\u00e9e. Fermentation malolactique en cuve.<\/p>\n<p><strong>Vieillissement<\/strong>: 42 mois en f\u00fbts de ch\u00eane fran\u00e7ais.<\/p>\n<p><strong>Accompagnement<\/strong>: gibier et viandes grill\u00e9es, rago\u00fbts, etc&#8230;<\/p>\n<p><strong>Faits int\u00e9ressants :<\/strong> 2 m\u00e9dailles d&#8217;or cons\u00e9cutives en France (2021 &#8211; 2022). A obtenu 1 m\u00e9daille d&#8217;or aux &#8220;Vinos de Sevilla&#8221; (2022).<\/p>\n<p><strong>Temp\u00e9rature de service :<\/strong> 16\u00ba &#8211; 18\u00ba.<\/p>\n<p><strong>Faits int\u00e9ressants : <\/strong>Grande nouveaut\u00e9 dans son \u00e9laboration puisqu&#8217;il est fait de roche volcanique.<\/p>\n<p><strong>Taux d&#8217;alcool : 14% vol.<\/strong><\/p>","protected":false},"excerpt":{"rendered":"<p>Pago del Zanc\u00fao Roca Volc\u00e1nica Vin rouge de S\u00e9ville 75cl<\/p>\n","protected":false},"featured_media":13637,"template":"","meta":{"site-sidebar-layout":"default","site-content-layout":"","ast-site-content-layout":"default","site-content-style":"default","site-sidebar-style":"default","ast-global-header-display":"","ast-banner-title-visibility":"","ast-main-header-display":"","ast-hfb-above-header-display":"","ast-hfb-below-header-display":"","ast-hfb-mobile-header-display":"","site-post-title":"","ast-breadcrumbs-content":"","ast-featured-img":"","footer-sml-layout":"","ast-disable-related-posts":"","theme-transparent-header-meta":"default","adv-header-id-meta":"","stick-header-meta":"","header-above-stick-meta":"","header-main-stick-meta":"","header-below-stick-meta":"","astra-migrate-meta-layouts":"default","ast-page-background-enabled":"default","ast-page-background-meta":{"desktop":{"background-color":"var(--ast-global-color-4)","background-image":"","background-repeat":"repeat","background-position":"center center","background-size":"auto","background-attachment":"scroll","background-type":"","background-media":"","overlay-type":"","overlay-color":"","overlay-opacity":"","overlay-gradient":""},"tablet":{"background-color":"","background-image":"","background-repeat":"repeat","background-position":"center center","background-size":"auto","background-attachment":"scroll","background-type":"","background-media":"","overlay-type":"","overlay-color":"","overlay-opacity":"","overlay-gradient":""},"mobile":{"background-color":"","background-image":"","background-repeat":"repeat","background-position":"center center","background-size":"auto","background-attachment":"scroll","background-type":"","background-media":"","overlay-type":"","overlay-color":"","overlay-opacity":"","overlay-gradient":""}},"ast-content-background-meta":{"desktop":{"background-color":"var(--ast-global-color-5)","background-image":"","background-repeat":"repeat","background-position":"center center","background-size":"auto","background-attachment":"scroll","background-type":"","background-media":"","overlay-type":"","overlay-color":"","overlay-opacity":"","overlay-gradient":""},"tablet":{"background-color":"var(--ast-global-color-5)","background-image":"","background-repeat":"repeat","background-position":"center center","background-size":"auto","background-attachment":"scroll","background-type":"","background-media":"","overlay-type":"","overlay-color":"","overlay-opacity":"","overlay-gradient":""},"mobile":{"background-color":"var(--ast-global-color-5)","background-image":"","background-repeat":"repeat","background-position":"center center","background-size":"auto","background-attachment":"scroll","background-type":"","background-media":"","overlay-type":"","overlay-color":"","overlay-opacity":"","overlay-gradient":""}}},"product_brand":[1410],"product_cat":[294],"product_tag":[],"class_list":{"0":"post-13640","1":"product","2":"type-product","3":"status-publish","4":"has-post-thumbnail","6":"product_brand-pago-del-zancuo","7":"product_cat-vin-rouge","8":"product_shipping_class-refrigere","9":"desktop-align-left","10":"tablet-align-left","11":"mobile-align-left","13":"first","14":"instock","15":"taxable","16":"shipping-taxable","17":"purchasable","18":"product-type-simple"},"_links":{"self":[{"href":"https:\/\/andalubox.com\/fr\/wp-json\/wp\/v2\/product\/13640","targetHints":{"allow":["GET"]}}],"collection":[{"href":"https:\/\/andalubox.com\/fr\/wp-json\/wp\/v2\/product"}],"about":[{"href":"https:\/\/andalubox.com\/fr\/wp-json\/wp\/v2\/types\/product"}],"wp:featuredmedia":[{"embeddable":true,"href":"https:\/\/andalubox.com\/fr\/wp-json\/wp\/v2\/media\/13637"}],"wp:attachment":[{"href":"https:\/\/andalubox.com\/fr\/wp-json\/wp\/v2\/media?parent=13640"}],"wp:term":[{"taxonomy":"product_brand","embeddable":true,"href":"https:\/\/andalubox.com\/fr\/wp-json\/wp\/v2\/product_brand?post=13640"},{"taxonomy":"product_cat","embeddable":true,"href":"https:\/\/andalubox.com\/fr\/wp-json\/wp\/v2\/product_cat?post=13640"},{"taxonomy":"product_tag","embeddable":true,"href":"https:\/\/andalubox.com\/fr\/wp-json\/wp\/v2\/product_tag?post=13640"}],"curies":[{"name":"wp","href":"https:\/\/api.w.org\/{rel}","templated":true}]}}