{"id":13601,"date":"2024-05-15T11:39:41","date_gmt":"2024-05-15T09:39:41","guid":{"rendered":"https:\/\/andalubox.com\/producto-andaluz\/misterio-dulce-dop-condado-de-huelva-75cl\/"},"modified":"2025-02-21T17:41:52","modified_gmt":"2025-02-21T16:41:52","slug":"misterio-dulce-dop-condado-de-huelva-75cl","status":"publish","type":"product","link":"https:\/\/andalubox.com\/fr\/producto-andaluz\/misterio-dulce-dop-condado-de-huelva-75cl\/","title":{"rendered":"Misterio Dulce Dop Condado de Huelva 75Cl"},"content":{"rendered":"<h2>Sp\u00e9cifications techniques<\/h2>\n<p><strong>Nom commercial :<\/strong> Misterio Dulce<\/p>\n<p><strong>Appellation d&#8217;origine :<\/strong> Condado de Huelva<\/p>\n<p><strong>Type de vin :<\/strong> Generoso<\/p>\n<p><strong>Type de vin en fonction des sucres :<\/strong> doux<\/p>\n<p><strong>Titre alcoom\u00e9trique :<\/strong> 15 % vol.<\/p>\n<p><strong>C\u00e9page :<\/strong> 100 % zalema<\/p>\n<p><strong>Format :<\/strong> 75 cl.<\/p>","protected":false},"excerpt":{"rendered":"<p>Obtenu \u00e0 partir d&#8217;une s\u00e9lection scrupuleuse et limit\u00e9e de raisins de la vari\u00e9t\u00e9 zalema, originaire du Condado de Huelva, et r\u00e9colt\u00e9s tardivement. La tradition viticole s\u00e9culaire du Condado de Huelva et la vaste exp\u00e9rience et le savoir-faire \u0153nologiques se sont combin\u00e9s pour offrir un vin unique et \u00e9l\u00e9gant. Mistela soigneusement pr\u00e9par\u00e9e selon des m\u00e9thodes traditionnelles authentiques, qui a une saveur velout\u00e9e avec un d\u00e9licat arri\u00e8re-plan de raisin sec. \u00c9lev\u00e9 en bois noble, il pr\u00e9sente des reflets vieil or tr\u00e8s brillants et atteint une composition \u00e9quilibr\u00e9e en alcool et en sucres.<\/p>\n","protected":false},"featured_media":13598,"template":"","meta":{"site-sidebar-layout":"default","site-content-layout":"","ast-site-content-layout":"default","site-content-style":"default","site-sidebar-style":"default","ast-global-header-display":"","ast-banner-title-visibility":"","ast-main-header-display":"","ast-hfb-above-header-display":"","ast-hfb-below-header-display":"","ast-hfb-mobile-header-display":"","site-post-title":"","ast-breadcrumbs-content":"","ast-featured-img":"","footer-sml-layout":"","ast-disable-related-posts":"","theme-transparent-header-meta":"default","adv-header-id-meta":"","stick-header-meta":"","header-above-stick-meta":"","header-main-stick-meta":"","header-below-stick-meta":"","astra-migrate-meta-layouts":"default","ast-page-background-enabled":"default","ast-page-background-meta":{"desktop":{"background-color":"var(--ast-global-color-4)","background-image":"","background-repeat":"repeat","background-position":"center center","background-size":"auto","background-attachment":"scroll","background-type":"","background-media":"","overlay-type":"","overlay-color":"","overlay-opacity":"","overlay-gradient":""},"tablet":{"background-color":"","background-image":"","background-repeat":"repeat","background-position":"center center","background-size":"auto","background-attachment":"scroll","background-type":"","background-media":"","overlay-type":"","overlay-color":"","overlay-opacity":"","overlay-gradient":""},"mobile":{"background-color":"","background-image":"","background-repeat":"repeat","background-position":"center center","background-size":"auto","background-attachment":"scroll","background-type":"","background-media":"","overlay-type":"","overlay-color":"","overlay-opacity":"","overlay-gradient":""}},"ast-content-background-meta":{"desktop":{"background-color":"var(--ast-global-color-5)","background-image":"","background-repeat":"repeat","background-position":"center center","background-size":"auto","background-attachment":"scroll","background-type":"","background-media":"","overlay-type":"","overlay-color":"","overlay-opacity":"","overlay-gradient":""},"tablet":{"background-color":"var(--ast-global-color-5)","background-image":"","background-repeat":"repeat","background-position":"center center","background-size":"auto","background-attachment":"scroll","background-type":"","background-media":"","overlay-type":"","overlay-color":"","overlay-opacity":"","overlay-gradient":""},"mobile":{"background-color":"var(--ast-global-color-5)","background-image":"","background-repeat":"repeat","background-position":"center center","background-size":"auto","background-attachment":"scroll","background-type":"","background-media":"","overlay-type":"","overlay-color":"","overlay-opacity":"","overlay-gradient":""}}},"product_brand":[1409],"product_cat":[15],"product_tag":[],"class_list":{"0":"post-13601","1":"product","2":"type-product","3":"status-publish","4":"has-post-thumbnail","6":"product_brand-privilegio-del-condado","7":"product_cat-sin-categorizar","8":"desktop-align-left","9":"tablet-align-left","10":"mobile-align-left","12":"first","13":"outofstock","14":"taxable","15":"shipping-taxable","16":"purchasable","17":"product-type-simple"},"_links":{"self":[{"href":"https:\/\/andalubox.com\/fr\/wp-json\/wp\/v2\/product\/13601","targetHints":{"allow":["GET"]}}],"collection":[{"href":"https:\/\/andalubox.com\/fr\/wp-json\/wp\/v2\/product"}],"about":[{"href":"https:\/\/andalubox.com\/fr\/wp-json\/wp\/v2\/types\/product"}],"wp:featuredmedia":[{"embeddable":true,"href":"https:\/\/andalubox.com\/fr\/wp-json\/wp\/v2\/media\/13598"}],"wp:attachment":[{"href":"https:\/\/andalubox.com\/fr\/wp-json\/wp\/v2\/media?parent=13601"}],"wp:term":[{"taxonomy":"product_brand","embeddable":true,"href":"https:\/\/andalubox.com\/fr\/wp-json\/wp\/v2\/product_brand?post=13601"},{"taxonomy":"product_cat","embeddable":true,"href":"https:\/\/andalubox.com\/fr\/wp-json\/wp\/v2\/product_cat?post=13601"},{"taxonomy":"product_tag","embeddable":true,"href":"https:\/\/andalubox.com\/fr\/wp-json\/wp\/v2\/product_tag?post=13601"}],"curies":[{"name":"wp","href":"https:\/\/api.w.org\/{rel}","templated":true}]}}