{"id":13583,"date":"2024-05-15T11:23:03","date_gmt":"2024-05-15T09:23:03","guid":{"rendered":"https:\/\/andalubox.com\/producto-andaluz\/pata-negra-lobo-doc-rioja-crianza-75cl\/"},"modified":"2026-01-27T18:08:09","modified_gmt":"2026-01-27T17:08:09","slug":"pata-negra-lobo-doc-rioja-crianza-75cl","status":"publish","type":"product","link":"https:\/\/andalubox.com\/fr\/producto-andaluz\/pata-negra-lobo-doc-rioja-crianza-75cl\/","title":{"rendered":"Pata Negra Lobo Iberico Rioja Crianza 75cl"},"content":{"rendered":"<p>Pata Negra Lobo Iberico Rioja Crianza 75cl<\/p>\n<p>Pata Negra DO Rioja edition Lobo Ib\u00e9rico, Crianza : \u00c9labor\u00e9 \u00e0 partir de raisins Tempranillo et vieilli en f\u00fbts de ch\u00eane fran\u00e7ais et am\u00e9ricain, ce qui lui conf\u00e8re un caract\u00e8re \u00e0 la fois puissant et \u00e9l\u00e9gant.<\/p>\n<p>Sp\u00e9cifications techniques<\/p>\n<p><strong>Type de vin :<\/strong> Crianza<br><strong>Type de raisin :<\/strong> Tempranillo<br><strong>R\u00e9gion de production :<\/strong> DOCa Rioja<br><strong>Mill\u00e9sime :<\/strong> 2018<br><strong>Vignoble :<\/strong> Bodega Marques de Carrion<br><strong>Format de la bouteille :<\/strong> 75 cl<br><strong>Temp\u00e9rature de service :<\/strong> 16\u00baC.<br><strong>Mariage :<\/strong> Parfait avec les barbecues de viande rouge ou le poulet r\u00f4ti, mais nous vous recommandons d&#8217;oser l&#8217;associer \u00e9galement \u00e0 la pizza.<br><strong>Allerg\u00e8nes :<\/strong> sulfites<br><br><\/p>\n<p>PATA NEGRA a \u00e9t\u00e9 l&#8217;un des mouvements les plus r\u00e9volutionnaires dans le monde du vin en Espagne en utilisant une seule marque pour plusieurs d\u00e9nominations d&#8217;origine diff\u00e9rentes. En 2021, PATA NEGRA a d\u00e9pass\u00e9 les 200 m\u00e9dailles et est redevenue la marque la plus r\u00e9compens\u00e9e. <\/p>\n<p>L&#8217;innovation constante, la qualit\u00e9 et la durabilit\u00e9 sont les maximes de GARCIA CARRION. Gr\u00e2ce au travail d&#8217;une famille et au soutien de plus de 40 000 agriculteurs, GARCIA CARRION peut affirmer avec fiert\u00e9 qu&#8217;elle est la premi\u00e8re entreprise vinicole d&#8217;Europe et la quatri\u00e8me du monde. <\/p>","protected":false},"excerpt":{"rendered":"<p>Pata Negra Lobo Lobo Ib\u00e9rico Rioja Crianza 75cl, b2b, livraison dans tous les PAYS D&#8217;EUROPE.<\/p>\n","protected":false},"featured_media":13684,"comment_status":"open","ping_status":"closed","template":"","meta":{"site-sidebar-layout":"default","site-content-layout":"","ast-site-content-layout":"default","site-content-style":"default","site-sidebar-style":"default","ast-global-header-display":"","ast-banner-title-visibility":"","ast-main-header-display":"","ast-hfb-above-header-display":"","ast-hfb-below-header-display":"","ast-hfb-mobile-header-display":"","site-post-title":"","ast-breadcrumbs-content":"","ast-featured-img":"","footer-sml-layout":"","ast-disable-related-posts":"","theme-transparent-header-meta":"default","adv-header-id-meta":"","stick-header-meta":"","header-above-stick-meta":"","header-main-stick-meta":"","header-below-stick-meta":"","astra-migrate-meta-layouts":"default","ast-page-background-enabled":"default","ast-page-background-meta":{"desktop":{"background-color":"var(--ast-global-color-4)","background-image":"","background-repeat":"repeat","background-position":"center center","background-size":"auto","background-attachment":"scroll","background-type":"","background-media":"","overlay-type":"","overlay-color":"","overlay-opacity":"","overlay-gradient":""},"tablet":{"background-color":"","background-image":"","background-repeat":"repeat","background-position":"center center","background-size":"auto","background-attachment":"scroll","background-type":"","background-media":"","overlay-type":"","overlay-color":"","overlay-opacity":"","overlay-gradient":""},"mobile":{"background-color":"","background-image":"","background-repeat":"repeat","background-position":"center center","background-size":"auto","background-attachment":"scroll","background-type":"","background-media":"","overlay-type":"","overlay-color":"","overlay-opacity":"","overlay-gradient":""}},"ast-content-background-meta":{"desktop":{"background-color":"var(--ast-global-color-5)","background-image":"","background-repeat":"repeat","background-position":"center center","background-size":"auto","background-attachment":"scroll","background-type":"","background-media":"","overlay-type":"","overlay-color":"","overlay-opacity":"","overlay-gradient":""},"tablet":{"background-color":"var(--ast-global-color-5)","background-image":"","background-repeat":"repeat","background-position":"center center","background-size":"auto","background-attachment":"scroll","background-type":"","background-media":"","overlay-type":"","overlay-color":"","overlay-opacity":"","overlay-gradient":""},"mobile":{"background-color":"var(--ast-global-color-5)","background-image":"","background-repeat":"repeat","background-position":"center center","background-size":"auto","background-attachment":"scroll","background-type":"","background-media":"","overlay-type":"","overlay-color":"","overlay-opacity":"","overlay-gradient":""}}},"product_brand":[1315],"product_cat":[294],"product_tag":[],"class_list":{"0":"post-13583","1":"product","2":"type-product","3":"status-publish","4":"has-post-thumbnail","6":"product_brand-pata-negra","7":"product_cat-vin-rouge","8":"desktop-align-left","9":"tablet-align-left","10":"mobile-align-left","12":"first","13":"instock","14":"taxable","15":"shipping-taxable","16":"purchasable","17":"product-type-simple"},"_links":{"self":[{"href":"https:\/\/andalubox.com\/fr\/wp-json\/wp\/v2\/product\/13583","targetHints":{"allow":["GET"]}}],"collection":[{"href":"https:\/\/andalubox.com\/fr\/wp-json\/wp\/v2\/product"}],"about":[{"href":"https:\/\/andalubox.com\/fr\/wp-json\/wp\/v2\/types\/product"}],"replies":[{"embeddable":true,"href":"https:\/\/andalubox.com\/fr\/wp-json\/wp\/v2\/comments?post=13583"}],"wp:featuredmedia":[{"embeddable":true,"href":"https:\/\/andalubox.com\/fr\/wp-json\/wp\/v2\/media\/13684"}],"wp:attachment":[{"href":"https:\/\/andalubox.com\/fr\/wp-json\/wp\/v2\/media?parent=13583"}],"wp:term":[{"taxonomy":"product_brand","embeddable":true,"href":"https:\/\/andalubox.com\/fr\/wp-json\/wp\/v2\/product_brand?post=13583"},{"taxonomy":"product_cat","embeddable":true,"href":"https:\/\/andalubox.com\/fr\/wp-json\/wp\/v2\/product_cat?post=13583"},{"taxonomy":"product_tag","embeddable":true,"href":"https:\/\/andalubox.com\/fr\/wp-json\/wp\/v2\/product_tag?post=13583"}],"curies":[{"name":"wp","href":"https:\/\/api.w.org\/{rel}","templated":true}]}}