{"id":13495,"date":"2024-04-30T09:47:35","date_gmt":"2024-04-30T07:47:35","guid":{"rendered":"https:\/\/andalubox.com\/producto-andaluz\/la-espanola-olives-noires-avec-noyau-185-g\/"},"modified":"2026-01-29T16:38:35","modified_gmt":"2026-01-29T15:38:35","slug":"la-espanola-olives-noires-avec-noyau-185-g","status":"publish","type":"product","link":"https:\/\/andalubox.com\/fr\/producto-andaluz\/la-espanola-olives-noires-avec-noyau-185-g\/","title":{"rendered":"La Espa\u00f1ola Olives noires d\u00e9noyaut\u00e9es, bo\u00eete 185g"},"content":{"rendered":"<p>La Espa\u00f1ola Olives noires d\u00e9noyaut\u00e9es, bo\u00eete 185g<\/p>\n<p>Il s&#8217;agit d&#8217;une marque espagnole r\u00e9put\u00e9e, sp\u00e9cialis\u00e9e dans les olives, particuli\u00e8rement connue pour ses olives vertes manzanilla farcies aux anchois. Avec plus de 80 ans d&#8217;histoire, la marque privil\u00e9gie la qualit\u00e9, la tradition et l&#8217;innovation, en proposant une grande vari\u00e9t\u00e9 d&#8217;olives : vertes, noires, d\u00e9noyaut\u00e9es et farcies d&#8217;ingr\u00e9dients tels que des anchois, des poivrons ou de l&#8217;ail. Ses produits sont un classique de la cuisine espagnole, parfaits pour les ap\u00e9ritifs, les tapas, les salades ou les montaditos, que l&#8217;on d\u00e9guste g\u00e9n\u00e9ralement avec de la bi\u00e8re ou du vin.  <\/p>\n<p>Une fa\u00e7on simple de les utiliser dans un plat. Id\u00e9e de tapas avec des olives espagnoles. Olives farcies aux anchois La Espa\u00f1ola, tomates cerises, cubes de fromage Manchego, tranches de jambon Serrano, huile d&#8217;olive, romarin frais.<br>Instructions : Embrochez une olive, une tomate cerise, un cube de fromage et une tranche de jambon pli\u00e9e sur un cure-dent. Arrosez d&#8217;huile d&#8217;olive et saupoudrez de romarin hach\u00e9. Servez comme tapa rapide.    <\/p>\n<ul class=\"info-list\">\n\t<li class=\"info-item\"><span class=\"info-key \">Quantit\u00e9 nette :<\/span> 350 g<\/li>\n\t<li class=\"info-item\"><span class=\"info-key \">Poids net \u00e9goutt\u00e9 :<\/span> 185 g<\/li>\n<\/ul>","protected":false},"excerpt":{"rendered":"<p>La Espa\u00f1ola Olives noires d\u00e9noyaut\u00e9es, bo\u00eete 185g pour l&#8217;exportation vers l&#8217;Europe, demandez pour des quantit\u00e9s sup\u00e9rieures \u00e0 10 bo\u00eetes.<\/p>\n","protected":false},"featured_media":13492,"comment_status":"open","ping_status":"closed","template":"","meta":{"site-sidebar-layout":"default","site-content-layout":"","ast-site-content-layout":"default","site-content-style":"default","site-sidebar-style":"default","ast-global-header-display":"","ast-banner-title-visibility":"","ast-main-header-display":"","ast-hfb-above-header-display":"","ast-hfb-below-header-display":"","ast-hfb-mobile-header-display":"","site-post-title":"","ast-breadcrumbs-content":"","ast-featured-img":"","footer-sml-layout":"","ast-disable-related-posts":"","theme-transparent-header-meta":"default","adv-header-id-meta":"","stick-header-meta":"","header-above-stick-meta":"","header-main-stick-meta":"","header-below-stick-meta":"","astra-migrate-meta-layouts":"default","ast-page-background-enabled":"default","ast-page-background-meta":{"desktop":{"background-color":"var(--ast-global-color-4)","background-image":"","background-repeat":"repeat","background-position":"center center","background-size":"auto","background-attachment":"scroll","background-type":"","background-media":"","overlay-type":"","overlay-color":"","overlay-opacity":"","overlay-gradient":""},"tablet":{"background-color":"","background-image":"","background-repeat":"repeat","background-position":"center center","background-size":"auto","background-attachment":"scroll","background-type":"","background-media":"","overlay-type":"","overlay-color":"","overlay-opacity":"","overlay-gradient":""},"mobile":{"background-color":"","background-image":"","background-repeat":"repeat","background-position":"center center","background-size":"auto","background-attachment":"scroll","background-type":"","background-media":"","overlay-type":"","overlay-color":"","overlay-opacity":"","overlay-gradient":""}},"ast-content-background-meta":{"desktop":{"background-color":"var(--ast-global-color-5)","background-image":"","background-repeat":"repeat","background-position":"center center","background-size":"auto","background-attachment":"scroll","background-type":"","background-media":"","overlay-type":"","overlay-color":"","overlay-opacity":"","overlay-gradient":""},"tablet":{"background-color":"var(--ast-global-color-5)","background-image":"","background-repeat":"repeat","background-position":"center center","background-size":"auto","background-attachment":"scroll","background-type":"","background-media":"","overlay-type":"","overlay-color":"","overlay-opacity":"","overlay-gradient":""},"mobile":{"background-color":"var(--ast-global-color-5)","background-image":"","background-repeat":"repeat","background-position":"center center","background-size":"auto","background-attachment":"scroll","background-type":"","background-media":"","overlay-type":"","overlay-color":"","overlay-opacity":"","overlay-gradient":""}}},"product_brand":[1119],"product_cat":[15],"product_tag":[],"class_list":{"0":"post-13495","1":"product","2":"type-product","3":"status-publish","4":"has-post-thumbnail","6":"product_brand-la-espanola","7":"product_cat-sin-categorizar","8":"desktop-align-left","9":"tablet-align-left","10":"mobile-align-left","12":"first","13":"instock","14":"taxable","15":"shipping-taxable","16":"purchasable","17":"product-type-simple"},"_links":{"self":[{"href":"https:\/\/andalubox.com\/fr\/wp-json\/wp\/v2\/product\/13495","targetHints":{"allow":["GET"]}}],"collection":[{"href":"https:\/\/andalubox.com\/fr\/wp-json\/wp\/v2\/product"}],"about":[{"href":"https:\/\/andalubox.com\/fr\/wp-json\/wp\/v2\/types\/product"}],"replies":[{"embeddable":true,"href":"https:\/\/andalubox.com\/fr\/wp-json\/wp\/v2\/comments?post=13495"}],"wp:featuredmedia":[{"embeddable":true,"href":"https:\/\/andalubox.com\/fr\/wp-json\/wp\/v2\/media\/13492"}],"wp:attachment":[{"href":"https:\/\/andalubox.com\/fr\/wp-json\/wp\/v2\/media?parent=13495"}],"wp:term":[{"taxonomy":"product_brand","embeddable":true,"href":"https:\/\/andalubox.com\/fr\/wp-json\/wp\/v2\/product_brand?post=13495"},{"taxonomy":"product_cat","embeddable":true,"href":"https:\/\/andalubox.com\/fr\/wp-json\/wp\/v2\/product_cat?post=13495"},{"taxonomy":"product_tag","embeddable":true,"href":"https:\/\/andalubox.com\/fr\/wp-json\/wp\/v2\/product_tag?post=13495"}],"curies":[{"name":"wp","href":"https:\/\/api.w.org\/{rel}","templated":true}]}}