{"id":13357,"date":"2024-04-15T12:18:55","date_gmt":"2024-04-15T10:18:55","guid":{"rendered":"https:\/\/andalubox.com\/producto-andaluz\/osborne-santa-maria-cream-sweet-sherry-sherry-75cl\/"},"modified":"2025-08-02T20:33:08","modified_gmt":"2025-08-02T18:33:08","slug":"osborne-santa-maria-cream-sweet-sherry-sherry-75cl","status":"publish","type":"product","link":"https:\/\/andalubox.com\/fr\/producto-andaluz\/osborne-santa-maria-cream-sweet-sherry-sherry-75cl\/","title":{"rendered":"Osborne Santa Mar\u00eda Cream Sweet Sherry\/Sherry 75cl"},"content":{"rendered":"<p>Osborne Santa Mar\u00eda Cream Sweet Jerez\/Sherry 75cl.<\/p>\n<p>Bouquet coh\u00e9rent du raisin Palomino Fino, typique des vins de Jerez, avec des notes de raisins secs du raisin Pedro Xim\u00e9nez combin\u00e9es \u00e0 des ar\u00f4mes de ch\u00eane. <br>Un vin d&#8217;ap\u00e9ritif parfait, avec du jambon de canard, du foie ou des olives.<\/p>\n<p>Produit par Bodegas Osborne, une entreprise familiale historique fond\u00e9e en 1772 \u00e0 El Puerto de Santa Mar\u00eda, \u00e0 Cadix, en Espagne, dans le cadre de la d\u00e9nomination d&#8217;origine Jerez-X\u00e9r\u00e8s-Sherry. Ce sherry cr\u00e9meux est un m\u00e9lange de sherry sec et doux, \u00e9labor\u00e9 principalement \u00e0 partir de raisins Palomino Fino (pour sa structure) et Pedro Xim\u00e9nez (pour sa douceur), et vieilli selon le syst\u00e8me traditionnel de solera pendant une moyenne de 6 ans dans des f\u00fbts de ch\u00eane am\u00e9ricain. <\/p>\n<ul>\n\t<li>Caract\u00e9ristiques : Aspect : Acajou avec des reflets rouge\u00e2tres, l\u00e9g\u00e8rement visqueux.<\/li>\n\t<li>Ar\u00f4me : Ar\u00f4me intense de Palomino Fino avec des notes de raisins secs Pedro Xim\u00e9nez, de caramel, de figues s\u00e8ches, de pain frais, d&#8217;herbes et d&#8217;\u00e9l\u00e9gantes nuances de ch\u00eane.<\/li>\n\t<li>Go\u00fbt : moyennement cors\u00e9, harmonieux et velout\u00e9, avec une grande texture en bouche. Il offre des notes douces de raisin de Corinthe et de caramel, \u00e9quilibr\u00e9es par une l\u00e9g\u00e8re acidit\u00e9 et une finale longue et complexe avec une touche de douceur exotique. <\/li>\n\t<li>Titre alcoom\u00e9trique : 19 % vol.<\/li>\n\t<li>Vinification : Les raisins Palomino Fino cueillis \u00e0 la main sont press\u00e9s d\u00e9licatement, ferment\u00e9s \u00e0 24\u00b0C, fortifi\u00e9s \u00e0 19% avec de la liqueur et vieillis dans des f\u00fbts de ch\u00eane am\u00e9ricain de 500 litres dans le syst\u00e8me Solera, b\u00e9n\u00e9ficiant du microclimat unique d&#8217;El Puerto de Santa Mar\u00eda pour un vieillissement oxydatif lent.<\/li>\n<\/ul>\n<h2>Sp\u00e9cifications techniques<\/h2>\n<div><br><br><br><br><br>F<strong>ormat :<\/strong> bouteille de 75 cl<strong>Notes de<\/strong><strong>d\u00e9gustation :<\/strong> cors\u00e9 et harmonieux<strong>Taux d&#8217;<\/strong><strong>alcool :<\/strong> 19% vol<strong>Type de vin :<\/strong> cr\u00e8me<strong>Appellation d&#8217;origine :<\/strong> X\u00e9r\u00e8s<strong>Mill\u00e9sime :<\/strong> vieillissement moyen de 6 ans<\/div>","protected":false},"excerpt":{"rendered":"<p>Osborne Santa Mar\u00eda Cream Sweet Jerez\/Sherry 75cl vendu dans toute l&#8217;Europe.<\/p>\n","protected":false},"featured_media":13316,"comment_status":"open","ping_status":"closed","template":"","meta":{"site-sidebar-layout":"default","site-content-layout":"","ast-site-content-layout":"default","site-content-style":"default","site-sidebar-style":"default","ast-global-header-display":"","ast-banner-title-visibility":"","ast-main-header-display":"","ast-hfb-above-header-display":"","ast-hfb-below-header-display":"","ast-hfb-mobile-header-display":"","site-post-title":"","ast-breadcrumbs-content":"","ast-featured-img":"","footer-sml-layout":"","ast-disable-related-posts":"","theme-transparent-header-meta":"default","adv-header-id-meta":"","stick-header-meta":"","header-above-stick-meta":"","header-main-stick-meta":"","header-below-stick-meta":"","astra-migrate-meta-layouts":"default","ast-page-background-enabled":"default","ast-page-background-meta":{"desktop":{"background-color":"var(--ast-global-color-4)","background-image":"","background-repeat":"repeat","background-position":"center center","background-size":"auto","background-attachment":"scroll","background-type":"","background-media":"","overlay-type":"","overlay-color":"","overlay-opacity":"","overlay-gradient":""},"tablet":{"background-color":"","background-image":"","background-repeat":"repeat","background-position":"center center","background-size":"auto","background-attachment":"scroll","background-type":"","background-media":"","overlay-type":"","overlay-color":"","overlay-opacity":"","overlay-gradient":""},"mobile":{"background-color":"","background-image":"","background-repeat":"repeat","background-position":"center center","background-size":"auto","background-attachment":"scroll","background-type":"","background-media":"","overlay-type":"","overlay-color":"","overlay-opacity":"","overlay-gradient":""}},"ast-content-background-meta":{"desktop":{"background-color":"var(--ast-global-color-5)","background-image":"","background-repeat":"repeat","background-position":"center center","background-size":"auto","background-attachment":"scroll","background-type":"","background-media":"","overlay-type":"","overlay-color":"","overlay-opacity":"","overlay-gradient":""},"tablet":{"background-color":"var(--ast-global-color-5)","background-image":"","background-repeat":"repeat","background-position":"center center","background-size":"auto","background-attachment":"scroll","background-type":"","background-media":"","overlay-type":"","overlay-color":"","overlay-opacity":"","overlay-gradient":""},"mobile":{"background-color":"var(--ast-global-color-5)","background-image":"","background-repeat":"repeat","background-position":"center center","background-size":"auto","background-attachment":"scroll","background-type":"","background-media":"","overlay-type":"","overlay-color":"","overlay-opacity":"","overlay-gradient":""}}},"product_brand":[],"product_cat":[1748],"product_tag":[],"class_list":{"0":"post-13357","1":"product","2":"type-product","3":"status-publish","4":"has-post-thumbnail","6":"product_cat-generosos-fr","7":"desktop-align-left","8":"tablet-align-left","9":"mobile-align-left","11":"first","12":"instock","13":"taxable","14":"shipping-taxable","15":"purchasable","16":"product-type-simple"},"_links":{"self":[{"href":"https:\/\/andalubox.com\/fr\/wp-json\/wp\/v2\/product\/13357","targetHints":{"allow":["GET"]}}],"collection":[{"href":"https:\/\/andalubox.com\/fr\/wp-json\/wp\/v2\/product"}],"about":[{"href":"https:\/\/andalubox.com\/fr\/wp-json\/wp\/v2\/types\/product"}],"replies":[{"embeddable":true,"href":"https:\/\/andalubox.com\/fr\/wp-json\/wp\/v2\/comments?post=13357"}],"wp:featuredmedia":[{"embeddable":true,"href":"https:\/\/andalubox.com\/fr\/wp-json\/wp\/v2\/media\/13316"}],"wp:attachment":[{"href":"https:\/\/andalubox.com\/fr\/wp-json\/wp\/v2\/media?parent=13357"}],"wp:term":[{"taxonomy":"product_brand","embeddable":true,"href":"https:\/\/andalubox.com\/fr\/wp-json\/wp\/v2\/product_brand?post=13357"},{"taxonomy":"product_cat","embeddable":true,"href":"https:\/\/andalubox.com\/fr\/wp-json\/wp\/v2\/product_cat?post=13357"},{"taxonomy":"product_tag","embeddable":true,"href":"https:\/\/andalubox.com\/fr\/wp-json\/wp\/v2\/product_tag?post=13357"}],"curies":[{"name":"wp","href":"https:\/\/api.w.org\/{rel}","templated":true}]}}