{"id":13347,"date":"2024-04-15T12:09:04","date_gmt":"2024-04-15T10:09:04","guid":{"rendered":"https:\/\/andalubox.com\/producto-andaluz\/osborne-bailen-dry-sherry-sherry-75cl\/"},"modified":"2025-09-05T23:06:53","modified_gmt":"2025-09-05T21:06:53","slug":"osborne-bailen-dry-sherry-sherry-75cl","status":"publish","type":"product","link":"https:\/\/andalubox.com\/fr\/producto-andaluz\/osborne-bailen-dry-sherry-sherry-75cl\/","title":{"rendered":"Osborne Bail\u00e9n Oloroso Dry Oloroso Sherry 75 Cl"},"content":{"rendered":"<h2>Osborne Bail\u00e9n Oloroso Dry Oloroso Sherry 75 Cl<\/h2>\n<div>\n<div>\n<p>Le Osborne Bail\u00e9n Oloroso Seco Sherry est un vin fortifi\u00e9 sec de l&#8217;appellation Jerez-X\u00e9r\u00e8s-Sherry en Andalousie, Espagne, produit par les Bodegas Osborne. \u00c9labor\u00e9 \u00e0 partir de 100 % de raisins Palomino Fino, il est soumis \u00e0 un pressurage doux, \u00e0 un d\u00e9bourbage de 12 heures et \u00e0 une fermentation contr\u00f4l\u00e9e \u00e0 28 \u00b0C. <\/p>\n<p>Le vin est vieilli pendant 10 ans en moyenne dans des f\u00fbts de ch\u00eane am\u00e9ricain selon le syst\u00e8me traditionnel des criaderas et des soleras, ce qui lui conf\u00e8re un profil complexe et robuste.<\/p>\n<p>Caract\u00e9ristiques :<\/p>\n<ul>\n\t<li>Aspect : Acajou fonc\u00e9 avec des reflets ambr\u00e9s et verts.<\/li>\n\t<li>Ar\u00f4me : Intense et complexe, avec des notes de vanille, de noisette, de caramel, de caramel et de vieux ch\u00eane.<\/li>\n\t<li>Go\u00fbt : sec, \u00e9l\u00e9gant et persistant, avec des saveurs de vanille douce, de caf\u00e9 torr\u00e9fi\u00e9, de c\u00e8dre et de noix.<\/li>\n\t<li>Titre alcoom\u00e9trique : 20 % vol.<\/li>\n\t<li>Temp\u00e9rature de service : 12-16 \u00b0C, l\u00e9g\u00e8rement frais.<\/li>\n<\/ul>\n<p>Accompagnement : Id\u00e9al en ap\u00e9ritif ou avec des fromages affin\u00e9s (Manchego, Idiaz\u00e1bal, Parmesan), des viandes rouges, du gibier, des rago\u00fbts copieux ou du thon grill\u00e9.<\/p>\n<p>Notation : 90 points de Robert Parker (The Wine Advocate) et 87\/100 dans 11 critiques, il se distingue par ses notes de fruits secs, de pain grill\u00e9 et d&#8217;\u00e9pices.<\/p>\n<p>Ce sherry est un choix polyvalent et de haute qualit\u00e9 pour ceux qui recherchent un oloroso sec, aromatique et d&#8217;une grande complexit\u00e9.<\/p>\n<\/div>\n<\/div>","protected":false},"excerpt":{"rendered":"<p>Osborne Bail\u00e9n Oloroso Dry Oloroso Sherry 75 Cl<\/p>\n","protected":false},"featured_media":13308,"comment_status":"open","ping_status":"closed","template":"","meta":{"site-sidebar-layout":"default","site-content-layout":"","ast-site-content-layout":"default","site-content-style":"default","site-sidebar-style":"default","ast-global-header-display":"","ast-banner-title-visibility":"","ast-main-header-display":"","ast-hfb-above-header-display":"","ast-hfb-below-header-display":"","ast-hfb-mobile-header-display":"","site-post-title":"","ast-breadcrumbs-content":"","ast-featured-img":"","footer-sml-layout":"","ast-disable-related-posts":"","theme-transparent-header-meta":"default","adv-header-id-meta":"","stick-header-meta":"","header-above-stick-meta":"","header-main-stick-meta":"","header-below-stick-meta":"","astra-migrate-meta-layouts":"default","ast-page-background-enabled":"default","ast-page-background-meta":{"desktop":{"background-color":"var(--ast-global-color-4)","background-image":"","background-repeat":"repeat","background-position":"center center","background-size":"auto","background-attachment":"scroll","background-type":"","background-media":"","overlay-type":"","overlay-color":"","overlay-opacity":"","overlay-gradient":""},"tablet":{"background-color":"","background-image":"","background-repeat":"repeat","background-position":"center center","background-size":"auto","background-attachment":"scroll","background-type":"","background-media":"","overlay-type":"","overlay-color":"","overlay-opacity":"","overlay-gradient":""},"mobile":{"background-color":"","background-image":"","background-repeat":"repeat","background-position":"center center","background-size":"auto","background-attachment":"scroll","background-type":"","background-media":"","overlay-type":"","overlay-color":"","overlay-opacity":"","overlay-gradient":""}},"ast-content-background-meta":{"desktop":{"background-color":"var(--ast-global-color-5)","background-image":"","background-repeat":"repeat","background-position":"center center","background-size":"auto","background-attachment":"scroll","background-type":"","background-media":"","overlay-type":"","overlay-color":"","overlay-opacity":"","overlay-gradient":""},"tablet":{"background-color":"var(--ast-global-color-5)","background-image":"","background-repeat":"repeat","background-position":"center center","background-size":"auto","background-attachment":"scroll","background-type":"","background-media":"","overlay-type":"","overlay-color":"","overlay-opacity":"","overlay-gradient":""},"mobile":{"background-color":"var(--ast-global-color-5)","background-image":"","background-repeat":"repeat","background-position":"center center","background-size":"auto","background-attachment":"scroll","background-type":"","background-media":"","overlay-type":"","overlay-color":"","overlay-opacity":"","overlay-gradient":""}}},"product_brand":[],"product_cat":[1748],"product_tag":[],"class_list":{"0":"post-13347","1":"product","2":"type-product","3":"status-publish","4":"has-post-thumbnail","6":"product_cat-generosos-fr","7":"desktop-align-left","8":"tablet-align-left","9":"mobile-align-left","11":"first","12":"instock","13":"taxable","14":"shipping-taxable","15":"purchasable","16":"product-type-simple"},"_links":{"self":[{"href":"https:\/\/andalubox.com\/fr\/wp-json\/wp\/v2\/product\/13347","targetHints":{"allow":["GET"]}}],"collection":[{"href":"https:\/\/andalubox.com\/fr\/wp-json\/wp\/v2\/product"}],"about":[{"href":"https:\/\/andalubox.com\/fr\/wp-json\/wp\/v2\/types\/product"}],"replies":[{"embeddable":true,"href":"https:\/\/andalubox.com\/fr\/wp-json\/wp\/v2\/comments?post=13347"}],"wp:featuredmedia":[{"embeddable":true,"href":"https:\/\/andalubox.com\/fr\/wp-json\/wp\/v2\/media\/13308"}],"wp:attachment":[{"href":"https:\/\/andalubox.com\/fr\/wp-json\/wp\/v2\/media?parent=13347"}],"wp:term":[{"taxonomy":"product_brand","embeddable":true,"href":"https:\/\/andalubox.com\/fr\/wp-json\/wp\/v2\/product_brand?post=13347"},{"taxonomy":"product_cat","embeddable":true,"href":"https:\/\/andalubox.com\/fr\/wp-json\/wp\/v2\/product_cat?post=13347"},{"taxonomy":"product_tag","embeddable":true,"href":"https:\/\/andalubox.com\/fr\/wp-json\/wp\/v2\/product_tag?post=13347"}],"curies":[{"name":"wp","href":"https:\/\/api.w.org\/{rel}","templated":true}]}}