{"id":13288,"date":"2024-04-10T16:28:56","date_gmt":"2024-04-10T14:28:56","guid":{"rendered":"https:\/\/andalubox.com\/producto-andaluz\/pastora-manzanilla-en-rama-edition-limitee-sevilla-barbadillo-75-cl\/"},"modified":"2025-02-21T17:37:03","modified_gmt":"2025-02-21T16:37:03","slug":"pastora-manzanilla-en-rama-edition-limitee-sevilla-barbadillo-75-cl","status":"publish","type":"product","link":"https:\/\/andalubox.com\/fr\/producto-andaluz\/pastora-manzanilla-en-rama-edition-limitee-sevilla-barbadillo-75-cl\/","title":{"rendered":"Pastora Manzanilla en Rama Edici\u00f3n Limitada Sevilla Barbadillo 75 cl"},"content":{"rendered":"<h2>Sp\u00e9cifications techniques<\/h2>\n<p><strong>VIGNERIE<\/strong>: Barbadillo<br> TYPE : Manzanillas<br> DESIGNATION D<strong>&#8216;ORIGINE<\/strong>: Manzanilla &#8211; Sanl\u00facar de Barrameda<br> RAISINS : Palomino Fina<br><strong>ALCOOL<\/strong>: 15,0 %<br><strong>TEMPERATURE DE CONSOMMATION<\/strong>: 8\u00ba.<\/p>","protected":false},"excerpt":{"rendered":"<p>\u00c9dition sp\u00e9ciale de Manzanilla Pastora d\u00e9di\u00e9e \u00e0 la ville. Il s&#8217;agit d&#8217;une \u00e9dition tr\u00e8s limit\u00e9e de bouteilles num\u00e9rot\u00e9es qui reprennent une ancienne \u00e9tiquette que la cave a conserv\u00e9e dans ses archives. C&#8217;est un vin qui a beaucoup de caract\u00e8re, mais qui est en m\u00eame temps doux, d\u00e9licat, salin et extr\u00eamement fin.<\/p>\n","protected":false},"featured_media":13270,"comment_status":"open","ping_status":"closed","template":"","meta":{"site-sidebar-layout":"default","site-content-layout":"","ast-site-content-layout":"default","site-content-style":"default","site-sidebar-style":"default","ast-global-header-display":"","ast-banner-title-visibility":"","ast-main-header-display":"","ast-hfb-above-header-display":"","ast-hfb-below-header-display":"","ast-hfb-mobile-header-display":"","site-post-title":"","ast-breadcrumbs-content":"","ast-featured-img":"","footer-sml-layout":"","ast-disable-related-posts":"","theme-transparent-header-meta":"default","adv-header-id-meta":"","stick-header-meta":"","header-above-stick-meta":"","header-main-stick-meta":"","header-below-stick-meta":"","astra-migrate-meta-layouts":"default","ast-page-background-enabled":"default","ast-page-background-meta":{"desktop":{"background-color":"var(--ast-global-color-4)","background-image":"","background-repeat":"repeat","background-position":"center center","background-size":"auto","background-attachment":"scroll","background-type":"","background-media":"","overlay-type":"","overlay-color":"","overlay-opacity":"","overlay-gradient":""},"tablet":{"background-color":"","background-image":"","background-repeat":"repeat","background-position":"center center","background-size":"auto","background-attachment":"scroll","background-type":"","background-media":"","overlay-type":"","overlay-color":"","overlay-opacity":"","overlay-gradient":""},"mobile":{"background-color":"","background-image":"","background-repeat":"repeat","background-position":"center center","background-size":"auto","background-attachment":"scroll","background-type":"","background-media":"","overlay-type":"","overlay-color":"","overlay-opacity":"","overlay-gradient":""}},"ast-content-background-meta":{"desktop":{"background-color":"var(--ast-global-color-5)","background-image":"","background-repeat":"repeat","background-position":"center center","background-size":"auto","background-attachment":"scroll","background-type":"","background-media":"","overlay-type":"","overlay-color":"","overlay-opacity":"","overlay-gradient":""},"tablet":{"background-color":"var(--ast-global-color-5)","background-image":"","background-repeat":"repeat","background-position":"center center","background-size":"auto","background-attachment":"scroll","background-type":"","background-media":"","overlay-type":"","overlay-color":"","overlay-opacity":"","overlay-gradient":""},"mobile":{"background-color":"var(--ast-global-color-5)","background-image":"","background-repeat":"repeat","background-position":"center center","background-size":"auto","background-attachment":"scroll","background-type":"","background-media":"","overlay-type":"","overlay-color":"","overlay-opacity":"","overlay-gradient":""}}},"product_brand":[1314],"product_cat":[15],"product_tag":[],"class_list":{"0":"post-13288","1":"product","2":"type-product","3":"status-publish","4":"has-post-thumbnail","6":"product_brand-bodegas-barbadillo","7":"product_cat-sin-categorizar","8":"desktop-align-left","9":"tablet-align-left","10":"mobile-align-left","12":"first","13":"outofstock","14":"taxable","15":"shipping-taxable","16":"purchasable","17":"product-type-simple"},"_links":{"self":[{"href":"https:\/\/andalubox.com\/fr\/wp-json\/wp\/v2\/product\/13288","targetHints":{"allow":["GET"]}}],"collection":[{"href":"https:\/\/andalubox.com\/fr\/wp-json\/wp\/v2\/product"}],"about":[{"href":"https:\/\/andalubox.com\/fr\/wp-json\/wp\/v2\/types\/product"}],"replies":[{"embeddable":true,"href":"https:\/\/andalubox.com\/fr\/wp-json\/wp\/v2\/comments?post=13288"}],"wp:featuredmedia":[{"embeddable":true,"href":"https:\/\/andalubox.com\/fr\/wp-json\/wp\/v2\/media\/13270"}],"wp:attachment":[{"href":"https:\/\/andalubox.com\/fr\/wp-json\/wp\/v2\/media?parent=13288"}],"wp:term":[{"taxonomy":"product_brand","embeddable":true,"href":"https:\/\/andalubox.com\/fr\/wp-json\/wp\/v2\/product_brand?post=13288"},{"taxonomy":"product_cat","embeddable":true,"href":"https:\/\/andalubox.com\/fr\/wp-json\/wp\/v2\/product_cat?post=13288"},{"taxonomy":"product_tag","embeddable":true,"href":"https:\/\/andalubox.com\/fr\/wp-json\/wp\/v2\/product_tag?post=13288"}],"curies":[{"name":"wp","href":"https:\/\/api.w.org\/{rel}","templated":true}]}}