{"id":13245,"date":"2024-04-03T17:45:26","date_gmt":"2024-04-03T15:45:26","guid":{"rendered":"https:\/\/andalubox.com\/producto-andaluz\/vinaigre-de-xeres-biologique-barbadillo\/"},"modified":"2025-09-02T22:35:58","modified_gmt":"2025-09-02T20:35:58","slug":"vinaigre-de-xeres-biologique-barbadillo","status":"publish","type":"product","link":"https:\/\/andalubox.com\/fr\/producto-andaluz\/vinaigre-de-xeres-biologique-barbadillo\/","title":{"rendered":"Barbadillo Organic Vinaigre de X\u00e9r\u00e8s Reserva de Jerez 250ml"},"content":{"rendered":"<p>Barbadillo Vinagre Ecol\u00f3gico Reserva de Jerez 250 Ml.<\/p>\n<p>Le vinaigre de x\u00e9r\u00e8s biologique Barbadillo Reserva de Jerez 250 ml est un vinaigre de x\u00e9r\u00e8s biologique produit par les Bodegas Barbadillo, un domaine viticole familial renomm\u00e9 de Jerez, en Espagne, fond\u00e9 en 1821.<\/p>\n<p>Origine et \u00e9laboration : Ce vinaigre est \u00e9labor\u00e9 \u00e0 partir de raisins Palomino Fino biologiques cultiv\u00e9s dans des vignobles artisanaux de la r\u00e9gion du Marco de Jerez. Le processus d&#8217;\u00e9laboration suit des techniques biologiques, depuis la culture du raisin jusqu&#8217;\u00e0 la fermentation, l&#8217;ac\u00e9tification et le vieillissement, conform\u00e9ment aux normes de l&#8217;appellation d&#8217;origine prot\u00e9g\u00e9e (AOP) Vinagre de Jerez. Il est vieilli selon la m\u00e9thode traditionnelle des soleras et criaderas en f\u00fbts de ch\u00eane, ce qui contribue \u00e0 la complexit\u00e9 de son profil aromatique.  <\/p>\n<p>Caract\u00e9ristiques :<\/p>\n<ul>\n\t<li>Couleur : ambre d&#8217;intensit\u00e9 moyenne, nette et brillante.<\/li>\n\t<li>Ar\u00f4me : Notes ac\u00e9tiques intenses avec des notes de compote d&#8217;abricot, offrant une fra\u00eecheur surprenante.<\/li>\n\t<li>Go\u00fbt : Complexe avec des notes subtiles de compote de fruits \u00e0 noyau, id\u00e9al pour rehausser les plats avec quelques gouttes.<\/li>\n\t<li>Acidit\u00e9 : 7% d&#8217;acidit\u00e9 selon certaines sources.<\/li>\n\t<li>Volume : flacon en verre de 250 ml.<\/li>\n\t<li>Utilisations culinaires : Son profil robuste et frais permet de le saupoudrer sur les \u0153ufs au plat, les l\u00e9gumineuses ou les salades, de cr\u00e9er des marinades (par exemple avec de l&#8217;ail, du gros sel, du poivre, des clous de girofle et du paprika) ou de pr\u00e9parer des marinades l\u00e9g\u00e8res pour les poissons. Il est particuli\u00e8rement adapt\u00e9 aux plats frais ou aux marinades de haute qualit\u00e9. <\/li>\n<\/ul>\n<p>Contexte historique : Historiquement, le vinaigre de x\u00e9r\u00e8s \u00e9tait appel\u00e9 par euph\u00e9misme &#8220;vin de pot-au-feu&#8221; lorsque les vins \u00e9taient transform\u00e9s en vinaigre, initialement partag\u00e9 uniquement entre les employ\u00e9s, la famille et les amis. Depuis, le vinaigre de Barbadillo est reconnu comme un condiment de choix dans la cuisine m\u00e9diterran\u00e9enne. <\/p>","protected":false},"excerpt":{"rendered":"<p>Barbadillo Vinagre Ecol\u00f3gico Reserva de Jerez 250 Ml, pour l&#8217;exportation vers TOUTE L&#8217;EUROPE.<\/p>\n<p>&nbsp;<\/p>\n","protected":false},"featured_media":13242,"comment_status":"open","ping_status":"closed","template":"","meta":{"site-sidebar-layout":"default","site-content-layout":"","ast-site-content-layout":"default","site-content-style":"default","site-sidebar-style":"default","ast-global-header-display":"","ast-banner-title-visibility":"","ast-main-header-display":"","ast-hfb-above-header-display":"","ast-hfb-below-header-display":"","ast-hfb-mobile-header-display":"","site-post-title":"","ast-breadcrumbs-content":"","ast-featured-img":"","footer-sml-layout":"","ast-disable-related-posts":"","theme-transparent-header-meta":"default","adv-header-id-meta":"","stick-header-meta":"","header-above-stick-meta":"","header-main-stick-meta":"","header-below-stick-meta":"","astra-migrate-meta-layouts":"default","ast-page-background-enabled":"default","ast-page-background-meta":{"desktop":{"background-color":"var(--ast-global-color-4)","background-image":"","background-repeat":"repeat","background-position":"center center","background-size":"auto","background-attachment":"scroll","background-type":"","background-media":"","overlay-type":"","overlay-color":"","overlay-opacity":"","overlay-gradient":""},"tablet":{"background-color":"","background-image":"","background-repeat":"repeat","background-position":"center center","background-size":"auto","background-attachment":"scroll","background-type":"","background-media":"","overlay-type":"","overlay-color":"","overlay-opacity":"","overlay-gradient":""},"mobile":{"background-color":"","background-image":"","background-repeat":"repeat","background-position":"center center","background-size":"auto","background-attachment":"scroll","background-type":"","background-media":"","overlay-type":"","overlay-color":"","overlay-opacity":"","overlay-gradient":""}},"ast-content-background-meta":{"desktop":{"background-color":"var(--ast-global-color-5)","background-image":"","background-repeat":"repeat","background-position":"center center","background-size":"auto","background-attachment":"scroll","background-type":"","background-media":"","overlay-type":"","overlay-color":"","overlay-opacity":"","overlay-gradient":""},"tablet":{"background-color":"var(--ast-global-color-5)","background-image":"","background-repeat":"repeat","background-position":"center center","background-size":"auto","background-attachment":"scroll","background-type":"","background-media":"","overlay-type":"","overlay-color":"","overlay-opacity":"","overlay-gradient":""},"mobile":{"background-color":"var(--ast-global-color-5)","background-image":"","background-repeat":"repeat","background-position":"center center","background-size":"auto","background-attachment":"scroll","background-type":"","background-media":"","overlay-type":"","overlay-color":"","overlay-opacity":"","overlay-gradient":""}}},"product_brand":[1314],"product_cat":[304],"product_tag":[],"class_list":{"0":"post-13245","1":"product","2":"type-product","3":"status-publish","4":"has-post-thumbnail","6":"product_brand-bodegas-barbadillo","7":"product_cat-vinaigre","8":"desktop-align-left","9":"tablet-align-left","10":"mobile-align-left","12":"first","13":"instock","14":"taxable","15":"shipping-taxable","16":"purchasable","17":"product-type-simple"},"_links":{"self":[{"href":"https:\/\/andalubox.com\/fr\/wp-json\/wp\/v2\/product\/13245","targetHints":{"allow":["GET"]}}],"collection":[{"href":"https:\/\/andalubox.com\/fr\/wp-json\/wp\/v2\/product"}],"about":[{"href":"https:\/\/andalubox.com\/fr\/wp-json\/wp\/v2\/types\/product"}],"replies":[{"embeddable":true,"href":"https:\/\/andalubox.com\/fr\/wp-json\/wp\/v2\/comments?post=13245"}],"wp:featuredmedia":[{"embeddable":true,"href":"https:\/\/andalubox.com\/fr\/wp-json\/wp\/v2\/media\/13242"}],"wp:attachment":[{"href":"https:\/\/andalubox.com\/fr\/wp-json\/wp\/v2\/media?parent=13245"}],"wp:term":[{"taxonomy":"product_brand","embeddable":true,"href":"https:\/\/andalubox.com\/fr\/wp-json\/wp\/v2\/product_brand?post=13245"},{"taxonomy":"product_cat","embeddable":true,"href":"https:\/\/andalubox.com\/fr\/wp-json\/wp\/v2\/product_cat?post=13245"},{"taxonomy":"product_tag","embeddable":true,"href":"https:\/\/andalubox.com\/fr\/wp-json\/wp\/v2\/product_tag?post=13245"}],"curies":[{"name":"wp","href":"https:\/\/api.w.org\/{rel}","templated":true}]}}