{"id":13236,"date":"2024-04-03T17:31:13","date_gmt":"2024-04-03T15:31:13","guid":{"rendered":"https:\/\/andalubox.com\/producto-andaluz\/camomille-bio-vigne-salicornia\/"},"modified":"2025-09-02T22:40:43","modified_gmt":"2025-09-02T20:40:43","slug":"camomille-bio-vigne-salicornia","status":"publish","type":"product","link":"https:\/\/andalubox.com\/fr\/producto-andaluz\/camomille-bio-vigne-salicornia\/","title":{"rendered":"Salicornia Manzanilla en Rama Ecologique 75 Cl"},"content":{"rendered":"<h2>Salicornia Manzanilla en Rama Ecologique 75 Cl<\/h2>\n<p>Salicornia Manzanilla en Rama Ecol\u00f3gica 75 cl est une manzanilla biologique unique \u00e9labor\u00e9e par Bodegas Barbadillo \u00e0 Sanl\u00facar de Barrameda, Cadix, Espagne.  <\/p>\n<p>Origine et production : Cette manzanilla fait partie de la collection de vins biologiques &#8220;Cielo, Tierra y Mar&#8221; de Barbadillo, qui met l&#8217;accent sur la durabilit\u00e9 environnementale. Il est \u00e9labor\u00e9 avec 100 % de raisins Palomino Fino provenant de deux vignobles certifi\u00e9s biologiques, Balba\u00edna et Burujena. <\/p>\n<p>Le Balba\u00edna a \u00e9t\u00e9 le premier vin du Marco de Jerez \u00e0 recevoir la certification biologique il y a pr\u00e8s de 25 ans. Le vin est vinifi\u00e9 s\u00e9par\u00e9ment dans chaque vignoble, ferment\u00e9 en acier inoxydable \u00e0 des temp\u00e9ratures contr\u00f4l\u00e9es et vieilli biologiquement sous v\u00e9lo de flor dans un syst\u00e8me de solera avec 100 f\u00fbts r\u00e9partis dans trois criaderas de la bodega historique La Arboledilla, construite en 1876. Les barriques sont expos\u00e9es au vent d&#8217;ouest provenant de la mer, ce qui contribue \u00e0 son caract\u00e8re distinctif. Il est mis en bouteille seul (non filtr\u00e9 ou l\u00e9g\u00e8rement filtr\u00e9) afin de pr\u00e9server ses ar\u00f4mes et ses saveurs.   <\/p>\n<p>Notes de d\u00e9gustation :<\/p>\n<ul>\n\t<li>Couleur : jaune paille p\u00e2le, brillant avec des reflets vifs.<\/li>\n\t<li>Nez : Intense et raffin\u00e9, avec des ar\u00f4mes de sel, d&#8217;iode, d&#8217;olive, de citron vert, de camomille et de fruits secs.<\/li>\n\t<li>Bouche : s\u00e8che, saline, l\u00e9g\u00e8rement am\u00e8re, avec une finale douce, harmonieuse et persistante, avec des notes de fruits secs et une oxydation subtile. Il est qualifi\u00e9 de rond, complexe et \u00e9l\u00e9gant, avec une texture soyeuse. <\/li>\n<\/ul>\n<p>Caract\u00e9ristiques : Cette manzanilla se distingue par son profil salin et l\u00e9g\u00e8rement amer, qui refl\u00e8te l&#8217;influence de la c\u00f4te et des marais de Cadix. Elle est vieillie pendant trois \u00e0 six ans environ, selon son origine, et son taux d&#8217;alcool est de 15 % vol. Sa premi\u00e8re \u00e9dition, en 2023, n&#8217;a compt\u00e9 que 3500 bouteilles, ce qui en fait une exclusivit\u00e9.  <\/p>\n<p>Accompagnement : se marie bien avec les entr\u00e9es, les fruits de mer, le poisson, les fromages affin\u00e9s et les plats tels que le ceviche ou les plats v\u00e9g\u00e9tariens.<\/p>\n<p>Importance : Ce vin, nomm\u00e9 d&#8217;apr\u00e8s la salicorne (asperge de mer), une plante saline comestible originaire des marais de Cadix, souligne l&#8217;engagement de Barbadillo envers l&#8217;environnement local. Il s&#8217;agit du seul Manzanilla en rama biologique actuellement sur le march\u00e9, lanc\u00e9 en novembre 2023 apr\u00e8s quatre ans de d\u00e9veloppement depuis septembre 2019. <\/p>\n<p>&nbsp;<\/p>","protected":false},"excerpt":{"rendered":"<p>Salicornia Manzanilla en Rama Ecol\u00f3gica 75 Cl, pour l&#8217;exportation vers TOUTE L&#8217;EUROPE.<\/p>\n","protected":false},"featured_media":13233,"comment_status":"open","ping_status":"closed","template":"","meta":{"site-sidebar-layout":"default","site-content-layout":"","ast-site-content-layout":"default","site-content-style":"default","site-sidebar-style":"default","ast-global-header-display":"","ast-banner-title-visibility":"","ast-main-header-display":"","ast-hfb-above-header-display":"","ast-hfb-below-header-display":"","ast-hfb-mobile-header-display":"","site-post-title":"","ast-breadcrumbs-content":"","ast-featured-img":"","footer-sml-layout":"","ast-disable-related-posts":"","theme-transparent-header-meta":"default","adv-header-id-meta":"","stick-header-meta":"","header-above-stick-meta":"","header-main-stick-meta":"","header-below-stick-meta":"","astra-migrate-meta-layouts":"default","ast-page-background-enabled":"default","ast-page-background-meta":{"desktop":{"background-color":"var(--ast-global-color-4)","background-image":"","background-repeat":"repeat","background-position":"center center","background-size":"auto","background-attachment":"scroll","background-type":"","background-media":"","overlay-type":"","overlay-color":"","overlay-opacity":"","overlay-gradient":""},"tablet":{"background-color":"","background-image":"","background-repeat":"repeat","background-position":"center center","background-size":"auto","background-attachment":"scroll","background-type":"","background-media":"","overlay-type":"","overlay-color":"","overlay-opacity":"","overlay-gradient":""},"mobile":{"background-color":"","background-image":"","background-repeat":"repeat","background-position":"center center","background-size":"auto","background-attachment":"scroll","background-type":"","background-media":"","overlay-type":"","overlay-color":"","overlay-opacity":"","overlay-gradient":""}},"ast-content-background-meta":{"desktop":{"background-color":"var(--ast-global-color-5)","background-image":"","background-repeat":"repeat","background-position":"center center","background-size":"auto","background-attachment":"scroll","background-type":"","background-media":"","overlay-type":"","overlay-color":"","overlay-opacity":"","overlay-gradient":""},"tablet":{"background-color":"var(--ast-global-color-5)","background-image":"","background-repeat":"repeat","background-position":"center center","background-size":"auto","background-attachment":"scroll","background-type":"","background-media":"","overlay-type":"","overlay-color":"","overlay-opacity":"","overlay-gradient":""},"mobile":{"background-color":"var(--ast-global-color-5)","background-image":"","background-repeat":"repeat","background-position":"center center","background-size":"auto","background-attachment":"scroll","background-type":"","background-media":"","overlay-type":"","overlay-color":"","overlay-opacity":"","overlay-gradient":""}}},"product_brand":[1420],"product_cat":[],"product_tag":[],"class_list":{"0":"post-13236","1":"product","2":"type-product","3":"status-publish","4":"has-post-thumbnail","6":"product_brand-salicornia","7":"desktop-align-left","8":"tablet-align-left","9":"mobile-align-left","11":"first","12":"instock","13":"taxable","14":"shipping-taxable","15":"purchasable","16":"product-type-simple"},"_links":{"self":[{"href":"https:\/\/andalubox.com\/fr\/wp-json\/wp\/v2\/product\/13236","targetHints":{"allow":["GET"]}}],"collection":[{"href":"https:\/\/andalubox.com\/fr\/wp-json\/wp\/v2\/product"}],"about":[{"href":"https:\/\/andalubox.com\/fr\/wp-json\/wp\/v2\/types\/product"}],"replies":[{"embeddable":true,"href":"https:\/\/andalubox.com\/fr\/wp-json\/wp\/v2\/comments?post=13236"}],"wp:featuredmedia":[{"embeddable":true,"href":"https:\/\/andalubox.com\/fr\/wp-json\/wp\/v2\/media\/13233"}],"wp:attachment":[{"href":"https:\/\/andalubox.com\/fr\/wp-json\/wp\/v2\/media?parent=13236"}],"wp:term":[{"taxonomy":"product_brand","embeddable":true,"href":"https:\/\/andalubox.com\/fr\/wp-json\/wp\/v2\/product_brand?post=13236"},{"taxonomy":"product_cat","embeddable":true,"href":"https:\/\/andalubox.com\/fr\/wp-json\/wp\/v2\/product_cat?post=13236"},{"taxonomy":"product_tag","embeddable":true,"href":"https:\/\/andalubox.com\/fr\/wp-json\/wp\/v2\/product_tag?post=13236"}],"curies":[{"name":"wp","href":"https:\/\/api.w.org\/{rel}","templated":true}]}}