{"id":13053,"date":"2024-02-21T17:16:50","date_gmt":"2024-02-21T16:16:50","guid":{"rendered":"https:\/\/andalubox.com\/producto-andaluz\/clipper-refresco-canario-strawberry-33-cl-canister\/"},"modified":"2025-04-10T13:37:22","modified_gmt":"2025-04-10T11:37:22","slug":"clipper-refresco-canario-strawberry-33-cl-canister","status":"publish","type":"product","link":"https:\/\/andalubox.com\/fr\/producto-andaluz\/clipper-refresco-canario-strawberry-33-cl-canister\/","title":{"rendered":"Refresco Canario Clipper strawberry 33 Cl Canister"},"content":{"rendered":"<h2 class=\"info-title\">Coupe-fraise<\/h2>\n<p class=\"info-title\">Boisson rafra\u00eechissante Clipper \u00e0 la fraise, canette de 33 cl (original des \u00eeles Canaries) : Savourez le go\u00fbt rafra\u00eechissant et d\u00e9licieux des fraises avec cette boisson rafra\u00eechissante Clipper. Connue pour son authenticit\u00e9, cette boisson rafra\u00eechissante est originaire des magnifiques \u00eeles Canaries. Auparavant uniquement disponible dans les \u00eeles Canaries, Andalubox distribue d\u00e9sormais ses produits dans toute l&#8217;Europe \u00e0 partir de S\u00e9ville. Ne manquez pas l&#8217;occasion de go\u00fbter cette boisson unique et de savourer l&#8217;authentique saveur originale des \u00eeles Canaries. Rafra\u00eechissez votre palais \u00e0 chaque gorg\u00e9e<\/p>\n<p><strong>D\u00c9J\u00c0 SUR LA P\u00c9NINSULE. Livraison dans toute l&#8217;Europe \u00e0 partir de S\u00e9ville.<\/strong><\/p>\n<p><img fetchpriority=\"high\" decoding=\"async\" class=\"alignnone size-medium wp-image-13062\" src=\"https:\/\/andalubox.com\/wp-content\/uploads\/2024\/02\/clipper-fresa-lata-400x500.jpg\" alt=\"Canette de soda \u00e0 la fraise tenue \u00e0 la main sur fond de vitrine de magasin Andalubox.\" width=\"400\" height=\"500\" srcset=\"https:\/\/andalubox.com\/wp-content\/uploads\/2024\/02\/clipper-fresa-lata-400x500.jpg 400w, https:\/\/andalubox.com\/wp-content\/uploads\/2024\/02\/clipper-fresa-lata-819x1024.jpg 819w, https:\/\/andalubox.com\/wp-content\/uploads\/2024\/02\/clipper-fresa-lata-768x960.jpg 768w, https:\/\/andalubox.com\/wp-content\/uploads\/2024\/02\/clipper-fresa-lata-600x750.jpg 600w, https:\/\/andalubox.com\/wp-content\/uploads\/2024\/02\/clipper-fresa-lata.jpg 1080w\" sizes=\"(max-width: 400px) 100vw, 400px\" \/><\/p>\n<p>Photographie de la fraise Clipper can dans Andalubox<\/p>","protected":false},"excerpt":{"rendered":"<p>La d\u00e9licieuse r\u00e9volution des saveurs arrive chez Andalubox avec la boisson rafra\u00eechissante <strong>Clipper Strawberry<\/strong> en canette de 33cl ! Pr\u00e9parez-vous \u00e0 vivre une exp\u00e9rience rafra\u00eechissante sans pr\u00e9c\u00e9dent.<br \/><strong><span style=\"font-size: 16px\">D\u00c9J\u00c0 SUR LA P\u00c9NINSULE. Livraison dans toute l&#8217;Europe \u00e0 partir de S\u00e9ville.<\/span><\/strong><\/p>\n","protected":false},"featured_media":13049,"comment_status":"open","ping_status":"closed","template":"","meta":{"site-sidebar-layout":"default","site-content-layout":"","ast-site-content-layout":"default","site-content-style":"default","site-sidebar-style":"default","ast-global-header-display":"","ast-banner-title-visibility":"","ast-main-header-display":"","ast-hfb-above-header-display":"","ast-hfb-below-header-display":"","ast-hfb-mobile-header-display":"","site-post-title":"","ast-breadcrumbs-content":"","ast-featured-img":"","footer-sml-layout":"","ast-disable-related-posts":"","theme-transparent-header-meta":"default","adv-header-id-meta":"","stick-header-meta":"","header-above-stick-meta":"","header-main-stick-meta":"","header-below-stick-meta":"","astra-migrate-meta-layouts":"default","ast-page-background-enabled":"default","ast-page-background-meta":{"desktop":{"background-color":"var(--ast-global-color-4)","background-image":"","background-repeat":"repeat","background-position":"center center","background-size":"auto","background-attachment":"scroll","background-type":"","background-media":"","overlay-type":"","overlay-color":"","overlay-opacity":"","overlay-gradient":""},"tablet":{"background-color":"","background-image":"","background-repeat":"repeat","background-position":"center center","background-size":"auto","background-attachment":"scroll","background-type":"","background-media":"","overlay-type":"","overlay-color":"","overlay-opacity":"","overlay-gradient":""},"mobile":{"background-color":"","background-image":"","background-repeat":"repeat","background-position":"center center","background-size":"auto","background-attachment":"scroll","background-type":"","background-media":"","overlay-type":"","overlay-color":"","overlay-opacity":"","overlay-gradient":""}},"ast-content-background-meta":{"desktop":{"background-color":"var(--ast-global-color-5)","background-image":"","background-repeat":"repeat","background-position":"center center","background-size":"auto","background-attachment":"scroll","background-type":"","background-media":"","overlay-type":"","overlay-color":"","overlay-opacity":"","overlay-gradient":""},"tablet":{"background-color":"var(--ast-global-color-5)","background-image":"","background-repeat":"repeat","background-position":"center center","background-size":"auto","background-attachment":"scroll","background-type":"","background-media":"","overlay-type":"","overlay-color":"","overlay-opacity":"","overlay-gradient":""},"mobile":{"background-color":"var(--ast-global-color-5)","background-image":"","background-repeat":"repeat","background-position":"center center","background-size":"auto","background-attachment":"scroll","background-type":"","background-media":"","overlay-type":"","overlay-color":"","overlay-opacity":"","overlay-gradient":""}}},"product_brand":[1418],"product_cat":[422],"product_tag":[],"class_list":{"0":"post-13053","1":"product","2":"type-product","3":"status-publish","4":"has-post-thumbnail","6":"product_brand-clipper","7":"product_cat-boissons-non-alcoolisees-fr","8":"desktop-align-left","9":"tablet-align-left","10":"mobile-align-left","12":"first","13":"outofstock","14":"taxable","15":"shipping-taxable","16":"purchasable","17":"product-type-simple"},"_links":{"self":[{"href":"https:\/\/andalubox.com\/fr\/wp-json\/wp\/v2\/product\/13053","targetHints":{"allow":["GET"]}}],"collection":[{"href":"https:\/\/andalubox.com\/fr\/wp-json\/wp\/v2\/product"}],"about":[{"href":"https:\/\/andalubox.com\/fr\/wp-json\/wp\/v2\/types\/product"}],"replies":[{"embeddable":true,"href":"https:\/\/andalubox.com\/fr\/wp-json\/wp\/v2\/comments?post=13053"}],"wp:featuredmedia":[{"embeddable":true,"href":"https:\/\/andalubox.com\/fr\/wp-json\/wp\/v2\/media\/13049"}],"wp:attachment":[{"href":"https:\/\/andalubox.com\/fr\/wp-json\/wp\/v2\/media?parent=13053"}],"wp:term":[{"taxonomy":"product_brand","embeddable":true,"href":"https:\/\/andalubox.com\/fr\/wp-json\/wp\/v2\/product_brand?post=13053"},{"taxonomy":"product_cat","embeddable":true,"href":"https:\/\/andalubox.com\/fr\/wp-json\/wp\/v2\/product_cat?post=13053"},{"taxonomy":"product_tag","embeddable":true,"href":"https:\/\/andalubox.com\/fr\/wp-json\/wp\/v2\/product_tag?post=13053"}],"curies":[{"name":"wp","href":"https:\/\/api.w.org\/{rel}","templated":true}]}}