{"id":13022,"date":"2024-02-13T09:34:36","date_gmt":"2024-02-13T08:34:36","guid":{"rendered":"https:\/\/andalubox.com\/producto-andaluz\/vin-blanc-atuna-de-cadix-75-cl\/"},"modified":"2024-10-23T17:38:02","modified_gmt":"2024-10-23T15:38:02","slug":"vin-blanc-atuna-de-cadix-75-cl","status":"publish","type":"product","link":"https:\/\/andalubox.com\/fr\/producto-andaluz\/vin-blanc-atuna-de-cadix-75-cl\/","title":{"rendered":"Vin blanc Atuna de Cadix 75 cl"},"content":{"rendered":"<p><br><br> <br>T<strong>ype :<\/strong> jeune vin blanc<strong>Zone :<\/strong> Cadix, Espagne<strong>Producteur :<\/strong> Santiago Jordi<strong>Vinification :<\/strong> vendanges manuelles \u00e0 partir d&#8217;une parcelle de raisins Palomino Fino de plus de 30 ans situ\u00e9e dans la ville de Trebujena, avec des sols Albariza riches en calcaire. Fermentation alcoolique en f\u00fbts de ch\u00eane am\u00e9ricain \u00e0 basse temp\u00e9rature. Apr\u00e8s la fermentation, le vin est conserv\u00e9 pendant au moins un mois au contact des fines lies de fermentation.<\/p>","protected":false},"excerpt":{"rendered":"<p>Santiago Jordi revient \u00e0 ses origines, \u00e0 la r\u00e9gion du Marco del Jerez, et plus pr\u00e9cis\u00e9ment aux anciens vignobles de la ville de Trebujena. Vigneron dans plusieurs r\u00e9gions d&#8217;Espagne, il travaille cette fois avec un <strong>vignoble de Palomino fino sur des sols d&#8217;Albariza<\/strong> qui re\u00e7oit les brises douces mais fra\u00eeches du Guadalquivir et de l&#8217;Atlantique. L&#8217;<strong>Atuna Palomino<\/strong> est un vin blanc frais et tr\u00e8s l\u00e9ger, avec seulement 11 degr\u00e9s d&#8217;alcool. Il est \u00e9labor\u00e9 de la mani\u00e8re la plus traditionnelle de la r\u00e9gion, avec une fermentation en f\u00fbts de ch\u00eane.<\/p>\n","protected":false},"featured_media":13019,"comment_status":"open","ping_status":"closed","template":"","meta":{"site-sidebar-layout":"default","site-content-layout":"","ast-site-content-layout":"default","site-content-style":"default","site-sidebar-style":"default","ast-global-header-display":"","ast-banner-title-visibility":"","ast-main-header-display":"","ast-hfb-above-header-display":"","ast-hfb-below-header-display":"","ast-hfb-mobile-header-display":"","site-post-title":"","ast-breadcrumbs-content":"","ast-featured-img":"","footer-sml-layout":"","ast-disable-related-posts":"","theme-transparent-header-meta":"default","adv-header-id-meta":"","stick-header-meta":"","header-above-stick-meta":"","header-main-stick-meta":"","header-below-stick-meta":"","astra-migrate-meta-layouts":"default","ast-page-background-enabled":"default","ast-page-background-meta":{"desktop":{"background-color":"var(--ast-global-color-4)","background-image":"","background-repeat":"repeat","background-position":"center center","background-size":"auto","background-attachment":"scroll","background-type":"","background-media":"","overlay-type":"","overlay-color":"","overlay-opacity":"","overlay-gradient":""},"tablet":{"background-color":"","background-image":"","background-repeat":"repeat","background-position":"center center","background-size":"auto","background-attachment":"scroll","background-type":"","background-media":"","overlay-type":"","overlay-color":"","overlay-opacity":"","overlay-gradient":""},"mobile":{"background-color":"","background-image":"","background-repeat":"repeat","background-position":"center center","background-size":"auto","background-attachment":"scroll","background-type":"","background-media":"","overlay-type":"","overlay-color":"","overlay-opacity":"","overlay-gradient":""}},"ast-content-background-meta":{"desktop":{"background-color":"var(--ast-global-color-5)","background-image":"","background-repeat":"repeat","background-position":"center center","background-size":"auto","background-attachment":"scroll","background-type":"","background-media":"","overlay-type":"","overlay-color":"","overlay-opacity":"","overlay-gradient":""},"tablet":{"background-color":"var(--ast-global-color-5)","background-image":"","background-repeat":"repeat","background-position":"center center","background-size":"auto","background-attachment":"scroll","background-type":"","background-media":"","overlay-type":"","overlay-color":"","overlay-opacity":"","overlay-gradient":""},"mobile":{"background-color":"var(--ast-global-color-5)","background-image":"","background-repeat":"repeat","background-position":"center center","background-size":"auto","background-attachment":"scroll","background-type":"","background-media":"","overlay-type":"","overlay-color":"","overlay-opacity":"","overlay-gradient":""}}},"product_brand":[1417],"product_cat":[292],"product_tag":[],"class_list":{"0":"post-13022","1":"product","2":"type-product","3":"status-publish","4":"has-post-thumbnail","6":"product_brand-sancha-perez","7":"product_cat-vin-blanc","8":"desktop-align-left","9":"tablet-align-left","10":"mobile-align-left","12":"first","13":"outofstock","14":"taxable","15":"shipping-taxable","16":"purchasable","17":"product-type-simple"},"_links":{"self":[{"href":"https:\/\/andalubox.com\/fr\/wp-json\/wp\/v2\/product\/13022","targetHints":{"allow":["GET"]}}],"collection":[{"href":"https:\/\/andalubox.com\/fr\/wp-json\/wp\/v2\/product"}],"about":[{"href":"https:\/\/andalubox.com\/fr\/wp-json\/wp\/v2\/types\/product"}],"replies":[{"embeddable":true,"href":"https:\/\/andalubox.com\/fr\/wp-json\/wp\/v2\/comments?post=13022"}],"wp:featuredmedia":[{"embeddable":true,"href":"https:\/\/andalubox.com\/fr\/wp-json\/wp\/v2\/media\/13019"}],"wp:attachment":[{"href":"https:\/\/andalubox.com\/fr\/wp-json\/wp\/v2\/media?parent=13022"}],"wp:term":[{"taxonomy":"product_brand","embeddable":true,"href":"https:\/\/andalubox.com\/fr\/wp-json\/wp\/v2\/product_brand?post=13022"},{"taxonomy":"product_cat","embeddable":true,"href":"https:\/\/andalubox.com\/fr\/wp-json\/wp\/v2\/product_cat?post=13022"},{"taxonomy":"product_tag","embeddable":true,"href":"https:\/\/andalubox.com\/fr\/wp-json\/wp\/v2\/product_tag?post=13022"}],"curies":[{"name":"wp","href":"https:\/\/api.w.org\/{rel}","templated":true}]}}