{"id":12647,"date":"2024-01-18T09:36:43","date_gmt":"2024-01-18T08:36:43","guid":{"rendered":"https:\/\/andalubox.com\/producto-andaluz\/lobo-cream-tequila-pasteque-melon-vert-agave-70-cl\/"},"modified":"2025-08-06T15:40:21","modified_gmt":"2025-08-06T13:40:21","slug":"lobo-cream-tequila-pasteque-melon-vert-agave-70-cl","status":"publish","type":"product","link":"https:\/\/andalubox.com\/fr\/producto-andaluz\/lobo-cream-tequila-pasteque-melon-vert-agave-70-cl\/","title":{"rendered":"Lobo Green Cream Tequila Melon d&#8217;eau 70 CL"},"content":{"rendered":"<p>Lobo Green Cream Tequila Melon d&#8217;eau 70 CL<\/p>\n<p>LOBO est une jeune marque qui d\u00e9barque sur le march\u00e9 avec une cr\u00e8me de tequila et un nouveau concept de marque bas\u00e9 sur la qualit\u00e9, l&#8217;innovation et la proximit\u00e9 avec le consommateur. En ao\u00fbt 2021, dans les profondeurs du parc naturel du D\u00e9troit, un nouvel \u00eatre voit le jour. Un \u00eatre au caract\u00e8re tr\u00e8s particulier et \u00e0 l&#8217;essence \u00e9ternelle. Un \u00eatre appel\u00e9 LOBO qui poss\u00e8de un ADN unique m\u00ealant tradition et innovation. L&#8217;\u00eatre LOBO est entr\u00e9 dans nos vies pour rester et r\u00e9volutionner le concept que nous avions jusqu&#8217;\u00e0 pr\u00e9sent sur la fa\u00e7on dont nous buvons et appr\u00e9cions la boisson.<\/p>\n<p><strong>Informations g\u00e9n\u00e9rales<br><\/strong><span style=\"font-size: 16px;\">Titre alcoom\u00e9trique : 15 %composition<\/span><\/p>\n<p><span style=\"font-size: 16px;\">Caract\u00e9ristiques :  <\/span><\/p>\n<ul>\n\t<li><span style=\"font-size: 16px;\">apparence : liquide opaque  <\/span><\/li>\n\t<li><span style=\"font-size: 16px;\">couleur : vert  <\/span><\/li>\n\t<li><span style=\"font-size: 16px;\">odeur : melon  <\/span><\/li>\n\t<li><span style=\"font-size: 16px;\">saveur : melon-melon d&#8217;eau<\/span><\/li>\n<\/ul>\n<p>Ingr\u00e9dients : Les ingr\u00e9dients de base de Crema de Lobo Tequila sont les suivants : Alcool d&#8217;agave (base tequila), produits laitiers, eau, cr\u00e8me, sucre, ar\u00f4mes (sp\u00e9cifiques \u00e0 chaque variante, par exemple fraise, chewing-gum ou nougat).<\/p>\n<p>Suggestions de consommation : En shot : Servi frais pour une boisson rapide et savoureuse.<br>Avec des gla\u00e7ons : Vers\u00e9 sur de la glace pour adoucir le go\u00fbt sucr\u00e9 et am\u00e9liorer la texture cr\u00e9meuse.<\/p>\n<p>Dans les cocktails : peut \u00eatre utilis\u00e9 dans des cocktails cr\u00e9atifs, bien que les recettes sp\u00e9cifiques de Lobo ne soient pas largement document\u00e9es dans les sources fournies.<\/p>","protected":false},"excerpt":{"rendered":"<p>Lobo Green Crema Tequila Watermelon Melon 70 CL export vers toute l&#8217;Europe.<\/p>\n","protected":false},"featured_media":12643,"comment_status":"open","ping_status":"closed","template":"","meta":{"site-sidebar-layout":"default","site-content-layout":"","ast-site-content-layout":"default","site-content-style":"default","site-sidebar-style":"default","ast-global-header-display":"","ast-banner-title-visibility":"","ast-main-header-display":"","ast-hfb-above-header-display":"","ast-hfb-below-header-display":"","ast-hfb-mobile-header-display":"","site-post-title":"","ast-breadcrumbs-content":"","ast-featured-img":"","footer-sml-layout":"","ast-disable-related-posts":"","theme-transparent-header-meta":"default","adv-header-id-meta":"","stick-header-meta":"","header-above-stick-meta":"","header-main-stick-meta":"","header-below-stick-meta":"","astra-migrate-meta-layouts":"default","ast-page-background-enabled":"default","ast-page-background-meta":{"desktop":{"background-color":"var(--ast-global-color-4)","background-image":"","background-repeat":"repeat","background-position":"center center","background-size":"auto","background-attachment":"scroll","background-type":"","background-media":"","overlay-type":"","overlay-color":"","overlay-opacity":"","overlay-gradient":""},"tablet":{"background-color":"","background-image":"","background-repeat":"repeat","background-position":"center center","background-size":"auto","background-attachment":"scroll","background-type":"","background-media":"","overlay-type":"","overlay-color":"","overlay-opacity":"","overlay-gradient":""},"mobile":{"background-color":"","background-image":"","background-repeat":"repeat","background-position":"center center","background-size":"auto","background-attachment":"scroll","background-type":"","background-media":"","overlay-type":"","overlay-color":"","overlay-opacity":"","overlay-gradient":""}},"ast-content-background-meta":{"desktop":{"background-color":"var(--ast-global-color-5)","background-image":"","background-repeat":"repeat","background-position":"center center","background-size":"auto","background-attachment":"scroll","background-type":"","background-media":"","overlay-type":"","overlay-color":"","overlay-opacity":"","overlay-gradient":""},"tablet":{"background-color":"var(--ast-global-color-5)","background-image":"","background-repeat":"repeat","background-position":"center center","background-size":"auto","background-attachment":"scroll","background-type":"","background-media":"","overlay-type":"","overlay-color":"","overlay-opacity":"","overlay-gradient":""},"mobile":{"background-color":"var(--ast-global-color-5)","background-image":"","background-repeat":"repeat","background-position":"center center","background-size":"auto","background-attachment":"scroll","background-type":"","background-media":"","overlay-type":"","overlay-color":"","overlay-opacity":"","overlay-gradient":""}}},"product_brand":[1427],"product_cat":[1548],"product_tag":[],"class_list":{"0":"post-12647","1":"product","2":"type-product","3":"status-publish","4":"has-post-thumbnail","6":"product_brand-lobo","7":"product_cat-cremas-y-licores-dulces","8":"desktop-align-left","9":"tablet-align-left","10":"mobile-align-left","12":"first","13":"instock","14":"taxable","15":"shipping-taxable","16":"purchasable","17":"product-type-simple"},"_links":{"self":[{"href":"https:\/\/andalubox.com\/fr\/wp-json\/wp\/v2\/product\/12647","targetHints":{"allow":["GET"]}}],"collection":[{"href":"https:\/\/andalubox.com\/fr\/wp-json\/wp\/v2\/product"}],"about":[{"href":"https:\/\/andalubox.com\/fr\/wp-json\/wp\/v2\/types\/product"}],"replies":[{"embeddable":true,"href":"https:\/\/andalubox.com\/fr\/wp-json\/wp\/v2\/comments?post=12647"}],"wp:featuredmedia":[{"embeddable":true,"href":"https:\/\/andalubox.com\/fr\/wp-json\/wp\/v2\/media\/12643"}],"wp:attachment":[{"href":"https:\/\/andalubox.com\/fr\/wp-json\/wp\/v2\/media?parent=12647"}],"wp:term":[{"taxonomy":"product_brand","embeddable":true,"href":"https:\/\/andalubox.com\/fr\/wp-json\/wp\/v2\/product_brand?post=12647"},{"taxonomy":"product_cat","embeddable":true,"href":"https:\/\/andalubox.com\/fr\/wp-json\/wp\/v2\/product_cat?post=12647"},{"taxonomy":"product_tag","embeddable":true,"href":"https:\/\/andalubox.com\/fr\/wp-json\/wp\/v2\/product_tag?post=12647"}],"curies":[{"name":"wp","href":"https:\/\/api.w.org\/{rel}","templated":true}]}}