{"id":12620,"date":"2024-01-17T18:50:06","date_gmt":"2024-01-17T17:50:06","guid":{"rendered":"https:\/\/andalubox.com\/producto-andaluz\/embrujo-de-granada-caneco-andalusian-malt-whisky-70cl\/"},"modified":"2025-06-19T15:17:35","modified_gmt":"2025-06-19T13:17:35","slug":"embrujo-de-granada-caneco-andalusian-malt-whisky-70cl","status":"publish","type":"product","link":"https:\/\/andalubox.com\/fr\/producto-andaluz\/embrujo-de-granada-caneco-andalusian-malt-whisky-70cl\/","title":{"rendered":"Embrujo Pure Pomegranate Malt Whisky Caneco, 70cl"},"content":{"rendered":"<h3 class=\"info-title\">Informations g\u00e9n\u00e9rales<\/h3>\n<p><br><br><br><br><br><br>Titre alcoom\u00e9trique 40% Type de malt Pays Espagne Pr\u00e9sentation Bo\u00eete Marque Embrujo de Granada Volume 70 cl Cat\u00e9gorie Whisky<\/p>","protected":false},"excerpt":{"rendered":"<div class=\"short-description\">\n<p>Le <strong>whisky de<\/strong> malt espagnol <strong>Embrujo<\/strong> est conditionn\u00e9 dans une magnifique bouteille en c\u00e9ramique typique de Grenade. La bouteille exclusive est fabriqu\u00e9e dans le plus pur style grenadin. <span style=\"font-size: 16px\">L&#8217;eau de Padul, qui provient du d\u00e9gel <\/span> du<strong style=\"font-size: 16px\">parc naturel de la Sierra Nevada<\/strong>.<span style=\"font-size: 16px\">  est ce qui conf\u00e8re \u00e0 ce grand whisky espagnol sa tr\u00e8s grande qualit\u00e9. L&#8217;orge malt\u00e9e de haute qualit\u00e9 a \u00e9galement \u00e9t\u00e9 soigneusement s\u00e9lectionn\u00e9e dans les champs avoisinants.<\/span><\/p>\n<\/div>\n","protected":false},"featured_media":12617,"comment_status":"open","ping_status":"closed","template":"","meta":{"site-sidebar-layout":"default","site-content-layout":"","ast-site-content-layout":"default","site-content-style":"default","site-sidebar-style":"default","ast-global-header-display":"","ast-banner-title-visibility":"","ast-main-header-display":"","ast-hfb-above-header-display":"","ast-hfb-below-header-display":"","ast-hfb-mobile-header-display":"","site-post-title":"","ast-breadcrumbs-content":"","ast-featured-img":"","footer-sml-layout":"","ast-disable-related-posts":"","theme-transparent-header-meta":"default","adv-header-id-meta":"","stick-header-meta":"","header-above-stick-meta":"","header-main-stick-meta":"","header-below-stick-meta":"","astra-migrate-meta-layouts":"default","ast-page-background-enabled":"default","ast-page-background-meta":{"desktop":{"background-color":"var(--ast-global-color-4)","background-image":"","background-repeat":"repeat","background-position":"center center","background-size":"auto","background-attachment":"scroll","background-type":"","background-media":"","overlay-type":"","overlay-color":"","overlay-opacity":"","overlay-gradient":""},"tablet":{"background-color":"","background-image":"","background-repeat":"repeat","background-position":"center center","background-size":"auto","background-attachment":"scroll","background-type":"","background-media":"","overlay-type":"","overlay-color":"","overlay-opacity":"","overlay-gradient":""},"mobile":{"background-color":"","background-image":"","background-repeat":"repeat","background-position":"center center","background-size":"auto","background-attachment":"scroll","background-type":"","background-media":"","overlay-type":"","overlay-color":"","overlay-opacity":"","overlay-gradient":""}},"ast-content-background-meta":{"desktop":{"background-color":"var(--ast-global-color-5)","background-image":"","background-repeat":"repeat","background-position":"center center","background-size":"auto","background-attachment":"scroll","background-type":"","background-media":"","overlay-type":"","overlay-color":"","overlay-opacity":"","overlay-gradient":""},"tablet":{"background-color":"var(--ast-global-color-5)","background-image":"","background-repeat":"repeat","background-position":"center center","background-size":"auto","background-attachment":"scroll","background-type":"","background-media":"","overlay-type":"","overlay-color":"","overlay-opacity":"","overlay-gradient":""},"mobile":{"background-color":"var(--ast-global-color-5)","background-image":"","background-repeat":"repeat","background-position":"center center","background-size":"auto","background-attachment":"scroll","background-type":"","background-media":"","overlay-type":"","overlay-color":"","overlay-opacity":"","overlay-gradient":""}}},"product_brand":[1426],"product_cat":[41],"product_tag":[],"class_list":{"0":"post-12620","1":"product","2":"type-product","3":"status-publish","4":"has-post-thumbnail","6":"product_brand-embrujo-de-granada","7":"product_cat-conservas-de-carne","8":"desktop-align-left","9":"tablet-align-left","10":"mobile-align-left","12":"first","13":"outofstock","14":"taxable","15":"shipping-taxable","16":"purchasable","17":"product-type-simple"},"_links":{"self":[{"href":"https:\/\/andalubox.com\/fr\/wp-json\/wp\/v2\/product\/12620","targetHints":{"allow":["GET"]}}],"collection":[{"href":"https:\/\/andalubox.com\/fr\/wp-json\/wp\/v2\/product"}],"about":[{"href":"https:\/\/andalubox.com\/fr\/wp-json\/wp\/v2\/types\/product"}],"replies":[{"embeddable":true,"href":"https:\/\/andalubox.com\/fr\/wp-json\/wp\/v2\/comments?post=12620"}],"wp:featuredmedia":[{"embeddable":true,"href":"https:\/\/andalubox.com\/fr\/wp-json\/wp\/v2\/media\/12617"}],"wp:attachment":[{"href":"https:\/\/andalubox.com\/fr\/wp-json\/wp\/v2\/media?parent=12620"}],"wp:term":[{"taxonomy":"product_brand","embeddable":true,"href":"https:\/\/andalubox.com\/fr\/wp-json\/wp\/v2\/product_brand?post=12620"},{"taxonomy":"product_cat","embeddable":true,"href":"https:\/\/andalubox.com\/fr\/wp-json\/wp\/v2\/product_cat?post=12620"},{"taxonomy":"product_tag","embeddable":true,"href":"https:\/\/andalubox.com\/fr\/wp-json\/wp\/v2\/product_tag?post=12620"}],"curies":[{"name":"wp","href":"https:\/\/api.w.org\/{rel}","templated":true}]}}