{"id":12612,"date":"2024-01-17T18:42:06","date_gmt":"2024-01-17T17:42:06","guid":{"rendered":"https:\/\/andalubox.com\/producto-andaluz\/embrujo-de-granada-andalusian-malt-whisky-70cl\/"},"modified":"2025-06-19T15:17:35","modified_gmt":"2025-06-19T13:17:35","slug":"embrujo-de-granada-andalusian-malt-whisky-70cl","status":"publish","type":"product","link":"https:\/\/andalubox.com\/fr\/producto-andaluz\/embrujo-de-granada-andalusian-malt-whisky-70cl\/","title":{"rendered":"Embrujo Whisky Pure Malt Pomegranate Whisky, 70cl"},"content":{"rendered":"<h3 class=\"info-title\">Informations g\u00e9n\u00e9rales<\/h3>\n<ul class=\"info-list\">\n\t<li class=\"info-item\"><span class=\"info-key \">Nom de la denr\u00e9e :<\/span> Whisky<\/li>\n\t<li class=\"info-item\"><span class=\"info-key \">Nom de l&#8217;op\u00e9rateur :<\/span> Destileria y dist. Liber, S.L.<\/li>\n\t<li class=\"info-item\"><span class=\"info-key \">Adresse de l&#8217;op\u00e9rateur :<\/span> C\/Mulhac\u00e9n Pol. Ind. La Paloma -18640 Padul (Granada)<\/li>\n\t<li class=\"info-item\"><span class=\"info-key \">Quantit\u00e9 nette :<\/span> 700 millilitres<\/li>\n\t<li class=\"info-item\"><span class=\"info-key \">Pourcentage d&#8217;alcool :<\/span> 40%.<\/li>\n<\/ul>","protected":false},"excerpt":{"rendered":"<p>Le whisky Embrujo de Granada est le premier whisky pur malt produit en Espagne. Comme son nom l&#8217;indique, il est fabriqu\u00e9 \u00e0 Grenade. L&#8217;eau de Padul, qui provient de la fonte des neiges du parc naturel de la Sierra Nevada, conf\u00e8re \u00e0 ce grand whisky espagnol sa tr\u00e8s grande qualit\u00e9.  <span style=\"font-size: 16px\">Selon une tradition s\u00e9culaire, le malt est transf\u00e9r\u00e9 du silo au moulin pour \u00eatre transform\u00e9 en farine, laquelle est ensuite m\u00e9lang\u00e9e \u00e0 l&#8217;eau de Padul et transform\u00e9e en un mo\u00fbt sucr\u00e9 translucide \u00e0 l&#8217;odeur douce.  <\/span><\/p>\n","protected":false},"featured_media":12608,"comment_status":"open","ping_status":"closed","template":"","meta":{"site-sidebar-layout":"default","site-content-layout":"","ast-site-content-layout":"default","site-content-style":"default","site-sidebar-style":"default","ast-global-header-display":"","ast-banner-title-visibility":"","ast-main-header-display":"","ast-hfb-above-header-display":"","ast-hfb-below-header-display":"","ast-hfb-mobile-header-display":"","site-post-title":"","ast-breadcrumbs-content":"","ast-featured-img":"","footer-sml-layout":"","ast-disable-related-posts":"","theme-transparent-header-meta":"default","adv-header-id-meta":"","stick-header-meta":"","header-above-stick-meta":"","header-main-stick-meta":"","header-below-stick-meta":"","astra-migrate-meta-layouts":"default","ast-page-background-enabled":"default","ast-page-background-meta":{"desktop":{"background-color":"var(--ast-global-color-4)","background-image":"","background-repeat":"repeat","background-position":"center center","background-size":"auto","background-attachment":"scroll","background-type":"","background-media":"","overlay-type":"","overlay-color":"","overlay-opacity":"","overlay-gradient":""},"tablet":{"background-color":"","background-image":"","background-repeat":"repeat","background-position":"center center","background-size":"auto","background-attachment":"scroll","background-type":"","background-media":"","overlay-type":"","overlay-color":"","overlay-opacity":"","overlay-gradient":""},"mobile":{"background-color":"","background-image":"","background-repeat":"repeat","background-position":"center center","background-size":"auto","background-attachment":"scroll","background-type":"","background-media":"","overlay-type":"","overlay-color":"","overlay-opacity":"","overlay-gradient":""}},"ast-content-background-meta":{"desktop":{"background-color":"var(--ast-global-color-5)","background-image":"","background-repeat":"repeat","background-position":"center center","background-size":"auto","background-attachment":"scroll","background-type":"","background-media":"","overlay-type":"","overlay-color":"","overlay-opacity":"","overlay-gradient":""},"tablet":{"background-color":"var(--ast-global-color-5)","background-image":"","background-repeat":"repeat","background-position":"center center","background-size":"auto","background-attachment":"scroll","background-type":"","background-media":"","overlay-type":"","overlay-color":"","overlay-opacity":"","overlay-gradient":""},"mobile":{"background-color":"var(--ast-global-color-5)","background-image":"","background-repeat":"repeat","background-position":"center center","background-size":"auto","background-attachment":"scroll","background-type":"","background-media":"","overlay-type":"","overlay-color":"","overlay-opacity":"","overlay-gradient":""}}},"product_brand":[1426],"product_cat":[41],"product_tag":[],"class_list":{"0":"post-12612","1":"product","2":"type-product","3":"status-publish","4":"has-post-thumbnail","6":"product_brand-embrujo-de-granada","7":"product_cat-conservas-de-carne","8":"desktop-align-left","9":"tablet-align-left","10":"mobile-align-left","12":"first","13":"outofstock","14":"taxable","15":"shipping-taxable","16":"purchasable","17":"product-type-simple"},"_links":{"self":[{"href":"https:\/\/andalubox.com\/fr\/wp-json\/wp\/v2\/product\/12612","targetHints":{"allow":["GET"]}}],"collection":[{"href":"https:\/\/andalubox.com\/fr\/wp-json\/wp\/v2\/product"}],"about":[{"href":"https:\/\/andalubox.com\/fr\/wp-json\/wp\/v2\/types\/product"}],"replies":[{"embeddable":true,"href":"https:\/\/andalubox.com\/fr\/wp-json\/wp\/v2\/comments?post=12612"}],"wp:featuredmedia":[{"embeddable":true,"href":"https:\/\/andalubox.com\/fr\/wp-json\/wp\/v2\/media\/12608"}],"wp:attachment":[{"href":"https:\/\/andalubox.com\/fr\/wp-json\/wp\/v2\/media?parent=12612"}],"wp:term":[{"taxonomy":"product_brand","embeddable":true,"href":"https:\/\/andalubox.com\/fr\/wp-json\/wp\/v2\/product_brand?post=12612"},{"taxonomy":"product_cat","embeddable":true,"href":"https:\/\/andalubox.com\/fr\/wp-json\/wp\/v2\/product_cat?post=12612"},{"taxonomy":"product_tag","embeddable":true,"href":"https:\/\/andalubox.com\/fr\/wp-json\/wp\/v2\/product_tag?post=12612"}],"curies":[{"name":"wp","href":"https:\/\/api.w.org\/{rel}","templated":true}]}}