{"id":12189,"date":"2023-11-16T08:24:47","date_gmt":"2023-11-16T07:24:47","guid":{"rendered":"https:\/\/andalubox.com\/producto-andaluz\/carmen-lupianez-gateaux-de-caroube-fourres-au-cacao-270-gr\/"},"modified":"2025-06-13T22:59:08","modified_gmt":"2025-06-13T20:59:08","slug":"carmen-lupianez-tortas-de-algarrobo-full-cacao","status":"publish","type":"product","link":"https:\/\/andalubox.com\/fr\/producto-andaluz\/carmen-lupianez-tortas-de-algarrobo-full-cacao\/","title":{"rendered":"Carmen Lupia\u00f1ez G\u00e2teaux de caroube \u00e0 l&#8217;huile d&#8217;olive extra vierge fourr\u00e9s au chocolat 100% naturel, 270g"},"content":{"rendered":"<p>Ingr\u00e9dients et allerg\u00e8nes Farine de bl\u00e9, sucre, p\u00e2te \u00e0 tartiner au chocolat aromatis\u00e9e aux noisettes (21%) [sucre, graisse v\u00e9g\u00e9tale (tournesol), poudre de cacao d\u00e9graiss\u00e9e (8,5%), amidon modifi\u00e9, amidon, \u00e9mulsifiants (l\u00e9cithine de soja, monodiglyc\u00e9rides et diglyc\u00e9rides d&#8217;acides gras), p\u00e2te de noisettes, ar\u00f4me], huile d&#8217;olive extra vierge (14%), huile de tournesol, matalah\u00faga, cannelle, amandes, levure et bicarbonate de sodium. Peut contenir des traces de lait et de moutarde.<\/p>","protected":false},"excerpt":{"rendered":"<p>G\u00e2teau traditionnel \u00e0 l&#8217;huile de Carmen, d\u00e9sormais fourr\u00e9 d&#8217;un moelleux chocolat.<\/p>\n<p>Chaque bo\u00eete contient 270 g (6 g\u00e2teaux) emball\u00e9s individuellement.<\/p>\n<p>Pas d&#8217;additifs, pas de conservateurs.<\/p>\n","protected":false},"featured_media":12186,"comment_status":"open","ping_status":"closed","template":"","meta":{"site-sidebar-layout":"default","site-content-layout":"","ast-site-content-layout":"default","site-content-style":"default","site-sidebar-style":"default","ast-global-header-display":"","ast-banner-title-visibility":"","ast-main-header-display":"","ast-hfb-above-header-display":"","ast-hfb-below-header-display":"","ast-hfb-mobile-header-display":"","site-post-title":"","ast-breadcrumbs-content":"","ast-featured-img":"","footer-sml-layout":"","ast-disable-related-posts":"","theme-transparent-header-meta":"default","adv-header-id-meta":"","stick-header-meta":"","header-above-stick-meta":"","header-main-stick-meta":"","header-below-stick-meta":"","astra-migrate-meta-layouts":"default","ast-page-background-enabled":"default","ast-page-background-meta":{"desktop":{"background-color":"var(--ast-global-color-4)","background-image":"","background-repeat":"repeat","background-position":"center center","background-size":"auto","background-attachment":"scroll","background-type":"","background-media":"","overlay-type":"","overlay-color":"","overlay-opacity":"","overlay-gradient":""},"tablet":{"background-color":"","background-image":"","background-repeat":"repeat","background-position":"center center","background-size":"auto","background-attachment":"scroll","background-type":"","background-media":"","overlay-type":"","overlay-color":"","overlay-opacity":"","overlay-gradient":""},"mobile":{"background-color":"","background-image":"","background-repeat":"repeat","background-position":"center center","background-size":"auto","background-attachment":"scroll","background-type":"","background-media":"","overlay-type":"","overlay-color":"","overlay-opacity":"","overlay-gradient":""}},"ast-content-background-meta":{"desktop":{"background-color":"var(--ast-global-color-5)","background-image":"","background-repeat":"repeat","background-position":"center center","background-size":"auto","background-attachment":"scroll","background-type":"","background-media":"","overlay-type":"","overlay-color":"","overlay-opacity":"","overlay-gradient":""},"tablet":{"background-color":"var(--ast-global-color-5)","background-image":"","background-repeat":"repeat","background-position":"center center","background-size":"auto","background-attachment":"scroll","background-type":"","background-media":"","overlay-type":"","overlay-color":"","overlay-opacity":"","overlay-gradient":""},"mobile":{"background-color":"var(--ast-global-color-5)","background-image":"","background-repeat":"repeat","background-position":"center center","background-size":"auto","background-attachment":"scroll","background-type":"","background-media":"","overlay-type":"","overlay-color":"","overlay-opacity":"","overlay-gradient":""}}},"product_brand":[1424],"product_cat":[1640],"product_tag":[],"class_list":{"0":"post-12189","1":"product","2":"type-product","3":"status-publish","4":"has-post-thumbnail","6":"product_brand-carmen-lupianez","7":"product_cat-reposteria-y-dulces-tradicionales-fr","8":"desktop-align-left","9":"tablet-align-left","10":"mobile-align-left","12":"first","13":"instock","14":"taxable","15":"shipping-taxable","16":"purchasable","17":"product-type-simple"},"_links":{"self":[{"href":"https:\/\/andalubox.com\/fr\/wp-json\/wp\/v2\/product\/12189","targetHints":{"allow":["GET"]}}],"collection":[{"href":"https:\/\/andalubox.com\/fr\/wp-json\/wp\/v2\/product"}],"about":[{"href":"https:\/\/andalubox.com\/fr\/wp-json\/wp\/v2\/types\/product"}],"replies":[{"embeddable":true,"href":"https:\/\/andalubox.com\/fr\/wp-json\/wp\/v2\/comments?post=12189"}],"wp:featuredmedia":[{"embeddable":true,"href":"https:\/\/andalubox.com\/fr\/wp-json\/wp\/v2\/media\/12186"}],"wp:attachment":[{"href":"https:\/\/andalubox.com\/fr\/wp-json\/wp\/v2\/media?parent=12189"}],"wp:term":[{"taxonomy":"product_brand","embeddable":true,"href":"https:\/\/andalubox.com\/fr\/wp-json\/wp\/v2\/product_brand?post=12189"},{"taxonomy":"product_cat","embeddable":true,"href":"https:\/\/andalubox.com\/fr\/wp-json\/wp\/v2\/product_cat?post=12189"},{"taxonomy":"product_tag","embeddable":true,"href":"https:\/\/andalubox.com\/fr\/wp-json\/wp\/v2\/product_tag?post=12189"}],"curies":[{"name":"wp","href":"https:\/\/api.w.org\/{rel}","templated":true}]}}