{"id":12128,"date":"2023-11-06T16:43:02","date_gmt":"2023-11-06T15:43:02","guid":{"rendered":"https:\/\/andalubox.com\/producto-andaluz\/etui-a-guitare-jack-daniels-edition-limitee\/"},"modified":"2025-08-23T18:35:40","modified_gmt":"2025-08-23T16:35:40","slug":"jack-daniels-guitar-case-limited-edition","status":"publish","type":"product","link":"https:\/\/andalubox.com\/fr\/producto-andaluz\/jack-daniels-guitar-case-limited-edition\/","title":{"rendered":"Jack Daniel&#8217;s Guitar Edition 70 cl"},"content":{"rendered":"<p>Jack Daniel&#8217;s Guitar Edition 70 cl<\/p>\n<p>Jack Daniel&#8217;s Guitar Case Edition 70 cl est une \u00e9dition limit\u00e9e de Jack Daniel&#8217;s Old No. 7 Tennessee Whiskey, qui comprend un coffret cadeau exclusif en forme de guitare.<\/p>\n<p>Cette \u00e9dition est con\u00e7ue pour les amateurs de whisky et de musique. Elle associe le go\u00fbt classique de Jack Daniel&#8217;s \u00e0 un \u00e9tui de guitare en similicuir de collection et \u00e0 un peg-top.<\/p>\n<p>Il s&#8217;agit de l&#8217;embl\u00e9matique Old No. 7, connu pour son caract\u00e8re charbonneux et onctueux, avec des notes de caramel, de vanille et une l\u00e9g\u00e8re note fum\u00e9e en fin de bouche.<\/p>\n<ul>\n\t<li>Elle est brass\u00e9e avec un m\u00e9lange de ma\u00efs, de seigle et de malt, et filtr\u00e9e avec du charbon de bois d&#8217;\u00e9rable. D\u00e9tails : Volume : 70 cl (700 ml) <\/li>\n\t<li>Titre alcoom\u00e9trique : 40 % vol.<\/li>\n\t<li>Contenu : Comprend une bouteille de 70 cl de Jack Daniel&#8217;s Old No. 7, un \u00e9tui de guitare en similicuir, un bouchon en forme de guitare et, \u00e0 l&#8217;occasion, une carte Jack Daniel&#8217;s.<\/li>\n\t<li>Notes de d\u00e9gustation : Robe ambr\u00e9e, ar\u00f4mes de caramel, de vanille et de ch\u00eane, bouche souple et \u00e9quilibr\u00e9e, finale douce et persistante.<\/li>\n\t<li>Id\u00e9al pour : Les collectionneurs, les amateurs de musique ou comme cadeau unique.<\/li>\n<\/ul>\n<p><strong>R\u00e9gion :<\/strong> Tennessee<br><strong>Pays :<\/strong> \u00c9tats-Unis<br><strong>Vinification :<\/strong> Tennessee<br><strong>Taux d&#8217;alcool :<\/strong> 40 % vol.<br><strong>Autres informations :<\/strong> \u00e9dition limit\u00e9e<\/p>","protected":false},"excerpt":{"rendered":"<p>Jack Daniel&#8217;s Guitar Edition 70 cl, livraison dans TOUTE L&#8217;EUROPE.<\/p>\n","protected":false},"featured_media":12125,"comment_status":"open","ping_status":"closed","template":"","meta":{"site-sidebar-layout":"default","site-content-layout":"","ast-site-content-layout":"default","site-content-style":"default","site-sidebar-style":"default","ast-global-header-display":"","ast-banner-title-visibility":"","ast-main-header-display":"","ast-hfb-above-header-display":"","ast-hfb-below-header-display":"","ast-hfb-mobile-header-display":"","site-post-title":"","ast-breadcrumbs-content":"","ast-featured-img":"","footer-sml-layout":"","ast-disable-related-posts":"","theme-transparent-header-meta":"default","adv-header-id-meta":"","stick-header-meta":"","header-above-stick-meta":"","header-main-stick-meta":"","header-below-stick-meta":"","astra-migrate-meta-layouts":"default","ast-page-background-enabled":"default","ast-page-background-meta":{"desktop":{"background-color":"var(--ast-global-color-4)","background-image":"","background-repeat":"repeat","background-position":"center center","background-size":"auto","background-attachment":"scroll","background-type":"","background-media":"","overlay-type":"","overlay-color":"","overlay-opacity":"","overlay-gradient":""},"tablet":{"background-color":"","background-image":"","background-repeat":"repeat","background-position":"center center","background-size":"auto","background-attachment":"scroll","background-type":"","background-media":"","overlay-type":"","overlay-color":"","overlay-opacity":"","overlay-gradient":""},"mobile":{"background-color":"","background-image":"","background-repeat":"repeat","background-position":"center center","background-size":"auto","background-attachment":"scroll","background-type":"","background-media":"","overlay-type":"","overlay-color":"","overlay-opacity":"","overlay-gradient":""}},"ast-content-background-meta":{"desktop":{"background-color":"var(--ast-global-color-5)","background-image":"","background-repeat":"repeat","background-position":"center center","background-size":"auto","background-attachment":"scroll","background-type":"","background-media":"","overlay-type":"","overlay-color":"","overlay-opacity":"","overlay-gradient":""},"tablet":{"background-color":"var(--ast-global-color-5)","background-image":"","background-repeat":"repeat","background-position":"center center","background-size":"auto","background-attachment":"scroll","background-type":"","background-media":"","overlay-type":"","overlay-color":"","overlay-opacity":"","overlay-gradient":""},"mobile":{"background-color":"var(--ast-global-color-5)","background-image":"","background-repeat":"repeat","background-position":"center center","background-size":"auto","background-attachment":"scroll","background-type":"","background-media":"","overlay-type":"","overlay-color":"","overlay-opacity":"","overlay-gradient":""}}},"product_brand":[],"product_cat":[416,1667],"product_tag":[],"class_list":{"0":"post-12128","1":"product","2":"type-product","3":"status-publish","4":"has-post-thumbnail","6":"product_cat-exclusivites-andalubox","7":"product_cat-whisky-fr","8":"desktop-align-left","9":"tablet-align-left","10":"mobile-align-left","12":"first","13":"instock","14":"taxable","15":"shipping-taxable","16":"purchasable","17":"product-type-simple"},"_links":{"self":[{"href":"https:\/\/andalubox.com\/fr\/wp-json\/wp\/v2\/product\/12128","targetHints":{"allow":["GET"]}}],"collection":[{"href":"https:\/\/andalubox.com\/fr\/wp-json\/wp\/v2\/product"}],"about":[{"href":"https:\/\/andalubox.com\/fr\/wp-json\/wp\/v2\/types\/product"}],"replies":[{"embeddable":true,"href":"https:\/\/andalubox.com\/fr\/wp-json\/wp\/v2\/comments?post=12128"}],"wp:featuredmedia":[{"embeddable":true,"href":"https:\/\/andalubox.com\/fr\/wp-json\/wp\/v2\/media\/12125"}],"wp:attachment":[{"href":"https:\/\/andalubox.com\/fr\/wp-json\/wp\/v2\/media?parent=12128"}],"wp:term":[{"taxonomy":"product_brand","embeddable":true,"href":"https:\/\/andalubox.com\/fr\/wp-json\/wp\/v2\/product_brand?post=12128"},{"taxonomy":"product_cat","embeddable":true,"href":"https:\/\/andalubox.com\/fr\/wp-json\/wp\/v2\/product_cat?post=12128"},{"taxonomy":"product_tag","embeddable":true,"href":"https:\/\/andalubox.com\/fr\/wp-json\/wp\/v2\/product_tag?post=12128"}],"curies":[{"name":"wp","href":"https:\/\/api.w.org\/{rel}","templated":true}]}}