{"id":11978,"date":"2023-10-20T11:39:16","date_gmt":"2023-10-20T09:39:16","guid":{"rendered":"https:\/\/andalubox.com\/producto-andaluz\/upita-de-los-reyes-pestinos-de-miel-200-gr\/"},"modified":"2025-06-13T23:44:24","modified_gmt":"2025-06-13T21:44:24","slug":"upita-de-los-reyes-pestinos-de-miel","status":"publish","type":"product","link":"https:\/\/andalubox.com\/fr\/producto-andaluz\/upita-de-los-reyes-pestinos-de-miel-200-gr\/","title":{"rendered":"Upita de los Reyes Pesti\u00f1os au miel de S\u00e9ville, 250g"},"content":{"rendered":"<ul>\n\t<li><strong>INGR\u00c9DIENTS<\/strong>: Farine de bl\u00e9, huile de tournesol, miel (15%), huile d&#8217;olive extra vierge, sirop de glucose (sirop de glucose, fructose et miel), gel\u00e9e de pommes (sucre, jus de pomme, \u00e9paississants &#8211; stabilisants E407 et E410, acidifiants et r\u00e9gulateurs de ph E332 et E330, conservateur E202, antioxydant E300 et ar\u00f4mes), anis, cannelle et ar\u00f4me naturel d&#8217;anis.<\/li>\n\t<li><strong>ALLERG\u00c8NES : Contient du gluten, du s\u00e9same et des sulfites. Peut contenir des traces de fruits \u00e0 coque (amandes, noix, amandes).<\/strong><\/li>\n\t<li><strong>PRODUIT<\/strong>: Plateau de 200 grammes.<\/li>\n<\/ul>","protected":false},"excerpt":{"rendered":"<p>De couleur caramel, avec des \u00e9pices aromatiques m\u00eal\u00e9es de cannelle et d&#8217;anis, ils ont une saveur exquise. Baign\u00e9 dans un miel pur de la plus haute qualit\u00e9. Nous avons \u00e9t\u00e9 pionniers dans la province de S\u00e9ville dans leur \u00e9laboration et leur commercialisation, et aujourd&#8217;hui nous continuons \u00e0 les \u00e9laborer avec la m\u00eame recette que nous a l\u00e9gu\u00e9e notre grand-m\u00e8re Upita, faite \u00e0 la main. Bien s\u00fbr, il s&#8217;agit d&#8217;un produit fait \u00e0 la main, mais il n&#8217;y en a pas deux pareils !<\/p>\n","protected":false},"featured_media":11975,"comment_status":"open","ping_status":"closed","template":"","meta":{"site-sidebar-layout":"default","site-content-layout":"","ast-site-content-layout":"default","site-content-style":"default","site-sidebar-style":"default","ast-global-header-display":"","ast-banner-title-visibility":"","ast-main-header-display":"","ast-hfb-above-header-display":"","ast-hfb-below-header-display":"","ast-hfb-mobile-header-display":"","site-post-title":"","ast-breadcrumbs-content":"","ast-featured-img":"","footer-sml-layout":"","ast-disable-related-posts":"","theme-transparent-header-meta":"default","adv-header-id-meta":"","stick-header-meta":"","header-above-stick-meta":"","header-main-stick-meta":"","header-below-stick-meta":"","astra-migrate-meta-layouts":"default","ast-page-background-enabled":"default","ast-page-background-meta":{"desktop":{"background-color":"var(--ast-global-color-4)","background-image":"","background-repeat":"repeat","background-position":"center center","background-size":"auto","background-attachment":"scroll","background-type":"","background-media":"","overlay-type":"","overlay-color":"","overlay-opacity":"","overlay-gradient":""},"tablet":{"background-color":"","background-image":"","background-repeat":"repeat","background-position":"center center","background-size":"auto","background-attachment":"scroll","background-type":"","background-media":"","overlay-type":"","overlay-color":"","overlay-opacity":"","overlay-gradient":""},"mobile":{"background-color":"","background-image":"","background-repeat":"repeat","background-position":"center center","background-size":"auto","background-attachment":"scroll","background-type":"","background-media":"","overlay-type":"","overlay-color":"","overlay-opacity":"","overlay-gradient":""}},"ast-content-background-meta":{"desktop":{"background-color":"var(--ast-global-color-5)","background-image":"","background-repeat":"repeat","background-position":"center center","background-size":"auto","background-attachment":"scroll","background-type":"","background-media":"","overlay-type":"","overlay-color":"","overlay-opacity":"","overlay-gradient":""},"tablet":{"background-color":"var(--ast-global-color-5)","background-image":"","background-repeat":"repeat","background-position":"center center","background-size":"auto","background-attachment":"scroll","background-type":"","background-media":"","overlay-type":"","overlay-color":"","overlay-opacity":"","overlay-gradient":""},"mobile":{"background-color":"var(--ast-global-color-5)","background-image":"","background-repeat":"repeat","background-position":"center center","background-size":"auto","background-attachment":"scroll","background-type":"","background-media":"","overlay-type":"","overlay-color":"","overlay-opacity":"","overlay-gradient":""}}},"product_brand":[1431],"product_cat":[1640,15],"product_tag":[],"class_list":{"0":"post-11978","1":"product","2":"type-product","3":"status-publish","4":"has-post-thumbnail","6":"product_brand-upita","7":"product_cat-reposteria-y-dulces-tradicionales-fr","8":"product_cat-sin-categorizar","9":"desktop-align-left","10":"tablet-align-left","11":"mobile-align-left","13":"first","14":"instock","15":"taxable","16":"shipping-taxable","17":"purchasable","18":"product-type-simple"},"_links":{"self":[{"href":"https:\/\/andalubox.com\/fr\/wp-json\/wp\/v2\/product\/11978","targetHints":{"allow":["GET"]}}],"collection":[{"href":"https:\/\/andalubox.com\/fr\/wp-json\/wp\/v2\/product"}],"about":[{"href":"https:\/\/andalubox.com\/fr\/wp-json\/wp\/v2\/types\/product"}],"replies":[{"embeddable":true,"href":"https:\/\/andalubox.com\/fr\/wp-json\/wp\/v2\/comments?post=11978"}],"wp:featuredmedia":[{"embeddable":true,"href":"https:\/\/andalubox.com\/fr\/wp-json\/wp\/v2\/media\/11975"}],"wp:attachment":[{"href":"https:\/\/andalubox.com\/fr\/wp-json\/wp\/v2\/media?parent=11978"}],"wp:term":[{"taxonomy":"product_brand","embeddable":true,"href":"https:\/\/andalubox.com\/fr\/wp-json\/wp\/v2\/product_brand?post=11978"},{"taxonomy":"product_cat","embeddable":true,"href":"https:\/\/andalubox.com\/fr\/wp-json\/wp\/v2\/product_cat?post=11978"},{"taxonomy":"product_tag","embeddable":true,"href":"https:\/\/andalubox.com\/fr\/wp-json\/wp\/v2\/product_tag?post=11978"}],"curies":[{"name":"wp","href":"https:\/\/api.w.org\/{rel}","templated":true}]}}