{"id":11937,"date":"2023-10-20T10:30:08","date_gmt":"2023-10-20T08:30:08","guid":{"rendered":"https:\/\/andalubox.com\/producto-andaluz\/vermouth-rouge-lustau\/"},"modified":"2024-11-22T12:11:16","modified_gmt":"2024-11-22T11:11:16","slug":"vermouth-rouge-lustau","status":"publish","type":"product","link":"https:\/\/andalubox.com\/fr\/producto-andaluz\/vermouth-rouge-lustau\/","title":{"rendered":"Lustau Jerez Red Vermouth 75 cl"},"content":{"rendered":"<p><br> N<strong>otes de d\u00e9gustation :<\/strong> De doux ar\u00f4mes de fruits m\u00fbrs se m\u00ealent \u00e0 des notes d&#8217;agrumes et d&#8217;herbes, sur un fond de bois fum\u00e9. Velout\u00e9, savoureux et \u00e9quilibr\u00e9. Finale l\u00e9g\u00e8rement am\u00e8re et noisette.<br>  Parfait comme ap\u00e9ritif \u00e0 boire seul, dans un grand verre avec de la glace et un zeste d&#8217;orange, en accompagnement de toutes sortes de tapas. Il peut \u00e9galement constituer un accompagnement de qualit\u00e9 pour des cocktails classiques tels que le Negroni.<\/p>","protected":false},"excerpt":{"rendered":"<p> ESENCIA DEL VINO DE JEREZ Deux des vins exceptionnels de Lustau sont \u00e0 la base de ce vermouth \u00e9l\u00e9gant et plein de caract\u00e8re : un Amontillado, complexe et intense, et un Pedro Xim\u00e9nez, doux et soyeux. Gr\u00e2ce \u00e0 cette base et \u00e0 une s\u00e9lection minutieuse de 10 produits botaniques infus\u00e9s s\u00e9par\u00e9ment, le Vermut Rojo Lustau atteint un \u00e9quilibre parfait, dans lequel la haute qualit\u00e9 de ses vins joue un r\u00f4le pr\u00e9pond\u00e9rant. Sa qualit\u00e9 exceptionnelle est largement reconnue, son caract\u00e8re diff\u00e9rent, savoureux et sucr\u00e9 ne laisse personne indiff\u00e9rent.<\/p>\n","protected":false},"featured_media":11934,"template":"","meta":{"site-sidebar-layout":"default","site-content-layout":"","ast-site-content-layout":"default","site-content-style":"default","site-sidebar-style":"default","ast-global-header-display":"","ast-banner-title-visibility":"","ast-main-header-display":"","ast-hfb-above-header-display":"","ast-hfb-below-header-display":"","ast-hfb-mobile-header-display":"","site-post-title":"","ast-breadcrumbs-content":"","ast-featured-img":"","footer-sml-layout":"","ast-disable-related-posts":"","theme-transparent-header-meta":"default","adv-header-id-meta":"","stick-header-meta":"","header-above-stick-meta":"","header-main-stick-meta":"","header-below-stick-meta":"","astra-migrate-meta-layouts":"default","ast-page-background-enabled":"default","ast-page-background-meta":{"desktop":{"background-color":"var(--ast-global-color-4)","background-image":"","background-repeat":"repeat","background-position":"center center","background-size":"auto","background-attachment":"scroll","background-type":"","background-media":"","overlay-type":"","overlay-color":"","overlay-opacity":"","overlay-gradient":""},"tablet":{"background-color":"","background-image":"","background-repeat":"repeat","background-position":"center center","background-size":"auto","background-attachment":"scroll","background-type":"","background-media":"","overlay-type":"","overlay-color":"","overlay-opacity":"","overlay-gradient":""},"mobile":{"background-color":"","background-image":"","background-repeat":"repeat","background-position":"center center","background-size":"auto","background-attachment":"scroll","background-type":"","background-media":"","overlay-type":"","overlay-color":"","overlay-opacity":"","overlay-gradient":""}},"ast-content-background-meta":{"desktop":{"background-color":"var(--ast-global-color-5)","background-image":"","background-repeat":"repeat","background-position":"center center","background-size":"auto","background-attachment":"scroll","background-type":"","background-media":"","overlay-type":"","overlay-color":"","overlay-opacity":"","overlay-gradient":""},"tablet":{"background-color":"var(--ast-global-color-5)","background-image":"","background-repeat":"repeat","background-position":"center center","background-size":"auto","background-attachment":"scroll","background-type":"","background-media":"","overlay-type":"","overlay-color":"","overlay-opacity":"","overlay-gradient":""},"mobile":{"background-color":"var(--ast-global-color-5)","background-image":"","background-repeat":"repeat","background-position":"center center","background-size":"auto","background-attachment":"scroll","background-type":"","background-media":"","overlay-type":"","overlay-color":"","overlay-opacity":"","overlay-gradient":""}}},"product_brand":[1179],"product_cat":[297],"product_tag":[],"class_list":{"0":"post-11937","1":"product","2":"type-product","3":"status-publish","4":"has-post-thumbnail","6":"product_brand-lustau","7":"product_cat-vermouth-fr","8":"desktop-align-left","9":"tablet-align-left","10":"mobile-align-left","12":"first","13":"instock","14":"taxable","15":"shipping-taxable","16":"purchasable","17":"product-type-simple"},"_links":{"self":[{"href":"https:\/\/andalubox.com\/fr\/wp-json\/wp\/v2\/product\/11937","targetHints":{"allow":["GET"]}}],"collection":[{"href":"https:\/\/andalubox.com\/fr\/wp-json\/wp\/v2\/product"}],"about":[{"href":"https:\/\/andalubox.com\/fr\/wp-json\/wp\/v2\/types\/product"}],"wp:featuredmedia":[{"embeddable":true,"href":"https:\/\/andalubox.com\/fr\/wp-json\/wp\/v2\/media\/11934"}],"wp:attachment":[{"href":"https:\/\/andalubox.com\/fr\/wp-json\/wp\/v2\/media?parent=11937"}],"wp:term":[{"taxonomy":"product_brand","embeddable":true,"href":"https:\/\/andalubox.com\/fr\/wp-json\/wp\/v2\/product_brand?post=11937"},{"taxonomy":"product_cat","embeddable":true,"href":"https:\/\/andalubox.com\/fr\/wp-json\/wp\/v2\/product_cat?post=11937"},{"taxonomy":"product_tag","embeddable":true,"href":"https:\/\/andalubox.com\/fr\/wp-json\/wp\/v2\/product_tag?post=11937"}],"curies":[{"name":"wp","href":"https:\/\/api.w.org\/{rel}","templated":true}]}}