{"id":11565,"date":"2023-09-25T08:36:44","date_gmt":"2023-09-25T06:36:44","guid":{"rendered":"https:\/\/andalubox.com\/producto-andaluz\/cruz-plata-tequila-silver-70-cl\/"},"modified":"2025-06-18T17:37:28","modified_gmt":"2025-06-18T15:37:28","slug":"argent-croise-tequila-argente","status":"publish","type":"product","link":"https:\/\/andalubox.com\/fr\/producto-andaluz\/argent-croise-tequila-argente\/","title":{"rendered":"Cruzplata Tequila Silver du Mexique, 70cl"},"content":{"rendered":"<p>Tequila blanche fabriqu\u00e9e \u00e0 partir de l&#8217;agave bleu Tequilana Weber cultiv\u00e9 au soleil pendant au moins 6 ans pr\u00e8s des contreforts du volcan Colima \u00e0 Jalisco, au Mexique.<br><span style=\"font-size: 16px\">Fermentation organique a\u00e9robie, les cuves sont d\u00e9couvertes et l&#8217;oxyg\u00e8ne et les bact\u00e9ries favorisent le processus et le rendent plus naturel. Dans notre cas, nous avons des agrumes \u00e0 proximit\u00e9 des cuves, ce qui leur conf\u00e8re un ar\u00f4me particulier.<br><\/span>La double distillation a lieu dans une usine situ\u00e9e pr\u00e8s du volcan Colina, \u00e0 Sayula.<\/p>","protected":false},"excerpt":{"rendered":"<p>Tequila blanche biologique fabriqu\u00e9e \u00e0 partir d&#8217;Agave Azul tequilana Weber cultiv\u00e9 au soleil pendant au moins 6 ans \u00e0 Jalisco. Fermentation biologique<\/p>\n","protected":false},"featured_media":14657,"comment_status":"open","ping_status":"closed","template":"","meta":{"site-sidebar-layout":"default","site-content-layout":"","ast-site-content-layout":"default","site-content-style":"default","site-sidebar-style":"default","ast-global-header-display":"","ast-banner-title-visibility":"","ast-main-header-display":"","ast-hfb-above-header-display":"","ast-hfb-below-header-display":"","ast-hfb-mobile-header-display":"","site-post-title":"","ast-breadcrumbs-content":"","ast-featured-img":"","footer-sml-layout":"","ast-disable-related-posts":"","theme-transparent-header-meta":"default","adv-header-id-meta":"","stick-header-meta":"","header-above-stick-meta":"","header-main-stick-meta":"","header-below-stick-meta":"","astra-migrate-meta-layouts":"default","ast-page-background-enabled":"default","ast-page-background-meta":{"desktop":{"background-color":"var(--ast-global-color-4)","background-image":"","background-repeat":"repeat","background-position":"center center","background-size":"auto","background-attachment":"scroll","background-type":"","background-media":"","overlay-type":"","overlay-color":"","overlay-opacity":"","overlay-gradient":""},"tablet":{"background-color":"","background-image":"","background-repeat":"repeat","background-position":"center center","background-size":"auto","background-attachment":"scroll","background-type":"","background-media":"","overlay-type":"","overlay-color":"","overlay-opacity":"","overlay-gradient":""},"mobile":{"background-color":"","background-image":"","background-repeat":"repeat","background-position":"center center","background-size":"auto","background-attachment":"scroll","background-type":"","background-media":"","overlay-type":"","overlay-color":"","overlay-opacity":"","overlay-gradient":""}},"ast-content-background-meta":{"desktop":{"background-color":"var(--ast-global-color-5)","background-image":"","background-repeat":"repeat","background-position":"center center","background-size":"auto","background-attachment":"scroll","background-type":"","background-media":"","overlay-type":"","overlay-color":"","overlay-opacity":"","overlay-gradient":""},"tablet":{"background-color":"var(--ast-global-color-5)","background-image":"","background-repeat":"repeat","background-position":"center center","background-size":"auto","background-attachment":"scroll","background-type":"","background-media":"","overlay-type":"","overlay-color":"","overlay-opacity":"","overlay-gradient":""},"mobile":{"background-color":"var(--ast-global-color-5)","background-image":"","background-repeat":"repeat","background-position":"center center","background-size":"auto","background-attachment":"scroll","background-type":"","background-media":"","overlay-type":"","overlay-color":"","overlay-opacity":"","overlay-gradient":""}}},"product_brand":[1429],"product_cat":[310],"product_tag":[],"class_list":{"0":"post-11565","1":"product","2":"type-product","3":"status-publish","4":"has-post-thumbnail","6":"product_brand-cruzplata","7":"product_cat-liqueurs-et-cremes","8":"desktop-align-left","9":"tablet-align-left","10":"mobile-align-left","12":"first","13":"outofstock","14":"taxable","15":"shipping-taxable","16":"purchasable","17":"product-type-simple"},"_links":{"self":[{"href":"https:\/\/andalubox.com\/fr\/wp-json\/wp\/v2\/product\/11565","targetHints":{"allow":["GET"]}}],"collection":[{"href":"https:\/\/andalubox.com\/fr\/wp-json\/wp\/v2\/product"}],"about":[{"href":"https:\/\/andalubox.com\/fr\/wp-json\/wp\/v2\/types\/product"}],"replies":[{"embeddable":true,"href":"https:\/\/andalubox.com\/fr\/wp-json\/wp\/v2\/comments?post=11565"}],"wp:featuredmedia":[{"embeddable":true,"href":"https:\/\/andalubox.com\/fr\/wp-json\/wp\/v2\/media\/14657"}],"wp:attachment":[{"href":"https:\/\/andalubox.com\/fr\/wp-json\/wp\/v2\/media?parent=11565"}],"wp:term":[{"taxonomy":"product_brand","embeddable":true,"href":"https:\/\/andalubox.com\/fr\/wp-json\/wp\/v2\/product_brand?post=11565"},{"taxonomy":"product_cat","embeddable":true,"href":"https:\/\/andalubox.com\/fr\/wp-json\/wp\/v2\/product_cat?post=11565"},{"taxonomy":"product_tag","embeddable":true,"href":"https:\/\/andalubox.com\/fr\/wp-json\/wp\/v2\/product_tag?post=11565"}],"curies":[{"name":"wp","href":"https:\/\/api.w.org\/{rel}","templated":true}]}}