{"id":11417,"date":"2023-09-12T17:11:58","date_gmt":"2023-09-12T15:11:58","guid":{"rendered":"https:\/\/andalubox.com\/producto-andaluz\/chutney-de-tomates-et-de-poivrons-la-vieja-fabrica-280g\/"},"modified":"2025-08-23T18:39:18","modified_gmt":"2025-08-23T16:39:18","slug":"la-vieja-fabrica-tomato-et-chutney-de-poivre","status":"publish","type":"product","link":"https:\/\/andalubox.com\/fr\/producto-andaluz\/la-vieja-fabrica-tomato-et-chutney-de-poivre\/","title":{"rendered":"Chutney de tomates et de poivrons de La Vieja F\u00e1brica 280 g"},"content":{"rendered":"<p>Chutney de tomates et de poivrons de La Vieja F\u00e1brica 280 g<\/p>\n<p>Le chutney de tomates et de poivrons de La Vieja F\u00e1brica est une sauce aigre-douce compos\u00e9e de tomates (36 %), de poivrons (16 %), d&#8217;oignons (9 %), de sucre, de vinaigre de vin, de pectine citrique, d&#8217;acide citrique et d&#8217;\u00e9pices telles que le clou de girofle, la cannelle et le gingembre.<\/p>\n<p>Disponible en pots de 280 g et 770 g, il est id\u00e9al pour accompagner les fromages (affin\u00e9s, demi-affin\u00e9s, ch\u00e8vres ou bleus), les viandes ou pour tartiner les toasts.<\/p>\n<p>Il ne contient ni conservateur, ni colorant, ni allerg\u00e8ne et pr\u00e9sente un profil nutritionnel de 172 kcal, 42 g d&#8217;hydrates de carbone (tous les sucres), 0,5 g de prot\u00e9ines et 0 g de mati\u00e8res grasses pour 100 g.<\/p>\n<p>R\u00e9frig\u00e9rer apr\u00e8s ouverture.<\/p>\n<h3 class=\"info-title\">Informations g\u00e9n\u00e9rales<\/h3>\n<ul class=\"info-list\">\n\t<li class=\"info-item\"><span class=\"info-key \">Nom de la denr\u00e9e alimentaire :<\/span> Chutney de tomates et de poivrons<\/li>\n\t<li><span class=\"info-key \">Quantit\u00e9 nette :<\/span> 280 g<\/li>\n<\/ul>\n<h3 class=\"info-title\">Ingr\u00e9dients et allerg\u00e8nes<\/h3>\n<ul class=\"info-list\">\n\t<li class=\"info-item\">Framboises, fructose, g\u00e9lifiant (pectine), r\u00e9gulateur d&#8217;acidit\u00e9 (acide citrique), conservateur (E-202).<\/li>\n<\/ul>\n<h3 class=\"info-title\">Conservation et utilisation<\/h3>\n<ul class=\"info-list\">\n\t<li class=\"info-item\">Une fois ouvert, conserver au r\u00e9frig\u00e9rateur<\/li>\n<\/ul>\n<p>Avec des clous de girofle, de la cannelle et du gingembre, il est id\u00e9al sur des toasts croquants avec des fromages affin\u00e9s, demi-affin\u00e9s, de ch\u00e8vre ou m\u00eame bleus, et parfait avec des fromages et des viandes.<\/p>","protected":false},"excerpt":{"rendered":"<p>La Vieja F\u00e1brica Chutney de tomates et poivrons 280 gr, export\u00e9 vers TOUTE L&#8217;EUROPE.<\/p>\n","protected":false},"featured_media":11753,"comment_status":"open","ping_status":"closed","template":"","meta":{"site-sidebar-layout":"default","site-content-layout":"","ast-site-content-layout":"default","site-content-style":"default","site-sidebar-style":"default","ast-global-header-display":"","ast-banner-title-visibility":"","ast-main-header-display":"","ast-hfb-above-header-display":"","ast-hfb-below-header-display":"","ast-hfb-mobile-header-display":"","site-post-title":"","ast-breadcrumbs-content":"","ast-featured-img":"","footer-sml-layout":"","ast-disable-related-posts":"","theme-transparent-header-meta":"default","adv-header-id-meta":"","stick-header-meta":"","header-above-stick-meta":"","header-main-stick-meta":"","header-below-stick-meta":"","astra-migrate-meta-layouts":"default","ast-page-background-enabled":"default","ast-page-background-meta":{"desktop":{"background-color":"var(--ast-global-color-4)","background-image":"","background-repeat":"repeat","background-position":"center center","background-size":"auto","background-attachment":"scroll","background-type":"","background-media":"","overlay-type":"","overlay-color":"","overlay-opacity":"","overlay-gradient":""},"tablet":{"background-color":"","background-image":"","background-repeat":"repeat","background-position":"center center","background-size":"auto","background-attachment":"scroll","background-type":"","background-media":"","overlay-type":"","overlay-color":"","overlay-opacity":"","overlay-gradient":""},"mobile":{"background-color":"","background-image":"","background-repeat":"repeat","background-position":"center center","background-size":"auto","background-attachment":"scroll","background-type":"","background-media":"","overlay-type":"","overlay-color":"","overlay-opacity":"","overlay-gradient":""}},"ast-content-background-meta":{"desktop":{"background-color":"var(--ast-global-color-5)","background-image":"","background-repeat":"repeat","background-position":"center center","background-size":"auto","background-attachment":"scroll","background-type":"","background-media":"","overlay-type":"","overlay-color":"","overlay-opacity":"","overlay-gradient":""},"tablet":{"background-color":"var(--ast-global-color-5)","background-image":"","background-repeat":"repeat","background-position":"center center","background-size":"auto","background-attachment":"scroll","background-type":"","background-media":"","overlay-type":"","overlay-color":"","overlay-opacity":"","overlay-gradient":""},"mobile":{"background-color":"var(--ast-global-color-5)","background-image":"","background-repeat":"repeat","background-position":"center center","background-size":"auto","background-attachment":"scroll","background-type":"","background-media":"","overlay-type":"","overlay-color":"","overlay-opacity":"","overlay-gradient":""}}},"product_brand":[1144],"product_cat":[],"product_tag":[],"class_list":{"0":"post-11417","1":"product","2":"type-product","3":"status-publish","4":"has-post-thumbnail","6":"product_brand-la-vieja-fabrica","7":"desktop-align-left","8":"tablet-align-left","9":"mobile-align-left","11":"first","12":"instock","13":"taxable","14":"shipping-taxable","15":"purchasable","16":"product-type-simple"},"_links":{"self":[{"href":"https:\/\/andalubox.com\/fr\/wp-json\/wp\/v2\/product\/11417","targetHints":{"allow":["GET"]}}],"collection":[{"href":"https:\/\/andalubox.com\/fr\/wp-json\/wp\/v2\/product"}],"about":[{"href":"https:\/\/andalubox.com\/fr\/wp-json\/wp\/v2\/types\/product"}],"replies":[{"embeddable":true,"href":"https:\/\/andalubox.com\/fr\/wp-json\/wp\/v2\/comments?post=11417"}],"wp:featuredmedia":[{"embeddable":true,"href":"https:\/\/andalubox.com\/fr\/wp-json\/wp\/v2\/media\/11753"}],"wp:attachment":[{"href":"https:\/\/andalubox.com\/fr\/wp-json\/wp\/v2\/media?parent=11417"}],"wp:term":[{"taxonomy":"product_brand","embeddable":true,"href":"https:\/\/andalubox.com\/fr\/wp-json\/wp\/v2\/product_brand?post=11417"},{"taxonomy":"product_cat","embeddable":true,"href":"https:\/\/andalubox.com\/fr\/wp-json\/wp\/v2\/product_cat?post=11417"},{"taxonomy":"product_tag","embeddable":true,"href":"https:\/\/andalubox.com\/fr\/wp-json\/wp\/v2\/product_tag?post=11417"}],"curies":[{"name":"wp","href":"https:\/\/api.w.org\/{rel}","templated":true}]}}