{"id":11401,"date":"2023-09-12T16:52:53","date_gmt":"2023-09-12T14:52:53","guid":{"rendered":"https:\/\/andalubox.com\/producto-andaluz\/confiture-de-mures-de-la-vieja-fabrica-350g\/"},"modified":"2025-11-28T18:18:27","modified_gmt":"2025-11-28T17:18:27","slug":"la-vieja-fabrica-mermelada-mora-de-zarza","status":"publish","type":"product","link":"https:\/\/andalubox.com\/fr\/producto-andaluz\/la-vieja-fabrica-mermelada-mora-de-zarza\/","title":{"rendered":"La Vieja F\u00e1brica Confiture de m\u00fbres, 350g"},"content":{"rendered":"<h3 class=\"info-title\">Informations g\u00e9n\u00e9rales<\/h3>\n<ul>\n\t<li><span class=\"info-key \">Nom de la denr\u00e9e : Confiture de Mora de Zarza<\/span><\/li>\n\t<li><span class=\"info-key \">Quantit\u00e9 nette : 350 g<\/span><\/li>\n<\/ul>\n<h3 class=\"info-title\">Ingr\u00e9dients et allerg\u00e8nes<\/h3>\n<ul>\n\t<li>M\u00fbre, sucre, g\u00e9lifiant (pectine), correcteur d&#8217;acidit\u00e9 (acide citrique), conservateur (E-202).<\/li>\n<\/ul>\n<h3 class=\"info-title\">Conservation et utilisation<\/h3>\n<ul class=\"info-list\">\n\t<li class=\"info-item\">Une fois ouvert, conserver au r\u00e9frig\u00e9rateur<\/li>\n<\/ul>","protected":false},"excerpt":{"rendered":"<p>Confiture de m\u00fbres 350 g fabriqu\u00e9e comme elle l&#8217;est depuis plus de 180 ans, toujours \u00e0 partir de fruits s\u00e9lectionn\u00e9s de premi\u00e8re qualit\u00e9.<\/p>\n","protected":false},"featured_media":11761,"comment_status":"open","ping_status":"closed","template":"","meta":{"site-sidebar-layout":"default","site-content-layout":"","ast-site-content-layout":"default","site-content-style":"default","site-sidebar-style":"default","ast-global-header-display":"","ast-banner-title-visibility":"","ast-main-header-display":"","ast-hfb-above-header-display":"","ast-hfb-below-header-display":"","ast-hfb-mobile-header-display":"","site-post-title":"","ast-breadcrumbs-content":"","ast-featured-img":"","footer-sml-layout":"","ast-disable-related-posts":"","theme-transparent-header-meta":"default","adv-header-id-meta":"","stick-header-meta":"","header-above-stick-meta":"","header-main-stick-meta":"","header-below-stick-meta":"","astra-migrate-meta-layouts":"default","ast-page-background-enabled":"default","ast-page-background-meta":{"desktop":{"background-color":"var(--ast-global-color-4)","background-image":"","background-repeat":"repeat","background-position":"center center","background-size":"auto","background-attachment":"scroll","background-type":"","background-media":"","overlay-type":"","overlay-color":"","overlay-opacity":"","overlay-gradient":""},"tablet":{"background-color":"","background-image":"","background-repeat":"repeat","background-position":"center center","background-size":"auto","background-attachment":"scroll","background-type":"","background-media":"","overlay-type":"","overlay-color":"","overlay-opacity":"","overlay-gradient":""},"mobile":{"background-color":"","background-image":"","background-repeat":"repeat","background-position":"center center","background-size":"auto","background-attachment":"scroll","background-type":"","background-media":"","overlay-type":"","overlay-color":"","overlay-opacity":"","overlay-gradient":""}},"ast-content-background-meta":{"desktop":{"background-color":"var(--ast-global-color-5)","background-image":"","background-repeat":"repeat","background-position":"center center","background-size":"auto","background-attachment":"scroll","background-type":"","background-media":"","overlay-type":"","overlay-color":"","overlay-opacity":"","overlay-gradient":""},"tablet":{"background-color":"var(--ast-global-color-5)","background-image":"","background-repeat":"repeat","background-position":"center center","background-size":"auto","background-attachment":"scroll","background-type":"","background-media":"","overlay-type":"","overlay-color":"","overlay-opacity":"","overlay-gradient":""},"mobile":{"background-color":"var(--ast-global-color-5)","background-image":"","background-repeat":"repeat","background-position":"center center","background-size":"auto","background-attachment":"scroll","background-type":"","background-media":"","overlay-type":"","overlay-color":"","overlay-opacity":"","overlay-gradient":""}}},"product_brand":[1144],"product_cat":[15],"product_tag":[],"class_list":{"0":"post-11401","1":"product","2":"type-product","3":"status-publish","4":"has-post-thumbnail","6":"product_brand-la-vieja-fabrica","7":"product_cat-sin-categorizar","8":"desktop-align-left","9":"tablet-align-left","10":"mobile-align-left","12":"first","13":"instock","14":"taxable","15":"shipping-taxable","16":"purchasable","17":"product-type-simple"},"_links":{"self":[{"href":"https:\/\/andalubox.com\/fr\/wp-json\/wp\/v2\/product\/11401","targetHints":{"allow":["GET"]}}],"collection":[{"href":"https:\/\/andalubox.com\/fr\/wp-json\/wp\/v2\/product"}],"about":[{"href":"https:\/\/andalubox.com\/fr\/wp-json\/wp\/v2\/types\/product"}],"replies":[{"embeddable":true,"href":"https:\/\/andalubox.com\/fr\/wp-json\/wp\/v2\/comments?post=11401"}],"wp:featuredmedia":[{"embeddable":true,"href":"https:\/\/andalubox.com\/fr\/wp-json\/wp\/v2\/media\/11761"}],"wp:attachment":[{"href":"https:\/\/andalubox.com\/fr\/wp-json\/wp\/v2\/media?parent=11401"}],"wp:term":[{"taxonomy":"product_brand","embeddable":true,"href":"https:\/\/andalubox.com\/fr\/wp-json\/wp\/v2\/product_brand?post=11401"},{"taxonomy":"product_cat","embeddable":true,"href":"https:\/\/andalubox.com\/fr\/wp-json\/wp\/v2\/product_cat?post=11401"},{"taxonomy":"product_tag","embeddable":true,"href":"https:\/\/andalubox.com\/fr\/wp-json\/wp\/v2\/product_tag?post=11401"}],"curies":[{"name":"wp","href":"https:\/\/api.w.org\/{rel}","templated":true}]}}