{"id":11177,"date":"2023-09-12T09:36:11","date_gmt":"2023-09-12T07:36:11","guid":{"rendered":"https:\/\/andalubox.com\/producto-andaluz\/la-vieja-fabrica-marmelade-dorange-amere-bio-avec-sucre-de-canne-280-g\/"},"modified":"2025-06-13T00:33:06","modified_gmt":"2025-06-12T22:33:06","slug":"orange-amere-marmalade-au-sucre-de-canne-bio","status":"publish","type":"product","link":"https:\/\/andalubox.com\/fr\/producto-andaluz\/orange-amere-marmalade-au-sucre-de-canne-bio\/","title":{"rendered":"La Vieja F\u00e1brica Organic Marmelade d&#8217;orange am\u00e8re au sucre de canne, 280g"},"content":{"rendered":"<h3 class=\"info-title\">Informations g\u00e9n\u00e9rales<\/h3>\n<ul class=\"info-list\">\n\t<li class=\"info-item\"><span class=\"info-key \">Nom de la denr\u00e9e alimentaire :<\/span> Marmelade d&#8217;orange am\u00e8re biologique<\/li>\n\t<li class=\"info-item\"><span class=\"info-key \">Pays d&#8217;origine :<\/span> Espagne<\/li>\n\t<li><span class=\"info-key \">Quantit\u00e9 nette :<\/span> 290 g<\/li>\n<\/ul>\n<div class=\"info\">\n<h3 class=\"info-title\">Ingr\u00e9dients et allerg\u00e8nes<\/h3>\n<ul class=\"info-list\">\n\t<li class=\"info-item\">Oranges am\u00e8res* (50%), sucre de canne* (47%), g\u00e9lifiant (pectine d&#8217;agrumes) et correcteur d&#8217;acidit\u00e9 (acide citrique) *Produits issus de l&#8217;agriculture biologique<\/li>\n<\/ul>\n<\/div>\n<div class=\"info\">\n<h3 class=\"info-title\">Conservation et utilisation<\/h3>\n<ul class=\"info-list\">\n\t<li class=\"info-item\">Une fois ouvert, conserver au r\u00e9frig\u00e9rateur et consommer selon la date de p\u00e9remption indiqu\u00e9e sur le flacon.<\/li>\n<\/ul>\n<\/div>","protected":false},"excerpt":{"rendered":"<p>Marmelade d&#8217;orange am\u00e8re 280g fabriqu\u00e9e comme elle l&#8217;est depuis plus de 180 ans, toujours \u00e0 partir de fruits s\u00e9lectionn\u00e9s de premi\u00e8re qualit\u00e9.<\/p>\n","protected":false},"featured_media":11899,"comment_status":"open","ping_status":"closed","template":"","meta":{"site-sidebar-layout":"default","site-content-layout":"","ast-site-content-layout":"default","site-content-style":"default","site-sidebar-style":"default","ast-global-header-display":"","ast-banner-title-visibility":"","ast-main-header-display":"","ast-hfb-above-header-display":"","ast-hfb-below-header-display":"","ast-hfb-mobile-header-display":"","site-post-title":"","ast-breadcrumbs-content":"","ast-featured-img":"","footer-sml-layout":"","ast-disable-related-posts":"","theme-transparent-header-meta":"default","adv-header-id-meta":"","stick-header-meta":"","header-above-stick-meta":"","header-main-stick-meta":"","header-below-stick-meta":"","astra-migrate-meta-layouts":"default","ast-page-background-enabled":"default","ast-page-background-meta":{"desktop":{"background-color":"var(--ast-global-color-4)","background-image":"","background-repeat":"repeat","background-position":"center center","background-size":"auto","background-attachment":"scroll","background-type":"","background-media":"","overlay-type":"","overlay-color":"","overlay-opacity":"","overlay-gradient":""},"tablet":{"background-color":"","background-image":"","background-repeat":"repeat","background-position":"center center","background-size":"auto","background-attachment":"scroll","background-type":"","background-media":"","overlay-type":"","overlay-color":"","overlay-opacity":"","overlay-gradient":""},"mobile":{"background-color":"","background-image":"","background-repeat":"repeat","background-position":"center center","background-size":"auto","background-attachment":"scroll","background-type":"","background-media":"","overlay-type":"","overlay-color":"","overlay-opacity":"","overlay-gradient":""}},"ast-content-background-meta":{"desktop":{"background-color":"var(--ast-global-color-5)","background-image":"","background-repeat":"repeat","background-position":"center center","background-size":"auto","background-attachment":"scroll","background-type":"","background-media":"","overlay-type":"","overlay-color":"","overlay-opacity":"","overlay-gradient":""},"tablet":{"background-color":"var(--ast-global-color-5)","background-image":"","background-repeat":"repeat","background-position":"center center","background-size":"auto","background-attachment":"scroll","background-type":"","background-media":"","overlay-type":"","overlay-color":"","overlay-opacity":"","overlay-gradient":""},"mobile":{"background-color":"var(--ast-global-color-5)","background-image":"","background-repeat":"repeat","background-position":"center center","background-size":"auto","background-attachment":"scroll","background-type":"","background-media":"","overlay-type":"","overlay-color":"","overlay-opacity":"","overlay-gradient":""}}},"product_brand":[1144],"product_cat":[],"product_tag":[],"class_list":{"0":"post-11177","1":"product","2":"type-product","3":"status-publish","4":"has-post-thumbnail","6":"product_brand-la-vieja-fabrica","7":"desktop-align-left","8":"tablet-align-left","9":"mobile-align-left","11":"first","12":"outofstock","13":"taxable","14":"shipping-taxable","15":"purchasable","16":"product-type-simple"},"_links":{"self":[{"href":"https:\/\/andalubox.com\/fr\/wp-json\/wp\/v2\/product\/11177","targetHints":{"allow":["GET"]}}],"collection":[{"href":"https:\/\/andalubox.com\/fr\/wp-json\/wp\/v2\/product"}],"about":[{"href":"https:\/\/andalubox.com\/fr\/wp-json\/wp\/v2\/types\/product"}],"replies":[{"embeddable":true,"href":"https:\/\/andalubox.com\/fr\/wp-json\/wp\/v2\/comments?post=11177"}],"wp:featuredmedia":[{"embeddable":true,"href":"https:\/\/andalubox.com\/fr\/wp-json\/wp\/v2\/media\/11899"}],"wp:attachment":[{"href":"https:\/\/andalubox.com\/fr\/wp-json\/wp\/v2\/media?parent=11177"}],"wp:term":[{"taxonomy":"product_brand","embeddable":true,"href":"https:\/\/andalubox.com\/fr\/wp-json\/wp\/v2\/product_brand?post=11177"},{"taxonomy":"product_cat","embeddable":true,"href":"https:\/\/andalubox.com\/fr\/wp-json\/wp\/v2\/product_cat?post=11177"},{"taxonomy":"product_tag","embeddable":true,"href":"https:\/\/andalubox.com\/fr\/wp-json\/wp\/v2\/product_tag?post=11177"}],"curies":[{"name":"wp","href":"https:\/\/api.w.org\/{rel}","templated":true}]}}