{"id":10992,"date":"2023-08-07T08:45:17","date_gmt":"2023-08-07T06:45:17","guid":{"rendered":"https:\/\/andalubox.com\/producto-andaluz\/oreo-black-pink-strawberry-cream-120-g\/"},"modified":"2025-06-18T13:44:41","modified_gmt":"2025-06-18T11:44:41","slug":"oreo-noir-rose-fraise-creme","status":"publish","type":"product","link":"https:\/\/andalubox.com\/fr\/producto-andaluz\/oreo-noir-rose-fraise-creme\/","title":{"rendered":"Oreo Blackpink (go\u00fbt fraise), 120g"},"content":{"rendered":"<p>Plongez dans le doux plaisir des d\u00e9licieux biscuits Oreo BlackPink Strawberry Cream Special Edition. Ce paquet porte la signature du groupe Blackpink. Il m\u00e9lange le go\u00fbt classique de l&#8217;oreo au chocolat avec l&#8217;explosion sucr\u00e9e de la cr\u00e8me \u00e0 la fraise. Ne r\u00e9sistez pas \u00e0 cette \u00e9dition limit\u00e9e.<\/p>\n<h2>Un hommage \u00e0 Blackpink dans chaque paquet<\/h2>\n<p>L&#8217;<strong>\u00e9dition sp\u00e9ciale de la cr\u00e8me glac\u00e9e Oreo Blackpink Blue<\/strong> berry est plus qu&#8217;un simple plaisir pour le palais. Il s&#8217;agit d&#8217;un hommage \u00e0 Blackpink, le ph\u00e9nom\u00e8ne mondial de la K-pop. Chaque paquet de cette \u00e9dition sp\u00e9ciale incarne non seulement un go\u00fbt exceptionnel, mais aussi l&#8217;essence de la musique et du style distinctif de Blackpink, ce qui en fait un objet de collection tr\u00e8s pris\u00e9 par les fans du groupe.<\/p>\n<h2>D\u00e9couvrez la nouvelle cr\u00e8me \u00e0 la fraise Oreo Blackpink chez Andalubox<\/h2>\n<p>La cr\u00e8me \u00e0 la fraise Oreo Blackpink est d\u00e9sormais disponible chez Andalubox, dans les magasins physiques et en ligne.<\/p>\n<p><img fetchpriority=\"high\" decoding=\"async\" class=\"alignnone size-medium wp-image-11005\" src=\"https:\/\/andalubox.com\/wp-content\/uploads\/2023\/08\/Andalubox-Oreo-Black-Pink-1-400x500.jpg\" alt=\"Cr\u00e8me \u00e0 la fraise Oreo Blackpink chez ndalubox\" width=\"400\" height=\"500\" srcset=\"https:\/\/andalubox.com\/wp-content\/uploads\/2023\/08\/Andalubox-Oreo-Black-Pink-1-400x500.jpg 400w, https:\/\/andalubox.com\/wp-content\/uploads\/2023\/08\/Andalubox-Oreo-Black-Pink-1-819x1024.jpg 819w, https:\/\/andalubox.com\/wp-content\/uploads\/2023\/08\/Andalubox-Oreo-Black-Pink-1-768x960.jpg 768w, https:\/\/andalubox.com\/wp-content\/uploads\/2023\/08\/Andalubox-Oreo-Black-Pink-1-600x750.jpg 600w, https:\/\/andalubox.com\/wp-content\/uploads\/2023\/08\/Andalubox-Oreo-Black-Pink-1.jpg 1080w\" sizes=\"(max-width: 400px) 100vw, 400px\" \/><\/p>\n<p>Vous pourriez \u00e9galement \u00eatre int\u00e9ress\u00e9 par la <a href=\"https:\/\/andalubox.com\/importacion\/oreo-blackpink-blueberry-ice-cream\/\">glace Oreo Blackpink \u00e0 la myrtille<\/a>.<\/p>","protected":false},"excerpt":{"rendered":"<p>Oreo Blackpink Strawberry Cream est une \u00e9dition limit\u00e9e en collaboration avec le groupe BlackPink et porte la signature du groupe.<\/p>\n<p>Courir ! Nous avons un stock limit\u00e9.<\/p>\n","protected":false},"featured_media":10989,"comment_status":"closed","ping_status":"closed","template":"","meta":{"site-sidebar-layout":"default","site-content-layout":"default","ast-site-content-layout":"default","site-content-style":"default","site-sidebar-style":"default","ast-global-header-display":"","ast-banner-title-visibility":"","ast-main-header-display":"","ast-hfb-above-header-display":"","ast-hfb-below-header-display":"","ast-hfb-mobile-header-display":"","site-post-title":"","ast-breadcrumbs-content":"","ast-featured-img":"","footer-sml-layout":"","ast-disable-related-posts":"","theme-transparent-header-meta":"default","adv-header-id-meta":"","stick-header-meta":"","header-above-stick-meta":"","header-main-stick-meta":"","header-below-stick-meta":"","astra-migrate-meta-layouts":"default","ast-page-background-enabled":"default","ast-page-background-meta":{"desktop":{"background-color":"var(--ast-global-color-4)","background-image":"","background-repeat":"repeat","background-position":"center center","background-size":"auto","background-attachment":"scroll","background-type":"","background-media":"","overlay-type":"","overlay-color":"","overlay-opacity":"","overlay-gradient":""},"tablet":{"background-color":"","background-image":"","background-repeat":"repeat","background-position":"center center","background-size":"auto","background-attachment":"scroll","background-type":"","background-media":"","overlay-type":"","overlay-color":"","overlay-opacity":"","overlay-gradient":""},"mobile":{"background-color":"","background-image":"","background-repeat":"repeat","background-position":"center center","background-size":"auto","background-attachment":"scroll","background-type":"","background-media":"","overlay-type":"","overlay-color":"","overlay-opacity":"","overlay-gradient":""}},"ast-content-background-meta":{"desktop":{"background-color":"var(--ast-global-color-5)","background-image":"","background-repeat":"repeat","background-position":"center center","background-size":"auto","background-attachment":"scroll","background-type":"","background-media":"","overlay-type":"","overlay-color":"","overlay-opacity":"","overlay-gradient":""},"tablet":{"background-color":"var(--ast-global-color-5)","background-image":"","background-repeat":"repeat","background-position":"center center","background-size":"auto","background-attachment":"scroll","background-type":"","background-media":"","overlay-type":"","overlay-color":"","overlay-opacity":"","overlay-gradient":""},"mobile":{"background-color":"var(--ast-global-color-5)","background-image":"","background-repeat":"repeat","background-position":"center center","background-size":"auto","background-attachment":"scroll","background-type":"","background-media":"","overlay-type":"","overlay-color":"","overlay-opacity":"","overlay-gradient":""}}},"product_brand":[1405],"product_cat":[371],"product_tag":[],"class_list":{"0":"post-10992","1":"product","2":"type-product","3":"status-publish","4":"has-post-thumbnail","6":"product_brand-oreo","7":"product_cat-chocolat","8":"desktop-align-left","9":"tablet-align-left","10":"mobile-align-left","12":"first","13":"outofstock","14":"taxable","15":"shipping-taxable","16":"purchasable","17":"product-type-simple"},"_links":{"self":[{"href":"https:\/\/andalubox.com\/fr\/wp-json\/wp\/v2\/product\/10992","targetHints":{"allow":["GET"]}}],"collection":[{"href":"https:\/\/andalubox.com\/fr\/wp-json\/wp\/v2\/product"}],"about":[{"href":"https:\/\/andalubox.com\/fr\/wp-json\/wp\/v2\/types\/product"}],"replies":[{"embeddable":true,"href":"https:\/\/andalubox.com\/fr\/wp-json\/wp\/v2\/comments?post=10992"}],"wp:featuredmedia":[{"embeddable":true,"href":"https:\/\/andalubox.com\/fr\/wp-json\/wp\/v2\/media\/10989"}],"wp:attachment":[{"href":"https:\/\/andalubox.com\/fr\/wp-json\/wp\/v2\/media?parent=10992"}],"wp:term":[{"taxonomy":"product_brand","embeddable":true,"href":"https:\/\/andalubox.com\/fr\/wp-json\/wp\/v2\/product_brand?post=10992"},{"taxonomy":"product_cat","embeddable":true,"href":"https:\/\/andalubox.com\/fr\/wp-json\/wp\/v2\/product_cat?post=10992"},{"taxonomy":"product_tag","embeddable":true,"href":"https:\/\/andalubox.com\/fr\/wp-json\/wp\/v2\/product_tag?post=10992"}],"curies":[{"name":"wp","href":"https:\/\/api.w.org\/{rel}","templated":true}]}}