{"id":10730,"date":"2023-06-15T10:43:57","date_gmt":"2023-06-15T08:43:57","guid":{"rendered":"https:\/\/andalubox.com\/producto-andaluz\/croft-twist\/"},"modified":"2026-01-27T19:38:24","modified_gmt":"2026-01-27T18:38:24","slug":"croft-twist","status":"publish","type":"product","link":"https:\/\/andalubox.com\/fr\/producto-andaluz\/croft-twist\/","title":{"rendered":"Croft Twist Fino Spritz Andaluz 75cl"},"content":{"rendered":"<div class=\"info\">\n<p>Croft Twist Fino Spritz Andaluz 75cl<\/p>\n<ul class=\"info-list\">\n\t<li class=\"info-item\"><span class=\"info-key \">Nom de la denr\u00e9e :<\/span> M\u00e9lange de boissons alcoolis\u00e9es aromatis\u00e9es gazeuses \u00e0 base de vin<\/li>\n\t<li class=\"info-item\"><span class=\"info-key \">Pays d&#8217;origine :<\/span> Espagne<\/li>\n\t<li class=\"info-item\"><span class=\"info-key \">Nom de l&#8217;op\u00e9rateur :<\/span> GONZALEZ BYASS S. A.<\/li>\n\t<li class=\"info-item\"><span class=\"info-key \">Adresse de l&#8217;op\u00e9rateur :<\/span> Manuel M\u00aa Gonz\u00e1lez 12, 11403 JEREZ DE LA FRONTERA<\/li>\n\t<li class=\"info-item\"><span class=\"info-key \">Lieu de provenance des denr\u00e9es alimentaires :<\/span> Espa\u00f1a_Espanya_Espa\u00f1a_Espa\u00f1a_Espainia<\/li>\n\t<li class=\"info-item\"><span class=\"info-key \">Quantit\u00e9 nette :<\/span> 750 millilitres<\/li>\n\t<li class=\"info-item\"><span class=\"info-key \">Pourcentage d&#8217;alcool :<\/span> 5,5 %.<\/li>\n\t<li class=\"info-item\"><span class=\"info-key _alt \">Notes de d\u00e9gustation<\/span> Croft Twist est un ap\u00e9ritif pr\u00eat \u00e0 servir, \u00e0 faible teneur en alcool, \u00e9labor\u00e9 \u00e0 partir d&#8217;un m\u00e9lange magistral d&#8217;\u00e9l\u00e9gants et d&#8217;ingr\u00e9dients naturels tels que la fleur de sureau, la menthe fra\u00eeche et l&#8217;ar\u00f4me d&#8217;agrumes citronn\u00e9s. C&#8217;est une boisson l\u00e9g\u00e8re, brillante, \u00e9quilibr\u00e9e, douce et rafra\u00eechissante, aux bulles fines et l\u00e9g\u00e8res. Croft Twist est parfait pour ceux qui cherchent \u00e0 repousser les limites de l&#8217;ap\u00e9ritif.  <\/li>\n\t<li class=\"info-item\"><span class=\"info-key _alt \">Gastronomie &#8211; Plats recommand\u00e9s<\/span> Un ap\u00e9ritif diff\u00e9rent.<\/li>\n<\/ul>\n<\/div>\n<div class=\"info\">\n<h3 class=\"info-title\"><span style=\"font-size: 12pt;\">Ingr\u00e9dients et allerg\u00e8nes<\/span><\/h3>\n<ul class=\"info-list\">\n\t<li class=\"info-item\">Eau acide, coupes de vins de X\u00e9r\u00e8s, mo\u00fbt concentr\u00e9 rectifi\u00e9, sirop, ar\u00f4me naturel de citron et de menthe, ar\u00f4me naturel de fleur de sureau, Velcorin (dicarbonate de dim\u00e9thyle E-242), conservateurs et antioxydants (dioxyde de soufre E-220), <b>sulfites<\/b>. <\/li>\n<\/ul>\n<\/div>","protected":false},"excerpt":{"rendered":"<p>Croft Twist Fino Spritz Andaluz 75cl, livraison dans TOUTE L&#8217;EUROPE.<\/p>\n","protected":false},"featured_media":10727,"template":"","meta":{"site-sidebar-layout":"default","site-content-layout":"default","ast-site-content-layout":"default","site-content-style":"default","site-sidebar-style":"default","ast-global-header-display":"","ast-banner-title-visibility":"","ast-main-header-display":"","ast-hfb-above-header-display":"","ast-hfb-below-header-display":"","ast-hfb-mobile-header-display":"","site-post-title":"","ast-breadcrumbs-content":"","ast-featured-img":"","footer-sml-layout":"","ast-disable-related-posts":"","theme-transparent-header-meta":"default","adv-header-id-meta":"","stick-header-meta":"","header-above-stick-meta":"","header-main-stick-meta":"","header-below-stick-meta":"","astra-migrate-meta-layouts":"default","ast-page-background-enabled":"default","ast-page-background-meta":{"desktop":{"background-color":"var(--ast-global-color-4)","background-image":"","background-repeat":"repeat","background-position":"center center","background-size":"auto","background-attachment":"scroll","background-type":"","background-media":"","overlay-type":"","overlay-color":"","overlay-opacity":"","overlay-gradient":""},"tablet":{"background-color":"","background-image":"","background-repeat":"repeat","background-position":"center center","background-size":"auto","background-attachment":"scroll","background-type":"","background-media":"","overlay-type":"","overlay-color":"","overlay-opacity":"","overlay-gradient":""},"mobile":{"background-color":"","background-image":"","background-repeat":"repeat","background-position":"center center","background-size":"auto","background-attachment":"scroll","background-type":"","background-media":"","overlay-type":"","overlay-color":"","overlay-opacity":"","overlay-gradient":""}},"ast-content-background-meta":{"desktop":{"background-color":"var(--ast-global-color-5)","background-image":"","background-repeat":"repeat","background-position":"center center","background-size":"auto","background-attachment":"scroll","background-type":"","background-media":"","overlay-type":"","overlay-color":"","overlay-opacity":"","overlay-gradient":""},"tablet":{"background-color":"var(--ast-global-color-5)","background-image":"","background-repeat":"repeat","background-position":"center center","background-size":"auto","background-attachment":"scroll","background-type":"","background-media":"","overlay-type":"","overlay-color":"","overlay-opacity":"","overlay-gradient":""},"mobile":{"background-color":"var(--ast-global-color-5)","background-image":"","background-repeat":"repeat","background-position":"center center","background-size":"auto","background-attachment":"scroll","background-type":"","background-media":"","overlay-type":"","overlay-color":"","overlay-opacity":"","overlay-gradient":""}}},"product_brand":[],"product_cat":[292],"product_tag":[],"class_list":{"0":"post-10730","1":"product","2":"type-product","3":"status-publish","4":"has-post-thumbnail","6":"product_cat-vin-blanc","7":"desktop-align-left","8":"tablet-align-left","9":"mobile-align-left","11":"first","12":"instock","13":"taxable","14":"shipping-taxable","15":"purchasable","16":"product-type-simple"},"_links":{"self":[{"href":"https:\/\/andalubox.com\/fr\/wp-json\/wp\/v2\/product\/10730","targetHints":{"allow":["GET"]}}],"collection":[{"href":"https:\/\/andalubox.com\/fr\/wp-json\/wp\/v2\/product"}],"about":[{"href":"https:\/\/andalubox.com\/fr\/wp-json\/wp\/v2\/types\/product"}],"wp:featuredmedia":[{"embeddable":true,"href":"https:\/\/andalubox.com\/fr\/wp-json\/wp\/v2\/media\/10727"}],"wp:attachment":[{"href":"https:\/\/andalubox.com\/fr\/wp-json\/wp\/v2\/media?parent=10730"}],"wp:term":[{"taxonomy":"product_brand","embeddable":true,"href":"https:\/\/andalubox.com\/fr\/wp-json\/wp\/v2\/product_brand?post=10730"},{"taxonomy":"product_cat","embeddable":true,"href":"https:\/\/andalubox.com\/fr\/wp-json\/wp\/v2\/product_cat?post=10730"},{"taxonomy":"product_tag","embeddable":true,"href":"https:\/\/andalubox.com\/fr\/wp-json\/wp\/v2\/product_tag?post=10730"}],"curies":[{"name":"wp","href":"https:\/\/api.w.org\/{rel}","templated":true}]}}