{"id":10531,"date":"2023-05-23T17:11:04","date_gmt":"2023-05-23T15:11:04","guid":{"rendered":"https:\/\/andalubox.com\/producto-andaluz\/ausas-interpretacion-vintage-2019-75-cl\/"},"modified":"2025-06-21T20:11:52","modified_gmt":"2025-06-21T18:11:52","slug":"ausas-interpretacion-anada-2019-75-cl","status":"publish","type":"product","link":"https:\/\/andalubox.com\/fr\/producto-andaluz\/ausas-interpretacion-anada-2019-75-cl\/","title":{"rendered":"Aus\u00e1s Interpretacion Vin rouge Ribera del Duero Vintage 2019 75cl"},"content":{"rendered":"<p><span style=\"font-weight: 400\">Le quatri\u00e8me mill\u00e9sime du colosse avec lequel <\/span><b>Xavier Aus\u00e0s <\/b><span style=\"font-weight: 400\">r\u00e9interpr\u00e8te la<\/span><b> Ribera del Duero<\/b><span style=\"font-weight: 400\">  apr\u00e8s 30 ans d&#8217;exp\u00e9rience. Ce Tinto fino monoc\u00e9page repose sur trois piliers essentiels : son<\/span> <b> la puret\u00e9 aromatique, la fra\u00eecheur <\/b><span style=\"font-weight: 400\">qu&#8217;il pr\u00e9sente<\/span><b> et l&#8217;\u00e9l\u00e9gante manifestation tannique <\/b> <span style=\"font-weight: 400\">qui la soutient. Ce mill\u00e9sime 2019 s&#8217;inscrit dans la continuit\u00e9 de son pr\u00e9d\u00e9cesseur et, selon les termes du critique britannique et de l&#8217;auteur de l&#8217;ouvrage, il s&#8217;agit d&#8217;un mill\u00e9sime de r\u00e9f\u00e9rence.  <\/span><i>\n  <span style=\"font-weight: 400\">Ma\u00eetre du vin<\/span>\n<\/i><span style=\"font-weight: 400\">Tim Atkin, la consolidation comme &#8220;<\/span><b>l&#8217;un des meilleurs vins de la r\u00e9gion<\/b><\/p>","protected":false},"excerpt":{"rendered":"<p><span style=\"font-weight: 400\">Ce mill\u00e9sime 2019 s&#8217;inscrit dans la continuit\u00e9 de son pr\u00e9d\u00e9cesseur et, selon les termes du critique de vin britannique et <\/span><i><br \/>\n  <span style=\"font-weight: 400\">Master of Wine<\/span><br \/>\n<\/i><span style=\"font-weight: 400\">Tim Atkin, le consolidant comme &#8220;<\/span><b>l&#8217;un des meilleurs vins de la r\u00e9gion<\/b><\/p>\n","protected":false},"featured_media":10528,"comment_status":"closed","ping_status":"closed","template":"","meta":{"site-sidebar-layout":"default","site-content-layout":"default","ast-site-content-layout":"default","site-content-style":"default","site-sidebar-style":"default","ast-global-header-display":"","ast-banner-title-visibility":"","ast-main-header-display":"","ast-hfb-above-header-display":"","ast-hfb-below-header-display":"","ast-hfb-mobile-header-display":"","site-post-title":"","ast-breadcrumbs-content":"","ast-featured-img":"","footer-sml-layout":"","ast-disable-related-posts":"","theme-transparent-header-meta":"default","adv-header-id-meta":"","stick-header-meta":"","header-above-stick-meta":"","header-main-stick-meta":"","header-below-stick-meta":"","astra-migrate-meta-layouts":"default","ast-page-background-enabled":"default","ast-page-background-meta":{"desktop":{"background-color":"var(--ast-global-color-4)","background-image":"","background-repeat":"repeat","background-position":"center center","background-size":"auto","background-attachment":"scroll","background-type":"","background-media":"","overlay-type":"","overlay-color":"","overlay-opacity":"","overlay-gradient":""},"tablet":{"background-color":"","background-image":"","background-repeat":"repeat","background-position":"center center","background-size":"auto","background-attachment":"scroll","background-type":"","background-media":"","overlay-type":"","overlay-color":"","overlay-opacity":"","overlay-gradient":""},"mobile":{"background-color":"","background-image":"","background-repeat":"repeat","background-position":"center center","background-size":"auto","background-attachment":"scroll","background-type":"","background-media":"","overlay-type":"","overlay-color":"","overlay-opacity":"","overlay-gradient":""}},"ast-content-background-meta":{"desktop":{"background-color":"var(--ast-global-color-5)","background-image":"","background-repeat":"repeat","background-position":"center center","background-size":"auto","background-attachment":"scroll","background-type":"","background-media":"","overlay-type":"","overlay-color":"","overlay-opacity":"","overlay-gradient":""},"tablet":{"background-color":"var(--ast-global-color-5)","background-image":"","background-repeat":"repeat","background-position":"center center","background-size":"auto","background-attachment":"scroll","background-type":"","background-media":"","overlay-type":"","overlay-color":"","overlay-opacity":"","overlay-gradient":""},"mobile":{"background-color":"var(--ast-global-color-5)","background-image":"","background-repeat":"repeat","background-position":"center center","background-size":"auto","background-attachment":"scroll","background-type":"","background-media":"","overlay-type":"","overlay-color":"","overlay-opacity":"","overlay-gradient":""}}},"product_brand":[1456],"product_cat":[294],"product_tag":[],"class_list":{"0":"post-10531","1":"product","2":"type-product","3":"status-publish","4":"has-post-thumbnail","6":"product_brand-ausas","7":"product_cat-vin-rouge","8":"desktop-align-left","9":"tablet-align-left","10":"mobile-align-left","12":"first","13":"outofstock","14":"taxable","15":"shipping-taxable","16":"purchasable","17":"product-type-simple"},"_links":{"self":[{"href":"https:\/\/andalubox.com\/fr\/wp-json\/wp\/v2\/product\/10531","targetHints":{"allow":["GET"]}}],"collection":[{"href":"https:\/\/andalubox.com\/fr\/wp-json\/wp\/v2\/product"}],"about":[{"href":"https:\/\/andalubox.com\/fr\/wp-json\/wp\/v2\/types\/product"}],"replies":[{"embeddable":true,"href":"https:\/\/andalubox.com\/fr\/wp-json\/wp\/v2\/comments?post=10531"}],"wp:featuredmedia":[{"embeddable":true,"href":"https:\/\/andalubox.com\/fr\/wp-json\/wp\/v2\/media\/10528"}],"wp:attachment":[{"href":"https:\/\/andalubox.com\/fr\/wp-json\/wp\/v2\/media?parent=10531"}],"wp:term":[{"taxonomy":"product_brand","embeddable":true,"href":"https:\/\/andalubox.com\/fr\/wp-json\/wp\/v2\/product_brand?post=10531"},{"taxonomy":"product_cat","embeddable":true,"href":"https:\/\/andalubox.com\/fr\/wp-json\/wp\/v2\/product_cat?post=10531"},{"taxonomy":"product_tag","embeddable":true,"href":"https:\/\/andalubox.com\/fr\/wp-json\/wp\/v2\/product_tag?post=10531"}],"curies":[{"name":"wp","href":"https:\/\/api.w.org\/{rel}","templated":true}]}}