{"id":10500,"date":"2023-05-23T16:55:55","date_gmt":"2023-05-23T14:55:55","guid":{"rendered":"https:\/\/andalubox.com\/producto-andaluz\/johnnie-walker-xr-21-years-gold-box-1l\/"},"modified":"2025-06-27T11:00:27","modified_gmt":"2025-06-27T09:00:27","slug":"johnnie-walker-xr-21-anos-etui-plaque-or-1l","status":"publish","type":"product","link":"https:\/\/andalubox.com\/fr\/producto-andaluz\/johnnie-walker-xr-21-anos-etui-plaque-or-1l\/","title":{"rendered":"Johnnie Walker xr 21 ans d&#8217;\u00e2ge Gold Case 1L"},"content":{"rendered":"<p><span style=\"font-weight: 400\">Johnnie Walker XR 21 a \u00e9t\u00e9 inspir\u00e9 par les notes manuscrites sur le m\u00e9lange de whisky laiss\u00e9es par Sir Alexander Walker, le petit-fils du l\u00e9gendaire Johnnie Walker.<\/span><\/p>\n<p><span style=\"font-weight: 400\">Un m\u00e9lange luxueux de r\u00e9serves exclusives vieillies en ch\u00eane, y compris de la distillerie Brora, aujourd&#8217;hui silencieuse. Vieilli pendant 21 ans, ce bled exceptionnel apporte des \u00e9pices et de la chaleur au palais, avec des couches de complexit\u00e9 qui satisferont le buveur de whisky exigeant.<\/span><\/p>","protected":false},"excerpt":{"rendered":"<p><span style=\"font-weight: 400\">Un m\u00e9lange luxueux de r\u00e9serves exclusives vieillies en ch\u00eane, y compris de la distillerie Brora, aujourd&#8217;hui silencieuse. Vieilli pendant 21 ans, ce bled exceptionnel apporte des \u00e9pices et de la chaleur au palais, avec des couches de complexit\u00e9 qui satisferont le buveur de whisky exigeant.<\/span><\/p>\n","protected":false},"featured_media":10496,"comment_status":"closed","ping_status":"closed","template":"","meta":{"site-sidebar-layout":"default","site-content-layout":"default","ast-site-content-layout":"default","site-content-style":"default","site-sidebar-style":"default","ast-global-header-display":"","ast-banner-title-visibility":"","ast-main-header-display":"","ast-hfb-above-header-display":"","ast-hfb-below-header-display":"","ast-hfb-mobile-header-display":"","site-post-title":"","ast-breadcrumbs-content":"","ast-featured-img":"","footer-sml-layout":"","ast-disable-related-posts":"","theme-transparent-header-meta":"default","adv-header-id-meta":"","stick-header-meta":"","header-above-stick-meta":"","header-main-stick-meta":"","header-below-stick-meta":"","astra-migrate-meta-layouts":"default","ast-page-background-enabled":"default","ast-page-background-meta":{"desktop":{"background-color":"var(--ast-global-color-4)","background-image":"","background-repeat":"repeat","background-position":"center center","background-size":"auto","background-attachment":"scroll","background-type":"","background-media":"","overlay-type":"","overlay-color":"","overlay-opacity":"","overlay-gradient":""},"tablet":{"background-color":"","background-image":"","background-repeat":"repeat","background-position":"center center","background-size":"auto","background-attachment":"scroll","background-type":"","background-media":"","overlay-type":"","overlay-color":"","overlay-opacity":"","overlay-gradient":""},"mobile":{"background-color":"","background-image":"","background-repeat":"repeat","background-position":"center center","background-size":"auto","background-attachment":"scroll","background-type":"","background-media":"","overlay-type":"","overlay-color":"","overlay-opacity":"","overlay-gradient":""}},"ast-content-background-meta":{"desktop":{"background-color":"var(--ast-global-color-5)","background-image":"","background-repeat":"repeat","background-position":"center center","background-size":"auto","background-attachment":"scroll","background-type":"","background-media":"","overlay-type":"","overlay-color":"","overlay-opacity":"","overlay-gradient":""},"tablet":{"background-color":"var(--ast-global-color-5)","background-image":"","background-repeat":"repeat","background-position":"center center","background-size":"auto","background-attachment":"scroll","background-type":"","background-media":"","overlay-type":"","overlay-color":"","overlay-opacity":"","overlay-gradient":""},"mobile":{"background-color":"var(--ast-global-color-5)","background-image":"","background-repeat":"repeat","background-position":"center center","background-size":"auto","background-attachment":"scroll","background-type":"","background-media":"","overlay-type":"","overlay-color":"","overlay-opacity":"","overlay-gradient":""}}},"product_brand":[],"product_cat":[416,1667],"product_tag":[],"class_list":{"0":"post-10500","1":"product","2":"type-product","3":"status-publish","4":"has-post-thumbnail","6":"product_cat-exclusivites-andalubox","7":"product_cat-whisky-fr","8":"desktop-align-left","9":"tablet-align-left","10":"mobile-align-left","12":"first","13":"instock","14":"taxable","15":"shipping-taxable","16":"purchasable","17":"product-type-simple"},"_links":{"self":[{"href":"https:\/\/andalubox.com\/fr\/wp-json\/wp\/v2\/product\/10500","targetHints":{"allow":["GET"]}}],"collection":[{"href":"https:\/\/andalubox.com\/fr\/wp-json\/wp\/v2\/product"}],"about":[{"href":"https:\/\/andalubox.com\/fr\/wp-json\/wp\/v2\/types\/product"}],"replies":[{"embeddable":true,"href":"https:\/\/andalubox.com\/fr\/wp-json\/wp\/v2\/comments?post=10500"}],"wp:featuredmedia":[{"embeddable":true,"href":"https:\/\/andalubox.com\/fr\/wp-json\/wp\/v2\/media\/10496"}],"wp:attachment":[{"href":"https:\/\/andalubox.com\/fr\/wp-json\/wp\/v2\/media?parent=10500"}],"wp:term":[{"taxonomy":"product_brand","embeddable":true,"href":"https:\/\/andalubox.com\/fr\/wp-json\/wp\/v2\/product_brand?post=10500"},{"taxonomy":"product_cat","embeddable":true,"href":"https:\/\/andalubox.com\/fr\/wp-json\/wp\/v2\/product_cat?post=10500"},{"taxonomy":"product_tag","embeddable":true,"href":"https:\/\/andalubox.com\/fr\/wp-json\/wp\/v2\/product_tag?post=10500"}],"curies":[{"name":"wp","href":"https:\/\/api.w.org\/{rel}","templated":true}]}}