{"id":10246,"date":"2023-04-19T11:27:34","date_gmt":"2023-04-19T09:27:34","guid":{"rendered":"https:\/\/andalubox.com\/producto-andaluz\/playa-regla-amontillado-75-cl\/"},"modified":"2024-12-03T09:26:18","modified_gmt":"2024-12-03T08:26:18","slug":"playa-regla-amontillado-75-cl","status":"publish","type":"product","link":"https:\/\/andalubox.com\/fr\/producto-andaluz\/playa-regla-amontillado-75-cl\/","title":{"rendered":"Playa Regla Amontillado 75 cl"},"content":{"rendered":"<h3>Vari\u00e9t\u00e9<\/h3>\n<p>G\u00e9n\u00e9reux. Palomino<\/p>\n<h3>D\u00e9signation de l&#8217;origine<\/h3>\n<p>Vins de Chipiona (Marco de Jerez)<\/p>\n<h3>Vieillissement<\/h3>\n<p>M\u00fbri sous le voile de la flor et de l&#8217;Oxidativa<\/p>\n<h3>Vignobles<\/h3>\n<p>Jos\u00e9 Mellado Mart\u00edn<\/p>\n<h3>Note de d\u00e9gustation<\/h3>\n<p>C&#8217;est un vin \u00e0 la couleur \u00e9l\u00e9gante, allant du topaze \u00e0 l&#8217;ambre. Son ar\u00f4me est subtil et d\u00e9licat. Avec une base \u00e9th\u00e9r\u00e9e adoucie par des ar\u00f4mes de noix (noisette) et de l\u00e9gumes rappelant les herbes aromatiques et le tabac noir. Il pr\u00e9sente une entr\u00e9e en bouche agr\u00e9able et une acidit\u00e9 \u00e9quilibr\u00e9e ; son \u00e9volution est complexe et suggestive, avec une finale s\u00e8che et un long arri\u00e8re-go\u00fbt dans lequel reviennent les notes de fruits secs et de ch\u00eane.<\/p>\n<h3>Remise des dipl\u00f4mes<\/h3>\n<p>19\u00ba<\/p>","protected":false},"excerpt":{"rendered":"<p>Vin g\u00e9n\u00e9reux d&#8217;une \u00e9l\u00e9gante couleur topaze \u00e0 ambr\u00e9e. Son ar\u00f4me est subtil et d\u00e9licat. L&#8217;entr\u00e9e en bouche est agr\u00e9able et l&#8217;acidit\u00e9 \u00e9quilibr\u00e9e.<\/p>\n","protected":false},"featured_media":10241,"comment_status":"closed","ping_status":"closed","template":"","meta":{"site-sidebar-layout":"default","site-content-layout":"default","ast-site-content-layout":"default","site-content-style":"default","site-sidebar-style":"default","ast-global-header-display":"","ast-banner-title-visibility":"","ast-main-header-display":"","ast-hfb-above-header-display":"","ast-hfb-below-header-display":"","ast-hfb-mobile-header-display":"","site-post-title":"","ast-breadcrumbs-content":"","ast-featured-img":"","footer-sml-layout":"","ast-disable-related-posts":"","theme-transparent-header-meta":"default","adv-header-id-meta":"","stick-header-meta":"","header-above-stick-meta":"","header-main-stick-meta":"","header-below-stick-meta":"","astra-migrate-meta-layouts":"default","ast-page-background-enabled":"default","ast-page-background-meta":{"desktop":{"background-color":"var(--ast-global-color-4)","background-image":"","background-repeat":"repeat","background-position":"center center","background-size":"auto","background-attachment":"scroll","background-type":"","background-media":"","overlay-type":"","overlay-color":"","overlay-opacity":"","overlay-gradient":""},"tablet":{"background-color":"","background-image":"","background-repeat":"repeat","background-position":"center center","background-size":"auto","background-attachment":"scroll","background-type":"","background-media":"","overlay-type":"","overlay-color":"","overlay-opacity":"","overlay-gradient":""},"mobile":{"background-color":"","background-image":"","background-repeat":"repeat","background-position":"center center","background-size":"auto","background-attachment":"scroll","background-type":"","background-media":"","overlay-type":"","overlay-color":"","overlay-opacity":"","overlay-gradient":""}},"ast-content-background-meta":{"desktop":{"background-color":"var(--ast-global-color-5)","background-image":"","background-repeat":"repeat","background-position":"center center","background-size":"auto","background-attachment":"scroll","background-type":"","background-media":"","overlay-type":"","overlay-color":"","overlay-opacity":"","overlay-gradient":""},"tablet":{"background-color":"var(--ast-global-color-5)","background-image":"","background-repeat":"repeat","background-position":"center center","background-size":"auto","background-attachment":"scroll","background-type":"","background-media":"","overlay-type":"","overlay-color":"","overlay-opacity":"","overlay-gradient":""},"mobile":{"background-color":"var(--ast-global-color-5)","background-image":"","background-repeat":"repeat","background-position":"center center","background-size":"auto","background-attachment":"scroll","background-type":"","background-media":"","overlay-type":"","overlay-color":"","overlay-opacity":"","overlay-gradient":""}}},"product_brand":[1449],"product_cat":[15],"product_tag":[132],"class_list":{"0":"post-10246","1":"product","2":"type-product","3":"status-publish","4":"has-post-thumbnail","6":"product_brand-playa-regla","7":"product_cat-sin-categorizar","8":"product_tag-cadix","9":"desktop-align-left","10":"tablet-align-left","11":"mobile-align-left","13":"first","14":"instock","15":"taxable","16":"shipping-taxable","17":"purchasable","18":"product-type-simple"},"_links":{"self":[{"href":"https:\/\/andalubox.com\/fr\/wp-json\/wp\/v2\/product\/10246","targetHints":{"allow":["GET"]}}],"collection":[{"href":"https:\/\/andalubox.com\/fr\/wp-json\/wp\/v2\/product"}],"about":[{"href":"https:\/\/andalubox.com\/fr\/wp-json\/wp\/v2\/types\/product"}],"replies":[{"embeddable":true,"href":"https:\/\/andalubox.com\/fr\/wp-json\/wp\/v2\/comments?post=10246"}],"wp:featuredmedia":[{"embeddable":true,"href":"https:\/\/andalubox.com\/fr\/wp-json\/wp\/v2\/media\/10241"}],"wp:attachment":[{"href":"https:\/\/andalubox.com\/fr\/wp-json\/wp\/v2\/media?parent=10246"}],"wp:term":[{"taxonomy":"product_brand","embeddable":true,"href":"https:\/\/andalubox.com\/fr\/wp-json\/wp\/v2\/product_brand?post=10246"},{"taxonomy":"product_cat","embeddable":true,"href":"https:\/\/andalubox.com\/fr\/wp-json\/wp\/v2\/product_cat?post=10246"},{"taxonomy":"product_tag","embeddable":true,"href":"https:\/\/andalubox.com\/fr\/wp-json\/wp\/v2\/product_tag?post=10246"}],"curies":[{"name":"wp","href":"https:\/\/api.w.org\/{rel}","templated":true}]}}