{"id":10211,"date":"2023-04-11T16:55:37","date_gmt":"2023-04-11T14:55:37","guid":{"rendered":"https:\/\/andalubox.com\/producto-andaluz\/baileys-original-chocolat-au-lait\/"},"modified":"2025-06-20T09:38:32","modified_gmt":"2025-06-20T07:38:32","slug":"baileys-original-milk-chocolate","status":"publish","type":"product","link":"https:\/\/andalubox.com\/fr\/producto-andaluz\/baileys-original-milk-chocolate\/","title":{"rendered":"Barre de truffes au chocolat Baileys (import\u00e9e d&#8217;Allemagne), 90g"},"content":{"rendered":"<p>Avec du chocolat au lait croustillant \u00e0 l&#8217;ext\u00e9rieur, un fourrage au caramel sal\u00e9 et un soup\u00e7on de Baileys onctueux, il n&#8217;y a que trois mots pour d\u00e9crire nos d\u00e9licieuses truffes au chocolat. yum, yum et yum.<\/p>\n<p>Gr\u00e2ce au c\u0153ur extra cr\u00e9meux de truffes au Baileys, cette barre croquante est pleine de plaisir.<\/p>\n<h3>Ingr\u00e9dients<\/h3>\n<p>Sucre, beurre de cacao, lait entier en poudre, p\u00e2te de cacao, huiles v\u00e9g\u00e9tales (huile de palme, beurre de karit\u00e9, huile de sel, huile de mangue, huile de coton, huile de colza, huile de tournesol), liqueur de cr\u00e8me irlandaise Baileys original (contient du lait), eau, lait \u00e9vapor\u00e9, lait \u00e9cr\u00e9m\u00e9 en poudre, sirop de glucose, humectant (sirop de sorbitol), dextrose, \u00e9mulsifiant (l\u00e9cithine de soja), ar\u00f4mes. Ce produit peut contenir des traces de noix car il est fabriqu\u00e9 dans une usine qui utilise des ingr\u00e9dients \u00e0 base de noix. <strong>Ce produit contient de l&#8217;alcool &lt;0,5%<\/strong>.<\/p>\n<h3>Allerg\u00e8nes<\/h3>\n<p>Lait, soja.<\/p>\n<p><img fetchpriority=\"high\" decoding=\"async\" class=\"alignnone size-medium wp-image-10206\" src=\"https:\/\/andalubox.com\/wp-content\/uploads\/2023\/04\/baileys-original-milk-tableta-chocolate-500x403.jpg\" alt=\"Baileys Original Chocolat au lait\" width=\"500\" height=\"403\" srcset=\"https:\/\/andalubox.com\/wp-content\/uploads\/2023\/04\/baileys-original-milk-tableta-chocolate-500x403.jpg 500w, https:\/\/andalubox.com\/wp-content\/uploads\/2023\/04\/baileys-original-milk-tableta-chocolate.jpg 541w\" sizes=\"(max-width: 500px) 100vw, 500px\" \/><\/p>","protected":false},"excerpt":{"rendered":"<p>La barre de chocolat au lait Baileys Original est une barre de chocolat au lait lisse et cr\u00e9meuse avec un centre de truffe Baileys.<\/p>\n","protected":false},"featured_media":10188,"comment_status":"closed","ping_status":"closed","template":"","meta":{"site-sidebar-layout":"default","site-content-layout":"default","ast-site-content-layout":"default","site-content-style":"default","site-sidebar-style":"default","ast-global-header-display":"","ast-banner-title-visibility":"","ast-main-header-display":"","ast-hfb-above-header-display":"","ast-hfb-below-header-display":"","ast-hfb-mobile-header-display":"","site-post-title":"","ast-breadcrumbs-content":"","ast-featured-img":"","footer-sml-layout":"","ast-disable-related-posts":"","theme-transparent-header-meta":"default","adv-header-id-meta":"","stick-header-meta":"","header-above-stick-meta":"","header-main-stick-meta":"","header-below-stick-meta":"","astra-migrate-meta-layouts":"default","ast-page-background-enabled":"default","ast-page-background-meta":{"desktop":{"background-color":"var(--ast-global-color-4)","background-image":"","background-repeat":"repeat","background-position":"center center","background-size":"auto","background-attachment":"scroll","background-type":"","background-media":"","overlay-type":"","overlay-color":"","overlay-opacity":"","overlay-gradient":""},"tablet":{"background-color":"","background-image":"","background-repeat":"repeat","background-position":"center center","background-size":"auto","background-attachment":"scroll","background-type":"","background-media":"","overlay-type":"","overlay-color":"","overlay-opacity":"","overlay-gradient":""},"mobile":{"background-color":"","background-image":"","background-repeat":"repeat","background-position":"center center","background-size":"auto","background-attachment":"scroll","background-type":"","background-media":"","overlay-type":"","overlay-color":"","overlay-opacity":"","overlay-gradient":""}},"ast-content-background-meta":{"desktop":{"background-color":"var(--ast-global-color-5)","background-image":"","background-repeat":"repeat","background-position":"center center","background-size":"auto","background-attachment":"scroll","background-type":"","background-media":"","overlay-type":"","overlay-color":"","overlay-opacity":"","overlay-gradient":""},"tablet":{"background-color":"var(--ast-global-color-5)","background-image":"","background-repeat":"repeat","background-position":"center center","background-size":"auto","background-attachment":"scroll","background-type":"","background-media":"","overlay-type":"","overlay-color":"","overlay-opacity":"","overlay-gradient":""},"mobile":{"background-color":"var(--ast-global-color-5)","background-image":"","background-repeat":"repeat","background-position":"center center","background-size":"auto","background-attachment":"scroll","background-type":"","background-media":"","overlay-type":"","overlay-color":"","overlay-opacity":"","overlay-gradient":""}}},"product_brand":[1448],"product_cat":[371],"product_tag":[],"class_list":{"0":"post-10211","1":"product","2":"type-product","3":"status-publish","4":"has-post-thumbnail","6":"product_brand-baileys","7":"product_cat-chocolat","8":"desktop-align-left","9":"tablet-align-left","10":"mobile-align-left","12":"first","13":"outofstock","14":"taxable","15":"shipping-taxable","16":"purchasable","17":"product-type-simple"},"_links":{"self":[{"href":"https:\/\/andalubox.com\/fr\/wp-json\/wp\/v2\/product\/10211","targetHints":{"allow":["GET"]}}],"collection":[{"href":"https:\/\/andalubox.com\/fr\/wp-json\/wp\/v2\/product"}],"about":[{"href":"https:\/\/andalubox.com\/fr\/wp-json\/wp\/v2\/types\/product"}],"replies":[{"embeddable":true,"href":"https:\/\/andalubox.com\/fr\/wp-json\/wp\/v2\/comments?post=10211"}],"wp:featuredmedia":[{"embeddable":true,"href":"https:\/\/andalubox.com\/fr\/wp-json\/wp\/v2\/media\/10188"}],"wp:attachment":[{"href":"https:\/\/andalubox.com\/fr\/wp-json\/wp\/v2\/media?parent=10211"}],"wp:term":[{"taxonomy":"product_brand","embeddable":true,"href":"https:\/\/andalubox.com\/fr\/wp-json\/wp\/v2\/product_brand?post=10211"},{"taxonomy":"product_cat","embeddable":true,"href":"https:\/\/andalubox.com\/fr\/wp-json\/wp\/v2\/product_cat?post=10211"},{"taxonomy":"product_tag","embeddable":true,"href":"https:\/\/andalubox.com\/fr\/wp-json\/wp\/v2\/product_tag?post=10211"}],"curies":[{"name":"wp","href":"https:\/\/api.w.org\/{rel}","templated":true}]}}