{"id":10026,"date":"2023-03-20T13:54:44","date_gmt":"2023-03-20T12:54:44","guid":{"rendered":"https:\/\/andalubox.com\/producto-andaluz\/oeufs-kinder\/"},"modified":"2025-06-20T09:38:26","modified_gmt":"2025-06-20T07:38:26","slug":"jardin-denfants-bons-oeufs","status":"publish","type":"product","link":"https:\/\/andalubox.com\/fr\/producto-andaluz\/jardin-denfants-bons-oeufs\/","title":{"rendered":"\u0152ufs Kinder Bueno"},"content":{"rendered":"<p>Gaufre croustillante avec un fourrage cr\u00e9meux au lait et aux noisettes, recouverte d&#8217;une fine couche de d\u00e9licieux chocolat au lait.<\/p>\n<h3>Ingr\u00e9dients<\/h3>\n<p>Chocolat au lait 31,5% (sucre, beurre de cacao, p\u00e2te de cacao, poudre de LAIT \u00e9cr\u00e9m\u00e9, BEURRE concentr\u00e9, \u00e9mulsifiants : l\u00e9cithines (SOY) ; vanilline), sucre, shortening de palme, farine de BLE, NOISETTES (10,8%), poudre de LAIT \u00e9cr\u00e9m\u00e9, poudre de LAIT entier, chocolat noir (sucre, p\u00e2te de cacao, beurre de cacao, \u00e9mulsifiants : l\u00e9cithines (SOY) ; vanilline), sel, cacao d\u00e9graiss\u00e9, \u00e9mulsifiants : carbonate de sodium, carbonate de sodium, carbonate de sodium, vanilline, sel, shortening de palme, farine de BLE : l\u00e9cithines (SOY) ; vanilline), cacao d\u00e9graiss\u00e9, \u00e9mulsifiants : l\u00e9cithines (SOY), poudre \u00e0 lever (carbonate acide de sodium), sel, vanilline. Sur le total : produits laitiers 19,5%.<\/p>","protected":false},"excerpt":{"rendered":"<p>Le go\u00fbt unique d&#8217;un bon jardin d&#8217;enfants sous forme de petits \u0153ufs.  <\/p>\n<p>si vous \u00eates un fan de Kinder et que vous aimez Kinder Bueno, vous allez adorer ces \u0153ufs Kinder !<\/p>\n","protected":false},"featured_media":10023,"comment_status":"closed","ping_status":"closed","template":"","meta":{"site-sidebar-layout":"default","site-content-layout":"default","ast-site-content-layout":"default","site-content-style":"default","site-sidebar-style":"default","ast-global-header-display":"","ast-banner-title-visibility":"","ast-main-header-display":"","ast-hfb-above-header-display":"","ast-hfb-below-header-display":"","ast-hfb-mobile-header-display":"","site-post-title":"","ast-breadcrumbs-content":"","ast-featured-img":"","footer-sml-layout":"","ast-disable-related-posts":"","theme-transparent-header-meta":"default","adv-header-id-meta":"","stick-header-meta":"","header-above-stick-meta":"","header-main-stick-meta":"","header-below-stick-meta":"","astra-migrate-meta-layouts":"default","ast-page-background-enabled":"default","ast-page-background-meta":{"desktop":{"background-color":"var(--ast-global-color-4)","background-image":"","background-repeat":"repeat","background-position":"center center","background-size":"auto","background-attachment":"scroll","background-type":"","background-media":"","overlay-type":"","overlay-color":"","overlay-opacity":"","overlay-gradient":""},"tablet":{"background-color":"","background-image":"","background-repeat":"repeat","background-position":"center center","background-size":"auto","background-attachment":"scroll","background-type":"","background-media":"","overlay-type":"","overlay-color":"","overlay-opacity":"","overlay-gradient":""},"mobile":{"background-color":"","background-image":"","background-repeat":"repeat","background-position":"center center","background-size":"auto","background-attachment":"scroll","background-type":"","background-media":"","overlay-type":"","overlay-color":"","overlay-opacity":"","overlay-gradient":""}},"ast-content-background-meta":{"desktop":{"background-color":"var(--ast-global-color-5)","background-image":"","background-repeat":"repeat","background-position":"center center","background-size":"auto","background-attachment":"scroll","background-type":"","background-media":"","overlay-type":"","overlay-color":"","overlay-opacity":"","overlay-gradient":""},"tablet":{"background-color":"var(--ast-global-color-5)","background-image":"","background-repeat":"repeat","background-position":"center center","background-size":"auto","background-attachment":"scroll","background-type":"","background-media":"","overlay-type":"","overlay-color":"","overlay-opacity":"","overlay-gradient":""},"mobile":{"background-color":"var(--ast-global-color-5)","background-image":"","background-repeat":"repeat","background-position":"center center","background-size":"auto","background-attachment":"scroll","background-type":"","background-media":"","overlay-type":"","overlay-color":"","overlay-opacity":"","overlay-gradient":""}}},"product_brand":[1381],"product_cat":[371],"product_tag":[],"class_list":{"0":"post-10026","1":"product","2":"type-product","3":"status-publish","4":"has-post-thumbnail","6":"product_brand-ferrero","7":"product_cat-chocolat","8":"desktop-align-left","9":"tablet-align-left","10":"mobile-align-left","12":"first","13":"outofstock","14":"taxable","15":"shipping-taxable","16":"purchasable","17":"product-type-simple"},"_links":{"self":[{"href":"https:\/\/andalubox.com\/fr\/wp-json\/wp\/v2\/product\/10026","targetHints":{"allow":["GET"]}}],"collection":[{"href":"https:\/\/andalubox.com\/fr\/wp-json\/wp\/v2\/product"}],"about":[{"href":"https:\/\/andalubox.com\/fr\/wp-json\/wp\/v2\/types\/product"}],"replies":[{"embeddable":true,"href":"https:\/\/andalubox.com\/fr\/wp-json\/wp\/v2\/comments?post=10026"}],"wp:featuredmedia":[{"embeddable":true,"href":"https:\/\/andalubox.com\/fr\/wp-json\/wp\/v2\/media\/10023"}],"wp:attachment":[{"href":"https:\/\/andalubox.com\/fr\/wp-json\/wp\/v2\/media?parent=10026"}],"wp:term":[{"taxonomy":"product_brand","embeddable":true,"href":"https:\/\/andalubox.com\/fr\/wp-json\/wp\/v2\/product_brand?post=10026"},{"taxonomy":"product_cat","embeddable":true,"href":"https:\/\/andalubox.com\/fr\/wp-json\/wp\/v2\/product_cat?post=10026"},{"taxonomy":"product_tag","embeddable":true,"href":"https:\/\/andalubox.com\/fr\/wp-json\/wp\/v2\/product_tag?post=10026"}],"curies":[{"name":"wp","href":"https:\/\/api.w.org\/{rel}","templated":true}]}}