{"id":7351,"date":"2022-10-25T18:01:52","date_gmt":"2022-10-25T16:01:52","guid":{"rendered":"https:\/\/andalubox.com\/politique-de-confidentialite\/"},"modified":"2022-10-30T21:18:45","modified_gmt":"2022-10-30T20:18:45","slug":"politique-de-confidentialite","status":"publish","type":"page","link":"https:\/\/andalubox.com\/fr\/politique-de-confidentialite\/","title":{"rendered":"Politique de confidentialit\u00e9"},"content":{"rendered":"\t\t<div data-elementor-type=\"wp-page\" data-elementor-id=\"7351\" class=\"elementor elementor-7351 elementor-113\" data-elementor-settings=\"{&quot;ha_cmc_init_switcher&quot;:&quot;no&quot;}\" data-elementor-post-type=\"page\">\n\t\t\t\t\t\t<section class=\"elementor-section elementor-top-section elementor-element elementor-element-38c3cdff elementor-section-boxed elementor-section-height-default elementor-section-height-default\" data-id=\"38c3cdff\" data-element_type=\"section\" data-e-type=\"section\">\n\t\t\t\t\t\t<div class=\"elementor-container elementor-column-gap-default\">\n\t\t\t\t\t<div class=\"elementor-column elementor-col-100 elementor-top-column elementor-element elementor-element-3265c5cd\" data-id=\"3265c5cd\" data-element_type=\"column\" data-e-type=\"column\">\n\t\t\t<div class=\"elementor-widget-wrap elementor-element-populated\">\n\t\t\t\t\t\t<div class=\"elementor-element elementor-element-73f812d3 elementor-widget elementor-widget-spacer\" data-id=\"73f812d3\" data-element_type=\"widget\" data-e-type=\"widget\" data-widget_type=\"spacer.default\">\n\t\t\t\t<div class=\"elementor-widget-container\">\n\t\t\t\t\t\t\t<div class=\"elementor-spacer\">\n\t\t\t<div class=\"elementor-spacer-inner\"><\/div>\n\t\t<\/div>\n\t\t\t\t\t\t<\/div>\n\t\t\t\t<\/div>\n\t\t\t\t<div class=\"elementor-element elementor-element-750c14f6 elementor-widget elementor-widget-heading\" data-id=\"750c14f6\" data-element_type=\"widget\" data-e-type=\"widget\" data-widget_type=\"heading.default\">\n\t\t\t\t<div class=\"elementor-widget-container\">\n\t\t\t\t\t<h2 class=\"elementor-heading-title elementor-size-default\">Politique de confidentialit\u00e9 et de protection des donn\u00e9es<\/h2>\t\t\t\t<\/div>\n\t\t\t\t<\/div>\n\t\t\t\t\t<\/div>\n\t\t<\/div>\n\t\t\t\t\t<\/div>\n\t\t<\/section>\n\t\t\t\t<section class=\"elementor-section elementor-top-section elementor-element elementor-element-2d7e1d88 elementor-section-boxed elementor-section-height-default elementor-section-height-default\" data-id=\"2d7e1d88\" data-element_type=\"section\" data-e-type=\"section\">\n\t\t\t\t\t\t<div class=\"elementor-container elementor-column-gap-default\">\n\t\t\t\t\t<div class=\"elementor-column elementor-col-100 elementor-top-column elementor-element elementor-element-4067f72f\" data-id=\"4067f72f\" data-element_type=\"column\" data-e-type=\"column\">\n\t\t\t<div class=\"elementor-widget-wrap elementor-element-populated\">\n\t\t\t\t\t\t<div class=\"elementor-element elementor-element-52bddc82 elementor-widget elementor-widget-text-editor\" data-id=\"52bddc82\" data-element_type=\"widget\" data-e-type=\"widget\" data-widget_type=\"text-editor.default\">\n\t\t\t\t<div class=\"elementor-widget-container\">\n\t\t\t\t\t\t\t\t\t<p><span style=\"font-weight: 400;\">Gr\u00e2ce \u00e0 notre site Web, les utilisateurs pourront parcourir anonymement l\u2019une de ses sections lors de leur visite.<\/span><\/p>\n<p><span style=\"font-weight: 400;\">Vous devrez avoir le consentement de vos parents ou tuteurs avant d\u2019inclure vos donn\u00e9es personnelles dans les formulaires sur le site Web en cas de mineur.<\/span><\/p>\n<p><span style=\"font-weight: 400;\">Conform\u00e9ment aux dispositions de la loi 15\/1999, du 13 d\u00e9cembre, Protection des donn\u00e9es personnelles, nous vous informons que les donn\u00e9es personnelles que vous fournissez seront incorpor\u00e9es dans un fichier automatis\u00e9 appartenant \u00e0 Mantequer\u00edas Manchegas, S.L. (ci-apr\u00e8s la soci\u00e9t\u00e9) qui, en tant que responsable, les utilisera dans le but exclusif de fournir les services requis par vous via ce site Web,  ainsi que pour vous envoyer des informations p\u00e9riodiques sur nos produits, offres et promotions.<\/span><\/p>\n<p><span style=\"font-weight: 400;\">Dans le cas o\u00f9 vous souhaitez exercer vos droits d\u2019acc\u00e8s, de rectification, d\u2019opposition et d\u2019annulation ainsi que r\u00e9voquer le consentement \u00e0 l\u2019utilisation de vos donn\u00e9es aux fins indiqu\u00e9es, vous pouvez le faire \u00e0 tout moment en envoyant une communication \u00e9crite, accompagn\u00e9e d\u2019une copie de votre pi\u00e8ce d\u2019identit\u00e9, \u00e0 Hecho en Mantequer\u00edas Manchegas, S.L., La Plazuela, 3, 7\u00baA. CP 41500 Alcal\u00e1 de Guadaira (S\u00e9ville) Espagne, ou \u00e0 l\u2019adresse e-mail suivante info@andalubox.com.<\/span><\/p>\n<p><span style=\"font-weight: 400;\">La soci\u00e9t\u00e9 dispose des mesures de s\u00e9curit\u00e9 n\u00e9cessaires, dans les niveaux de protection de vos donn\u00e9es pr\u00e9vus dans le d\u00e9cret royal 1720\/2007, du 21 d\u00e9cembre, qui approuve le R\u00e8glement pour le d\u00e9veloppement de la loi organique 15\/1999, du 13 d\u00e9cembre, Protection des donn\u00e9es personnelles, le tout sans pr\u00e9judice de vous informer que les mesures de s\u00e9curit\u00e9 Internet ne sont pas imprenables.<\/span><\/p>\n<p><span style=\"font-weight: 400;\">Ce site Web n\u2019utilise pas de \u00ab cookies \u00bb ou tout autre utilitaire permettant la collecte de donn\u00e9es personnelles sans votre consentement.<\/span><\/p>\n<p><span style=\"font-weight: 400;\">Quels sont vos droits ?<\/span><\/p>\n<p><span style=\"font-weight: 400;\">Notre r\u00e9glementation en mati\u00e8re de protection des donn\u00e9es vous conf\u00e8re une s\u00e9rie de droits en ce qui concerne le traitement des donn\u00e9es impliqu\u00e9 dans le service hebdomadaire de newsletter et que nous pouvons r\u00e9sumer comme suit:<\/span><\/p>\n<ul>\n<li style=\"font-weight: 400;\" aria-level=\"1\"><span style=\"font-weight: 400;\">Droit d\u2019acc\u00e8s : Savoir quel type de donn\u00e9es nous traitons et les caract\u00e9ristiques du traitement que nous effectuons.<\/span><\/li>\n<li style=\"font-weight: 400;\" aria-level=\"1\"><span style=\"font-weight: 400;\">Droit de rectification : Pouvoir demander la modification de vos donn\u00e9es parce qu\u2019elles sont inexactes ou non v\u00e9ridiques.<\/span><\/li>\n<li style=\"font-weight: 400;\" aria-level=\"1\"><span style=\"font-weight: 400;\">Droit \u00e0 la portabilit\u00e9 : Pouvoir obtenir une copie des donn\u00e9es trait\u00e9es.<\/span><\/li>\n<li style=\"font-weight: 400;\" aria-level=\"1\"><span style=\"font-weight: 400;\">Droit \u00e0 la limitation du traitement dans les cas pr\u00e9vus par la loi.<\/span><\/li>\n<li style=\"font-weight: 400;\" aria-level=\"1\"><span style=\"font-weight: 400;\">Droit de suppression : Demander la suppression de vos donn\u00e9es lorsque le traitement n\u2019est plus n\u00e9cessaire.<\/span><\/li>\n<li style=\"font-weight: 400;\" aria-level=\"1\"><span style=\"font-weight: 400;\">Droit d\u2019opposition : Demander la cessation de l\u2019envoi de communications commerciales dans les termes indiqu\u00e9s ci-dessus.<\/span><\/li>\n<\/ul>\n<p><span style=\"font-weight: 400;\">Vous pouvez exercer vos droits par e-mail \u00e0 l\u2019adresse <\/span><span style=\"font-weight: 400;\">info@andalubox.com<\/span><span style=\"font-weight: 400;\">  o Mantequer\u00edas Manchegas, S.L., La Plazuela, 3. 7\u00baA. CP 41500 Alacl\u00e1 de Guadaira (S\u00e9ville) Espagne, indiquant le droit d\u2019exercer l\u2019un de ces droits.<\/span><\/p><\/p>\n\t\t\t\t\t\t\t\t<\/div>\n\t\t\t\t<\/div>\n\t\t\t\t\t<\/div>\n\t\t<\/div>\n\t\t\t\t\t<\/div>\n\t\t<\/section>\n\t\t\t\t<section class=\"elementor-section elementor-top-section elementor-element elementor-element-93b76d7 elementor-section-boxed elementor-section-height-default elementor-section-height-default\" data-id=\"93b76d7\" data-element_type=\"section\" data-e-type=\"section\">\n\t\t\t\t\t\t<div class=\"elementor-container elementor-column-gap-default\">\n\t\t\t\t\t<div class=\"elementor-column elementor-col-100 elementor-top-column elementor-element elementor-element-d4bb05b\" data-id=\"d4bb05b\" data-element_type=\"column\" data-e-type=\"column\">\n\t\t\t<div class=\"elementor-widget-wrap elementor-element-populated\">\n\t\t\t\t\t\t<div class=\"elementor-element elementor-element-511498d elementor-widget elementor-widget-heading\" data-id=\"511498d\" data-element_type=\"widget\" data-e-type=\"widget\" data-widget_type=\"heading.default\">\n\t\t\t\t<div class=\"elementor-widget-container\">\n\t\t\t\t\t<h2 class=\"elementor-heading-title elementor-size-default\">POLITIQUE DE COOKIES<\/h2>\t\t\t\t<\/div>\n\t\t\t\t<\/div>\n\t\t\t\t<div class=\"elementor-element elementor-element-c1e5331 elementor-widget elementor-widget-text-editor\" data-id=\"c1e5331\" data-element_type=\"widget\" data-e-type=\"widget\" data-widget_type=\"text-editor.default\">\n\t\t\t\t<div class=\"elementor-widget-container\">\n\t\t\t\t\t\t\t\t\t<p>Ce site utilise des cookies et des techniques similaires pour vous offrir un service plus confortable et personnalis\u00e9. Vous pouvez obtenir plus d\u2019informations \u00e0 ce sujet en acc\u00e9dant \u00e0 notre <a href=\"https:\/\/andalubox.com\/fr\/politique-de-cookies\/\">politique de cookies<\/a><\/p>\n\t\t\t\t\t\t\t\t<\/div>\n\t\t\t\t<\/div>\n\t\t\t\t\t<\/div>\n\t\t<\/div>\n\t\t\t\t\t<\/div>\n\t\t<\/section>\n\t\t\t\t<\/div>\n\t\t","protected":false},"excerpt":{"rendered":"<p>Politique de confidentialit\u00e9 et de protection des donn\u00e9es Gr\u00e2ce \u00e0 notre site Web, les utilisateurs pourront parcourir anonymement l\u2019une de ses sections lors de leur visite. Vous devrez avoir le consentement de vos parents ou tuteurs avant d\u2019inclure vos donn\u00e9es personnelles dans les formulaires sur le site Web en cas de mineur. Conform\u00e9ment aux dispositions [&hellip;]<\/p>\n","protected":false},"author":2,"featured_media":0,"parent":0,"menu_order":0,"comment_status":"closed","ping_status":"closed","template":"","meta":{"site-sidebar-layout":"no-sidebar","site-content-layout":"page-builder","ast-site-content-layout":"default","site-content-style":"default","site-sidebar-style":"default","ast-global-header-display":"","ast-banner-title-visibility":"","ast-main-header-display":"","ast-hfb-above-header-display":"","ast-hfb-below-header-display":"","ast-hfb-mobile-header-display":"","site-post-title":"disabled","ast-breadcrumbs-content":"","ast-featured-img":"disabled","footer-sml-layout":"","ast-disable-related-posts":"","theme-transparent-header-meta":"","adv-header-id-meta":"","stick-header-meta":"","header-above-stick-meta":"","header-main-stick-meta":"","header-below-stick-meta":"","astra-migrate-meta-layouts":"default","ast-page-background-enabled":"default","ast-page-background-meta":{"desktop":{"background-color":"var(--ast-global-color-4)","background-image":"","background-repeat":"repeat","background-position":"center center","background-size":"auto","background-attachment":"scroll","background-type":"","background-media":"","overlay-type":"","overlay-color":"","overlay-opacity":"","overlay-gradient":""},"tablet":{"background-color":"","background-image":"","background-repeat":"repeat","background-position":"center center","background-size":"auto","background-attachment":"scroll","background-type":"","background-media":"","overlay-type":"","overlay-color":"","overlay-opacity":"","overlay-gradient":""},"mobile":{"background-color":"","background-image":"","background-repeat":"repeat","background-position":"center center","background-size":"auto","background-attachment":"scroll","background-type":"","background-media":"","overlay-type":"","overlay-color":"","overlay-opacity":"","overlay-gradient":""}},"ast-content-background-meta":{"desktop":{"background-color":"var(--ast-global-color-5)","background-image":"","background-repeat":"repeat","background-position":"center center","background-size":"auto","background-attachment":"scroll","background-type":"","background-media":"","overlay-type":"","overlay-color":"","overlay-opacity":"","overlay-gradient":""},"tablet":{"background-color":"var(--ast-global-color-5)","background-image":"","background-repeat":"repeat","background-position":"center center","background-size":"auto","background-attachment":"scroll","background-type":"","background-media":"","overlay-type":"","overlay-color":"","overlay-opacity":"","overlay-gradient":""},"mobile":{"background-color":"var(--ast-global-color-5)","background-image":"","background-repeat":"repeat","background-position":"center center","background-size":"auto","background-attachment":"scroll","background-type":"","background-media":"","overlay-type":"","overlay-color":"","overlay-opacity":"","overlay-gradient":""}},"footnotes":""},"class_list":["post-7351","page","type-page","status-publish","hentry"],"_links":{"self":[{"href":"https:\/\/andalubox.com\/fr\/wp-json\/wp\/v2\/pages\/7351","targetHints":{"allow":["GET"]}}],"collection":[{"href":"https:\/\/andalubox.com\/fr\/wp-json\/wp\/v2\/pages"}],"about":[{"href":"https:\/\/andalubox.com\/fr\/wp-json\/wp\/v2\/types\/page"}],"author":[{"embeddable":true,"href":"https:\/\/andalubox.com\/fr\/wp-json\/wp\/v2\/users\/2"}],"replies":[{"embeddable":true,"href":"https:\/\/andalubox.com\/fr\/wp-json\/wp\/v2\/comments?post=7351"}],"version-history":[{"count":0,"href":"https:\/\/andalubox.com\/fr\/wp-json\/wp\/v2\/pages\/7351\/revisions"}],"wp:attachment":[{"href":"https:\/\/andalubox.com\/fr\/wp-json\/wp\/v2\/media?parent=7351"}],"curies":[{"name":"wp","href":"https:\/\/api.w.org\/{rel}","templated":true}]}}