{"id":7332,"date":"2022-10-25T17:57:48","date_gmt":"2022-10-25T15:57:48","guid":{"rendered":"https:\/\/andalubox.com\/mentions-legales\/"},"modified":"2022-10-30T21:18:44","modified_gmt":"2022-10-30T20:18:44","slug":"mentions-legales","status":"publish","type":"page","link":"https:\/\/andalubox.com\/fr\/mentions-legales\/","title":{"rendered":"Mentions l\u00e9gales"},"content":{"rendered":"\t\t<div data-elementor-type=\"wp-page\" data-elementor-id=\"7332\" class=\"elementor elementor-7332 elementor-99\" data-elementor-settings=\"{&quot;ha_cmc_init_switcher&quot;:&quot;no&quot;}\" data-elementor-post-type=\"page\">\n\t\t\t\t\t\t<section class=\"elementor-section elementor-top-section elementor-element elementor-element-72e21af8 elementor-section-boxed elementor-section-height-default elementor-section-height-default\" data-id=\"72e21af8\" data-element_type=\"section\" data-e-type=\"section\">\n\t\t\t\t\t\t<div class=\"elementor-container elementor-column-gap-default\">\n\t\t\t\t\t<div class=\"elementor-column elementor-col-100 elementor-top-column elementor-element elementor-element-2f6d8d1a\" data-id=\"2f6d8d1a\" data-element_type=\"column\" data-e-type=\"column\">\n\t\t\t<div class=\"elementor-widget-wrap elementor-element-populated\">\n\t\t\t\t\t\t<div class=\"elementor-element elementor-element-520f7bc5 elementor-widget elementor-widget-spacer\" data-id=\"520f7bc5\" data-element_type=\"widget\" data-e-type=\"widget\" data-widget_type=\"spacer.default\">\n\t\t\t\t<div class=\"elementor-widget-container\">\n\t\t\t\t\t\t\t<div class=\"elementor-spacer\">\n\t\t\t<div class=\"elementor-spacer-inner\"><\/div>\n\t\t<\/div>\n\t\t\t\t\t\t<\/div>\n\t\t\t\t<\/div>\n\t\t\t\t<div class=\"elementor-element elementor-element-395886f9 elementor-widget elementor-widget-heading\" data-id=\"395886f9\" data-element_type=\"widget\" data-e-type=\"widget\" data-widget_type=\"heading.default\">\n\t\t\t\t<div class=\"elementor-widget-container\">\n\t\t\t\t\t<h2 class=\"elementor-heading-title elementor-size-default\">Mentions l\u00e9gales<\/h2>\t\t\t\t<\/div>\n\t\t\t\t<\/div>\n\t\t\t\t\t<\/div>\n\t\t<\/div>\n\t\t\t\t\t<\/div>\n\t\t<\/section>\n\t\t\t\t<section class=\"elementor-section elementor-top-section elementor-element elementor-element-94826fc elementor-section-boxed elementor-section-height-default elementor-section-height-default\" data-id=\"94826fc\" data-element_type=\"section\" data-e-type=\"section\">\n\t\t\t\t\t\t<div class=\"elementor-container elementor-column-gap-default\">\n\t\t\t\t\t<div class=\"elementor-column elementor-col-100 elementor-top-column elementor-element elementor-element-3e1dff45\" data-id=\"3e1dff45\" data-element_type=\"column\" data-e-type=\"column\">\n\t\t\t<div class=\"elementor-widget-wrap elementor-element-populated\">\n\t\t\t\t\t\t<div class=\"elementor-element elementor-element-7b887325 elementor-widget elementor-widget-text-editor\" data-id=\"7b887325\" data-element_type=\"widget\" data-e-type=\"widget\" data-widget_type=\"text-editor.default\">\n\t\t\t\t<div class=\"elementor-widget-container\">\n\t\t\t\t\t\t\t\t\t<p><span style=\"font-weight: 400;\">Les pr\u00e9sentes mentions l\u00e9gales r\u00e9gissent l\u2019acc\u00e8s, la navigation et l\u2019utilisation du site Web andalubox.com (ci-apr\u00e8s Andalubox).<\/span><\/p>\n<p><span style=\"font-weight: 400;\">Les conditions \u00e9tablies dans le pr\u00e9sent avis juridique sont d\u2019application suppl\u00e9mentaire dans le cas o\u00f9 la soci\u00e9t\u00e9 \u00e9tablit des conditions particuli\u00e8res pour l\u2019utilisation et \/ ou la sous-traitance de services sp\u00e9cifiques.<\/span><\/p>\n<h3><b>1.- DROIT \u00c0 L\u2019INFORMATION<\/b><\/h3>\n<p><span style=\"font-weight: 400;\">Conform\u00e9ment au devoir d\u2019information contenu \u00e0 l\u2019article 10 de la loi 34\/2002, du 11 juillet, Services de la soci\u00e9t\u00e9 de l\u2019information et du commerce \u00e9lectronique, nous vous informons que le site Web est la propri\u00e9t\u00e9 de:<\/span><\/p>\n<p><span style=\"font-weight: 400;\">Mantequer\u00edas Manchegas, S.L.<\/span><\/p>\n<p><span style=\"font-weight: 400;\">N\u00b0 B90097262<\/span><\/p>\n<p><span style=\"font-weight: 400;\">La Plazuela 3, 7\u00baA. CP 41500 Alcal\u00e1 de Guadaira (S\u00e9ville) Espagne.<\/span><\/p>\n<h3><b>2.- UTILISATEURS<\/b><\/h3>\n<p><span style=\"font-weight: 400;\">L\u2019acc\u00e8s et \/ ou l\u2019utilisation du site Web attribue la condition d\u2019utilisateur, et accepte, \u00e0 partir de cet acc\u00e8s et \/ ou utilisation, les pr\u00e9sentes mentions l\u00e9gales.<\/span><\/p>\n<h3><b>3.- UTILISATION DU SITE WEB<\/b><\/h3>\n<p><span style=\"font-weight: 400;\">Le Site peut donner acc\u00e8s \u00e0 une multitude de textes, graphiques, dessins, dessins, codes, logiciels, photographies, musiques, vid\u00e9os, sons, bases de donn\u00e9es, images, expressions et informations (ci-apr\u00e8s, \u00ab Contenus \u00bb) appartenant \u00e0 la soci\u00e9t\u00e9 ou \u00e0 des tiers auxquels l\u2019Utilisateur peut avoir acc\u00e8s.<\/span><\/p>\n<p><span style=\"font-weight: 400;\">L\u2019Utilisateur assume la responsabilit\u00e9 de l\u2019utilisation du Site. Cette responsabilit\u00e9 s\u2019\u00e9tend \u00e0 l\u2019enregistrement qui, le cas \u00e9ch\u00e9ant, est n\u00e9cessaire pour acc\u00e9der au contenu ou aux services fournis par le site Web.<\/span><\/p>\n<p><span style=\"font-weight: 400;\">L\u2019Utilisateur s\u2019engage \u00e0 faire un usage appropri\u00e9 des Contenus et services propos\u00e9s par le biais du Site et avec un caract\u00e8re \u00e9nonciatif mais non limitatif, \u00e0 ne pas les utiliser pour (i) se livrer \u00e0 des activit\u00e9s illicites, ill\u00e9gales ou contraires \u00e0 la bonne foi et \u00e0 l\u2019ordre public ; (ii) causer des dommages aux syst\u00e8mes physiques et logiques du propri\u00e9taire du site Web, de ses fournisseurs ou de tiers, (iii) introduire ou propager des virus informatiques ou tout autre syst\u00e8me physique ou logique susceptible de causer les dommages susmentionn\u00e9s.<\/span><\/p>\n<h3><b>4.- PROPRIETE INTELLECTUELLE<\/b><\/h3>\n<p><span style=\"font-weight: 400;\">Tous les droits de propri\u00e9t\u00e9 intellectuelle du contenu de ce site Web et de sa conception graphique sont la propri\u00e9t\u00e9 exclusive d\u2019Andalubox et c\u2019est \u00e0 lui que correspond l\u2019exercice exclusif des droits d\u2019exploitation de celui-ci.<\/span><\/p>\n<p><span style=\"font-weight: 400;\">Pour cette raison, et en vertu des dispositions du d\u00e9cret l\u00e9gislatif royal 1\/1996, du 12 avril, qui approuve le texte r\u00e9vis\u00e9 de la loi sur la propri\u00e9t\u00e9 intellectuelle, ainsi que la loi 17\/2001, du 7 d\u00e9cembre, sur les marques et la l\u00e9gislation compl\u00e9mentaire sur la propri\u00e9t\u00e9 intellectuelle et industrielle, la reproduction est interdite,  transmission, adaptation, traduction, distribution, communication publique, y compris ses modalit\u00e9s de mise \u00e0 disposition, ou toute autre exploitation et\/ou modification, totale ou partielle, sans autorisation expresse pr\u00e9alable d\u2019Andalubox de tout contenu inclus dans le site.<\/span><\/p>\n<p><span style=\"font-weight: 400;\">Andalubox n\u2019accorde aucune licence ou autorisation d\u2019utilisation de quelque nature que ce soit sur ses droits de propri\u00e9t\u00e9 intellectuelle et industrielle ou sur toute autre propri\u00e9t\u00e9 ou droit li\u00e9 au site Web, aux services ou au contenu de celui-ci.<\/span><\/p>\n<p><span style=\"font-weight: 400;\">La l\u00e9gitimit\u00e9 des droits de propri\u00e9t\u00e9 intellectuelle ou industrielle correspondant aux contenus fournis par les utilisateurs est de la seule responsabilit\u00e9 de ceux-ci, de sorte que l\u2019utilisateur gardera Andalubox indemne de toute r\u00e9clamation de tiers d\u00e9riv\u00e9e de l\u2019utilisation illicite des contenus sur le site.<\/span><\/p>\n<p><span style=\"font-weight: 400;\">De m\u00eame, l\u2019utilisateur en fournissant de quelque mani\u00e8re que ce soit des contenus (photos, images) sur ce site Web c\u00e8de gratuitement \u00e0 Andalubox, tous les droits de propri\u00e9t\u00e9 intellectuelle ou industrielle et tous les autres droits que l\u2019utilisateur a sur ces contenus.<\/span><\/p>\n<p><span style=\"font-weight: 400;\">Ces droits comprennent le droit de reproduction, de repr\u00e9sentation, de diffusion, de transformation, de distribution et de communication publique de tout ou partie du contenu, par toute proc\u00e9dure et dans tous les formats ou supports.<\/span><\/p>\n<h3><b>5.- RESPONSABILIT\u00c9 ET GARANTIES<\/b><\/h3>\n<p><span style=\"font-weight: 400;\">Andalubox d\u00e9clare avoir adopt\u00e9 les mesures n\u00e9cessaires qui, dans la mesure de ses possibilit\u00e9s et de l\u2019\u00e9tat de la technologie, permettent le bon fonctionnement de son site Web, ainsi que l\u2019absence de virus et de composants nuisibles. Cependant, Andalubox ne peut \u00eatre tenu responsable de : a) la continuit\u00e9 et la disponibilit\u00e9 des contenus et des services; b) l\u2019absence d\u2019erreurs dans ce contenu ou la correction de tout d\u00e9faut pouvant survenir; c) l\u2019absence de virus et\/ou d\u2019autres composants nocifs; (d) les dommages caus\u00e9s par toute personne qui viole les syst\u00e8mes de s\u00e9curit\u00e9 d\u2019Andalubox.<\/span><\/p>\n<p><span style=\"font-weight: 400;\">Andalubox peut suspendre temporairement, sans pr\u00e9avis, l\u2019accessibilit\u00e9 au Site en raison d\u2019op\u00e9rations de maintenance, de r\u00e9paration, de mise \u00e0 jour ou d\u2019am\u00e9lioration. Toutefois, chaque fois que les circonstances le permettront, Andalubox informera l\u2019Utilisateur, en temps utile, de la date pr\u00e9vue pour la suspension des services.<\/span><\/p>\n<p><span style=\"font-weight: 400;\">Andalubox n\u2019assume aucune responsabilit\u00e9 pour les liens vers d\u2019autres pages Web qui se trouvent sur le site Web, et peut amener l\u2019Utilisateur \u00e0 d\u2019autres sites Web sur lesquels Andalubox n\u2019a aucun contr\u00f4le, de sorte que l\u2019Utilisateur acc\u00e8de sous sa seule responsabilit\u00e9 au contenu et aux conditions d\u2019utilisation qui les r\u00e9gissent.<\/span><\/p>\n<p><span style=\"font-weight: 400;\">Andalubox n\u2019est pas responsable de l\u2019utilisation que les utilisateurs peuvent faire des Contenus et services inclus dans le Site. Par cons\u00e9quent, Andalubox ne garantit pas que l\u2019utilisation que les utilisateurs peuvent faire des contenus et services qui peuvent \u00eatre inclus dans le site Web, est conforme aux pr\u00e9sentes mentions l\u00e9gales, ni qu\u2019ils le font avec diligence.<\/span><\/p>\n<p><span style=\"font-weight: 400;\">Andalubox n\u2019est pas responsable de la v\u00e9racit\u00e9 des donn\u00e9es saisies par l\u2019UTILISATEUR lors de l\u2019enregistrement ou de la passation d\u2019une commande et ne permet en aucun cas la vente de boissons alcoolis\u00e9es \u00e0 des mineurs.<\/span><\/p>\n<h3><b>6.- DUR\u00c9E ET MODIFICATION<\/b><\/h3>\n<p><span style=\"font-weight: 400;\">Les conditions du pr\u00e9sent Avis L\u00e9gal seront en vigueur jusqu\u2019\u00e0 ce qu\u2019elles soient modifi\u00e9es, et Andalubox pourra effectuer ces modifications.<\/span><\/p>\n<p><span style=\"font-weight: 400;\">Andalubox peut supprimer, ajouter ou modifier \u00e0 la fois les contenus et les services qu\u2019elle fournit, ainsi que la mani\u00e8re dont ils sont situ\u00e9s ou pr\u00e9sent\u00e9s. Les conditions publi\u00e9es au moment o\u00f9 l\u2019utilisateur acc\u00e8de au site Andalubox sont r\u00e9put\u00e9es \u00eatre en vigueur.<\/span><\/p>\n<p><span style=\"font-weight: 400;\">L\u2019acc\u00e8s et \/ ou l\u2019utilisation du site Web sera compris comme une acceptation par l\u2019utilisateur des conditions des pr\u00e9sentes mentions l\u00e9gales et, le cas \u00e9ch\u00e9ant, des modifications qui y sont apport\u00e9es.<\/span><\/p>\n\t\t\t\t\t\t\t\t<\/div>\n\t\t\t\t<\/div>\n\t\t\t\t\t<\/div>\n\t\t<\/div>\n\t\t\t\t\t<\/div>\n\t\t<\/section>\n\t\t\t\t<\/div>\n\t\t","protected":false},"excerpt":{"rendered":"<p>Mentions l\u00e9gales Les pr\u00e9sentes mentions l\u00e9gales r\u00e9gissent l\u2019acc\u00e8s, la navigation et l\u2019utilisation du site Web andalubox.com (ci-apr\u00e8s Andalubox). Les conditions \u00e9tablies dans le pr\u00e9sent avis juridique sont d\u2019application suppl\u00e9mentaire dans le cas o\u00f9 la soci\u00e9t\u00e9 \u00e9tablit des conditions particuli\u00e8res pour l\u2019utilisation et \/ ou la sous-traitance de services sp\u00e9cifiques. 1.- DROIT \u00c0 L\u2019INFORMATION Conform\u00e9ment au [&hellip;]<\/p>\n","protected":false},"author":2,"featured_media":0,"parent":0,"menu_order":0,"comment_status":"closed","ping_status":"closed","template":"","meta":{"site-sidebar-layout":"no-sidebar","site-content-layout":"page-builder","ast-site-content-layout":"default","site-content-style":"default","site-sidebar-style":"default","ast-global-header-display":"","ast-banner-title-visibility":"","ast-main-header-display":"","ast-hfb-above-header-display":"","ast-hfb-below-header-display":"","ast-hfb-mobile-header-display":"","site-post-title":"disabled","ast-breadcrumbs-content":"","ast-featured-img":"disabled","footer-sml-layout":"","ast-disable-related-posts":"","theme-transparent-header-meta":"","adv-header-id-meta":"","stick-header-meta":"","header-above-stick-meta":"","header-main-stick-meta":"","header-below-stick-meta":"","astra-migrate-meta-layouts":"default","ast-page-background-enabled":"default","ast-page-background-meta":{"desktop":{"background-color":"var(--ast-global-color-4)","background-image":"","background-repeat":"repeat","background-position":"center center","background-size":"auto","background-attachment":"scroll","background-type":"","background-media":"","overlay-type":"","overlay-color":"","overlay-opacity":"","overlay-gradient":""},"tablet":{"background-color":"","background-image":"","background-repeat":"repeat","background-position":"center center","background-size":"auto","background-attachment":"scroll","background-type":"","background-media":"","overlay-type":"","overlay-color":"","overlay-opacity":"","overlay-gradient":""},"mobile":{"background-color":"","background-image":"","background-repeat":"repeat","background-position":"center center","background-size":"auto","background-attachment":"scroll","background-type":"","background-media":"","overlay-type":"","overlay-color":"","overlay-opacity":"","overlay-gradient":""}},"ast-content-background-meta":{"desktop":{"background-color":"var(--ast-global-color-5)","background-image":"","background-repeat":"repeat","background-position":"center center","background-size":"auto","background-attachment":"scroll","background-type":"","background-media":"","overlay-type":"","overlay-color":"","overlay-opacity":"","overlay-gradient":""},"tablet":{"background-color":"var(--ast-global-color-5)","background-image":"","background-repeat":"repeat","background-position":"center center","background-size":"auto","background-attachment":"scroll","background-type":"","background-media":"","overlay-type":"","overlay-color":"","overlay-opacity":"","overlay-gradient":""},"mobile":{"background-color":"var(--ast-global-color-5)","background-image":"","background-repeat":"repeat","background-position":"center center","background-size":"auto","background-attachment":"scroll","background-type":"","background-media":"","overlay-type":"","overlay-color":"","overlay-opacity":"","overlay-gradient":""}},"footnotes":""},"class_list":["post-7332","page","type-page","status-publish","hentry"],"_links":{"self":[{"href":"https:\/\/andalubox.com\/fr\/wp-json\/wp\/v2\/pages\/7332","targetHints":{"allow":["GET"]}}],"collection":[{"href":"https:\/\/andalubox.com\/fr\/wp-json\/wp\/v2\/pages"}],"about":[{"href":"https:\/\/andalubox.com\/fr\/wp-json\/wp\/v2\/types\/page"}],"author":[{"embeddable":true,"href":"https:\/\/andalubox.com\/fr\/wp-json\/wp\/v2\/users\/2"}],"replies":[{"embeddable":true,"href":"https:\/\/andalubox.com\/fr\/wp-json\/wp\/v2\/comments?post=7332"}],"version-history":[{"count":0,"href":"https:\/\/andalubox.com\/fr\/wp-json\/wp\/v2\/pages\/7332\/revisions"}],"wp:attachment":[{"href":"https:\/\/andalubox.com\/fr\/wp-json\/wp\/v2\/media?parent=7332"}],"curies":[{"name":"wp","href":"https:\/\/api.w.org\/{rel}","templated":true}]}}